{"id":68581,"date":"2023-03-22T13:50:00","date_gmt":"2023-03-22T12:50:00","guid":{"rendered":"https:\/\/varibox.best4u.dev\/product\/varibox-tapon-con-cierre-a-presion-r-vacio-ventilacion-combinada\/"},"modified":"2025-09-02T08:29:01","modified_gmt":"2025-09-02T06:29:01","slug":"varibox-tapon-con-cierre-a-presion-r-vacio-ventilacion-combinada","status":"publish","type":"product","link":"https:\/\/varibox.best4u.dev\/es\/producto\/varibox-tapon-con-cierre-a-presion-r-vacio-ventilacion-combinada\/","title":{"rendered":"Conjunto de 50 VARIBOX Tap\u00f3n con cierre a presi\u00f3n r Vac\u00edo \/ Ventilaci\u00f3n combinada"},"content":{"rendered":"<p>Para proteger cada VARIBOX contra el agua de lluvia, hay que colocar un tap\u00f3n obligatorio en el aspirador o en el combinador. El tap\u00f3n especial est\u00e1 hecho de PE y el color de cada tap\u00f3n es blanco.<\/p>\n","protected":false},"excerpt":{"rendered":"<p>Para proteger cada VARIBOX contra el agua de lluvia, es necesario colocar una tapa obligatoria VARIBOX Push-Lock r Vac\u00edo \/ Ventilaci\u00f3n combinada en el vac\u00edo o en la ventilaci\u00f3n combinada.<\/p>\n","protected":false},"featured_media":68582,"comment_status":"closed","ping_status":"closed","template":"","meta":{"_acf_changed":false},"product_brand":[],"product_cat":[382,379,380,381,318,376,322,320],"product_tag":[],"class_list":{"0":"post-68581","1":"product","2":"type-product","3":"status-publish","4":"has-post-thumbnail","6":"product_cat-capsulas-varibox-fc-1000","7":"product_cat-capsulas-varibox-cc-250","8":"product_cat-capsulas","9":"product_cat-capsulas-varibox-fc-800","10":"product_cat-varibox-cc-250-es","11":"product_cat-varibox-drumtainer-es","12":"product_cat-varibox-fc-1000-es","13":"product_cat-varibox-fc-800-es","14":"product_shipping_class-deventer-en","15":"pa_packaging-unit-50-es","17":"first","18":"instock","19":"taxable","20":"shipping-taxable","21":"purchasable","22":"product-type-simple"},"featured_image_urls_v2":{"full":["https:\/\/varibox.best4u.dev\/wp-content\/uploads\/2023\/03\/Push-Lock-r-1.png",2000,1402,false],"thumbnail":["https:\/\/varibox.best4u.dev\/wp-content\/uploads\/2023\/03\/Push-Lock-r-1-256x256.png",256,256,true],"medium":["https:\/\/varibox.best4u.dev\/wp-content\/uploads\/2023\/03\/Push-Lock-r-1-512x359.png",512,359,true],"medium_large":["https:\/\/varibox.best4u.dev\/wp-content\/uploads\/2023\/03\/Push-Lock-r-1-768x538.png",768,538,true],"large":["https:\/\/varibox.best4u.dev\/wp-content\/uploads\/2023\/03\/Push-Lock-r-1-1024x718.png",1024,718,true],"1536x1536":["https:\/\/varibox.best4u.dev\/wp-content\/uploads\/2023\/03\/Push-Lock-r-1-1536x1077.png",1536,1077,true],"2048x2048":["https:\/\/varibox.best4u.dev\/wp-content\/uploads\/2023\/03\/Push-Lock-r-1.png",2000,1402,false],"woocommerce_archive_thumbnail":["https:\/\/varibox.best4u.dev\/wp-content\/uploads\/2023\/03\/Push-Lock-r-1-270x189.png",270,189,true],"gform-image-choice-sm":["https:\/\/varibox.best4u.dev\/wp-content\/uploads\/2023\/03\/Push-Lock-r-1.png",300,210,false],"gform-image-choice-md":["https:\/\/varibox.best4u.dev\/wp-content\/uploads\/2023\/03\/Push-Lock-r-1.png",400,280,false],"gform-image-choice-lg":["https:\/\/varibox.best4u.dev\/wp-content\/uploads\/2023\/03\/Push-Lock-r-1.png",600,421,false],"woocommerce_thumbnail":["https:\/\/varibox.best4u.dev\/wp-content\/uploads\/2023\/03\/Push-Lock-r-1-270x189.png",270,189,true],"woocommerce_single":["https:\/\/varibox.best4u.dev\/wp-content\/uploads\/2023\/03\/Push-Lock-r-1-1200x841.png",1200,841,true],"woocommerce_gallery_thumbnail":["https:\/\/varibox.best4u.dev\/wp-content\/uploads\/2023\/03\/Push-Lock-r-1-100x100.png",100,100,true],"variation_swatches_image_size":["https:\/\/varibox.best4u.dev\/wp-content\/uploads\/2023\/03\/Push-Lock-r-1-50x50.png",50,50,true],"variation_swatches_tooltip_size":["https:\/\/varibox.best4u.dev\/wp-content\/uploads\/2023\/03\/Push-Lock-r-1-100x100.png",100,100,true]},"post_excerpt_stackable_v2":"<p>Para proteger cada VARIBOX contra el agua de lluvia, es necesario colocar una tapa obligatoria VARIBOX Push-Lock r Vac\u00edo \/ Ventilaci\u00f3n combinada en el vac\u00edo o en la ventilaci\u00f3n combinada.<\/p>\n","category_list_v2":"","author_info_v2":{"name":"","url":""},"comments_num_v2":"0 comments","acf":[],"_links":{"self":[{"href":"https:\/\/varibox.best4u.dev\/es\/wp-json\/wp\/v2\/product\/68581","targetHints":{"allow":["GET"]}}],"collection":[{"href":"https:\/\/varibox.best4u.dev\/es\/wp-json\/wp\/v2\/product"}],"about":[{"href":"https:\/\/varibox.best4u.dev\/es\/wp-json\/wp\/v2\/types\/product"}],"replies":[{"embeddable":true,"href":"https:\/\/varibox.best4u.dev\/es\/wp-json\/wp\/v2\/comments?post=68581"}],"wp:featuredmedia":[{"embeddable":true,"href":"https:\/\/varibox.best4u.dev\/es\/wp-json\/wp\/v2\/media\/68582"}],"wp:attachment":[{"href":"https:\/\/varibox.best4u.dev\/es\/wp-json\/wp\/v2\/media?parent=68581"}],"wp:term":[{"taxonomy":"product_brand","embeddable":true,"href":"https:\/\/varibox.best4u.dev\/es\/wp-json\/wp\/v2\/product_brand?post=68581"},{"taxonomy":"product_cat","embeddable":true,"href":"https:\/\/varibox.best4u.dev\/es\/wp-json\/wp\/v2\/product_cat?post=68581"},{"taxonomy":"product_tag","embeddable":true,"href":"https:\/\/varibox.best4u.dev\/es\/wp-json\/wp\/v2\/product_tag?post=68581"}],"curies":[{"name":"wp","href":"https:\/\/api.w.org\/{rel}","templated":true}]}}