{"id":68575,"date":"2025-05-26T14:44:08","date_gmt":"2025-05-26T12:44:08","guid":{"rendered":"https:\/\/varibox.best4u.dev\/product\/varibox-cc-250-cds-d14-tubo-extractor-viton-con-valvula-de-pie\/"},"modified":"2025-05-26T14:44:08","modified_gmt":"2025-05-26T12:44:08","slug":"varibox-cc-250-cds-d14-tubo-extractor-viton-con-valvula-de-pie","status":"publish","type":"product","link":"https:\/\/varibox.best4u.dev\/es\/producto\/varibox-cc-250-cds-d14-tubo-extractor-viton-con-valvula-de-pie\/","title":{"rendered":"VARIBOX CC 250 CDS D14 tubo extractor Viton con v\u00e1lvula de pie"},"content":{"rendered":"<p>El tubo extractor VARIBOX CC 250 CDS D14 de Vit\u00f3n con v\u00e1lvula de pie Los tubos extractores est\u00e1n hechos de Aflas, PE y Hastelloy. El tubo tiene un color neutro y el punto de conexi\u00f3n de la parte superior es neutro. El tubo extractor forma parte de un sistema f\u00e1cil de usar que puede conectar tu sistema a la VARIBOX mediante un acoplador CDS. Esto permite bombear tu producto fuera del VARIBOX sin abrir el GRG. Esto garantiza que los productos qu\u00edmicos y los humos t\u00f3xicos no puedan salir del GRG.    <\/p>\n","protected":false},"excerpt":{"rendered":"<p>El tubo extractor VARIBOX CC 250 CDS D14 de Viton con v\u00e1lvula de pie es un tubo del VARIBOX que llega hasta el punto m\u00e1s bajo del recipiente interior<\/p>\n","protected":false},"featured_media":3672,"comment_status":"closed","ping_status":"closed","template":"","meta":{"_acf_changed":false},"product_brand":[],"product_cat":[387,318],"product_tag":[],"class_list":{"0":"post-68575","1":"product","2":"type-product","3":"status-publish","4":"has-post-thumbnail","6":"product_cat-tubos-de-extraccion-varibox-cc-250","7":"product_cat-varibox-cc-250-es","8":"product_shipping_class-deventer-en","9":"pa_packaging-unit-1-es","11":"first","12":"instock","13":"taxable","14":"shipping-taxable","15":"purchasable","16":"product-type-simple"},"featured_image_urls_v2":{"full":["https:\/\/varibox.best4u.dev\/wp-content\/uploads\/2022\/08\/cdsa.png",600,400,false],"thumbnail":["https:\/\/varibox.best4u.dev\/wp-content\/uploads\/2022\/08\/cdsa.png",256,171,false],"medium":["https:\/\/varibox.best4u.dev\/wp-content\/uploads\/2022\/08\/cdsa.png",512,341,false],"medium_large":["https:\/\/varibox.best4u.dev\/wp-content\/uploads\/2022\/08\/cdsa.png",600,400,false],"large":["https:\/\/varibox.best4u.dev\/wp-content\/uploads\/2022\/08\/cdsa.png",600,400,false],"1536x1536":["https:\/\/varibox.best4u.dev\/wp-content\/uploads\/2022\/08\/cdsa.png",600,400,false],"2048x2048":["https:\/\/varibox.best4u.dev\/wp-content\/uploads\/2022\/08\/cdsa.png",600,400,false],"woocommerce_archive_thumbnail":["https:\/\/varibox.best4u.dev\/wp-content\/uploads\/2022\/08\/cdsa-270x180.png",270,180,true],"gform-image-choice-sm":["https:\/\/varibox.best4u.dev\/wp-content\/uploads\/2022\/08\/cdsa.png",300,200,false],"gform-image-choice-md":["https:\/\/varibox.best4u.dev\/wp-content\/uploads\/2022\/08\/cdsa.png",400,267,false],"gform-image-choice-lg":["https:\/\/varibox.best4u.dev\/wp-content\/uploads\/2022\/08\/cdsa.png",600,400,false],"woocommerce_thumbnail":["https:\/\/varibox.best4u.dev\/wp-content\/uploads\/2022\/08\/cdsa.png",270,180,false],"woocommerce_single":["https:\/\/varibox.best4u.dev\/wp-content\/uploads\/2022\/08\/cdsa.png",600,400,false],"woocommerce_gallery_thumbnail":["https:\/\/varibox.best4u.dev\/wp-content\/uploads\/2022\/08\/cdsa-100x100.png",100,100,true],"variation_swatches_image_size":["https:\/\/varibox.best4u.dev\/wp-content\/uploads\/2022\/08\/cdsa.png",50,33,false],"variation_swatches_tooltip_size":["https:\/\/varibox.best4u.dev\/wp-content\/uploads\/2022\/08\/cdsa.png",100,67,false]},"post_excerpt_stackable_v2":"<p>El tubo extractor VARIBOX CC 250 CDS D14 de Viton con v\u00e1lvula de pie es un tubo del VARIBOX que llega hasta el punto m\u00e1s bajo del recipiente interior<\/p>\n","category_list_v2":"","author_info_v2":{"name":"","url":""},"comments_num_v2":"0 comments","acf":[],"_links":{"self":[{"href":"https:\/\/varibox.best4u.dev\/es\/wp-json\/wp\/v2\/product\/68575","targetHints":{"allow":["GET"]}}],"collection":[{"href":"https:\/\/varibox.best4u.dev\/es\/wp-json\/wp\/v2\/product"}],"about":[{"href":"https:\/\/varibox.best4u.dev\/es\/wp-json\/wp\/v2\/types\/product"}],"replies":[{"embeddable":true,"href":"https:\/\/varibox.best4u.dev\/es\/wp-json\/wp\/v2\/comments?post=68575"}],"wp:featuredmedia":[{"embeddable":true,"href":"https:\/\/varibox.best4u.dev\/es\/wp-json\/wp\/v2\/media\/3672"}],"wp:attachment":[{"href":"https:\/\/varibox.best4u.dev\/es\/wp-json\/wp\/v2\/media?parent=68575"}],"wp:term":[{"taxonomy":"product_brand","embeddable":true,"href":"https:\/\/varibox.best4u.dev\/es\/wp-json\/wp\/v2\/product_brand?post=68575"},{"taxonomy":"product_cat","embeddable":true,"href":"https:\/\/varibox.best4u.dev\/es\/wp-json\/wp\/v2\/product_cat?post=68575"},{"taxonomy":"product_tag","embeddable":true,"href":"https:\/\/varibox.best4u.dev\/es\/wp-json\/wp\/v2\/product_tag?post=68575"}],"curies":[{"name":"wp","href":"https:\/\/api.w.org\/{rel}","templated":true}]}}