{"id":63058,"date":"2024-11-19T15:34:47","date_gmt":"2024-11-19T14:34:47","guid":{"rendered":"https:\/\/varibox.best4u.dev\/product\/drumtainer\/"},"modified":"2025-09-01T11:44:47","modified_gmt":"2025-09-01T09:44:47","slug":"drumtainer","status":"publish","type":"product","link":"https:\/\/varibox.best4u.dev\/es\/producto\/drumtainer\/","title":{"rendered":"Drumtainer"},"content":{"rendered":"<p>El Drumtainer es un sobreembalaje m\u00f3vil ergon\u00f3mico especialmente dise\u00f1ado para facilitar el transporte y manipulaci\u00f3n segura de bidones est\u00e1ndar de 200 a 230 litros. Equipado con una contenci\u00f3n de derrames integrada, las tareas que implican levantar, mover y empujar pesados bidones sobre cubeto de retenci\u00f3n ya no son necesarias y ofrece la flexibilidad de posicionar el Drumtainer en cualquier lugar deseado.<\/p>\n<p><strong>Para un transporte f\u00e1cil y eficiente<br \/>\n<\/strong>El Drumtainer es un sobreembalaje ADR certificado por el DIBt. Puede ser manipulado por carretilla elevadora, transpaleta o empujado c\u00f3modamente a mano gracias a sus grandes ruedas y barras de empuje robustas. Su dise\u00f1o eficiente y f\u00e1cil manejo permite conectarlo a su sistema de bombeo con tan solo un solo clic<\/p>\n<p><strong>Para el medio ambiente<br \/>\n<\/strong>La inclinaci\u00f3n del piso del Drumtainer promueve el vaciado casi total de los bidones.\u00a0Esto significa menos residuos qu\u00edmicos, menos desperdicio y lavado necesario. Ya sea para contener bidones con detergentes u otros productos qu\u00edmicos, el Drumtainer es la soluci\u00f3n de sobreembalaje m\u00f3vil ideal para una distribuci\u00f3n eficiente y segura.<\/p>\n","protected":false},"excerpt":{"rendered":"<p>El Drumtainer es un sobreembalaje m\u00f3vil ergon\u00f3mico especialmente dise\u00f1ado para facilitar el transporte y manipulaci\u00f3n segura de bidones est\u00e1ndar de 200 a 230 litros.<\/p>\n<p><strong>S\u00f3lo se puede pedir en m\u00faltiplos de 2<br \/>\n<\/strong><\/p>\n","protected":false},"featured_media":69308,"comment_status":"closed","ping_status":"closed","template":"","meta":{"_acf_changed":false},"product_brand":[],"product_cat":[553,376],"product_tag":[],"class_list":{"0":"post-63058","1":"product","2":"type-product","3":"status-publish","4":"has-post-thumbnail","6":"product_cat-drumtainer-es","7":"product_cat-varibox-drumtainer-es","8":"product_shipping_class-deventer-en","10":"first","11":"instock","12":"taxable","13":"shipping-taxable","14":"purchasable","15":"product-type-variable"},"featured_image_urls_v2":{"full":["https:\/\/varibox.best4u.dev\/wp-content\/uploads\/2024\/11\/ADR-Drum-Container.jpg",1024,674,false],"thumbnail":["https:\/\/varibox.best4u.dev\/wp-content\/uploads\/2024\/11\/ADR-Drum-Container-256x256.jpg",256,256,true],"medium":["https:\/\/varibox.best4u.dev\/wp-content\/uploads\/2024\/11\/ADR-Drum-Container-512x337.jpg",512,337,true],"medium_large":["https:\/\/varibox.best4u.dev\/wp-content\/uploads\/2024\/11\/ADR-Drum-Container-768x506.jpg",768,506,true],"large":["https:\/\/varibox.best4u.dev\/wp-content\/uploads\/2024\/11\/ADR-Drum-Container.jpg",1024,674,false],"1536x1536":["https:\/\/varibox.best4u.dev\/wp-content\/uploads\/2024\/11\/ADR-Drum-Container.jpg",1024,674,false],"2048x2048":["https:\/\/varibox.best4u.dev\/wp-content\/uploads\/2024\/11\/ADR-Drum-Container.jpg",1024,674,false],"woocommerce_archive_thumbnail":["https:\/\/varibox.best4u.dev\/wp-content\/uploads\/2024\/11\/ADR-Drum-Container-270x178.jpg",270,178,true],"gform-image-choice-sm":["https:\/\/varibox.best4u.dev\/wp-content\/uploads\/2024\/11\/ADR-Drum-Container.jpg",300,197,false],"gform-image-choice-md":["https:\/\/varibox.best4u.dev\/wp-content\/uploads\/2024\/11\/ADR-Drum-Container.jpg",400,263,false],"gform-image-choice-lg":["https:\/\/varibox.best4u.dev\/wp-content\/uploads\/2024\/11\/ADR-Drum-Container.jpg",600,395,false],"woocommerce_thumbnail":["https:\/\/varibox.best4u.dev\/wp-content\/uploads\/2024\/11\/ADR-Drum-Container-270x178.jpg",270,178,true],"woocommerce_single":["https:\/\/varibox.best4u.dev\/wp-content\/uploads\/2024\/11\/ADR-Drum-Container.jpg",1024,674,false],"woocommerce_gallery_thumbnail":["https:\/\/varibox.best4u.dev\/wp-content\/uploads\/2024\/11\/ADR-Drum-Container-100x100.jpg",100,100,true],"variation_swatches_image_size":["https:\/\/varibox.best4u.dev\/wp-content\/uploads\/2024\/11\/ADR-Drum-Container-50x50.jpg",50,50,true],"variation_swatches_tooltip_size":["https:\/\/varibox.best4u.dev\/wp-content\/uploads\/2024\/11\/ADR-Drum-Container-100x100.jpg",100,100,true]},"post_excerpt_stackable_v2":"<p>El Drumtainer es un sobreembalaje m\u00f3vil ergon\u00f3mico especialmente dise\u00f1ado para facilitar el transporte y manipulaci\u00f3n segura de bidones est\u00e1ndar de 200 a 230 litros.<\/p>\n<p><strong>S\u00f3lo se puede pedir en m\u00faltiplos de 2<br \/>\n<\/strong><\/p>\n","category_list_v2":"","author_info_v2":{"name":"","url":""},"comments_num_v2":"0 comments","acf":[],"_links":{"self":[{"href":"https:\/\/varibox.best4u.dev\/es\/wp-json\/wp\/v2\/product\/63058","targetHints":{"allow":["GET"]}}],"collection":[{"href":"https:\/\/varibox.best4u.dev\/es\/wp-json\/wp\/v2\/product"}],"about":[{"href":"https:\/\/varibox.best4u.dev\/es\/wp-json\/wp\/v2\/types\/product"}],"replies":[{"embeddable":true,"href":"https:\/\/varibox.best4u.dev\/es\/wp-json\/wp\/v2\/comments?post=63058"}],"wp:featuredmedia":[{"embeddable":true,"href":"https:\/\/varibox.best4u.dev\/es\/wp-json\/wp\/v2\/media\/69308"}],"wp:attachment":[{"href":"https:\/\/varibox.best4u.dev\/es\/wp-json\/wp\/v2\/media?parent=63058"}],"wp:term":[{"taxonomy":"product_brand","embeddable":true,"href":"https:\/\/varibox.best4u.dev\/es\/wp-json\/wp\/v2\/product_brand?post=63058"},{"taxonomy":"product_cat","embeddable":true,"href":"https:\/\/varibox.best4u.dev\/es\/wp-json\/wp\/v2\/product_cat?post=63058"},{"taxonomy":"product_tag","embeddable":true,"href":"https:\/\/varibox.best4u.dev\/es\/wp-json\/wp\/v2\/product_tag?post=63058"}],"curies":[{"name":"wp","href":"https:\/\/api.w.org\/{rel}","templated":true}]}}