{"id":4863,"date":"2024-06-14T09:44:22","date_gmt":"2024-06-14T07:44:22","guid":{"rendered":"https:\/\/varibox.best4u.dev\/?post_type=product&#038;p=4863"},"modified":"2026-01-21T15:34:33","modified_gmt":"2026-01-21T14:34:33","slug":"adaptador-safeline-de-varibox","status":"publish","type":"product","link":"https:\/\/varibox.best4u.dev\/es\/producto\/adaptador-safeline-de-varibox\/","title":{"rendered":"adaptador Safeline de VARIBOX para llave dinamom\u00e9trica de 3\/8"},"content":{"rendered":"<p>Experimente la seguridad con el adaptador Safeline de VARIBOX para llave dinamom\u00e9trica de 3\/8\u2033. Dise\u00f1ado para cumplir con los m\u00e1s altos est\u00e1ndares, este adaptador es imprescindible para los profesionales. Fabricado con materiales de alta calidad, garantiza su uso a lo largo del tiempo. La seguridad es primordial, y el adaptador Safeline de VARIBOX destaca en este aspecto. El mecanismo de bloqueo seguro proporciona una capa adicional de protecci\u00f3n, evitando deslizamientos o desprendimientos accidentales durante las tareas.<\/p>\n","protected":false},"excerpt":{"rendered":"<p>Experimente la seguridad con el adaptador Safeline de VARIBOX para llave dinamom\u00e9trica de 3\/8\u2033<\/p>\n","protected":false},"featured_media":4873,"comment_status":"closed","ping_status":"closed","template":"","meta":{"_acf_changed":false},"product_brand":[],"product_cat":[331,332,329,330,387,388,389,390,318,376,322,320],"product_tag":[],"class_list":{"0":"post-4863","1":"product","2":"type-product","3":"status-publish","4":"has-post-thumbnail","6":"product_cat-accesorios-varibox-fc-800","7":"product_cat-accesorios","8":"product_cat-accesorios-varibox-cc-250","9":"product_cat-accesorios-varibox-drumtainer","10":"product_cat-tubos-de-extraccion-varibox-cc-250","11":"product_cat-tubos-de-extraccion-varibox-drumtainer","12":"product_cat-tubos-de-extraccion-varibox-fc-800","13":"product_cat-tubos-de-extraccion","14":"product_cat-varibox-cc-250-es","15":"product_cat-varibox-drumtainer-es","16":"product_cat-varibox-fc-1000-es","17":"product_cat-varibox-fc-800-es","18":"product_shipping_class-deventer-en","19":"pa_packaging-unit-1-es","21":"first","22":"instock","23":"taxable","24":"shipping-taxable","25":"purchasable","26":"product-type-simple"},"featured_image_urls_v2":{"full":["https:\/\/varibox.best4u.dev\/wp-content\/uploads\/2024\/06\/Tool-top.png",6000,4000,false],"thumbnail":["https:\/\/varibox.best4u.dev\/wp-content\/uploads\/2024\/06\/Tool-top-256x256.png",256,256,true],"medium":["https:\/\/varibox.best4u.dev\/wp-content\/uploads\/2024\/06\/Tool-top-512x341.png",512,341,true],"medium_large":["https:\/\/varibox.best4u.dev\/wp-content\/uploads\/2024\/06\/Tool-top-768x512.png",768,512,true],"large":["https:\/\/varibox.best4u.dev\/wp-content\/uploads\/2024\/06\/Tool-top-1024x683.png",1024,683,true],"1536x1536":["https:\/\/varibox.best4u.dev\/wp-content\/uploads\/2024\/06\/Tool-top-1536x1024.png",1536,1024,true],"2048x2048":["https:\/\/varibox.best4u.dev\/wp-content\/uploads\/2024\/06\/Tool-top-2048x1365.png",2048,1365,true],"woocommerce_archive_thumbnail":["https:\/\/varibox.best4u.dev\/wp-content\/uploads\/2024\/06\/Tool-top-270x180.png",270,180,true],"gform-image-choice-sm":["https:\/\/varibox.best4u.dev\/wp-content\/uploads\/2024\/06\/Tool-top.png",300,200,false],"gform-image-choice-md":["https:\/\/varibox.best4u.dev\/wp-content\/uploads\/2024\/06\/Tool-top.png",400,267,false],"gform-image-choice-lg":["https:\/\/varibox.best4u.dev\/wp-content\/uploads\/2024\/06\/Tool-top.png",600,400,false],"woocommerce_thumbnail":["https:\/\/varibox.best4u.dev\/wp-content\/uploads\/2024\/06\/Tool-top-270x180.png",270,180,true],"woocommerce_single":["https:\/\/varibox.best4u.dev\/wp-content\/uploads\/2024\/06\/Tool-top-1200x800.png",1200,800,true],"woocommerce_gallery_thumbnail":["https:\/\/varibox.best4u.dev\/wp-content\/uploads\/2024\/06\/Tool-top-100x100.png",100,100,true],"variation_swatches_image_size":["https:\/\/varibox.best4u.dev\/wp-content\/uploads\/2024\/06\/Tool-top-50x50.png",50,50,true],"variation_swatches_tooltip_size":["https:\/\/varibox.best4u.dev\/wp-content\/uploads\/2024\/06\/Tool-top-100x100.png",100,100,true]},"post_excerpt_stackable_v2":"<p>Experimente la seguridad con el adaptador Safeline de VARIBOX para llave dinamom\u00e9trica de 3\/8\u2033<\/p>\n","category_list_v2":"","author_info_v2":{"name":"","url":""},"comments_num_v2":"0 comments","acf":[],"_links":{"self":[{"href":"https:\/\/varibox.best4u.dev\/es\/wp-json\/wp\/v2\/product\/4863","targetHints":{"allow":["GET"]}}],"collection":[{"href":"https:\/\/varibox.best4u.dev\/es\/wp-json\/wp\/v2\/product"}],"about":[{"href":"https:\/\/varibox.best4u.dev\/es\/wp-json\/wp\/v2\/types\/product"}],"replies":[{"embeddable":true,"href":"https:\/\/varibox.best4u.dev\/es\/wp-json\/wp\/v2\/comments?post=4863"}],"wp:featuredmedia":[{"embeddable":true,"href":"https:\/\/varibox.best4u.dev\/es\/wp-json\/wp\/v2\/media\/4873"}],"wp:attachment":[{"href":"https:\/\/varibox.best4u.dev\/es\/wp-json\/wp\/v2\/media?parent=4863"}],"wp:term":[{"taxonomy":"product_brand","embeddable":true,"href":"https:\/\/varibox.best4u.dev\/es\/wp-json\/wp\/v2\/product_brand?post=4863"},{"taxonomy":"product_cat","embeddable":true,"href":"https:\/\/varibox.best4u.dev\/es\/wp-json\/wp\/v2\/product_cat?post=4863"},{"taxonomy":"product_tag","embeddable":true,"href":"https:\/\/varibox.best4u.dev\/es\/wp-json\/wp\/v2\/product_tag?post=4863"}],"curies":[{"name":"wp","href":"https:\/\/api.w.org\/{rel}","templated":true}]}}