{"id":4481,"date":"2024-04-08T13:12:31","date_gmt":"2024-04-08T11:12:31","guid":{"rendered":"https:\/\/varibox.best4u.dev\/product\/tapa-roscada-varibox-sc-d160-viton-negra-con-venteo-de-sobrepresion\/"},"modified":"2024-04-08T13:30:14","modified_gmt":"2024-04-08T11:30:14","slug":"tapa-roscada-varibox-sc-d160-viton-negra-con-venteo-de-sobrepresion","status":"publish","type":"product","link":"https:\/\/varibox.best4u.dev\/es\/producto\/tapa-roscada-varibox-sc-d160-viton-negra-con-venteo-de-sobrepresion\/","title":{"rendered":"Tapa roscada VARIBOX SC D160 Viton negra con venteo de sobrepresi\u00f3n"},"content":{"rendered":"<p>Tapa roscada VARIBOX D160 Viton con venteo de sobrepresi\u00f3n dise\u00f1ada para cerrar el orificio de llenado. Est\u00e1 fabricada en Viton, PE, PTFE y PP y es de color negro. Esta tapa con venteo de sobrepresi\u00f3n puede equiparse con un tubo de extracci\u00f3n Safeline.<\/p>\n","protected":false},"excerpt":{"rendered":"<p>Tapa roscada VARIBOX SC D160 Viton con venteo de sobrepresi\u00f3n para tubo de extracci\u00f3n Safeline.<\/p>\n","protected":false},"featured_media":4241,"comment_status":"closed","ping_status":"closed","template":"","meta":{"_acf_changed":false},"product_brand":[],"product_cat":[474,475,423,419],"product_tag":[],"class_list":{"0":"post-4481","1":"product","2":"type-product","3":"status-publish","4":"has-post-thumbnail","6":"product_cat-tapas-varibox-sc-800","7":"product_cat-tapas","8":"product_cat-varibox-sc-1000-es","9":"product_cat-varibox-sc-800-es","10":"product_shipping_class-montoir","11":"pa_packaging-unit-1-es","13":"first","14":"instock","15":"taxable","16":"shipping-taxable","17":"purchasable","18":"product-type-simple"},"featured_image_urls_v2":{"full":["https:\/\/varibox.best4u.dev\/wp-content\/uploads\/2024\/04\/VARIBOX-SC-screwcap-Viton-black-with-overpressure-vent-1.jpg",600,400,false],"thumbnail":["https:\/\/varibox.best4u.dev\/wp-content\/uploads\/2024\/04\/VARIBOX-SC-screwcap-Viton-black-with-overpressure-vent-1-256x256.jpg",256,256,true],"medium":["https:\/\/varibox.best4u.dev\/wp-content\/uploads\/2024\/04\/VARIBOX-SC-screwcap-Viton-black-with-overpressure-vent-1-512x341.jpg",512,341,true],"medium_large":["https:\/\/varibox.best4u.dev\/wp-content\/uploads\/2024\/04\/VARIBOX-SC-screwcap-Viton-black-with-overpressure-vent-1.jpg",600,400,false],"large":["https:\/\/varibox.best4u.dev\/wp-content\/uploads\/2024\/04\/VARIBOX-SC-screwcap-Viton-black-with-overpressure-vent-1.jpg",600,400,false],"1536x1536":["https:\/\/varibox.best4u.dev\/wp-content\/uploads\/2024\/04\/VARIBOX-SC-screwcap-Viton-black-with-overpressure-vent-1.jpg",600,400,false],"2048x2048":["https:\/\/varibox.best4u.dev\/wp-content\/uploads\/2024\/04\/VARIBOX-SC-screwcap-Viton-black-with-overpressure-vent-1.jpg",600,400,false],"woocommerce_archive_thumbnail":["https:\/\/varibox.best4u.dev\/wp-content\/uploads\/2024\/04\/VARIBOX-SC-screwcap-Viton-black-with-overpressure-vent-1-270x180.jpg",270,180,true],"gform-image-choice-sm":["https:\/\/varibox.best4u.dev\/wp-content\/uploads\/2024\/04\/VARIBOX-SC-screwcap-Viton-black-with-overpressure-vent-1.jpg",300,200,false],"gform-image-choice-md":["https:\/\/varibox.best4u.dev\/wp-content\/uploads\/2024\/04\/VARIBOX-SC-screwcap-Viton-black-with-overpressure-vent-1.jpg",400,267,false],"gform-image-choice-lg":["https:\/\/varibox.best4u.dev\/wp-content\/uploads\/2024\/04\/VARIBOX-SC-screwcap-Viton-black-with-overpressure-vent-1.jpg",600,400,false],"woocommerce_thumbnail":["https:\/\/varibox.best4u.dev\/wp-content\/uploads\/2024\/04\/VARIBOX-SC-screwcap-Viton-black-with-overpressure-vent-1-270x180.jpg",270,180,true],"woocommerce_single":["https:\/\/varibox.best4u.dev\/wp-content\/uploads\/2024\/04\/VARIBOX-SC-screwcap-Viton-black-with-overpressure-vent-1.jpg",600,400,false],"woocommerce_gallery_thumbnail":["https:\/\/varibox.best4u.dev\/wp-content\/uploads\/2024\/04\/VARIBOX-SC-screwcap-Viton-black-with-overpressure-vent-1-100x100.jpg",100,100,true],"variation_swatches_image_size":["https:\/\/varibox.best4u.dev\/wp-content\/uploads\/2024\/04\/VARIBOX-SC-screwcap-Viton-black-with-overpressure-vent-1-50x50.jpg",50,50,true],"variation_swatches_tooltip_size":["https:\/\/varibox.best4u.dev\/wp-content\/uploads\/2024\/04\/VARIBOX-SC-screwcap-Viton-black-with-overpressure-vent-1-100x100.jpg",100,100,true]},"post_excerpt_stackable_v2":"<p>Tapa roscada VARIBOX SC D160 Viton con venteo de sobrepresi\u00f3n para tubo de extracci\u00f3n Safeline.<\/p>\n","category_list_v2":"","author_info_v2":{"name":"","url":""},"comments_num_v2":"0 comments","acf":[],"_links":{"self":[{"href":"https:\/\/varibox.best4u.dev\/es\/wp-json\/wp\/v2\/product\/4481","targetHints":{"allow":["GET"]}}],"collection":[{"href":"https:\/\/varibox.best4u.dev\/es\/wp-json\/wp\/v2\/product"}],"about":[{"href":"https:\/\/varibox.best4u.dev\/es\/wp-json\/wp\/v2\/types\/product"}],"replies":[{"embeddable":true,"href":"https:\/\/varibox.best4u.dev\/es\/wp-json\/wp\/v2\/comments?post=4481"}],"wp:featuredmedia":[{"embeddable":true,"href":"https:\/\/varibox.best4u.dev\/es\/wp-json\/wp\/v2\/media\/4241"}],"wp:attachment":[{"href":"https:\/\/varibox.best4u.dev\/es\/wp-json\/wp\/v2\/media?parent=4481"}],"wp:term":[{"taxonomy":"product_brand","embeddable":true,"href":"https:\/\/varibox.best4u.dev\/es\/wp-json\/wp\/v2\/product_brand?post=4481"},{"taxonomy":"product_cat","embeddable":true,"href":"https:\/\/varibox.best4u.dev\/es\/wp-json\/wp\/v2\/product_cat?post=4481"},{"taxonomy":"product_tag","embeddable":true,"href":"https:\/\/varibox.best4u.dev\/es\/wp-json\/wp\/v2\/product_tag?post=4481"}],"curies":[{"name":"wp","href":"https:\/\/api.w.org\/{rel}","templated":true}]}}