{"id":4475,"date":"2024-04-08T13:12:31","date_gmt":"2024-04-08T11:12:31","guid":{"rendered":"https:\/\/varibox.best4u.dev\/product\/varibox-sc-pp-dn50-valvula-roscada-de-bola-epdm\/"},"modified":"2024-04-08T13:30:16","modified_gmt":"2024-04-08T11:30:16","slug":"varibox-sc-pp-dn50-valvula-roscada-de-bola-epdm","status":"publish","type":"product","link":"https:\/\/varibox.best4u.dev\/es\/producto\/varibox-sc-pp-dn50-valvula-roscada-de-bola-epdm\/","title":{"rendered":"VARIBOX SC PP DN50 V\u00e1lvula roscada de bola EPDM"},"content":{"rendered":"<p>Para proteger a los operarios y al medio ambiente durante la manutenci\u00f3n de los VARIBOX SC, los contenedores est\u00e1n equipados con la robusta v\u00e1lvula de bola VARIBOX. Esta v\u00e1lvula monobloc roscada EPDM 2&#8243; de alta resistencia, con una vida \u00fatil de hasta 5 a\u00f1os, garantiza que su producto permanecer\u00e1 seguro dentro del IBC durante las operaciones de transporte y de almacenaje. La v\u00e1lvula est\u00e1 fabricada en PP con juntas de EPDM y el maneta es de color rojo.<\/p>\n","protected":false},"excerpt":{"rendered":"<p>Para proteger a los operarios y al medio ambiente durante las operaciones de manutenci\u00f3n, transporte y almacenamiento de los VARIBOX SC, los contenedores est\u00e1n equipados con la robusta v\u00e1lvula de bola VARIBOX.<\/p>\n","protected":false},"featured_media":4170,"comment_status":"closed","ping_status":"closed","template":"","meta":{"_acf_changed":false},"product_brand":[],"product_cat":[447,449,423,419],"product_tag":[],"class_list":{"0":"post-4475","1":"product","2":"type-product","3":"status-publish","4":"has-post-thumbnail","6":"product_cat-valvulas","7":"product_cat-valvulas-varibox-sc-800","8":"product_cat-varibox-sc-1000-es","9":"product_cat-varibox-sc-800-es","10":"product_shipping_class-montoir","11":"pa_packaging-unit-1-es","13":"first","14":"instock","15":"taxable","16":"shipping-taxable","17":"purchasable","18":"product-type-simple"},"featured_image_urls_v2":{"full":["https:\/\/varibox.best4u.dev\/wp-content\/uploads\/2024\/04\/DN50-Ball-valve-inner-thread-Red-1.jpg",600,400,false],"thumbnail":["https:\/\/varibox.best4u.dev\/wp-content\/uploads\/2024\/04\/DN50-Ball-valve-inner-thread-Red-1-256x256.jpg",256,256,true],"medium":["https:\/\/varibox.best4u.dev\/wp-content\/uploads\/2024\/04\/DN50-Ball-valve-inner-thread-Red-1-512x341.jpg",512,341,true],"medium_large":["https:\/\/varibox.best4u.dev\/wp-content\/uploads\/2024\/04\/DN50-Ball-valve-inner-thread-Red-1.jpg",600,400,false],"large":["https:\/\/varibox.best4u.dev\/wp-content\/uploads\/2024\/04\/DN50-Ball-valve-inner-thread-Red-1.jpg",600,400,false],"1536x1536":["https:\/\/varibox.best4u.dev\/wp-content\/uploads\/2024\/04\/DN50-Ball-valve-inner-thread-Red-1.jpg",600,400,false],"2048x2048":["https:\/\/varibox.best4u.dev\/wp-content\/uploads\/2024\/04\/DN50-Ball-valve-inner-thread-Red-1.jpg",600,400,false],"woocommerce_archive_thumbnail":["https:\/\/varibox.best4u.dev\/wp-content\/uploads\/2024\/04\/DN50-Ball-valve-inner-thread-Red-1-270x180.jpg",270,180,true],"gform-image-choice-sm":["https:\/\/varibox.best4u.dev\/wp-content\/uploads\/2024\/04\/DN50-Ball-valve-inner-thread-Red-1.jpg",300,200,false],"gform-image-choice-md":["https:\/\/varibox.best4u.dev\/wp-content\/uploads\/2024\/04\/DN50-Ball-valve-inner-thread-Red-1.jpg",400,267,false],"gform-image-choice-lg":["https:\/\/varibox.best4u.dev\/wp-content\/uploads\/2024\/04\/DN50-Ball-valve-inner-thread-Red-1.jpg",600,400,false],"woocommerce_thumbnail":["https:\/\/varibox.best4u.dev\/wp-content\/uploads\/2024\/04\/DN50-Ball-valve-inner-thread-Red-1-270x180.jpg",270,180,true],"woocommerce_single":["https:\/\/varibox.best4u.dev\/wp-content\/uploads\/2024\/04\/DN50-Ball-valve-inner-thread-Red-1.jpg",600,400,false],"woocommerce_gallery_thumbnail":["https:\/\/varibox.best4u.dev\/wp-content\/uploads\/2024\/04\/DN50-Ball-valve-inner-thread-Red-1-100x100.jpg",100,100,true],"variation_swatches_image_size":["https:\/\/varibox.best4u.dev\/wp-content\/uploads\/2024\/04\/DN50-Ball-valve-inner-thread-Red-1-50x50.jpg",50,50,true],"variation_swatches_tooltip_size":["https:\/\/varibox.best4u.dev\/wp-content\/uploads\/2024\/04\/DN50-Ball-valve-inner-thread-Red-1-100x100.jpg",100,100,true]},"post_excerpt_stackable_v2":"<p>Para proteger a los operarios y al medio ambiente durante las operaciones de manutenci\u00f3n, transporte y almacenamiento de los VARIBOX SC, los contenedores est\u00e1n equipados con la robusta v\u00e1lvula de bola VARIBOX.<\/p>\n","category_list_v2":"","author_info_v2":{"name":"","url":""},"comments_num_v2":"0 comments","acf":[],"_links":{"self":[{"href":"https:\/\/varibox.best4u.dev\/es\/wp-json\/wp\/v2\/product\/4475","targetHints":{"allow":["GET"]}}],"collection":[{"href":"https:\/\/varibox.best4u.dev\/es\/wp-json\/wp\/v2\/product"}],"about":[{"href":"https:\/\/varibox.best4u.dev\/es\/wp-json\/wp\/v2\/types\/product"}],"replies":[{"embeddable":true,"href":"https:\/\/varibox.best4u.dev\/es\/wp-json\/wp\/v2\/comments?post=4475"}],"wp:featuredmedia":[{"embeddable":true,"href":"https:\/\/varibox.best4u.dev\/es\/wp-json\/wp\/v2\/media\/4170"}],"wp:attachment":[{"href":"https:\/\/varibox.best4u.dev\/es\/wp-json\/wp\/v2\/media?parent=4475"}],"wp:term":[{"taxonomy":"product_brand","embeddable":true,"href":"https:\/\/varibox.best4u.dev\/es\/wp-json\/wp\/v2\/product_brand?post=4475"},{"taxonomy":"product_cat","embeddable":true,"href":"https:\/\/varibox.best4u.dev\/es\/wp-json\/wp\/v2\/product_cat?post=4475"},{"taxonomy":"product_tag","embeddable":true,"href":"https:\/\/varibox.best4u.dev\/es\/wp-json\/wp\/v2\/product_tag?post=4475"}],"curies":[{"name":"wp","href":"https:\/\/api.w.org\/{rel}","templated":true}]}}