{"id":4470,"date":"2024-04-08T13:23:37","date_gmt":"2024-04-08T11:23:37","guid":{"rendered":"https:\/\/varibox.best4u.dev\/product\/capsula-para-barras-de-apilamiento-2\/"},"modified":"2024-05-31T15:07:40","modified_gmt":"2024-05-31T13:07:40","slug":"capsula-para-barras-de-apilamiento-2","status":"publish","type":"product","link":"https:\/\/varibox.best4u.dev\/es\/producto\/capsula-para-barras-de-apilamiento-2\/","title":{"rendered":"VARIBOX SC C\u00e1psula para barras de apilamiento"},"content":{"rendered":"<p>La c\u00e1psula para barras de apilamiento est\u00e1 dise\u00f1ada para proteger la barras de apilamiento de la corrosi\u00f3n por productos qu\u00edmicos y\/o agua de lluvia. La c\u00e1psula es negra y est\u00e1 fabricada en PE.<\/p>\n","protected":false},"excerpt":{"rendered":"<p>La c\u00e1psula para barras de apilamiento est\u00e1 dise\u00f1ada para proteger la barras de apilamiento de la corrosi\u00f3n por productos qu\u00edmicos y\/o agua de lluvia.<\/p>\n","protected":false},"featured_media":4491,"comment_status":"closed","ping_status":"closed","template":"","meta":{"_acf_changed":false},"product_brand":[],"product_cat":[471,470,423,419],"product_tag":[],"class_list":{"0":"post-4470","1":"product","2":"type-product","3":"status-publish","4":"has-post-thumbnail","6":"product_cat-capsulas-varibox-sc-1000","7":"product_cat-capsulas-varibox-sc-800","8":"product_cat-varibox-sc-1000-es","9":"product_cat-varibox-sc-800-es","10":"product_shipping_class-montoir","11":"pa_packaging-unit-50-es","13":"first","14":"instock","15":"taxable","16":"shipping-taxable","17":"purchasable","18":"product-type-simple"},"featured_image_urls_v2":{"full":["https:\/\/varibox.best4u.dev\/wp-content\/uploads\/2022\/07\/cappipea.png",600,400,false],"thumbnail":["https:\/\/varibox.best4u.dev\/wp-content\/uploads\/2022\/07\/cappipea-256x256.png",256,256,true],"medium":["https:\/\/varibox.best4u.dev\/wp-content\/uploads\/2022\/07\/cappipea-512x341.png",512,341,true],"medium_large":["https:\/\/varibox.best4u.dev\/wp-content\/uploads\/2022\/07\/cappipea.png",600,400,false],"large":["https:\/\/varibox.best4u.dev\/wp-content\/uploads\/2022\/07\/cappipea.png",600,400,false],"1536x1536":["https:\/\/varibox.best4u.dev\/wp-content\/uploads\/2022\/07\/cappipea.png",600,400,false],"2048x2048":["https:\/\/varibox.best4u.dev\/wp-content\/uploads\/2022\/07\/cappipea.png",600,400,false],"woocommerce_archive_thumbnail":["https:\/\/varibox.best4u.dev\/wp-content\/uploads\/2022\/07\/cappipea-270x180.png",270,180,true],"gform-image-choice-sm":["https:\/\/varibox.best4u.dev\/wp-content\/uploads\/2022\/07\/cappipea.png",300,200,false],"gform-image-choice-md":["https:\/\/varibox.best4u.dev\/wp-content\/uploads\/2022\/07\/cappipea.png",400,267,false],"gform-image-choice-lg":["https:\/\/varibox.best4u.dev\/wp-content\/uploads\/2022\/07\/cappipea.png",600,400,false],"woocommerce_thumbnail":["https:\/\/varibox.best4u.dev\/wp-content\/uploads\/2022\/07\/cappipea-270x180.png",270,180,true],"woocommerce_single":["https:\/\/varibox.best4u.dev\/wp-content\/uploads\/2022\/07\/cappipea.png",600,400,false],"woocommerce_gallery_thumbnail":["https:\/\/varibox.best4u.dev\/wp-content\/uploads\/2022\/07\/cappipea-100x100.png",100,100,true],"variation_swatches_image_size":["https:\/\/varibox.best4u.dev\/wp-content\/uploads\/2022\/07\/cappipea-50x50.png",50,50,true],"variation_swatches_tooltip_size":["https:\/\/varibox.best4u.dev\/wp-content\/uploads\/2022\/07\/cappipea-100x100.png",100,100,true]},"post_excerpt_stackable_v2":"<p>La c\u00e1psula para barras de apilamiento est\u00e1 dise\u00f1ada para proteger la barras de apilamiento de la corrosi\u00f3n por productos qu\u00edmicos y\/o agua de lluvia.<\/p>\n","category_list_v2":"","author_info_v2":{"name":"","url":""},"comments_num_v2":"0 comments","acf":[],"_links":{"self":[{"href":"https:\/\/varibox.best4u.dev\/es\/wp-json\/wp\/v2\/product\/4470","targetHints":{"allow":["GET"]}}],"collection":[{"href":"https:\/\/varibox.best4u.dev\/es\/wp-json\/wp\/v2\/product"}],"about":[{"href":"https:\/\/varibox.best4u.dev\/es\/wp-json\/wp\/v2\/types\/product"}],"replies":[{"embeddable":true,"href":"https:\/\/varibox.best4u.dev\/es\/wp-json\/wp\/v2\/comments?post=4470"}],"wp:featuredmedia":[{"embeddable":true,"href":"https:\/\/varibox.best4u.dev\/es\/wp-json\/wp\/v2\/media\/4491"}],"wp:attachment":[{"href":"https:\/\/varibox.best4u.dev\/es\/wp-json\/wp\/v2\/media?parent=4470"}],"wp:term":[{"taxonomy":"product_brand","embeddable":true,"href":"https:\/\/varibox.best4u.dev\/es\/wp-json\/wp\/v2\/product_brand?post=4470"},{"taxonomy":"product_cat","embeddable":true,"href":"https:\/\/varibox.best4u.dev\/es\/wp-json\/wp\/v2\/product_cat?post=4470"},{"taxonomy":"product_tag","embeddable":true,"href":"https:\/\/varibox.best4u.dev\/es\/wp-json\/wp\/v2\/product_tag?post=4470"}],"curies":[{"name":"wp","href":"https:\/\/api.w.org\/{rel}","templated":true}]}}