{"id":4091,"date":"2023-07-14T10:05:48","date_gmt":"2023-07-14T08:05:48","guid":{"rendered":"https:\/\/varibox.best4u.dev\/product\/acople-safeline-food-epdm-varibox\/"},"modified":"2024-04-05T16:05:03","modified_gmt":"2024-04-05T14:05:03","slug":"acople-safeline-food-epdm-varibox","status":"publish","type":"product","link":"https:\/\/varibox.best4u.dev\/es\/producto\/acople-safeline-food-epdm-varibox\/","title":{"rendered":"Acople Safeline Food EPDM VARIBOX"},"content":{"rendered":"<p>El acople Safeline Food EPDM est\u00e1 fabricado en EPDM, acero inoxidable y PVDF. Este acople se conecta a la parte superior del tubo extractor Safeline para garantizar la transferencia del l\u00edquido en un circuito cerrado. El producto fluye y el aire entra evitando el riesgo de inhalaci\u00f3n de humos t\u00f3xicos y el contacto con materiales peligrosos. Esta construcci\u00f3n \u00fanica protege a las personas y al medio ambiente durante su uso.<\/p>\n","protected":false},"excerpt":{"rendered":"<p>El acople Safeline Food VARIBOX EPDM establece una conexi\u00f3n estanca con el tubo de extracci\u00f3n VARIBOX Safeline Food.<\/p>\n","protected":false},"featured_media":4092,"comment_status":"closed","ping_status":"closed","template":"","meta":{"_acf_changed":false},"product_brand":[],"product_cat":[385,386,383,384,318,376,322,320],"product_tag":[],"class_list":{"0":"post-4091","1":"product","2":"type-product","3":"status-publish","4":"has-post-thumbnail","6":"product_cat-acoples-varibox-fc-800-es","7":"product_cat-acoples-varibox-fc-1000-es","8":"product_cat-acoples-varibox-cc-250-es","9":"product_cat-acoples","10":"product_cat-varibox-cc-250-es","11":"product_cat-varibox-drumtainer-es","12":"product_cat-varibox-fc-1000-es","13":"product_cat-varibox-fc-800-es","14":"product_shipping_class-deventer-en","15":"pa_packaging-unit-1-es","17":"first","18":"instock","19":"taxable","20":"shipping-taxable","21":"purchasable","22":"product-type-simple"},"featured_image_urls_v2":{"full":["https:\/\/varibox.best4u.dev\/wp-content\/uploads\/2023\/07\/VARIBOX-Safeline-Food-Coupler-EPDM.png",1280,853,false],"thumbnail":["https:\/\/varibox.best4u.dev\/wp-content\/uploads\/2023\/07\/VARIBOX-Safeline-Food-Coupler-EPDM-256x256.png",256,256,true],"medium":["https:\/\/varibox.best4u.dev\/wp-content\/uploads\/2023\/07\/VARIBOX-Safeline-Food-Coupler-EPDM-512x341.png",512,341,true],"medium_large":["https:\/\/varibox.best4u.dev\/wp-content\/uploads\/2023\/07\/VARIBOX-Safeline-Food-Coupler-EPDM-768x512.png",768,512,true],"large":["https:\/\/varibox.best4u.dev\/wp-content\/uploads\/2023\/07\/VARIBOX-Safeline-Food-Coupler-EPDM-1024x682.png",1024,682,true],"1536x1536":["https:\/\/varibox.best4u.dev\/wp-content\/uploads\/2023\/07\/VARIBOX-Safeline-Food-Coupler-EPDM.png",1280,853,false],"2048x2048":["https:\/\/varibox.best4u.dev\/wp-content\/uploads\/2023\/07\/VARIBOX-Safeline-Food-Coupler-EPDM.png",1280,853,false],"woocommerce_archive_thumbnail":["https:\/\/varibox.best4u.dev\/wp-content\/uploads\/2023\/07\/VARIBOX-Safeline-Food-Coupler-EPDM-270x180.png",270,180,true],"gform-image-choice-sm":["https:\/\/varibox.best4u.dev\/wp-content\/uploads\/2023\/07\/VARIBOX-Safeline-Food-Coupler-EPDM.png",300,200,false],"gform-image-choice-md":["https:\/\/varibox.best4u.dev\/wp-content\/uploads\/2023\/07\/VARIBOX-Safeline-Food-Coupler-EPDM.png",400,267,false],"gform-image-choice-lg":["https:\/\/varibox.best4u.dev\/wp-content\/uploads\/2023\/07\/VARIBOX-Safeline-Food-Coupler-EPDM.png",600,400,false],"woocommerce_thumbnail":["https:\/\/varibox.best4u.dev\/wp-content\/uploads\/2023\/07\/VARIBOX-Safeline-Food-Coupler-EPDM-270x180.png",270,180,true],"woocommerce_single":["https:\/\/varibox.best4u.dev\/wp-content\/uploads\/2023\/07\/VARIBOX-Safeline-Food-Coupler-EPDM-1200x800.png",1200,800,true],"woocommerce_gallery_thumbnail":["https:\/\/varibox.best4u.dev\/wp-content\/uploads\/2023\/07\/VARIBOX-Safeline-Food-Coupler-EPDM-100x100.png",100,100,true],"variation_swatches_image_size":["https:\/\/varibox.best4u.dev\/wp-content\/uploads\/2023\/07\/VARIBOX-Safeline-Food-Coupler-EPDM-50x50.png",50,50,true],"variation_swatches_tooltip_size":["https:\/\/varibox.best4u.dev\/wp-content\/uploads\/2023\/07\/VARIBOX-Safeline-Food-Coupler-EPDM-100x100.png",100,100,true]},"post_excerpt_stackable_v2":"<p>El acople Safeline Food VARIBOX EPDM establece una conexi\u00f3n estanca con el tubo de extracci\u00f3n VARIBOX Safeline Food.<\/p>\n","category_list_v2":"","author_info_v2":{"name":"","url":""},"comments_num_v2":"0 comments","acf":[],"_links":{"self":[{"href":"https:\/\/varibox.best4u.dev\/es\/wp-json\/wp\/v2\/product\/4091","targetHints":{"allow":["GET"]}}],"collection":[{"href":"https:\/\/varibox.best4u.dev\/es\/wp-json\/wp\/v2\/product"}],"about":[{"href":"https:\/\/varibox.best4u.dev\/es\/wp-json\/wp\/v2\/types\/product"}],"replies":[{"embeddable":true,"href":"https:\/\/varibox.best4u.dev\/es\/wp-json\/wp\/v2\/comments?post=4091"}],"wp:featuredmedia":[{"embeddable":true,"href":"https:\/\/varibox.best4u.dev\/es\/wp-json\/wp\/v2\/media\/4092"}],"wp:attachment":[{"href":"https:\/\/varibox.best4u.dev\/es\/wp-json\/wp\/v2\/media?parent=4091"}],"wp:term":[{"taxonomy":"product_brand","embeddable":true,"href":"https:\/\/varibox.best4u.dev\/es\/wp-json\/wp\/v2\/product_brand?post=4091"},{"taxonomy":"product_cat","embeddable":true,"href":"https:\/\/varibox.best4u.dev\/es\/wp-json\/wp\/v2\/product_cat?post=4091"},{"taxonomy":"product_tag","embeddable":true,"href":"https:\/\/varibox.best4u.dev\/es\/wp-json\/wp\/v2\/product_tag?post=4091"}],"curies":[{"name":"wp","href":"https:\/\/api.w.org\/{rel}","templated":true}]}}