{"id":4089,"date":"2023-07-14T09:58:22","date_gmt":"2023-07-14T07:58:22","guid":{"rendered":"https:\/\/varibox.best4u.dev\/product\/tubo-de-extraccion-safeline-food-epdm-varibox-fc-800\/"},"modified":"2024-09-04T16:25:23","modified_gmt":"2024-09-04T14:25:23","slug":"tubo-de-extraccion-safeline-food-epdm-varibox-fc-800","status":"publish","type":"product","link":"https:\/\/varibox.best4u.dev\/es\/producto\/tubo-de-extraccion-safeline-food-epdm-varibox-fc-800\/","title":{"rendered":"Tubo de extracci\u00f3n Safeline Performance Food EPDM VARIBOX FC 800"},"content":{"rendered":"<p>El tubo de extracci\u00f3n Safeline Food EPDM para el VARIBOX FC 800 est\u00e1 fabricado con EPDM, PE y acero inoxidable 316. El tubo es de color neutro y el punto de conexi\u00f3n de la parte superior es azul. El tubo de extracci\u00f3n forma parte de un sistema f\u00e1cil de usar que se conecta a su sistema mediante el acople Safeline y le permite bombear su producto fuera del VARIBOX sin abrir la tapa del IBC. Esto evita el riesgo de inhalar humos t\u00f3xicos y el contacto con materias l\u00edquidas peligrosas.<\/p>\n","protected":false},"excerpt":{"rendered":"<p>El tubo de extracci\u00f3n Safeline Food EPDM del VARIBOX FC 800 alcanza el punto m\u00e1s bajo del recipiente interior para un vaciado \u00f3ptimo.<\/p>\n","protected":false},"featured_media":4098,"comment_status":"closed","ping_status":"closed","template":"","meta":{"_acf_changed":false},"product_brand":[],"product_cat":[389,320],"product_tag":[],"class_list":{"0":"post-4089","1":"product","2":"type-product","3":"status-publish","4":"has-post-thumbnail","6":"product_cat-tubos-de-extraccion-varibox-fc-800","7":"product_cat-varibox-fc-800-es","8":"product_shipping_class-deventer-en","9":"pa_packaging-unit-1-es","11":"first","12":"instock","13":"taxable","14":"shipping-taxable","15":"purchasable","16":"product-type-simple"},"featured_image_urls_v2":{"full":["https:\/\/varibox.best4u.dev\/wp-content\/uploads\/2023\/07\/VARIBOX-Safeline-Food-EPDM-extraction-point.png",1280,853,false],"thumbnail":["https:\/\/varibox.best4u.dev\/wp-content\/uploads\/2023\/07\/VARIBOX-Safeline-Food-EPDM-extraction-point-256x256.png",256,256,true],"medium":["https:\/\/varibox.best4u.dev\/wp-content\/uploads\/2023\/07\/VARIBOX-Safeline-Food-EPDM-extraction-point-512x341.png",512,341,true],"medium_large":["https:\/\/varibox.best4u.dev\/wp-content\/uploads\/2023\/07\/VARIBOX-Safeline-Food-EPDM-extraction-point-768x512.png",768,512,true],"large":["https:\/\/varibox.best4u.dev\/wp-content\/uploads\/2023\/07\/VARIBOX-Safeline-Food-EPDM-extraction-point-1024x682.png",1024,682,true],"1536x1536":["https:\/\/varibox.best4u.dev\/wp-content\/uploads\/2023\/07\/VARIBOX-Safeline-Food-EPDM-extraction-point.png",1280,853,false],"2048x2048":["https:\/\/varibox.best4u.dev\/wp-content\/uploads\/2023\/07\/VARIBOX-Safeline-Food-EPDM-extraction-point.png",1280,853,false],"woocommerce_archive_thumbnail":["https:\/\/varibox.best4u.dev\/wp-content\/uploads\/2023\/07\/VARIBOX-Safeline-Food-EPDM-extraction-point-270x180.png",270,180,true],"gform-image-choice-sm":["https:\/\/varibox.best4u.dev\/wp-content\/uploads\/2023\/07\/VARIBOX-Safeline-Food-EPDM-extraction-point.png",300,200,false],"gform-image-choice-md":["https:\/\/varibox.best4u.dev\/wp-content\/uploads\/2023\/07\/VARIBOX-Safeline-Food-EPDM-extraction-point.png",400,267,false],"gform-image-choice-lg":["https:\/\/varibox.best4u.dev\/wp-content\/uploads\/2023\/07\/VARIBOX-Safeline-Food-EPDM-extraction-point.png",600,400,false],"woocommerce_thumbnail":["https:\/\/varibox.best4u.dev\/wp-content\/uploads\/2023\/07\/VARIBOX-Safeline-Food-EPDM-extraction-point-270x180.png",270,180,true],"woocommerce_single":["https:\/\/varibox.best4u.dev\/wp-content\/uploads\/2023\/07\/VARIBOX-Safeline-Food-EPDM-extraction-point-1200x800.png",1200,800,true],"woocommerce_gallery_thumbnail":["https:\/\/varibox.best4u.dev\/wp-content\/uploads\/2023\/07\/VARIBOX-Safeline-Food-EPDM-extraction-point-100x100.png",100,100,true],"variation_swatches_image_size":["https:\/\/varibox.best4u.dev\/wp-content\/uploads\/2023\/07\/VARIBOX-Safeline-Food-EPDM-extraction-point-50x50.png",50,50,true],"variation_swatches_tooltip_size":["https:\/\/varibox.best4u.dev\/wp-content\/uploads\/2023\/07\/VARIBOX-Safeline-Food-EPDM-extraction-point-100x100.png",100,100,true]},"post_excerpt_stackable_v2":"<p>El tubo de extracci\u00f3n Safeline Food EPDM del VARIBOX FC 800 alcanza el punto m\u00e1s bajo del recipiente interior para un vaciado \u00f3ptimo.<\/p>\n","category_list_v2":"","author_info_v2":{"name":"","url":""},"comments_num_v2":"0 comments","acf":[],"_links":{"self":[{"href":"https:\/\/varibox.best4u.dev\/es\/wp-json\/wp\/v2\/product\/4089","targetHints":{"allow":["GET"]}}],"collection":[{"href":"https:\/\/varibox.best4u.dev\/es\/wp-json\/wp\/v2\/product"}],"about":[{"href":"https:\/\/varibox.best4u.dev\/es\/wp-json\/wp\/v2\/types\/product"}],"replies":[{"embeddable":true,"href":"https:\/\/varibox.best4u.dev\/es\/wp-json\/wp\/v2\/comments?post=4089"}],"wp:featuredmedia":[{"embeddable":true,"href":"https:\/\/varibox.best4u.dev\/es\/wp-json\/wp\/v2\/media\/4098"}],"wp:attachment":[{"href":"https:\/\/varibox.best4u.dev\/es\/wp-json\/wp\/v2\/media?parent=4089"}],"wp:term":[{"taxonomy":"product_brand","embeddable":true,"href":"https:\/\/varibox.best4u.dev\/es\/wp-json\/wp\/v2\/product_brand?post=4089"},{"taxonomy":"product_cat","embeddable":true,"href":"https:\/\/varibox.best4u.dev\/es\/wp-json\/wp\/v2\/product_cat?post=4089"},{"taxonomy":"product_tag","embeddable":true,"href":"https:\/\/varibox.best4u.dev\/es\/wp-json\/wp\/v2\/product_tag?post=4089"}],"curies":[{"name":"wp","href":"https:\/\/api.w.org\/{rel}","templated":true}]}}