{"id":4087,"date":"2023-04-06T17:27:59","date_gmt":"2023-04-06T15:27:59","guid":{"rendered":"https:\/\/varibox.best4u.dev\/product\/llave-para-tubo-de-extraccion-safeline\/"},"modified":"2024-04-05T16:05:04","modified_gmt":"2024-04-05T14:05:04","slug":"llave-para-tubo-de-extraccion-safeline","status":"publish","type":"product","link":"https:\/\/varibox.best4u.dev\/es\/producto\/llave-para-tubo-de-extraccion-safeline\/","title":{"rendered":"Llave para tubo de extracci\u00f3n Safeline"},"content":{"rendered":"<p>A medida que los distribuidores de productos qu\u00edmicos de todo el mundo priorizan la seguridad y el cumplimiento de la normativa en sus operaciones, VARIBOX, fabricante l\u00edder de contenedores intermedios para graneles (IBC), ofrece una soluci\u00f3n para facilitar la sustituci\u00f3n de los tubos de extracci\u00f3n Safeline en sus IBC VARIBOX.<br \/>\nLa llave Safeline es una herramienta que permite sustituir los tubos de extracci\u00f3n sin problemas y de forma segura durante la inspecci\u00f3n cada 2,5 a\u00f1os, la sustituci\u00f3n del botell\u00f3n cada 5 a\u00f1os y el mantenimiento al final de la vida \u00fatil despu\u00e9s de 10 a\u00f1os, lo que la convierte en un accesorio esencial para los distribuidores de productos qu\u00edmicos que dan prioridad a la seguridad y la eficacia.<br \/>\nLos tubos de extracci\u00f3n Safeline son componentes esenciales de los IBC VARIBOX, ya que se encargan de extraer los productos qu\u00edmicos del contenedor. Con el tiempo, estos tubos pueden desgastarse o contaminarse, por lo que es necesario sustituirlos para mantener la integridad del IBC y garantizar la manipulaci\u00f3n segura de los productos qu\u00edmicos. Sin embargo, la sustituci\u00f3n de los tubos de extracci\u00f3n puede ser un proceso complejo y peligroso, que requiere conocimientos y herramientas especializados. Ah\u00ed es donde entra en juego la llave Safeline, que ofrece una soluci\u00f3n innovadora para simplificar el proceso de sustituci\u00f3n y mejorar la seguridad.<br \/>\nUna de las principales caracter\u00edsticas de la llave Safeline es su dise\u00f1o f\u00e1cil de usar, que facilita su manejo y funcionamiento.<br \/>\nLa llave est\u00e1 dise\u00f1ada ergon\u00f3micamente con un agarre c\u00f3modo, lo que permite a los operarios aplicar el par de apriete necesario con facilidad. El dise\u00f1o tambi\u00e9n garantiza que la llave se ajuste firmemente al tubo de extracci\u00f3n, lo que evita que se deslice durante el funcionamiento y minimiza el riesgo de accidentes.<br \/>\nAdem\u00e1s, la llave Safeline incorpora un mecanismo de bloqueo \u00fanico que garantiza un agarre seguro y estable en el tubo de extracci\u00f3n.<br \/>\nEste mecanismo de bloqueo impide cualquier movimiento involuntario durante el proceso de sustituci\u00f3n, reduciendo el riesgo de lesiones causadas por un deslizamiento o liberaci\u00f3n repentinos. La llave tambi\u00e9n cuenta con marcas e indicadores claros que gu\u00edan a los operarios en la direcci\u00f3n y rotaci\u00f3n correctas para un funcionamiento suave y sin errores.<br \/>\nUna de las principales ventajas de la llave Safeline es su compatibilidad con todos los tubos de extracci\u00f3n Safeline VARIBOX, independientemente de su tama\u00f1o o configuraci\u00f3n.<br \/>\nEsto la convierte en una herramienta vers\u00e1til que puede utilizarse para una amplia gama de modelos y aplicaciones de IBC. La llave tambi\u00e9n est\u00e1 fabricada con materiales duraderos y resistentes a los productos qu\u00edmicos, lo que garantiza su longevidad y fiabilidad, incluso en entornos qu\u00edmicos agresivos.<br \/>\nLa seguridad es una prioridad m\u00e1xima en la industria de distribuci\u00f3n de productos qu\u00edmicos, y la llave Safeline se ha dise\u00f1ado teniendo esto en cuenta.<br \/>\nLa llave est\u00e1 equipada con funciones de seguridad que protegen a los operarios de posibles riesgos durante el proceso de sustituci\u00f3n. Por ejemplo, la llave incluye un bloqueo de seguridad integrado que impide la liberaci\u00f3n accidental del tubo de extracci\u00f3n, garantizando que el proceso de sustituci\u00f3n sea controlado y seguro. La llave tambi\u00e9n incluye un bot\u00f3n de liberaci\u00f3n de seguridad que permite a los operarios liberar el tubo de extracci\u00f3n de forma controlada, minimizando el riesgo de movimientos bruscos o lesiones.<br \/>\nLa eficiencia es otra ventaja clave de la llave Safeline. La llave est\u00e1 dise\u00f1ada para ahorrar tiempo y esfuerzo durante el proceso de sustituci\u00f3n, reduciendo el tiempo de inactividad y aumentando la productividad. Las marcas e indicadores claros de la llave permiten a los operarios realizar el proceso de sustituci\u00f3n de forma r\u00e1pida y precisa, sin necesidad de ensayo y error.<br \/>\nEl dise\u00f1o de f\u00e1cil manejo de la llave tambi\u00e9n minimiza la curva de aprendizaje, lo que permite a los operarios familiarizarse r\u00e1pidamente con su uso.<\/p>\n","protected":false},"excerpt":{"rendered":"<p>La llave Safeline es una herramienta que permite sustituir los tubos de extracci\u00f3n sin problemas y de forma segura durante la inspecci\u00f3n cada 2,5 a\u00f1os, la sustituci\u00f3n del botell\u00f3n cada 5 a\u00f1os y el mantenimiento al final de la vida \u00fatil despu\u00e9s de 10 a\u00f1os, lo que la convierte en un accesorio esencial para los distribuidores de productos qu\u00edmicos que priorizan la seguridad y la eficacia.<\/p>\n","protected":false},"featured_media":4096,"comment_status":"closed","ping_status":"closed","template":"","meta":{"_acf_changed":false},"product_brand":[],"product_cat":[332,329,331,389,390,387,388,318,376,322,320],"product_tag":[],"class_list":{"0":"post-4087","1":"product","2":"type-product","3":"status-publish","4":"has-post-thumbnail","6":"product_cat-accesorios","7":"product_cat-accesorios-varibox-cc-250","8":"product_cat-accesorios-varibox-fc-800","9":"product_cat-tubos-de-extraccion-varibox-fc-800","10":"product_cat-tubos-de-extraccion","11":"product_cat-tubos-de-extraccion-varibox-cc-250","12":"product_cat-tubos-de-extraccion-varibox-drumtainer","13":"product_cat-varibox-cc-250-es","14":"product_cat-varibox-drumtainer-es","15":"product_cat-varibox-fc-1000-es","16":"product_cat-varibox-fc-800-es","17":"product_shipping_class-deventer-en","19":"first","20":"instock","21":"taxable","22":"shipping-taxable","23":"purchasable","24":"product-type-simple"},"featured_image_urls_v2":{"full":["https:\/\/varibox.best4u.dev\/wp-content\/uploads\/2023\/04\/Wrench-for-Safeline.png",1980,1320,false],"thumbnail":["https:\/\/varibox.best4u.dev\/wp-content\/uploads\/2023\/04\/Wrench-for-Safeline-256x256.png",256,256,true],"medium":["https:\/\/varibox.best4u.dev\/wp-content\/uploads\/2023\/04\/Wrench-for-Safeline-512x341.png",512,341,true],"medium_large":["https:\/\/varibox.best4u.dev\/wp-content\/uploads\/2023\/04\/Wrench-for-Safeline-768x512.png",768,512,true],"large":["https:\/\/varibox.best4u.dev\/wp-content\/uploads\/2023\/04\/Wrench-for-Safeline-1024x683.png",1024,683,true],"1536x1536":["https:\/\/varibox.best4u.dev\/wp-content\/uploads\/2023\/04\/Wrench-for-Safeline-1536x1024.png",1536,1024,true],"2048x2048":["https:\/\/varibox.best4u.dev\/wp-content\/uploads\/2023\/04\/Wrench-for-Safeline.png",1980,1320,false],"woocommerce_archive_thumbnail":["https:\/\/varibox.best4u.dev\/wp-content\/uploads\/2023\/04\/Wrench-for-Safeline-270x180.png",270,180,true],"gform-image-choice-sm":["https:\/\/varibox.best4u.dev\/wp-content\/uploads\/2023\/04\/Wrench-for-Safeline.png",300,200,false],"gform-image-choice-md":["https:\/\/varibox.best4u.dev\/wp-content\/uploads\/2023\/04\/Wrench-for-Safeline.png",400,267,false],"gform-image-choice-lg":["https:\/\/varibox.best4u.dev\/wp-content\/uploads\/2023\/04\/Wrench-for-Safeline.png",600,400,false],"woocommerce_thumbnail":["https:\/\/varibox.best4u.dev\/wp-content\/uploads\/2023\/04\/Wrench-for-Safeline-270x180.png",270,180,true],"woocommerce_single":["https:\/\/varibox.best4u.dev\/wp-content\/uploads\/2023\/04\/Wrench-for-Safeline-1200x800.png",1200,800,true],"woocommerce_gallery_thumbnail":["https:\/\/varibox.best4u.dev\/wp-content\/uploads\/2023\/04\/Wrench-for-Safeline-100x100.png",100,100,true],"variation_swatches_image_size":["https:\/\/varibox.best4u.dev\/wp-content\/uploads\/2023\/04\/Wrench-for-Safeline-50x50.png",50,50,true],"variation_swatches_tooltip_size":["https:\/\/varibox.best4u.dev\/wp-content\/uploads\/2023\/04\/Wrench-for-Safeline-100x100.png",100,100,true]},"post_excerpt_stackable_v2":"<p>La llave Safeline es una herramienta que permite sustituir los tubos de extracci\u00f3n sin problemas y de forma segura durante la inspecci\u00f3n cada 2,5 a\u00f1os, la sustituci\u00f3n del botell\u00f3n cada 5 a\u00f1os y el mantenimiento al final de la vida \u00fatil despu\u00e9s de 10 a\u00f1os, lo que la convierte en un accesorio esencial para los distribuidores de productos qu\u00edmicos que priorizan la seguridad y la eficacia.<\/p>\n","category_list_v2":"","author_info_v2":{"name":"","url":""},"comments_num_v2":"0 comments","acf":[],"_links":{"self":[{"href":"https:\/\/varibox.best4u.dev\/es\/wp-json\/wp\/v2\/product\/4087","targetHints":{"allow":["GET"]}}],"collection":[{"href":"https:\/\/varibox.best4u.dev\/es\/wp-json\/wp\/v2\/product"}],"about":[{"href":"https:\/\/varibox.best4u.dev\/es\/wp-json\/wp\/v2\/types\/product"}],"replies":[{"embeddable":true,"href":"https:\/\/varibox.best4u.dev\/es\/wp-json\/wp\/v2\/comments?post=4087"}],"wp:featuredmedia":[{"embeddable":true,"href":"https:\/\/varibox.best4u.dev\/es\/wp-json\/wp\/v2\/media\/4096"}],"wp:attachment":[{"href":"https:\/\/varibox.best4u.dev\/es\/wp-json\/wp\/v2\/media?parent=4087"}],"wp:term":[{"taxonomy":"product_brand","embeddable":true,"href":"https:\/\/varibox.best4u.dev\/es\/wp-json\/wp\/v2\/product_brand?post=4087"},{"taxonomy":"product_cat","embeddable":true,"href":"https:\/\/varibox.best4u.dev\/es\/wp-json\/wp\/v2\/product_cat?post=4087"},{"taxonomy":"product_tag","embeddable":true,"href":"https:\/\/varibox.best4u.dev\/es\/wp-json\/wp\/v2\/product_tag?post=4087"}],"curies":[{"name":"wp","href":"https:\/\/api.w.org\/{rel}","templated":true}]}}