{"id":4086,"date":"2023-04-06T16:50:41","date_gmt":"2023-04-06T14:50:41","guid":{"rendered":"https:\/\/varibox.best4u.dev\/product\/llave-para-tapa-roscada-varibox\/"},"modified":"2024-04-05T16:05:03","modified_gmt":"2024-04-05T14:05:03","slug":"llave-para-tapa-roscada-varibox","status":"publish","type":"product","link":"https:\/\/varibox.best4u.dev\/es\/producto\/llave-para-tapa-roscada-varibox\/","title":{"rendered":"Llave para tapa roscada VARIBOX"},"content":{"rendered":"<p>Presentamos la herramienta definitiva para abrir y cerrar f\u00e1cilmente los contenedores a granel intermedios (GRG): \u00a1la llave para tapa de rosca! Dise\u00f1ada para facilitar la manipulaci\u00f3n de los GRG, esta innovadora herramienta es imprescindible para cualquier persona que manipule GRG con regularidad.<\/p>\n<p>Gracias a su construcci\u00f3n robusta y a su dise\u00f1o ergon\u00f3mico, la llave para tapa de rosca ofrece un agarre c\u00f3modo y una palanca \u00f3ptima, lo que le permite aflojar o apretar las tapas VARIBOX sin esfuerzo.<\/p>\n<p>La llave para las tapas est\u00e1 especialmente dise\u00f1ada para adaptarse a una amplia gama de tama\u00f1os de tapas de GRG, lo que garantiza la compatibilidad con los GRG m\u00e1s utilizados en la industria.<br \/>\nSu dise\u00f1o le permite utilizarla en todos los GRG VARIBOX, lo que la convierte en una herramienta vers\u00e1til para cualquier escenario de manipulaci\u00f3n de GRG.<br \/>\nLa llave para la tapa de rosca<br \/>\nAhorre tiempo y energ\u00eda con la llave para las tapas de IBC. Tanto si abre los GRG para acceder a su contenido como si los cierra para transportarlos o almacenarlos, esta pr\u00e1ctica herramienta agilizar\u00e1 sus operaciones y har\u00e1 que la manipulaci\u00f3n de GRG sea un juego de ni\u00f1os.<br \/>\nSu construcci\u00f3n duradera garantiza un rendimiento a largo plazo, convirti\u00e9ndola en una compa\u00f1era fiable para todas sus necesidades de manipulaci\u00f3n de GRG.<\/p>\n","protected":false},"excerpt":{"rendered":"<p>Gracias a su construcci\u00f3n robusta y a su dise\u00f1o ergon\u00f3mico, la llave para tapas de rosca ofrece un agarre c\u00f3modo y una palanca \u00f3ptima, lo que le permite aflojar o apretar las tapas VARIBOX sin esfuerzo.<\/p>\n","protected":false},"featured_media":4094,"comment_status":"closed","ping_status":"closed","template":"","meta":{"_acf_changed":false},"product_brand":[],"product_cat":[329,331,332,395,396,394,318,322,320],"product_tag":[],"class_list":{"0":"post-4086","1":"product","2":"type-product","3":"status-publish","4":"has-post-thumbnail","6":"product_cat-accesorios-varibox-cc-250","7":"product_cat-accesorios-varibox-fc-800","8":"product_cat-accesorios","9":"product_cat-tapas-varibox-fc-800","10":"product_cat-tapas-varibox-fc-1000","11":"product_cat-tapas-varibox-cc-250-2","12":"product_cat-varibox-cc-250-es","13":"product_cat-varibox-fc-1000-es","14":"product_cat-varibox-fc-800-es","15":"product_shipping_class-deventer-en","17":"first","18":"instock","19":"taxable","20":"shipping-taxable","21":"purchasable","22":"product-type-simple"},"featured_image_urls_v2":{"full":["https:\/\/varibox.best4u.dev\/wp-content\/uploads\/2023\/04\/Wrench-for-the-Screwcap.png",1980,1320,false],"thumbnail":["https:\/\/varibox.best4u.dev\/wp-content\/uploads\/2023\/04\/Wrench-for-the-Screwcap-256x256.png",256,256,true],"medium":["https:\/\/varibox.best4u.dev\/wp-content\/uploads\/2023\/04\/Wrench-for-the-Screwcap-512x341.png",512,341,true],"medium_large":["https:\/\/varibox.best4u.dev\/wp-content\/uploads\/2023\/04\/Wrench-for-the-Screwcap-768x512.png",768,512,true],"large":["https:\/\/varibox.best4u.dev\/wp-content\/uploads\/2023\/04\/Wrench-for-the-Screwcap-1024x683.png",1024,683,true],"1536x1536":["https:\/\/varibox.best4u.dev\/wp-content\/uploads\/2023\/04\/Wrench-for-the-Screwcap-1536x1024.png",1536,1024,true],"2048x2048":["https:\/\/varibox.best4u.dev\/wp-content\/uploads\/2023\/04\/Wrench-for-the-Screwcap.png",1980,1320,false],"woocommerce_archive_thumbnail":["https:\/\/varibox.best4u.dev\/wp-content\/uploads\/2023\/04\/Wrench-for-the-Screwcap-270x180.png",270,180,true],"gform-image-choice-sm":["https:\/\/varibox.best4u.dev\/wp-content\/uploads\/2023\/04\/Wrench-for-the-Screwcap.png",300,200,false],"gform-image-choice-md":["https:\/\/varibox.best4u.dev\/wp-content\/uploads\/2023\/04\/Wrench-for-the-Screwcap.png",400,267,false],"gform-image-choice-lg":["https:\/\/varibox.best4u.dev\/wp-content\/uploads\/2023\/04\/Wrench-for-the-Screwcap.png",600,400,false],"woocommerce_thumbnail":["https:\/\/varibox.best4u.dev\/wp-content\/uploads\/2023\/04\/Wrench-for-the-Screwcap-270x180.png",270,180,true],"woocommerce_single":["https:\/\/varibox.best4u.dev\/wp-content\/uploads\/2023\/04\/Wrench-for-the-Screwcap-1200x800.png",1200,800,true],"woocommerce_gallery_thumbnail":["https:\/\/varibox.best4u.dev\/wp-content\/uploads\/2023\/04\/Wrench-for-the-Screwcap-100x100.png",100,100,true],"variation_swatches_image_size":["https:\/\/varibox.best4u.dev\/wp-content\/uploads\/2023\/04\/Wrench-for-the-Screwcap-50x50.png",50,50,true],"variation_swatches_tooltip_size":["https:\/\/varibox.best4u.dev\/wp-content\/uploads\/2023\/04\/Wrench-for-the-Screwcap-100x100.png",100,100,true]},"post_excerpt_stackable_v2":"<p>Gracias a su construcci\u00f3n robusta y a su dise\u00f1o ergon\u00f3mico, la llave para tapas de rosca ofrece un agarre c\u00f3modo y una palanca \u00f3ptima, lo que le permite aflojar o apretar las tapas VARIBOX sin esfuerzo.<\/p>\n","category_list_v2":"","author_info_v2":{"name":"","url":""},"comments_num_v2":"0 comments","acf":[],"_links":{"self":[{"href":"https:\/\/varibox.best4u.dev\/es\/wp-json\/wp\/v2\/product\/4086","targetHints":{"allow":["GET"]}}],"collection":[{"href":"https:\/\/varibox.best4u.dev\/es\/wp-json\/wp\/v2\/product"}],"about":[{"href":"https:\/\/varibox.best4u.dev\/es\/wp-json\/wp\/v2\/types\/product"}],"replies":[{"embeddable":true,"href":"https:\/\/varibox.best4u.dev\/es\/wp-json\/wp\/v2\/comments?post=4086"}],"wp:featuredmedia":[{"embeddable":true,"href":"https:\/\/varibox.best4u.dev\/es\/wp-json\/wp\/v2\/media\/4094"}],"wp:attachment":[{"href":"https:\/\/varibox.best4u.dev\/es\/wp-json\/wp\/v2\/media?parent=4086"}],"wp:term":[{"taxonomy":"product_brand","embeddable":true,"href":"https:\/\/varibox.best4u.dev\/es\/wp-json\/wp\/v2\/product_brand?post=4086"},{"taxonomy":"product_cat","embeddable":true,"href":"https:\/\/varibox.best4u.dev\/es\/wp-json\/wp\/v2\/product_cat?post=4086"},{"taxonomy":"product_tag","embeddable":true,"href":"https:\/\/varibox.best4u.dev\/es\/wp-json\/wp\/v2\/product_tag?post=4086"}],"curies":[{"name":"wp","href":"https:\/\/api.w.org\/{rel}","templated":true}]}}