{"id":4082,"date":"2022-08-10T10:53:32","date_gmt":"2022-08-10T08:53:32","guid":{"rendered":"https:\/\/varibox.best4u.dev\/product\/tubo-de-extraccion-ecolab-cds1-afl-d24-1000-mm\/"},"modified":"2024-04-05T16:05:05","modified_gmt":"2024-04-05T14:05:05","slug":"tubo-de-extraccion-ecolab-cds1-afl-d24-1000-mm","status":"publish","type":"product","link":"https:\/\/varibox.best4u.dev\/es\/producto\/tubo-de-extraccion-ecolab-cds1-afl-d24-1000-mm\/","title":{"rendered":"Tubo de extracci\u00f3n Ecolab CDS1 AFL D24 1000 mm"},"content":{"rendered":"<p>El tubo de extracci\u00f3n  Ecolab CDS1 AFL D24 1000 mm est\u00e1 fabricado con Aflas, PE y Hastelloy. El tubo es de color neutro y el punto de conexi\u00f3n de la parte superior es verde. El tubo de extracci\u00f3n forma parte de un sistema f\u00e1cil de usar que se conecta a su sistema mediante el acople Safeline y le permite bombear su producto fuera del VARIBOX sin abrir la tapa del IBC. Esto evita el riesgo de inhalar humos t\u00f3xicos y el contacto con materias l\u00edquidas peligrosas.<\/p>\n","protected":false},"excerpt":{"rendered":"<p>El tubo de extracci\u00f3n Ecolab CDS1 AFL D24 1000 mm alcanza el punto m\u00e1s bajo del recipiente interior para un vaciado \u00f3ptimo.<\/p>\n","protected":false},"featured_media":3810,"comment_status":"closed","ping_status":"closed","template":"","meta":{"_acf_changed":false},"product_brand":[],"product_cat":[390,322],"product_tag":[336,334],"class_list":{"0":"post-4082","1":"product","2":"type-product","3":"status-publish","4":"has-post-thumbnail","6":"product_cat-tubos-de-extraccion","7":"product_cat-varibox-fc-1000-es","8":"product_tag-ecolab-es","9":"product_tag-ecolab-new-es","10":"product_shipping_class-deventer-en","11":"pa_packaging-unit-1-es","13":"first","14":"instock","15":"taxable","16":"shipping-taxable","17":"purchasable","18":"product-type-simple"},"featured_image_urls_v2":{"full":["https:\/\/varibox.best4u.dev\/wp-content\/uploads\/2022\/08\/cdsecoaa.png",600,400,false],"thumbnail":["https:\/\/varibox.best4u.dev\/wp-content\/uploads\/2022\/08\/cdsecoaa-256x256.png",256,256,true],"medium":["https:\/\/varibox.best4u.dev\/wp-content\/uploads\/2022\/08\/cdsecoaa-512x341.png",512,341,true],"medium_large":["https:\/\/varibox.best4u.dev\/wp-content\/uploads\/2022\/08\/cdsecoaa.png",600,400,false],"large":["https:\/\/varibox.best4u.dev\/wp-content\/uploads\/2022\/08\/cdsecoaa.png",600,400,false],"1536x1536":["https:\/\/varibox.best4u.dev\/wp-content\/uploads\/2022\/08\/cdsecoaa.png",600,400,false],"2048x2048":["https:\/\/varibox.best4u.dev\/wp-content\/uploads\/2022\/08\/cdsecoaa.png",600,400,false],"woocommerce_archive_thumbnail":["https:\/\/varibox.best4u.dev\/wp-content\/uploads\/2022\/08\/cdsecoaa-270x180.png",270,180,true],"gform-image-choice-sm":["https:\/\/varibox.best4u.dev\/wp-content\/uploads\/2022\/08\/cdsecoaa.png",300,200,false],"gform-image-choice-md":["https:\/\/varibox.best4u.dev\/wp-content\/uploads\/2022\/08\/cdsecoaa.png",400,267,false],"gform-image-choice-lg":["https:\/\/varibox.best4u.dev\/wp-content\/uploads\/2022\/08\/cdsecoaa.png",600,400,false],"woocommerce_thumbnail":["https:\/\/varibox.best4u.dev\/wp-content\/uploads\/2022\/08\/cdsecoaa-270x180.png",270,180,true],"woocommerce_single":["https:\/\/varibox.best4u.dev\/wp-content\/uploads\/2022\/08\/cdsecoaa.png",600,400,false],"woocommerce_gallery_thumbnail":["https:\/\/varibox.best4u.dev\/wp-content\/uploads\/2022\/08\/cdsecoaa-100x100.png",100,100,true],"variation_swatches_image_size":["https:\/\/varibox.best4u.dev\/wp-content\/uploads\/2022\/08\/cdsecoaa-50x50.png",50,50,true],"variation_swatches_tooltip_size":["https:\/\/varibox.best4u.dev\/wp-content\/uploads\/2022\/08\/cdsecoaa-100x100.png",100,100,true]},"post_excerpt_stackable_v2":"<p>El tubo de extracci\u00f3n Ecolab CDS1 AFL D24 1000 mm alcanza el punto m\u00e1s bajo del recipiente interior para un vaciado \u00f3ptimo.<\/p>\n","category_list_v2":"","author_info_v2":{"name":"","url":""},"comments_num_v2":"0 comments","acf":[],"_links":{"self":[{"href":"https:\/\/varibox.best4u.dev\/es\/wp-json\/wp\/v2\/product\/4082","targetHints":{"allow":["GET"]}}],"collection":[{"href":"https:\/\/varibox.best4u.dev\/es\/wp-json\/wp\/v2\/product"}],"about":[{"href":"https:\/\/varibox.best4u.dev\/es\/wp-json\/wp\/v2\/types\/product"}],"replies":[{"embeddable":true,"href":"https:\/\/varibox.best4u.dev\/es\/wp-json\/wp\/v2\/comments?post=4082"}],"wp:featuredmedia":[{"embeddable":true,"href":"https:\/\/varibox.best4u.dev\/es\/wp-json\/wp\/v2\/media\/3810"}],"wp:attachment":[{"href":"https:\/\/varibox.best4u.dev\/es\/wp-json\/wp\/v2\/media?parent=4082"}],"wp:term":[{"taxonomy":"product_brand","embeddable":true,"href":"https:\/\/varibox.best4u.dev\/es\/wp-json\/wp\/v2\/product_brand?post=4082"},{"taxonomy":"product_cat","embeddable":true,"href":"https:\/\/varibox.best4u.dev\/es\/wp-json\/wp\/v2\/product_cat?post=4082"},{"taxonomy":"product_tag","embeddable":true,"href":"https:\/\/varibox.best4u.dev\/es\/wp-json\/wp\/v2\/product_tag?post=4082"}],"curies":[{"name":"wp","href":"https:\/\/api.w.org\/{rel}","templated":true}]}}