{"id":4078,"date":"2022-08-10T10:53:32","date_gmt":"2022-08-10T08:53:32","guid":{"rendered":"https:\/\/varibox.best4u.dev\/product\/sensor-de-nivel-vacio-epdm-varibox-cc-250\/"},"modified":"2024-04-05T16:05:05","modified_gmt":"2024-04-05T14:05:05","slug":"sensor-de-nivel-vacio-epdm-varibox-cc-250","status":"publish","type":"product","link":"https:\/\/varibox.best4u.dev\/es\/producto\/sensor-de-nivel-vacio-epdm-varibox-cc-250\/","title":{"rendered":"Sensor de nivel vac\u00edo EPDM VARIBOX CC 250"},"content":{"rendered":"<p>El sensor de nivel de vac\u00edo VARIBOX CC 250 EPDM est\u00e1 fabricado en EPDM, PE, PP y PVC. Este sensor especial alojado en el VARIBOX CC indica cuando el recipiente est\u00e1 vac\u00edo: quedan aproximadamente 0,5 litros de l\u00edquido. Su sistema de bombeo est\u00e1 conectado al sensor de nivel de vac\u00edo y env\u00eda una se\u00f1al cuando el VARIBOX FC est\u00e1 vac\u00edo, lo que permite por ejemplo detener su bomba. El sensor de nivel vac\u00edo est\u00e1 equipado con un interruptor de flotador ubicado en el punto m\u00e1s bajo del VARIBOX CC. Mientras haya l\u00edquido en el VARIBOX CC, el flotador flota y el circuito el\u00e9ctrico se cierra. Cuando todo el l\u00edquido ha sido bombeado fuera del VARIBOX CC, el flotador desciende y rompe el contacto.<\/p>\n","protected":false},"excerpt":{"rendered":"<p>El sensor de nivel de vac\u00edo VARIBOX CC 250 EPDM alojado en el VARIBOX CC indica cuando el contenedor est\u00e1 vac\u00edo.<\/p>\n","protected":false},"featured_media":3796,"comment_status":"closed","ping_status":"closed","template":"","meta":{"_acf_changed":false},"product_brand":[],"product_cat":[391,318],"product_tag":[],"class_list":{"0":"post-4078","1":"product","2":"type-product","3":"status-publish","4":"has-post-thumbnail","6":"product_cat-sensores-varibox-cc-250","7":"product_cat-varibox-cc-250-es","8":"product_shipping_class-deventer-en","9":"pa_packaging-unit-1-es","11":"first","12":"instock","13":"taxable","14":"shipping-taxable","15":"purchasable","16":"product-type-simple"},"featured_image_urls_v2":{"full":["https:\/\/varibox.best4u.dev\/wp-content\/uploads\/2022\/08\/ela-4.png",600,400,false],"thumbnail":["https:\/\/varibox.best4u.dev\/wp-content\/uploads\/2022\/08\/ela-4-256x256.png",256,256,true],"medium":["https:\/\/varibox.best4u.dev\/wp-content\/uploads\/2022\/08\/ela-4-512x341.png",512,341,true],"medium_large":["https:\/\/varibox.best4u.dev\/wp-content\/uploads\/2022\/08\/ela-4.png",600,400,false],"large":["https:\/\/varibox.best4u.dev\/wp-content\/uploads\/2022\/08\/ela-4.png",600,400,false],"1536x1536":["https:\/\/varibox.best4u.dev\/wp-content\/uploads\/2022\/08\/ela-4.png",600,400,false],"2048x2048":["https:\/\/varibox.best4u.dev\/wp-content\/uploads\/2022\/08\/ela-4.png",600,400,false],"woocommerce_archive_thumbnail":["https:\/\/varibox.best4u.dev\/wp-content\/uploads\/2022\/08\/ela-4-270x180.png",270,180,true],"gform-image-choice-sm":["https:\/\/varibox.best4u.dev\/wp-content\/uploads\/2022\/08\/ela-4.png",300,200,false],"gform-image-choice-md":["https:\/\/varibox.best4u.dev\/wp-content\/uploads\/2022\/08\/ela-4.png",400,267,false],"gform-image-choice-lg":["https:\/\/varibox.best4u.dev\/wp-content\/uploads\/2022\/08\/ela-4.png",600,400,false],"woocommerce_thumbnail":["https:\/\/varibox.best4u.dev\/wp-content\/uploads\/2022\/08\/ela-4-270x180.png",270,180,true],"woocommerce_single":["https:\/\/varibox.best4u.dev\/wp-content\/uploads\/2022\/08\/ela-4.png",600,400,false],"woocommerce_gallery_thumbnail":["https:\/\/varibox.best4u.dev\/wp-content\/uploads\/2022\/08\/ela-4-100x100.png",100,100,true],"variation_swatches_image_size":["https:\/\/varibox.best4u.dev\/wp-content\/uploads\/2022\/08\/ela-4-50x50.png",50,50,true],"variation_swatches_tooltip_size":["https:\/\/varibox.best4u.dev\/wp-content\/uploads\/2022\/08\/ela-4-100x100.png",100,100,true]},"post_excerpt_stackable_v2":"<p>El sensor de nivel de vac\u00edo VARIBOX CC 250 EPDM alojado en el VARIBOX CC indica cuando el contenedor est\u00e1 vac\u00edo.<\/p>\n","category_list_v2":"","author_info_v2":{"name":"","url":""},"comments_num_v2":"0 comments","acf":[],"_links":{"self":[{"href":"https:\/\/varibox.best4u.dev\/es\/wp-json\/wp\/v2\/product\/4078","targetHints":{"allow":["GET"]}}],"collection":[{"href":"https:\/\/varibox.best4u.dev\/es\/wp-json\/wp\/v2\/product"}],"about":[{"href":"https:\/\/varibox.best4u.dev\/es\/wp-json\/wp\/v2\/types\/product"}],"replies":[{"embeddable":true,"href":"https:\/\/varibox.best4u.dev\/es\/wp-json\/wp\/v2\/comments?post=4078"}],"wp:featuredmedia":[{"embeddable":true,"href":"https:\/\/varibox.best4u.dev\/es\/wp-json\/wp\/v2\/media\/3796"}],"wp:attachment":[{"href":"https:\/\/varibox.best4u.dev\/es\/wp-json\/wp\/v2\/media?parent=4078"}],"wp:term":[{"taxonomy":"product_brand","embeddable":true,"href":"https:\/\/varibox.best4u.dev\/es\/wp-json\/wp\/v2\/product_brand?post=4078"},{"taxonomy":"product_cat","embeddable":true,"href":"https:\/\/varibox.best4u.dev\/es\/wp-json\/wp\/v2\/product_cat?post=4078"},{"taxonomy":"product_tag","embeddable":true,"href":"https:\/\/varibox.best4u.dev\/es\/wp-json\/wp\/v2\/product_tag?post=4078"}],"curies":[{"name":"wp","href":"https:\/\/api.w.org\/{rel}","templated":true}]}}