{"id":4074,"date":"2022-08-10T10:53:32","date_gmt":"2022-08-10T08:53:32","guid":{"rendered":"https:\/\/varibox.best4u.dev\/product\/sensor-de-nivel-bajo-epdm-varibox-fc-800-et-cc-250\/"},"modified":"2024-04-05T16:05:56","modified_gmt":"2024-04-05T14:05:56","slug":"sensor-de-nivel-bajo-epdm-varibox-fc-800-et-cc-250","status":"publish","type":"product","link":"https:\/\/varibox.best4u.dev\/es\/producto\/sensor-de-nivel-bajo-epdm-varibox-fc-800-et-cc-250\/","title":{"rendered":"Sensor de nivel bajo EPDM VARIBOX FC 800 et CC 250"},"content":{"rendered":"<p>El sensor de nivel bajo EPDM VARIBOX FC 800 y CC 250 est\u00e1 fabricado en EPDM, PE, PP y PVC y es de color negro. El sensor de nivel bajo est\u00e1 equipado con un interruptor de flotador alojado en el VARIBOX. Si hay l\u00edquido en el VARIBOX, el flotador flota y el circuito el\u00e9ctrico se cierra. Cuando en el VARIBOX quedan s\u00f3lo unos 50 litros (FC800) o 30 litros (CC250), el flotador cae y el contacto se rompe.<\/p>\n","protected":false},"excerpt":{"rendered":"<p>El sensor de nivel bajo de EPDM VARIBOX FC 800 y CC 250 es un sensor alojado en el VARIBOX que indica cuando quedan aproximadamente 50 litros (FC800) o 30 litros (CC250) de l\u00edquido en el IBC.<\/p>\n","protected":false},"featured_media":3781,"comment_status":"closed","ping_status":"closed","template":"","meta":{"_acf_changed":false},"product_brand":[],"product_cat":[391,392,318,320],"product_tag":[],"class_list":{"0":"post-4074","1":"product","2":"type-product","3":"status-publish","4":"has-post-thumbnail","6":"product_cat-sensores-varibox-cc-250","7":"product_cat-sensores-varibox-fc-800","8":"product_cat-varibox-cc-250-es","9":"product_cat-varibox-fc-800-es","10":"product_shipping_class-deventer-en","11":"pa_packaging-unit-1-es","13":"first","14":"instock","15":"taxable","16":"shipping-taxable","17":"purchasable","18":"product-type-simple"},"featured_image_urls_v2":{"full":["https:\/\/varibox.best4u.dev\/wp-content\/uploads\/2022\/08\/llea-1.png",600,400,false],"thumbnail":["https:\/\/varibox.best4u.dev\/wp-content\/uploads\/2022\/08\/llea-1-256x256.png",256,256,true],"medium":["https:\/\/varibox.best4u.dev\/wp-content\/uploads\/2022\/08\/llea-1-512x341.png",512,341,true],"medium_large":["https:\/\/varibox.best4u.dev\/wp-content\/uploads\/2022\/08\/llea-1.png",600,400,false],"large":["https:\/\/varibox.best4u.dev\/wp-content\/uploads\/2022\/08\/llea-1.png",600,400,false],"1536x1536":["https:\/\/varibox.best4u.dev\/wp-content\/uploads\/2022\/08\/llea-1.png",600,400,false],"2048x2048":["https:\/\/varibox.best4u.dev\/wp-content\/uploads\/2022\/08\/llea-1.png",600,400,false],"woocommerce_archive_thumbnail":["https:\/\/varibox.best4u.dev\/wp-content\/uploads\/2022\/08\/llea-1-270x180.png",270,180,true],"gform-image-choice-sm":["https:\/\/varibox.best4u.dev\/wp-content\/uploads\/2022\/08\/llea-1.png",300,200,false],"gform-image-choice-md":["https:\/\/varibox.best4u.dev\/wp-content\/uploads\/2022\/08\/llea-1.png",400,267,false],"gform-image-choice-lg":["https:\/\/varibox.best4u.dev\/wp-content\/uploads\/2022\/08\/llea-1.png",600,400,false],"woocommerce_thumbnail":["https:\/\/varibox.best4u.dev\/wp-content\/uploads\/2022\/08\/llea-1-270x180.png",270,180,true],"woocommerce_single":["https:\/\/varibox.best4u.dev\/wp-content\/uploads\/2022\/08\/llea-1.png",600,400,false],"woocommerce_gallery_thumbnail":["https:\/\/varibox.best4u.dev\/wp-content\/uploads\/2022\/08\/llea-1-100x100.png",100,100,true],"variation_swatches_image_size":["https:\/\/varibox.best4u.dev\/wp-content\/uploads\/2022\/08\/llea-1-50x50.png",50,50,true],"variation_swatches_tooltip_size":["https:\/\/varibox.best4u.dev\/wp-content\/uploads\/2022\/08\/llea-1-100x100.png",100,100,true]},"post_excerpt_stackable_v2":"<p>El sensor de nivel bajo de EPDM VARIBOX FC 800 y CC 250 es un sensor alojado en el VARIBOX que indica cuando quedan aproximadamente 50 litros (FC800) o 30 litros (CC250) de l\u00edquido en el IBC.<\/p>\n","category_list_v2":"","author_info_v2":{"name":"","url":""},"comments_num_v2":"0 comments","acf":[],"_links":{"self":[{"href":"https:\/\/varibox.best4u.dev\/es\/wp-json\/wp\/v2\/product\/4074","targetHints":{"allow":["GET"]}}],"collection":[{"href":"https:\/\/varibox.best4u.dev\/es\/wp-json\/wp\/v2\/product"}],"about":[{"href":"https:\/\/varibox.best4u.dev\/es\/wp-json\/wp\/v2\/types\/product"}],"replies":[{"embeddable":true,"href":"https:\/\/varibox.best4u.dev\/es\/wp-json\/wp\/v2\/comments?post=4074"}],"wp:featuredmedia":[{"embeddable":true,"href":"https:\/\/varibox.best4u.dev\/es\/wp-json\/wp\/v2\/media\/3781"}],"wp:attachment":[{"href":"https:\/\/varibox.best4u.dev\/es\/wp-json\/wp\/v2\/media?parent=4074"}],"wp:term":[{"taxonomy":"product_brand","embeddable":true,"href":"https:\/\/varibox.best4u.dev\/es\/wp-json\/wp\/v2\/product_brand?post=4074"},{"taxonomy":"product_cat","embeddable":true,"href":"https:\/\/varibox.best4u.dev\/es\/wp-json\/wp\/v2\/product_cat?post=4074"},{"taxonomy":"product_tag","embeddable":true,"href":"https:\/\/varibox.best4u.dev\/es\/wp-json\/wp\/v2\/product_tag?post=4074"}],"curies":[{"name":"wp","href":"https:\/\/api.w.org\/{rel}","templated":true}]}}