{"id":4068,"date":"2022-08-10T10:53:12","date_gmt":"2022-08-10T08:53:12","guid":{"rendered":"https:\/\/varibox.best4u.dev\/product\/sensor-de-nivel-vacio-epdm-varibox-fc-1000\/"},"modified":"2024-04-05T16:05:57","modified_gmt":"2024-04-05T14:05:57","slug":"sensor-de-nivel-vacio-epdm-varibox-fc-1000","status":"publish","type":"product","link":"https:\/\/varibox.best4u.dev\/es\/producto\/sensor-de-nivel-vacio-epdm-varibox-fc-1000\/","title":{"rendered":"Sensor de nivel vac\u00edo EPDM VARIBOX FC 1000"},"content":{"rendered":"<p>El sensor de nivel de vac\u00edo VARIBOX FC 1000 EPDM est\u00e1 fabricado en EPDM, PE, PP y PVC. Este sensor especial alojado en el VARIBOX FC indica cuando el recipiente est\u00e1 vac\u00edo: quedan aproximadamente 0,5 litros de l\u00edquido. Su sistema de bombeo est\u00e1 conectado al sensor de nivel de vac\u00edo y env\u00eda una se\u00f1al cuando el VARIBOX FC est\u00e1 vac\u00edo, lo que permite por ejemplo detener su bomba. El sensor de nivel vac\u00edo est\u00e1 equipado con un interruptor de flotador ubicado en el punto m\u00e1s bajo del VARIBOX FC. Mientras haya l\u00edquido en el VARIBOX FC, el flotador flota y el circuito el\u00e9ctrico se cierra. Cuando todo el l\u00edquido ha sido bombeado fuera del VARIBOX FC, el flotador desciende y rompe el contacto.<\/p>\n","protected":false},"excerpt":{"rendered":"<p>El sensor de nivel de vac\u00edo VARIBOX FC 1000 EPDM alojado en el VARIBOX FC indica cuando el contenedor est\u00e1 vac\u00edo.<\/p>\n","protected":false},"featured_media":3758,"comment_status":"closed","ping_status":"closed","template":"","meta":{"_acf_changed":false},"product_brand":[],"product_cat":[393,322],"product_tag":[336],"class_list":{"0":"post-4068","1":"product","2":"type-product","3":"status-publish","4":"has-post-thumbnail","6":"product_cat-sensores","7":"product_cat-varibox-fc-1000-es","8":"product_tag-ecolab-es","9":"product_shipping_class-deventer-en","10":"pa_packaging-unit-1-es","12":"first","13":"instock","14":"taxable","15":"shipping-taxable","16":"purchasable","17":"product-type-simple"},"featured_image_urls_v2":{"full":["https:\/\/varibox.best4u.dev\/wp-content\/uploads\/2022\/08\/ela.png",600,400,false],"thumbnail":["https:\/\/varibox.best4u.dev\/wp-content\/uploads\/2022\/08\/ela-256x256.png",256,256,true],"medium":["https:\/\/varibox.best4u.dev\/wp-content\/uploads\/2022\/08\/ela-512x341.png",512,341,true],"medium_large":["https:\/\/varibox.best4u.dev\/wp-content\/uploads\/2022\/08\/ela.png",600,400,false],"large":["https:\/\/varibox.best4u.dev\/wp-content\/uploads\/2022\/08\/ela.png",600,400,false],"1536x1536":["https:\/\/varibox.best4u.dev\/wp-content\/uploads\/2022\/08\/ela.png",600,400,false],"2048x2048":["https:\/\/varibox.best4u.dev\/wp-content\/uploads\/2022\/08\/ela.png",600,400,false],"woocommerce_archive_thumbnail":["https:\/\/varibox.best4u.dev\/wp-content\/uploads\/2022\/08\/ela-270x180.png",270,180,true],"gform-image-choice-sm":["https:\/\/varibox.best4u.dev\/wp-content\/uploads\/2022\/08\/ela.png",300,200,false],"gform-image-choice-md":["https:\/\/varibox.best4u.dev\/wp-content\/uploads\/2022\/08\/ela.png",400,267,false],"gform-image-choice-lg":["https:\/\/varibox.best4u.dev\/wp-content\/uploads\/2022\/08\/ela.png",600,400,false],"woocommerce_thumbnail":["https:\/\/varibox.best4u.dev\/wp-content\/uploads\/2022\/08\/ela-270x180.png",270,180,true],"woocommerce_single":["https:\/\/varibox.best4u.dev\/wp-content\/uploads\/2022\/08\/ela.png",600,400,false],"woocommerce_gallery_thumbnail":["https:\/\/varibox.best4u.dev\/wp-content\/uploads\/2022\/08\/ela-100x100.png",100,100,true],"variation_swatches_image_size":["https:\/\/varibox.best4u.dev\/wp-content\/uploads\/2022\/08\/ela-50x50.png",50,50,true],"variation_swatches_tooltip_size":["https:\/\/varibox.best4u.dev\/wp-content\/uploads\/2022\/08\/ela-100x100.png",100,100,true]},"post_excerpt_stackable_v2":"<p>El sensor de nivel de vac\u00edo VARIBOX FC 1000 EPDM alojado en el VARIBOX FC indica cuando el contenedor est\u00e1 vac\u00edo.<\/p>\n","category_list_v2":"","author_info_v2":{"name":"","url":""},"comments_num_v2":"0 comments","acf":[],"_links":{"self":[{"href":"https:\/\/varibox.best4u.dev\/es\/wp-json\/wp\/v2\/product\/4068","targetHints":{"allow":["GET"]}}],"collection":[{"href":"https:\/\/varibox.best4u.dev\/es\/wp-json\/wp\/v2\/product"}],"about":[{"href":"https:\/\/varibox.best4u.dev\/es\/wp-json\/wp\/v2\/types\/product"}],"replies":[{"embeddable":true,"href":"https:\/\/varibox.best4u.dev\/es\/wp-json\/wp\/v2\/comments?post=4068"}],"wp:featuredmedia":[{"embeddable":true,"href":"https:\/\/varibox.best4u.dev\/es\/wp-json\/wp\/v2\/media\/3758"}],"wp:attachment":[{"href":"https:\/\/varibox.best4u.dev\/es\/wp-json\/wp\/v2\/media?parent=4068"}],"wp:term":[{"taxonomy":"product_brand","embeddable":true,"href":"https:\/\/varibox.best4u.dev\/es\/wp-json\/wp\/v2\/product_brand?post=4068"},{"taxonomy":"product_cat","embeddable":true,"href":"https:\/\/varibox.best4u.dev\/es\/wp-json\/wp\/v2\/product_cat?post=4068"},{"taxonomy":"product_tag","embeddable":true,"href":"https:\/\/varibox.best4u.dev\/es\/wp-json\/wp\/v2\/product_tag?post=4068"}],"curies":[{"name":"wp","href":"https:\/\/api.w.org\/{rel}","templated":true}]}}