{"id":4060,"date":"2022-08-10T10:53:12","date_gmt":"2022-08-10T08:53:12","guid":{"rendered":"https:\/\/varibox.best4u.dev\/product\/tapa-roscada-varibox-fc-cc-d160-viton-venteo-de-depresion\/"},"modified":"2024-04-05T16:06:33","modified_gmt":"2024-04-05T14:06:33","slug":"tapa-roscada-varibox-fc-cc-d160-viton-venteo-de-depresion","status":"publish","type":"product","link":"https:\/\/varibox.best4u.dev\/es\/producto\/tapa-roscada-varibox-fc-cc-d160-viton-venteo-de-depresion\/","title":{"rendered":"Tapa roscada VARIBOX FC \/ CC D160 Viton venteo de depresi\u00f3n"},"content":{"rendered":"<p>Tapa roscada VARIBOX D160 Viton est\u00e1 dise\u00f1ada para cerrar el orificio de llenado. Est\u00e1 fabricada en Viton, PE, PTFE y PP y es de color verde. Este color verde coincide con otros equipos de servicio e indica que las juntas son de Viton. Esta tapa de rosca est\u00e1 equipada con un venteo de depresi\u00f3n.<\/p>\n","protected":false},"excerpt":{"rendered":"<p>Tapa roscada VARIBOX D160 Viton est\u00e1 dise\u00f1ada para cerrar el orificio de llenado. <\/p>\n","protected":false},"featured_media":3727,"comment_status":"closed","ping_status":"closed","template":"","meta":{"_acf_changed":false},"product_brand":[],"product_cat":[396,394,395,318,322,320],"product_tag":[],"class_list":{"0":"post-4060","1":"product","2":"type-product","3":"status-publish","4":"has-post-thumbnail","6":"product_cat-tapas-varibox-fc-1000","7":"product_cat-tapas-varibox-cc-250-2","8":"product_cat-tapas-varibox-fc-800","9":"product_cat-varibox-cc-250-es","10":"product_cat-varibox-fc-1000-es","11":"product_cat-varibox-fc-800-es","12":"product_shipping_class-deventer-en","13":"pa_packaging-unit-1-es","15":"first","16":"instock","17":"taxable","18":"shipping-taxable","19":"purchasable","20":"product-type-simple"},"featured_image_urls_v2":{"full":["https:\/\/varibox.best4u.dev\/wp-content\/uploads\/2022\/08\/screwvwa.png",600,400,false],"thumbnail":["https:\/\/varibox.best4u.dev\/wp-content\/uploads\/2022\/08\/screwvwa-256x256.png",256,256,true],"medium":["https:\/\/varibox.best4u.dev\/wp-content\/uploads\/2022\/08\/screwvwa-512x341.png",512,341,true],"medium_large":["https:\/\/varibox.best4u.dev\/wp-content\/uploads\/2022\/08\/screwvwa.png",600,400,false],"large":["https:\/\/varibox.best4u.dev\/wp-content\/uploads\/2022\/08\/screwvwa.png",600,400,false],"1536x1536":["https:\/\/varibox.best4u.dev\/wp-content\/uploads\/2022\/08\/screwvwa.png",600,400,false],"2048x2048":["https:\/\/varibox.best4u.dev\/wp-content\/uploads\/2022\/08\/screwvwa.png",600,400,false],"woocommerce_archive_thumbnail":["https:\/\/varibox.best4u.dev\/wp-content\/uploads\/2022\/08\/screwvwa-270x180.png",270,180,true],"gform-image-choice-sm":["https:\/\/varibox.best4u.dev\/wp-content\/uploads\/2022\/08\/screwvwa.png",300,200,false],"gform-image-choice-md":["https:\/\/varibox.best4u.dev\/wp-content\/uploads\/2022\/08\/screwvwa.png",400,267,false],"gform-image-choice-lg":["https:\/\/varibox.best4u.dev\/wp-content\/uploads\/2022\/08\/screwvwa.png",600,400,false],"woocommerce_thumbnail":["https:\/\/varibox.best4u.dev\/wp-content\/uploads\/2022\/08\/screwvwa-270x180.png",270,180,true],"woocommerce_single":["https:\/\/varibox.best4u.dev\/wp-content\/uploads\/2022\/08\/screwvwa.png",600,400,false],"woocommerce_gallery_thumbnail":["https:\/\/varibox.best4u.dev\/wp-content\/uploads\/2022\/08\/screwvwa-100x100.png",100,100,true],"variation_swatches_image_size":["https:\/\/varibox.best4u.dev\/wp-content\/uploads\/2022\/08\/screwvwa-50x50.png",50,50,true],"variation_swatches_tooltip_size":["https:\/\/varibox.best4u.dev\/wp-content\/uploads\/2022\/08\/screwvwa-100x100.png",100,100,true]},"post_excerpt_stackable_v2":"<p>Tapa roscada VARIBOX D160 Viton est\u00e1 dise\u00f1ada para cerrar el orificio de llenado. <\/p>\n","category_list_v2":"","author_info_v2":{"name":"","url":""},"comments_num_v2":"0 comments","acf":[],"_links":{"self":[{"href":"https:\/\/varibox.best4u.dev\/es\/wp-json\/wp\/v2\/product\/4060","targetHints":{"allow":["GET"]}}],"collection":[{"href":"https:\/\/varibox.best4u.dev\/es\/wp-json\/wp\/v2\/product"}],"about":[{"href":"https:\/\/varibox.best4u.dev\/es\/wp-json\/wp\/v2\/types\/product"}],"replies":[{"embeddable":true,"href":"https:\/\/varibox.best4u.dev\/es\/wp-json\/wp\/v2\/comments?post=4060"}],"wp:featuredmedia":[{"embeddable":true,"href":"https:\/\/varibox.best4u.dev\/es\/wp-json\/wp\/v2\/media\/3727"}],"wp:attachment":[{"href":"https:\/\/varibox.best4u.dev\/es\/wp-json\/wp\/v2\/media?parent=4060"}],"wp:term":[{"taxonomy":"product_brand","embeddable":true,"href":"https:\/\/varibox.best4u.dev\/es\/wp-json\/wp\/v2\/product_brand?post=4060"},{"taxonomy":"product_cat","embeddable":true,"href":"https:\/\/varibox.best4u.dev\/es\/wp-json\/wp\/v2\/product_cat?post=4060"},{"taxonomy":"product_tag","embeddable":true,"href":"https:\/\/varibox.best4u.dev\/es\/wp-json\/wp\/v2\/product_tag?post=4060"}],"curies":[{"name":"wp","href":"https:\/\/api.w.org\/{rel}","templated":true}]}}