{"id":4047,"date":"2022-08-10T10:52:53","date_gmt":"2022-08-10T08:52:53","guid":{"rendered":"https:\/\/varibox.best4u.dev\/product\/tubo-de-extraccion-safeline-precision-epdm-varibox-cc-250\/"},"modified":"2024-04-05T16:07:01","modified_gmt":"2024-04-05T14:07:01","slug":"tubo-de-extraccion-safeline-precision-epdm-varibox-cc-250","status":"publish","type":"product","link":"https:\/\/varibox.best4u.dev\/es\/producto\/tubo-de-extraccion-safeline-precision-epdm-varibox-cc-250\/","title":{"rendered":"Tubo de extracci\u00f3n Safeline Precision EPDM VARIBOX CC 250"},"content":{"rendered":"<p>El tubo de extracci\u00f3n Safeline Precision EPDM para el VARIBOX CC 250 est\u00e1 fabricado con EPDM, PE y acero inoxidable 316. El tubo es de color neutro y el punto de conexi\u00f3n de la parte superior es rojo. El tubo de extracci\u00f3n, especialmente dise\u00f1ado para la dosificaci\u00f3n, forma parte de un sistema f\u00e1cil de usar que se conecta a su sistema mediante el acople Safeline y le permite bombear su producto fuera del VARIBOX sin abrir la tapa del IBC. Esto evita el riesgo de inhalar humos t\u00f3xicos y el contacto con materias l\u00edquidas peligrosas.<\/p>\n","protected":false},"excerpt":{"rendered":"<p>El tubo de extracci\u00f3n Safeline Precision EPDM del VARIBOX CC 250 alcanza el punto m\u00e1s bajo del recipiente interior para un vaciado \u00f3ptimo.<\/p>\n","protected":false},"featured_media":3688,"comment_status":"closed","ping_status":"closed","template":"","meta":{"_acf_changed":false},"product_brand":[],"product_cat":[387,318],"product_tag":[],"class_list":{"0":"post-4047","1":"product","2":"type-product","3":"status-publish","4":"has-post-thumbnail","6":"product_cat-tubos-de-extraccion-varibox-cc-250","7":"product_cat-varibox-cc-250-es","8":"product_shipping_class-deventer-en","9":"pa_packaging-unit-1-es","11":"first","12":"instock","13":"taxable","14":"shipping-taxable","15":"purchasable","16":"product-type-simple"},"featured_image_urls_v2":{"full":["https:\/\/varibox.best4u.dev\/wp-content\/uploads\/2022\/08\/slprea.png",600,400,false],"thumbnail":["https:\/\/varibox.best4u.dev\/wp-content\/uploads\/2022\/08\/slprea.png",256,171,false],"medium":["https:\/\/varibox.best4u.dev\/wp-content\/uploads\/2022\/08\/slprea.png",512,341,false],"medium_large":["https:\/\/varibox.best4u.dev\/wp-content\/uploads\/2022\/08\/slprea.png",600,400,false],"large":["https:\/\/varibox.best4u.dev\/wp-content\/uploads\/2022\/08\/slprea.png",600,400,false],"1536x1536":["https:\/\/varibox.best4u.dev\/wp-content\/uploads\/2022\/08\/slprea.png",600,400,false],"2048x2048":["https:\/\/varibox.best4u.dev\/wp-content\/uploads\/2022\/08\/slprea.png",600,400,false],"woocommerce_archive_thumbnail":["https:\/\/varibox.best4u.dev\/wp-content\/uploads\/2022\/08\/slprea-270x180.png",270,180,true],"gform-image-choice-sm":["https:\/\/varibox.best4u.dev\/wp-content\/uploads\/2022\/08\/slprea.png",300,200,false],"gform-image-choice-md":["https:\/\/varibox.best4u.dev\/wp-content\/uploads\/2022\/08\/slprea.png",400,267,false],"gform-image-choice-lg":["https:\/\/varibox.best4u.dev\/wp-content\/uploads\/2022\/08\/slprea.png",600,400,false],"woocommerce_thumbnail":["https:\/\/varibox.best4u.dev\/wp-content\/uploads\/2022\/08\/slprea.png",270,180,false],"woocommerce_single":["https:\/\/varibox.best4u.dev\/wp-content\/uploads\/2022\/08\/slprea.png",600,400,false],"woocommerce_gallery_thumbnail":["https:\/\/varibox.best4u.dev\/wp-content\/uploads\/2022\/08\/slprea-100x100.png",100,100,true],"variation_swatches_image_size":["https:\/\/varibox.best4u.dev\/wp-content\/uploads\/2022\/08\/slprea.png",50,33,false],"variation_swatches_tooltip_size":["https:\/\/varibox.best4u.dev\/wp-content\/uploads\/2022\/08\/slprea.png",100,67,false]},"post_excerpt_stackable_v2":"<p>El tubo de extracci\u00f3n Safeline Precision EPDM del VARIBOX CC 250 alcanza el punto m\u00e1s bajo del recipiente interior para un vaciado \u00f3ptimo.<\/p>\n","category_list_v2":"","author_info_v2":{"name":"","url":""},"comments_num_v2":"0 comments","acf":[],"_links":{"self":[{"href":"https:\/\/varibox.best4u.dev\/es\/wp-json\/wp\/v2\/product\/4047","targetHints":{"allow":["GET"]}}],"collection":[{"href":"https:\/\/varibox.best4u.dev\/es\/wp-json\/wp\/v2\/product"}],"about":[{"href":"https:\/\/varibox.best4u.dev\/es\/wp-json\/wp\/v2\/types\/product"}],"replies":[{"embeddable":true,"href":"https:\/\/varibox.best4u.dev\/es\/wp-json\/wp\/v2\/comments?post=4047"}],"wp:featuredmedia":[{"embeddable":true,"href":"https:\/\/varibox.best4u.dev\/es\/wp-json\/wp\/v2\/media\/3688"}],"wp:attachment":[{"href":"https:\/\/varibox.best4u.dev\/es\/wp-json\/wp\/v2\/media?parent=4047"}],"wp:term":[{"taxonomy":"product_brand","embeddable":true,"href":"https:\/\/varibox.best4u.dev\/es\/wp-json\/wp\/v2\/product_brand?post=4047"},{"taxonomy":"product_cat","embeddable":true,"href":"https:\/\/varibox.best4u.dev\/es\/wp-json\/wp\/v2\/product_cat?post=4047"},{"taxonomy":"product_tag","embeddable":true,"href":"https:\/\/varibox.best4u.dev\/es\/wp-json\/wp\/v2\/product_tag?post=4047"}],"curies":[{"name":"wp","href":"https:\/\/api.w.org\/{rel}","templated":true}]}}