{"id":4039,"date":"2022-08-10T10:52:53","date_gmt":"2022-08-10T08:52:53","guid":{"rendered":"https:\/\/varibox.best4u.dev\/product\/lote-de-50-capsulas-tubo-de-extraccion-varibox-safeline-viton\/"},"modified":"2024-04-05T16:07:04","modified_gmt":"2024-04-05T14:07:04","slug":"lote-de-50-capsulas-tubo-de-extraccion-varibox-safeline-viton","status":"publish","type":"product","link":"https:\/\/varibox.best4u.dev\/es\/producto\/lote-de-50-capsulas-tubo-de-extraccion-varibox-safeline-viton\/","title":{"rendered":"Lote de 50 c\u00e1psulas tubo de extracci\u00f3n VARIBOX Safeline Viton"},"content":{"rendered":"<p>La c\u00e1psula VARIBOX Safeline Performance Viton protege el tubo de extracci\u00f3n VARIBOX Safeline. La c\u00e1psula est\u00e1 fabricado en PE y es de color blanco. Permite a los distribuidores de productos qu\u00edmicos proteger el tubo de extracci\u00f3n durante el transporte hasta que se realice operaciones de cargas y descargas del VARIBOX.<\/p>\n","protected":false},"excerpt":{"rendered":"<p>La c\u00e1psula VARIBOX Safeline Performance Viton protege el tubo de extracci\u00f3n VARIBOX Safeline.<\/p>\n","protected":false},"featured_media":3658,"comment_status":"closed","ping_status":"closed","template":"","meta":{"_acf_changed":false},"product_brand":[],"product_cat":[380,381,382,379,318,376,322,320],"product_tag":[336],"class_list":{"0":"post-4039","1":"product","2":"type-product","3":"status-publish","4":"has-post-thumbnail","6":"product_cat-capsulas","7":"product_cat-capsulas-varibox-fc-800","8":"product_cat-capsulas-varibox-fc-1000","9":"product_cat-capsulas-varibox-cc-250","10":"product_cat-varibox-cc-250-es","11":"product_cat-varibox-drumtainer-es","12":"product_cat-varibox-fc-1000-es","13":"product_cat-varibox-fc-800-es","14":"product_tag-ecolab-es","15":"product_shipping_class-deventer-en","16":"pa_packaging-unit-50-es","18":"first","19":"instock","20":"taxable","21":"shipping-taxable","22":"purchasable","23":"product-type-simple"},"featured_image_urls_v2":{"full":["https:\/\/varibox.best4u.dev\/wp-content\/uploads\/2022\/08\/capslva.png",600,400,false],"thumbnail":["https:\/\/varibox.best4u.dev\/wp-content\/uploads\/2022\/08\/capslva.png",256,171,false],"medium":["https:\/\/varibox.best4u.dev\/wp-content\/uploads\/2022\/08\/capslva.png",512,341,false],"medium_large":["https:\/\/varibox.best4u.dev\/wp-content\/uploads\/2022\/08\/capslva.png",600,400,false],"large":["https:\/\/varibox.best4u.dev\/wp-content\/uploads\/2022\/08\/capslva.png",600,400,false],"1536x1536":["https:\/\/varibox.best4u.dev\/wp-content\/uploads\/2022\/08\/capslva.png",600,400,false],"2048x2048":["https:\/\/varibox.best4u.dev\/wp-content\/uploads\/2022\/08\/capslva.png",600,400,false],"woocommerce_archive_thumbnail":["https:\/\/varibox.best4u.dev\/wp-content\/uploads\/2022\/08\/capslva-270x180.png",270,180,true],"gform-image-choice-sm":["https:\/\/varibox.best4u.dev\/wp-content\/uploads\/2022\/08\/capslva.png",300,200,false],"gform-image-choice-md":["https:\/\/varibox.best4u.dev\/wp-content\/uploads\/2022\/08\/capslva.png",400,267,false],"gform-image-choice-lg":["https:\/\/varibox.best4u.dev\/wp-content\/uploads\/2022\/08\/capslva.png",600,400,false],"woocommerce_thumbnail":["https:\/\/varibox.best4u.dev\/wp-content\/uploads\/2022\/08\/capslva.png",270,180,false],"woocommerce_single":["https:\/\/varibox.best4u.dev\/wp-content\/uploads\/2022\/08\/capslva.png",600,400,false],"woocommerce_gallery_thumbnail":["https:\/\/varibox.best4u.dev\/wp-content\/uploads\/2022\/08\/capslva-100x100.png",100,100,true],"variation_swatches_image_size":["https:\/\/varibox.best4u.dev\/wp-content\/uploads\/2022\/08\/capslva.png",50,33,false],"variation_swatches_tooltip_size":["https:\/\/varibox.best4u.dev\/wp-content\/uploads\/2022\/08\/capslva.png",100,67,false]},"post_excerpt_stackable_v2":"<p>La c\u00e1psula VARIBOX Safeline Performance Viton protege el tubo de extracci\u00f3n VARIBOX Safeline.<\/p>\n","category_list_v2":"","author_info_v2":{"name":"","url":""},"comments_num_v2":"0 comments","acf":[],"_links":{"self":[{"href":"https:\/\/varibox.best4u.dev\/es\/wp-json\/wp\/v2\/product\/4039","targetHints":{"allow":["GET"]}}],"collection":[{"href":"https:\/\/varibox.best4u.dev\/es\/wp-json\/wp\/v2\/product"}],"about":[{"href":"https:\/\/varibox.best4u.dev\/es\/wp-json\/wp\/v2\/types\/product"}],"replies":[{"embeddable":true,"href":"https:\/\/varibox.best4u.dev\/es\/wp-json\/wp\/v2\/comments?post=4039"}],"wp:featuredmedia":[{"embeddable":true,"href":"https:\/\/varibox.best4u.dev\/es\/wp-json\/wp\/v2\/media\/3658"}],"wp:attachment":[{"href":"https:\/\/varibox.best4u.dev\/es\/wp-json\/wp\/v2\/media?parent=4039"}],"wp:term":[{"taxonomy":"product_brand","embeddable":true,"href":"https:\/\/varibox.best4u.dev\/es\/wp-json\/wp\/v2\/product_brand?post=4039"},{"taxonomy":"product_cat","embeddable":true,"href":"https:\/\/varibox.best4u.dev\/es\/wp-json\/wp\/v2\/product_cat?post=4039"},{"taxonomy":"product_tag","embeddable":true,"href":"https:\/\/varibox.best4u.dev\/es\/wp-json\/wp\/v2\/product_tag?post=4039"}],"curies":[{"name":"wp","href":"https:\/\/api.w.org\/{rel}","templated":true}]}}