{"id":4037,"date":"2022-08-10T10:52:53","date_gmt":"2022-08-10T08:52:53","guid":{"rendered":"https:\/\/varibox.best4u.dev\/product\/acople-varibox-safeline-epdm\/"},"modified":"2025-10-23T14:49:46","modified_gmt":"2025-10-23T12:49:46","slug":"acople-varibox-safeline-epdm","status":"publish","type":"product","link":"https:\/\/varibox.best4u.dev\/es\/producto\/acople-varibox-safeline-epdm\/","title":{"rendered":"Acople VARIBOX Safeline EPDM"},"content":{"rendered":"<p>El acople Safeline EPDM est\u00e1 fabricado en EPDM, Hastelloy y PVDF. Este acople se conecta a la parte superior del tubo extractor Safeline para garantizar la transferencia del l\u00edquido en un circuito cerrado. El producto fluye y el aire entra evitando el riesgo de inhalaci\u00f3n de humos t\u00f3xicos y el contacto con materiales peligrosos. Esta construcci\u00f3n \u00fanica protege a las personas y al medio ambiente durante su uso.<\/p>\n","protected":false},"excerpt":{"rendered":"<p>El acople Safeline VARIBOX EPDM establece una conexi\u00f3n estanca con el tubo de extracci\u00f3n VARIBOX Safeline Performance.<\/p>\n","protected":false},"featured_media":3652,"comment_status":"closed","ping_status":"closed","template":"","meta":{"_acf_changed":false},"product_brand":[],"product_cat":[383,384,385,386,318,376,322,320],"product_tag":[],"class_list":{"0":"post-4037","1":"product","2":"type-product","3":"status-publish","4":"has-post-thumbnail","6":"product_cat-acoples-varibox-cc-250-es","7":"product_cat-acoples","8":"product_cat-acoples-varibox-fc-800-es","9":"product_cat-acoples-varibox-fc-1000-es","10":"product_cat-varibox-cc-250-es","11":"product_cat-varibox-drumtainer-es","12":"product_cat-varibox-fc-1000-es","13":"product_cat-varibox-fc-800-es","14":"product_shipping_class-deventer-en","15":"pa_packaging-unit-1-es","17":"first","18":"instock","19":"taxable","20":"shipping-taxable","21":"purchasable","22":"product-type-simple"},"featured_image_urls_v2":{"full":["https:\/\/varibox.best4u.dev\/wp-content\/uploads\/2022\/08\/coupslea.png",600,400,false],"thumbnail":["https:\/\/varibox.best4u.dev\/wp-content\/uploads\/2022\/08\/coupslea.png",256,171,false],"medium":["https:\/\/varibox.best4u.dev\/wp-content\/uploads\/2022\/08\/coupslea.png",512,341,false],"medium_large":["https:\/\/varibox.best4u.dev\/wp-content\/uploads\/2022\/08\/coupslea.png",600,400,false],"large":["https:\/\/varibox.best4u.dev\/wp-content\/uploads\/2022\/08\/coupslea.png",600,400,false],"1536x1536":["https:\/\/varibox.best4u.dev\/wp-content\/uploads\/2022\/08\/coupslea.png",600,400,false],"2048x2048":["https:\/\/varibox.best4u.dev\/wp-content\/uploads\/2022\/08\/coupslea.png",600,400,false],"woocommerce_archive_thumbnail":["https:\/\/varibox.best4u.dev\/wp-content\/uploads\/2022\/08\/coupslea-270x180.png",270,180,true],"gform-image-choice-sm":["https:\/\/varibox.best4u.dev\/wp-content\/uploads\/2022\/08\/coupslea.png",300,200,false],"gform-image-choice-md":["https:\/\/varibox.best4u.dev\/wp-content\/uploads\/2022\/08\/coupslea.png",400,267,false],"gform-image-choice-lg":["https:\/\/varibox.best4u.dev\/wp-content\/uploads\/2022\/08\/coupslea.png",600,400,false],"woocommerce_thumbnail":["https:\/\/varibox.best4u.dev\/wp-content\/uploads\/2022\/08\/coupslea.png",270,180,false],"woocommerce_single":["https:\/\/varibox.best4u.dev\/wp-content\/uploads\/2022\/08\/coupslea.png",600,400,false],"woocommerce_gallery_thumbnail":["https:\/\/varibox.best4u.dev\/wp-content\/uploads\/2022\/08\/coupslea-100x100.png",100,100,true],"variation_swatches_image_size":["https:\/\/varibox.best4u.dev\/wp-content\/uploads\/2022\/08\/coupslea.png",50,33,false],"variation_swatches_tooltip_size":["https:\/\/varibox.best4u.dev\/wp-content\/uploads\/2022\/08\/coupslea.png",100,67,false]},"post_excerpt_stackable_v2":"<p>El acople Safeline VARIBOX EPDM establece una conexi\u00f3n estanca con el tubo de extracci\u00f3n VARIBOX Safeline Performance.<\/p>\n","category_list_v2":"","author_info_v2":{"name":"","url":""},"comments_num_v2":"0 comments","acf":[],"_links":{"self":[{"href":"https:\/\/varibox.best4u.dev\/es\/wp-json\/wp\/v2\/product\/4037","targetHints":{"allow":["GET"]}}],"collection":[{"href":"https:\/\/varibox.best4u.dev\/es\/wp-json\/wp\/v2\/product"}],"about":[{"href":"https:\/\/varibox.best4u.dev\/es\/wp-json\/wp\/v2\/types\/product"}],"replies":[{"embeddable":true,"href":"https:\/\/varibox.best4u.dev\/es\/wp-json\/wp\/v2\/comments?post=4037"}],"wp:featuredmedia":[{"embeddable":true,"href":"https:\/\/varibox.best4u.dev\/es\/wp-json\/wp\/v2\/media\/3652"}],"wp:attachment":[{"href":"https:\/\/varibox.best4u.dev\/es\/wp-json\/wp\/v2\/media?parent=4037"}],"wp:term":[{"taxonomy":"product_brand","embeddable":true,"href":"https:\/\/varibox.best4u.dev\/es\/wp-json\/wp\/v2\/product_brand?post=4037"},{"taxonomy":"product_cat","embeddable":true,"href":"https:\/\/varibox.best4u.dev\/es\/wp-json\/wp\/v2\/product_cat?post=4037"},{"taxonomy":"product_tag","embeddable":true,"href":"https:\/\/varibox.best4u.dev\/es\/wp-json\/wp\/v2\/product_tag?post=4037"}],"curies":[{"name":"wp","href":"https:\/\/api.w.org\/{rel}","templated":true}]}}