{"id":4033,"date":"2022-08-10T10:52:53","date_gmt":"2022-08-10T08:52:53","guid":{"rendered":"https:\/\/varibox.best4u.dev\/product\/tubo-de-extraccion-ns4-epdm-varibox-fc-800\/"},"modified":"2024-04-05T16:07:04","modified_gmt":"2024-04-05T14:07:04","slug":"tubo-de-extraccion-ns4-epdm-varibox-fc-800","status":"publish","type":"product","link":"https:\/\/varibox.best4u.dev\/es\/producto\/tubo-de-extraccion-ns4-epdm-varibox-fc-800\/","title":{"rendered":"Tubo de extracci\u00f3n NS4 EPDM VARIBOX FC 800"},"content":{"rendered":"<p>El tubo de extracci\u00f3n NS4 para VARIBOX FC 800 est\u00e1 fabricado en EPDM, PE, PP, TPV y acero inoxidable 316. La unidad de paquete es de una sola pieza, ya que se fabrican a mano. Est\u00e1n especialmente dise\u00f1ados para la dosificaci\u00f3n fina. El tubo de extracci\u00f3n NS4 llega hasta el punto m\u00e1s bajo del recipiente interior del VARIBOX. Conectar el acople al tubo de extracci\u00f3n NS4 para bombear el producto qu\u00edmico sin tener que abrir la tapa roscada del VARIBOX. El tubo de extracci\u00f3n NS4 est\u00e1 disponible como opci\u00f3n y le permite trabajar de forma segura con productos qu\u00edmicos, sin inhalar vapores t\u00f3xicos ni entrar en contacto con materiales peligrosos. Algunos sistemas de dosificaci\u00f3n requieren una conexi\u00f3n de retorno. Esta conexi\u00f3n tambi\u00e9n est\u00e1 disponible en la parte superior del tubo de extracci\u00f3n NS4.<\/p>\n","protected":false},"excerpt":{"rendered":"<p>El tubo de extracci\u00f3n NS4 en EPDM del VARIBOX FC 800 alcanza el punto m\u00e1s bajo del recipiente interior para un vaciado \u00f3ptimo.<\/p>\n","protected":false},"featured_media":3644,"comment_status":"closed","ping_status":"closed","template":"","meta":{"_acf_changed":false},"product_brand":[],"product_cat":[389,320],"product_tag":[],"class_list":{"0":"post-4033","1":"product","2":"type-product","3":"status-publish","4":"has-post-thumbnail","6":"product_cat-tubos-de-extraccion-varibox-fc-800","7":"product_cat-varibox-fc-800-es","8":"product_shipping_class-deventer-en","9":"pa_packaging-unit-1-es","11":"first","12":"instock","13":"taxable","14":"shipping-taxable","15":"purchasable","16":"product-type-simple"},"featured_image_urls_v2":{"full":["https:\/\/varibox.best4u.dev\/wp-content\/uploads\/2022\/08\/ns4ea.png",600,400,false],"thumbnail":["https:\/\/varibox.best4u.dev\/wp-content\/uploads\/2022\/08\/ns4ea.png",256,171,false],"medium":["https:\/\/varibox.best4u.dev\/wp-content\/uploads\/2022\/08\/ns4ea.png",512,341,false],"medium_large":["https:\/\/varibox.best4u.dev\/wp-content\/uploads\/2022\/08\/ns4ea.png",600,400,false],"large":["https:\/\/varibox.best4u.dev\/wp-content\/uploads\/2022\/08\/ns4ea.png",600,400,false],"1536x1536":["https:\/\/varibox.best4u.dev\/wp-content\/uploads\/2022\/08\/ns4ea.png",600,400,false],"2048x2048":["https:\/\/varibox.best4u.dev\/wp-content\/uploads\/2022\/08\/ns4ea.png",600,400,false],"woocommerce_archive_thumbnail":["https:\/\/varibox.best4u.dev\/wp-content\/uploads\/2022\/08\/ns4ea-270x180.png",270,180,true],"gform-image-choice-sm":["https:\/\/varibox.best4u.dev\/wp-content\/uploads\/2022\/08\/ns4ea.png",300,200,false],"gform-image-choice-md":["https:\/\/varibox.best4u.dev\/wp-content\/uploads\/2022\/08\/ns4ea.png",400,267,false],"gform-image-choice-lg":["https:\/\/varibox.best4u.dev\/wp-content\/uploads\/2022\/08\/ns4ea.png",600,400,false],"woocommerce_thumbnail":["https:\/\/varibox.best4u.dev\/wp-content\/uploads\/2022\/08\/ns4ea.png",270,180,false],"woocommerce_single":["https:\/\/varibox.best4u.dev\/wp-content\/uploads\/2022\/08\/ns4ea.png",600,400,false],"woocommerce_gallery_thumbnail":["https:\/\/varibox.best4u.dev\/wp-content\/uploads\/2022\/08\/ns4ea-100x100.png",100,100,true],"variation_swatches_image_size":["https:\/\/varibox.best4u.dev\/wp-content\/uploads\/2022\/08\/ns4ea.png",50,33,false],"variation_swatches_tooltip_size":["https:\/\/varibox.best4u.dev\/wp-content\/uploads\/2022\/08\/ns4ea.png",100,67,false]},"post_excerpt_stackable_v2":"<p>El tubo de extracci\u00f3n NS4 en EPDM del VARIBOX FC 800 alcanza el punto m\u00e1s bajo del recipiente interior para un vaciado \u00f3ptimo.<\/p>\n","category_list_v2":"","author_info_v2":{"name":"","url":""},"comments_num_v2":"0 comments","acf":[],"_links":{"self":[{"href":"https:\/\/varibox.best4u.dev\/es\/wp-json\/wp\/v2\/product\/4033","targetHints":{"allow":["GET"]}}],"collection":[{"href":"https:\/\/varibox.best4u.dev\/es\/wp-json\/wp\/v2\/product"}],"about":[{"href":"https:\/\/varibox.best4u.dev\/es\/wp-json\/wp\/v2\/types\/product"}],"replies":[{"embeddable":true,"href":"https:\/\/varibox.best4u.dev\/es\/wp-json\/wp\/v2\/comments?post=4033"}],"wp:featuredmedia":[{"embeddable":true,"href":"https:\/\/varibox.best4u.dev\/es\/wp-json\/wp\/v2\/media\/3644"}],"wp:attachment":[{"href":"https:\/\/varibox.best4u.dev\/es\/wp-json\/wp\/v2\/media?parent=4033"}],"wp:term":[{"taxonomy":"product_brand","embeddable":true,"href":"https:\/\/varibox.best4u.dev\/es\/wp-json\/wp\/v2\/product_brand?post=4033"},{"taxonomy":"product_cat","embeddable":true,"href":"https:\/\/varibox.best4u.dev\/es\/wp-json\/wp\/v2\/product_cat?post=4033"},{"taxonomy":"product_tag","embeddable":true,"href":"https:\/\/varibox.best4u.dev\/es\/wp-json\/wp\/v2\/product_tag?post=4033"}],"curies":[{"name":"wp","href":"https:\/\/api.w.org\/{rel}","templated":true}]}}