{"id":4028,"date":"2022-08-10T10:52:38","date_gmt":"2022-08-10T08:52:38","guid":{"rendered":"https:\/\/varibox.best4u.dev\/product\/lote-de-10-detectores-de-fugas-varibox-fc-1000\/"},"modified":"2024-04-05T16:07:05","modified_gmt":"2024-04-05T14:07:05","slug":"lote-de-10-detectores-de-fugas-varibox-fc-1000","status":"publish","type":"product","link":"https:\/\/varibox.best4u.dev\/es\/producto\/lote-de-10-detectores-de-fugas-varibox-fc-1000\/","title":{"rendered":"Lote de 10 detectores de fugas VARIBOX FC 1000"},"content":{"rendered":"<p>El detector de fugas VARIBOX FC 1000 est\u00e1 fabricada en PE (polietileno). El color es negro y la unidad de embalaje de esta pieza de recambio es de 10 unidades. El detector se utiliza para comprobar la estanqueidad del recipiente interior. Se trata de un proceso muy sencillo que puede realizarse en 4 pasos. En primer lugar, aseg\u00farese de que el VARIBOX est\u00e1 limpio y de que lleva puesto su equipo de protecci\u00f3n individual. A continuaci\u00f3n, retire el tap\u00f3n del orificio de inspecci\u00f3n. El segundo paso consiste en extraer la varillao detector de fugasd del recipiente. A continuaci\u00f3n, compruebe que la varilla no est\u00e1 mojada y, si est\u00e1 seca, vuelva a introducirla en el recipiente. El cuarto y \u00faltimo paso es volver a tapar el orificio de inspecci\u00f3n.<\/p>\n","protected":false},"excerpt":{"rendered":"<p>El detector de fugas del VARIBOX FC 1000 se utiliza para comprobar la estanqueidad del recipiente interior.<\/p>\n","protected":false},"featured_media":3618,"comment_status":"closed","ping_status":"closed","template":"","meta":{"_acf_changed":false},"product_brand":[],"product_cat":[332,322],"product_tag":[336],"class_list":{"0":"post-4028","1":"product","2":"type-product","3":"status-publish","4":"has-post-thumbnail","6":"product_cat-accesorios","7":"product_cat-varibox-fc-1000-es","8":"product_tag-ecolab-es","9":"product_shipping_class-deventer-en","10":"pa_packaging-unit-10-es","12":"first","13":"instock","14":"taxable","15":"shipping-taxable","16":"purchasable","17":"product-type-simple"},"featured_image_urls_v2":{"full":["https:\/\/varibox.best4u.dev\/wp-content\/uploads\/2022\/08\/dipa.png",600,400,false],"thumbnail":["https:\/\/varibox.best4u.dev\/wp-content\/uploads\/2022\/08\/dipa-256x256.png",256,256,true],"medium":["https:\/\/varibox.best4u.dev\/wp-content\/uploads\/2022\/08\/dipa-512x341.png",512,341,true],"medium_large":["https:\/\/varibox.best4u.dev\/wp-content\/uploads\/2022\/08\/dipa.png",600,400,false],"large":["https:\/\/varibox.best4u.dev\/wp-content\/uploads\/2022\/08\/dipa.png",600,400,false],"1536x1536":["https:\/\/varibox.best4u.dev\/wp-content\/uploads\/2022\/08\/dipa.png",600,400,false],"2048x2048":["https:\/\/varibox.best4u.dev\/wp-content\/uploads\/2022\/08\/dipa.png",600,400,false],"woocommerce_archive_thumbnail":["https:\/\/varibox.best4u.dev\/wp-content\/uploads\/2022\/08\/dipa-270x180.png",270,180,true],"gform-image-choice-sm":["https:\/\/varibox.best4u.dev\/wp-content\/uploads\/2022\/08\/dipa.png",300,200,false],"gform-image-choice-md":["https:\/\/varibox.best4u.dev\/wp-content\/uploads\/2022\/08\/dipa.png",400,267,false],"gform-image-choice-lg":["https:\/\/varibox.best4u.dev\/wp-content\/uploads\/2022\/08\/dipa.png",600,400,false],"woocommerce_thumbnail":["https:\/\/varibox.best4u.dev\/wp-content\/uploads\/2022\/08\/dipa-270x180.png",270,180,true],"woocommerce_single":["https:\/\/varibox.best4u.dev\/wp-content\/uploads\/2022\/08\/dipa.png",600,400,false],"woocommerce_gallery_thumbnail":["https:\/\/varibox.best4u.dev\/wp-content\/uploads\/2022\/08\/dipa-100x100.png",100,100,true],"variation_swatches_image_size":["https:\/\/varibox.best4u.dev\/wp-content\/uploads\/2022\/08\/dipa-50x50.png",50,50,true],"variation_swatches_tooltip_size":["https:\/\/varibox.best4u.dev\/wp-content\/uploads\/2022\/08\/dipa-100x100.png",100,100,true]},"post_excerpt_stackable_v2":"<p>El detector de fugas del VARIBOX FC 1000 se utiliza para comprobar la estanqueidad del recipiente interior.<\/p>\n","category_list_v2":"","author_info_v2":{"name":"","url":""},"comments_num_v2":"0 comments","acf":[],"_links":{"self":[{"href":"https:\/\/varibox.best4u.dev\/es\/wp-json\/wp\/v2\/product\/4028","targetHints":{"allow":["GET"]}}],"collection":[{"href":"https:\/\/varibox.best4u.dev\/es\/wp-json\/wp\/v2\/product"}],"about":[{"href":"https:\/\/varibox.best4u.dev\/es\/wp-json\/wp\/v2\/types\/product"}],"replies":[{"embeddable":true,"href":"https:\/\/varibox.best4u.dev\/es\/wp-json\/wp\/v2\/comments?post=4028"}],"wp:featuredmedia":[{"embeddable":true,"href":"https:\/\/varibox.best4u.dev\/es\/wp-json\/wp\/v2\/media\/3618"}],"wp:attachment":[{"href":"https:\/\/varibox.best4u.dev\/es\/wp-json\/wp\/v2\/media?parent=4028"}],"wp:term":[{"taxonomy":"product_brand","embeddable":true,"href":"https:\/\/varibox.best4u.dev\/es\/wp-json\/wp\/v2\/product_brand?post=4028"},{"taxonomy":"product_cat","embeddable":true,"href":"https:\/\/varibox.best4u.dev\/es\/wp-json\/wp\/v2\/product_cat?post=4028"},{"taxonomy":"product_tag","embeddable":true,"href":"https:\/\/varibox.best4u.dev\/es\/wp-json\/wp\/v2\/product_tag?post=4028"}],"curies":[{"name":"wp","href":"https:\/\/api.w.org\/{rel}","templated":true}]}}