{"id":4027,"date":"2022-08-10T10:52:38","date_gmt":"2022-08-10T08:52:38","guid":{"rendered":"https:\/\/varibox.best4u.dev\/product\/venteo-de-sobrepresion-varibox\/"},"modified":"2024-04-05T16:07:31","modified_gmt":"2024-04-05T14:07:31","slug":"venteo-de-sobrepresion-varibox","status":"publish","type":"product","link":"https:\/\/varibox.best4u.dev\/es\/producto\/venteo-de-sobrepresion-varibox\/","title":{"rendered":"Venteo de sobrepresi\u00f3n VARIBOX"},"content":{"rendered":"<p>El venteo de alivio de presi\u00f3n VARIBOX est\u00e1 fabricado en PTFE blanco, PP y PE. El VARIBOX est\u00e1 equipado de serie con un aireador y un venteo de sobrepresi\u00f3n. El venteo de sobrepresi\u00f3n es una membrana situada en la tapa del VARIBOX. Esta membrana deja pasar el gas, pero no el l\u00edquido. De este modo, el venteo de sobrepresi\u00f3n equilibra la sobrepresi\u00f3n contenido en los botellones VARIBOX. Si se produce un exceso de presi\u00f3n en el VARIBOX, el vapor sale gradualmente a trav\u00e9s del respiradero de alivio de presi\u00f3n hasta que deja de haber exceso de presi\u00f3n. En caso de subpresi\u00f3n, por ejemplo debido al enfriamiento del vapor en un VARIBOX, el aire puede escapar gradualmente a trav\u00e9s del respiradero de sobrepresi\u00f3n.<\/p>\n","protected":false},"excerpt":{"rendered":"<p>El venteo de sobrepresi\u00f3n es una membrana situada en la tapa roscada del VARIBOX. <\/p>\n","protected":false},"featured_media":3614,"comment_status":"closed","ping_status":"closed","template":"","meta":{"_acf_changed":false},"product_brand":[],"product_cat":[329,331,332,318,322,320],"product_tag":[336],"class_list":{"0":"post-4027","1":"product","2":"type-product","3":"status-publish","4":"has-post-thumbnail","6":"product_cat-accesorios-varibox-cc-250","7":"product_cat-accesorios-varibox-fc-800","8":"product_cat-accesorios","9":"product_cat-varibox-cc-250-es","10":"product_cat-varibox-fc-1000-es","11":"product_cat-varibox-fc-800-es","12":"product_tag-ecolab-es","13":"product_shipping_class-deventer-en","14":"pa_packaging-unit-100-es","16":"first","17":"instock","18":"taxable","19":"shipping-taxable","20":"purchasable","21":"product-type-simple"},"featured_image_urls_v2":{"full":["https:\/\/varibox.best4u.dev\/wp-content\/uploads\/2022\/08\/D38a.png",600,400,false],"thumbnail":["https:\/\/varibox.best4u.dev\/wp-content\/uploads\/2022\/08\/D38a.png",256,171,false],"medium":["https:\/\/varibox.best4u.dev\/wp-content\/uploads\/2022\/08\/D38a.png",512,341,false],"medium_large":["https:\/\/varibox.best4u.dev\/wp-content\/uploads\/2022\/08\/D38a.png",600,400,false],"large":["https:\/\/varibox.best4u.dev\/wp-content\/uploads\/2022\/08\/D38a.png",600,400,false],"1536x1536":["https:\/\/varibox.best4u.dev\/wp-content\/uploads\/2022\/08\/D38a.png",600,400,false],"2048x2048":["https:\/\/varibox.best4u.dev\/wp-content\/uploads\/2022\/08\/D38a.png",600,400,false],"woocommerce_archive_thumbnail":["https:\/\/varibox.best4u.dev\/wp-content\/uploads\/2022\/08\/D38a-270x180.png",270,180,true],"gform-image-choice-sm":["https:\/\/varibox.best4u.dev\/wp-content\/uploads\/2022\/08\/D38a.png",300,200,false],"gform-image-choice-md":["https:\/\/varibox.best4u.dev\/wp-content\/uploads\/2022\/08\/D38a.png",400,267,false],"gform-image-choice-lg":["https:\/\/varibox.best4u.dev\/wp-content\/uploads\/2022\/08\/D38a.png",600,400,false],"woocommerce_thumbnail":["https:\/\/varibox.best4u.dev\/wp-content\/uploads\/2022\/08\/D38a.png",270,180,false],"woocommerce_single":["https:\/\/varibox.best4u.dev\/wp-content\/uploads\/2022\/08\/D38a.png",600,400,false],"woocommerce_gallery_thumbnail":["https:\/\/varibox.best4u.dev\/wp-content\/uploads\/2022\/08\/D38a-100x100.png",100,100,true],"variation_swatches_image_size":["https:\/\/varibox.best4u.dev\/wp-content\/uploads\/2022\/08\/D38a.png",50,33,false],"variation_swatches_tooltip_size":["https:\/\/varibox.best4u.dev\/wp-content\/uploads\/2022\/08\/D38a.png",100,67,false]},"post_excerpt_stackable_v2":"<p>El venteo de sobrepresi\u00f3n es una membrana situada en la tapa roscada del VARIBOX. <\/p>\n","category_list_v2":"","author_info_v2":{"name":"","url":""},"comments_num_v2":"0 comments","acf":[],"_links":{"self":[{"href":"https:\/\/varibox.best4u.dev\/es\/wp-json\/wp\/v2\/product\/4027","targetHints":{"allow":["GET"]}}],"collection":[{"href":"https:\/\/varibox.best4u.dev\/es\/wp-json\/wp\/v2\/product"}],"about":[{"href":"https:\/\/varibox.best4u.dev\/es\/wp-json\/wp\/v2\/types\/product"}],"replies":[{"embeddable":true,"href":"https:\/\/varibox.best4u.dev\/es\/wp-json\/wp\/v2\/comments?post=4027"}],"wp:featuredmedia":[{"embeddable":true,"href":"https:\/\/varibox.best4u.dev\/es\/wp-json\/wp\/v2\/media\/3614"}],"wp:attachment":[{"href":"https:\/\/varibox.best4u.dev\/es\/wp-json\/wp\/v2\/media?parent=4027"}],"wp:term":[{"taxonomy":"product_brand","embeddable":true,"href":"https:\/\/varibox.best4u.dev\/es\/wp-json\/wp\/v2\/product_brand?post=4027"},{"taxonomy":"product_cat","embeddable":true,"href":"https:\/\/varibox.best4u.dev\/es\/wp-json\/wp\/v2\/product_cat?post=4027"},{"taxonomy":"product_tag","embeddable":true,"href":"https:\/\/varibox.best4u.dev\/es\/wp-json\/wp\/v2\/product_tag?post=4027"}],"curies":[{"name":"wp","href":"https:\/\/api.w.org\/{rel}","templated":true}]}}