{"id":4023,"date":"2022-08-10T10:52:38","date_gmt":"2022-08-10T08:52:38","guid":{"rendered":"https:\/\/varibox.best4u.dev\/product\/acople-ns4-inserto-%c2%bc-epdm\/"},"modified":"2024-04-05T16:07:30","modified_gmt":"2024-04-05T14:07:30","slug":"acople-ns4-inserto-%c2%bc-epdm","status":"publish","type":"product","link":"https:\/\/varibox.best4u.dev\/es\/producto\/acople-ns4-inserto-%c2%bc-epdm\/","title":{"rendered":"Acople NS4 inserto \u00bc EPDM"},"content":{"rendered":"<p>El acople NS4 inserto \u00bc EPDM est\u00e1 fabricado en EPDM, PP, TPV y acero inoxidable 316. El acople establece una conexi\u00f3n estanca con el tubo extractor NS4 del VARIBOX. Cuando el tubo de extracci\u00f3n NS4 y el acoplador NS4 est\u00e1n abiertos, el l\u00edquido puede fluir libremente. Los humos y productos qu\u00edmicos no pueden salir del recipiente ya que el sistema crea un circuito cerrado de transferencia del l\u00edquido.<\/p>\n","protected":false},"excerpt":{"rendered":"<p>El acople NS4 inserto \u00bc EPDM est\u00e1 fabricado en EPDM, PP, TPV y acero inoxidable 316. El acople establece una conexi\u00f3n estanca con el tubo extractor NS4 del VARIBOX. Cuando el tubo de extracci\u00f3n NS4 y el acoplador NS4 est\u00e1n abiertos, el l\u00edquido puede fluir libremente. Los humos y productos qu\u00edmicos no pueden salir del recipiente ya que el sistema crea un circuito cerrado de transferencia del l\u00edquido.<\/p>\n","protected":false},"featured_media":3606,"comment_status":"closed","ping_status":"closed","template":"","meta":{"_acf_changed":false},"product_brand":[],"product_cat":[385,386,322,320],"product_tag":[],"class_list":{"0":"post-4023","1":"product","2":"type-product","3":"status-publish","4":"has-post-thumbnail","6":"product_cat-acoples-varibox-fc-800-es","7":"product_cat-acoples-varibox-fc-1000-es","8":"product_cat-varibox-fc-1000-es","9":"product_cat-varibox-fc-800-es","10":"product_shipping_class-deventer-en","11":"pa_packaging-unit-1-es","13":"first","14":"instock","15":"taxable","16":"shipping-taxable","17":"purchasable","18":"product-type-simple"},"featured_image_urls_v2":{"full":["https:\/\/varibox.best4u.dev\/wp-content\/uploads\/2022\/08\/ns4em.png",600,400,false],"thumbnail":["https:\/\/varibox.best4u.dev\/wp-content\/uploads\/2022\/08\/ns4em.png",256,171,false],"medium":["https:\/\/varibox.best4u.dev\/wp-content\/uploads\/2022\/08\/ns4em.png",512,341,false],"medium_large":["https:\/\/varibox.best4u.dev\/wp-content\/uploads\/2022\/08\/ns4em.png",600,400,false],"large":["https:\/\/varibox.best4u.dev\/wp-content\/uploads\/2022\/08\/ns4em.png",600,400,false],"1536x1536":["https:\/\/varibox.best4u.dev\/wp-content\/uploads\/2022\/08\/ns4em.png",600,400,false],"2048x2048":["https:\/\/varibox.best4u.dev\/wp-content\/uploads\/2022\/08\/ns4em.png",600,400,false],"woocommerce_archive_thumbnail":["https:\/\/varibox.best4u.dev\/wp-content\/uploads\/2022\/08\/ns4em-270x180.png",270,180,true],"gform-image-choice-sm":["https:\/\/varibox.best4u.dev\/wp-content\/uploads\/2022\/08\/ns4em.png",300,200,false],"gform-image-choice-md":["https:\/\/varibox.best4u.dev\/wp-content\/uploads\/2022\/08\/ns4em.png",400,267,false],"gform-image-choice-lg":["https:\/\/varibox.best4u.dev\/wp-content\/uploads\/2022\/08\/ns4em.png",600,400,false],"woocommerce_thumbnail":["https:\/\/varibox.best4u.dev\/wp-content\/uploads\/2022\/08\/ns4em-270x180.png",270,180,true],"woocommerce_single":["https:\/\/varibox.best4u.dev\/wp-content\/uploads\/2022\/08\/ns4em.png",600,400,false],"woocommerce_gallery_thumbnail":["https:\/\/varibox.best4u.dev\/wp-content\/uploads\/2022\/08\/ns4em-100x100.png",100,100,true],"variation_swatches_image_size":["https:\/\/varibox.best4u.dev\/wp-content\/uploads\/2022\/08\/ns4em.png",50,33,false],"variation_swatches_tooltip_size":["https:\/\/varibox.best4u.dev\/wp-content\/uploads\/2022\/08\/ns4em.png",100,67,false]},"post_excerpt_stackable_v2":"<p>El acople NS4 inserto \u00bc EPDM est\u00e1 fabricado en EPDM, PP, TPV y acero inoxidable 316. El acople establece una conexi\u00f3n estanca con el tubo extractor NS4 del VARIBOX. Cuando el tubo de extracci\u00f3n NS4 y el acoplador NS4 est\u00e1n abiertos, el l\u00edquido puede fluir libremente. Los humos y productos qu\u00edmicos no pueden salir del recipiente ya que el sistema crea un circuito cerrado de transferencia del l\u00edquido.<\/p>\n","category_list_v2":"","author_info_v2":{"name":"","url":""},"comments_num_v2":"0 comments","acf":[],"_links":{"self":[{"href":"https:\/\/varibox.best4u.dev\/es\/wp-json\/wp\/v2\/product\/4023","targetHints":{"allow":["GET"]}}],"collection":[{"href":"https:\/\/varibox.best4u.dev\/es\/wp-json\/wp\/v2\/product"}],"about":[{"href":"https:\/\/varibox.best4u.dev\/es\/wp-json\/wp\/v2\/types\/product"}],"replies":[{"embeddable":true,"href":"https:\/\/varibox.best4u.dev\/es\/wp-json\/wp\/v2\/comments?post=4023"}],"wp:featuredmedia":[{"embeddable":true,"href":"https:\/\/varibox.best4u.dev\/es\/wp-json\/wp\/v2\/media\/3606"}],"wp:attachment":[{"href":"https:\/\/varibox.best4u.dev\/es\/wp-json\/wp\/v2\/media?parent=4023"}],"wp:term":[{"taxonomy":"product_brand","embeddable":true,"href":"https:\/\/varibox.best4u.dev\/es\/wp-json\/wp\/v2\/product_brand?post=4023"},{"taxonomy":"product_cat","embeddable":true,"href":"https:\/\/varibox.best4u.dev\/es\/wp-json\/wp\/v2\/product_cat?post=4023"},{"taxonomy":"product_tag","embeddable":true,"href":"https:\/\/varibox.best4u.dev\/es\/wp-json\/wp\/v2\/product_tag?post=4023"}],"curies":[{"name":"wp","href":"https:\/\/api.w.org\/{rel}","templated":true}]}}