{"id":4013,"date":"2022-08-10T10:52:38","date_gmt":"2022-08-10T08:52:38","guid":{"rendered":"https:\/\/varibox.best4u.dev\/product\/llave-para-bidones\/"},"modified":"2024-04-05T16:07:31","modified_gmt":"2024-04-05T14:07:31","slug":"llave-para-bidones","status":"publish","type":"product","link":"https:\/\/varibox.best4u.dev\/es\/producto\/llave-para-bidones\/","title":{"rendered":"Llave para bidones"},"content":{"rendered":"<p>La llave para bidones est\u00e1 fabricada en PE y es de color negro. Esta llave es una herramienta que ayuda a los usuarios para desenroscar el tap\u00f3n de los bidones y abrirlos con seguridad. Un tubo de extracci\u00f3n conectado a su sistema puede colocarse en el bid\u00f3n para extraer el producto contenido.<\/p>\n","protected":false},"excerpt":{"rendered":"<p>La llave para bidones es una herramienta de pl\u00e1stico especialmente dise\u00f1ada para abrir el tap\u00f3n del bid\u00f3n depositado en el Drumtainer.<\/p>\n","protected":false},"featured_media":3574,"comment_status":"closed","ping_status":"closed","template":"","meta":{"_acf_changed":false},"product_brand":[],"product_cat":[330,376],"product_tag":[],"class_list":{"0":"post-4013","1":"product","2":"type-product","3":"status-publish","4":"has-post-thumbnail","6":"product_cat-accesorios-varibox-drumtainer","7":"product_cat-varibox-drumtainer-es","8":"product_shipping_class-deventer-en","9":"pa_packaging-unit-1-es","11":"first","12":"instock","13":"taxable","14":"shipping-taxable","15":"purchasable","16":"product-type-simple"},"featured_image_urls_v2":{"full":["https:\/\/varibox.best4u.dev\/wp-content\/uploads\/2022\/08\/keya.png",600,400,false],"thumbnail":["https:\/\/varibox.best4u.dev\/wp-content\/uploads\/2022\/08\/keya-256x256.png",256,256,true],"medium":["https:\/\/varibox.best4u.dev\/wp-content\/uploads\/2022\/08\/keya-512x341.png",512,341,true],"medium_large":["https:\/\/varibox.best4u.dev\/wp-content\/uploads\/2022\/08\/keya.png",600,400,false],"large":["https:\/\/varibox.best4u.dev\/wp-content\/uploads\/2022\/08\/keya.png",600,400,false],"1536x1536":["https:\/\/varibox.best4u.dev\/wp-content\/uploads\/2022\/08\/keya.png",600,400,false],"2048x2048":["https:\/\/varibox.best4u.dev\/wp-content\/uploads\/2022\/08\/keya.png",600,400,false],"woocommerce_archive_thumbnail":["https:\/\/varibox.best4u.dev\/wp-content\/uploads\/2022\/08\/keya-270x180.png",270,180,true],"gform-image-choice-sm":["https:\/\/varibox.best4u.dev\/wp-content\/uploads\/2022\/08\/keya.png",300,200,false],"gform-image-choice-md":["https:\/\/varibox.best4u.dev\/wp-content\/uploads\/2022\/08\/keya.png",400,267,false],"gform-image-choice-lg":["https:\/\/varibox.best4u.dev\/wp-content\/uploads\/2022\/08\/keya.png",600,400,false],"woocommerce_thumbnail":["https:\/\/varibox.best4u.dev\/wp-content\/uploads\/2022\/08\/keya-270x180.png",270,180,true],"woocommerce_single":["https:\/\/varibox.best4u.dev\/wp-content\/uploads\/2022\/08\/keya.png",600,400,false],"woocommerce_gallery_thumbnail":["https:\/\/varibox.best4u.dev\/wp-content\/uploads\/2022\/08\/keya-100x100.png",100,100,true],"variation_swatches_image_size":["https:\/\/varibox.best4u.dev\/wp-content\/uploads\/2022\/08\/keya-50x50.png",50,50,true],"variation_swatches_tooltip_size":["https:\/\/varibox.best4u.dev\/wp-content\/uploads\/2022\/08\/keya-100x100.png",100,100,true]},"post_excerpt_stackable_v2":"<p>La llave para bidones es una herramienta de pl\u00e1stico especialmente dise\u00f1ada para abrir el tap\u00f3n del bid\u00f3n depositado en el Drumtainer.<\/p>\n","category_list_v2":"","author_info_v2":{"name":"","url":""},"comments_num_v2":"0 comments","acf":[],"_links":{"self":[{"href":"https:\/\/varibox.best4u.dev\/es\/wp-json\/wp\/v2\/product\/4013","targetHints":{"allow":["GET"]}}],"collection":[{"href":"https:\/\/varibox.best4u.dev\/es\/wp-json\/wp\/v2\/product"}],"about":[{"href":"https:\/\/varibox.best4u.dev\/es\/wp-json\/wp\/v2\/types\/product"}],"replies":[{"embeddable":true,"href":"https:\/\/varibox.best4u.dev\/es\/wp-json\/wp\/v2\/comments?post=4013"}],"wp:featuredmedia":[{"embeddable":true,"href":"https:\/\/varibox.best4u.dev\/es\/wp-json\/wp\/v2\/media\/3574"}],"wp:attachment":[{"href":"https:\/\/varibox.best4u.dev\/es\/wp-json\/wp\/v2\/media?parent=4013"}],"wp:term":[{"taxonomy":"product_brand","embeddable":true,"href":"https:\/\/varibox.best4u.dev\/es\/wp-json\/wp\/v2\/product_brand?post=4013"},{"taxonomy":"product_cat","embeddable":true,"href":"https:\/\/varibox.best4u.dev\/es\/wp-json\/wp\/v2\/product_cat?post=4013"},{"taxonomy":"product_tag","embeddable":true,"href":"https:\/\/varibox.best4u.dev\/es\/wp-json\/wp\/v2\/product_tag?post=4013"}],"curies":[{"name":"wp","href":"https:\/\/api.w.org\/{rel}","templated":true}]}}