{"id":68428,"date":"2025-06-25T09:08:42","date_gmt":"2025-06-25T07:08:42","guid":{"rendered":"https:\/\/varibox.best4u.dev\/?page_id=68428"},"modified":"2025-07-09T10:44:02","modified_gmt":"2025-07-09T08:44:02","slug":"condiciones-de-garantia","status":"publish","type":"page","link":"https:\/\/varibox.best4u.dev\/es\/condiciones-de-garantia\/","title":{"rendered":"Condiciones de garant\u00eda"},"content":{"rendered":"\n<h1 class=\"wp-block-heading\">Condiciones de garant\u00eda<\/h1>\n\n\n\n<div class=\"wp-block-pb-accordion-item c-accordion__item js-accordion-item no-js\" data-initially-open=\"false\" data-click-to-close=\"true\" data-auto-close=\"true\" data-scroll=\"false\" data-scroll-offset=\"0\"><h2 id=\"at-684280\" class=\"c-accordion__title js-accordion-controller\" role=\"button\"><strong>\u00bfQu\u00e9 condiciones de garant\u00eda se aplican a las compras realizadas en la tienda virtual VARIBOX?<\/strong><\/h2><div id=\"ac-684280\" class=\"c-accordion__content\">\n<p>Todas las compras en la tienda virtual de VARIBOX est\u00e1n sujetas a las condiciones generales de Rotovia Deventer bv y Rotovia Montoir S.A.S.<\/p>\n<\/div><\/div>\n\n\n\n<div class=\"wp-block-pb-accordion-item c-accordion__item js-accordion-item no-js\" data-initially-open=\"false\" data-click-to-close=\"true\" data-auto-close=\"true\" data-scroll=\"false\" data-scroll-offset=\"0\"><h2 id=\"at-684281\" class=\"c-accordion__title js-accordion-controller\" role=\"button\"><strong>\u00bfCu\u00e1l es la vida \u00fatil de los productos?<\/strong><\/h2><div id=\"ac-684281\" class=\"c-accordion__content\">\n<p>Los productos de la tienda web son consumibles sujetos a desgaste. Por lo tanto, es posible que la vida \u00fatil de los productos sea inferior a 5 a\u00f1os.<\/p>\n<\/div><\/div>\n\n\n\n<div class=\"wp-block-pb-accordion-item c-accordion__item js-accordion-item no-js\" data-initially-open=\"false\" data-click-to-close=\"true\" data-auto-close=\"true\" data-scroll=\"false\" data-scroll-offset=\"0\"><h2 id=\"at-684282\" class=\"c-accordion__title js-accordion-controller\" role=\"button\"><strong>\u00bfHay alg\u00fan otro factor que deba tener en cuenta en relaci\u00f3n con la vida \u00fatil del producto?<\/strong><\/h2><div id=\"ac-684282\" class=\"c-accordion__content\">\n<p>Algunos recambios se encuentran con productos qu\u00edmicos durante su uso. Esto puede provocar corrosi\u00f3n, hinchaz\u00f3n u otro efecto negativo que afecte a las piezas, haciendo que su vida \u00fatil sea inferior a 5 a\u00f1os.<\/p>\n<\/div><\/div>\n\n\n<div class=\"gb-container gb-container-f136fbdf\"><div class=\"gb-inside-container\">\n\n<div class=\"wp-block-pb-accordion-item c-accordion__item js-accordion-item no-js\" data-initially-open=\"false\" data-click-to-close=\"true\" data-auto-close=\"true\" data-scroll=\"false\" data-scroll-offset=\"0\"><h2 id=\"at-684283\" class=\"c-accordion__title js-accordion-controller\" role=\"button\"><strong>\u00bfD\u00f3nde puedo dirigirme si tengo preguntas sobre los productos?<\/strong><\/h2><div id=\"ac-684283\" class=\"c-accordion__content\">\n<p>Puede encontrar m\u00e1s informaci\u00f3n sobre el uso de los recambios en la p\u00e1gina web de VARIBOX, en el apartado de soporte. Adem\u00e1s, siempre puede ponerse en contacto con nosotros si tiene preguntas rellenando el formulario de la p\u00e1gina de contacto.<\/p>\n<\/div><\/div>\n\n\n\n<div class=\"wp-block-pb-accordion-item c-accordion__item js-accordion-item no-js\" data-initially-open=\"false\" data-click-to-close=\"true\" data-auto-close=\"true\" data-scroll=\"false\" data-scroll-offset=\"0\"><h2 id=\"at-684284\" class=\"c-accordion__title js-accordion-controller\" role=\"button\"><strong>He montado o utilizado piezas de recambio incorrectas, \u00bfqu\u00e9 hago ahora?<\/strong><\/h2><div id=\"ac-684284\" class=\"c-accordion__content\">\n<p>Rotovia Deventer bv y Rotovia France SAS con su marca VARIBOX no se hace responsable del uso o montaje incorrecto de las piezas de repuesto. Los da\u00f1os o problemas adicionales son responsabilidad exclusiva de la parte compradora. Para asesoramiento o en caso de duda, p\u00f3ngase siempre en contacto con el servicio de atenci\u00f3n al cliente.<\/p>\n<\/div><\/div>\n\n<\/div><\/div>","protected":false},"excerpt":{"rendered":"<p>Condiciones de garant\u00eda<\/p>\n","protected":false},"author":1,"featured_media":0,"parent":0,"menu_order":0,"comment_status":"closed","ping_status":"closed","template":"","meta":{"_acf_changed":false,"footnotes":""},"class_list":["post-68428","page","type-page","status-publish","hentry"],"blocksy_meta":[],"featured_image_urls_v2":{"full":"","thumbnail":"","medium":"","medium_large":"","large":"","1536x1536":"","2048x2048":"","woocommerce_archive_thumbnail":"","gform-image-choice-sm":"","gform-image-choice-md":"","gform-image-choice-lg":"","woocommerce_thumbnail":"","woocommerce_single":"","woocommerce_gallery_thumbnail":"","variation_swatches_image_size":"","variation_swatches_tooltip_size":""},"post_excerpt_stackable_v2":"<p>Condiciones de garant\u00eda \u00bfQu\u00e9 condiciones de garant\u00eda se aplican a las compras realizadas en la tienda virtual VARIBOX? Todas las compras en la tienda virtual de VARIBOX est\u00e1n sujetas a las condiciones generales de Rotovia Deventer bv y Rotovia Montoir S.A.S. \u00bfCu\u00e1l es la vida \u00fatil de los productos? Los productos de la tienda web son consumibles sujetos a desgaste. Por lo tanto, es posible que la vida \u00fatil de los productos sea inferior a 5 a\u00f1os. \u00bfHay alg\u00fan otro factor que deba tener en cuenta en relaci\u00f3n con la vida \u00fatil del producto? Algunos recambios se encuentran con productos&hellip;<\/p>\n","category_list_v2":"","author_info_v2":{"name":"Best4u","url":"https:\/\/varibox.best4u.dev\/es\/author\/best4u\/"},"comments_num_v2":"0 comments","acf":[],"_links":{"self":[{"href":"https:\/\/varibox.best4u.dev\/es\/wp-json\/wp\/v2\/pages\/68428","targetHints":{"allow":["GET"]}}],"collection":[{"href":"https:\/\/varibox.best4u.dev\/es\/wp-json\/wp\/v2\/pages"}],"about":[{"href":"https:\/\/varibox.best4u.dev\/es\/wp-json\/wp\/v2\/types\/page"}],"author":[{"embeddable":true,"href":"https:\/\/varibox.best4u.dev\/es\/wp-json\/wp\/v2\/users\/1"}],"replies":[{"embeddable":true,"href":"https:\/\/varibox.best4u.dev\/es\/wp-json\/wp\/v2\/comments?post=68428"}],"version-history":[{"count":1,"href":"https:\/\/varibox.best4u.dev\/es\/wp-json\/wp\/v2\/pages\/68428\/revisions"}],"predecessor-version":[{"id":68429,"href":"https:\/\/varibox.best4u.dev\/es\/wp-json\/wp\/v2\/pages\/68428\/revisions\/68429"}],"wp:attachment":[{"href":"https:\/\/varibox.best4u.dev\/es\/wp-json\/wp\/v2\/media?parent=68428"}],"curies":[{"name":"wp","href":"https:\/\/api.w.org\/{rel}","templated":true}]}}