{"id":68404,"date":"2025-06-25T09:10:10","date_gmt":"2025-06-25T07:10:10","guid":{"rendered":"https:\/\/varibox.best4u.dev\/?page_id=68404"},"modified":"2025-10-01T14:50:13","modified_gmt":"2025-10-01T12:50:13","slug":"condiciones-de-devolucion","status":"publish","type":"page","link":"https:\/\/varibox.best4u.dev\/es\/condiciones-de-devolucion\/","title":{"rendered":"Condiciones de devoluci\u00f3n"},"content":{"rendered":"<div class=\"gb-container gb-container-f136fbdf\"><div class=\"gb-inside-container\">\n\n<h1 class=\"wp-block-heading\">Condiciones de devoluci\u00f3n<\/h1>\n\n\n\n<p>Esta es la pol\u00edtica de devoluciones oficial de <strong>Rotovia Deventer B.V.<\/strong> y <strong>Rotovia Montoir SAS<\/strong>.<br>Se aplica a todos los <strong>pedidos realizados a trav\u00e9s de la tienda online<\/strong> de nuestras empresas, con el fin de garantizar transparencia y claridad a nuestros clientes.<\/p>\n\n\n\n<p><em>Esta pol\u00edtica de devoluciones no se aplica a contratos business-to-business (B2B) celebrados fuera de la tienda online.<\/em><\/p>\n\n\n\n<hr class=\"wp-block-separator has-alpha-channel-opacity\"\/>\n\n\n\n<p><strong>Validez<\/strong><br>Esta pol\u00edtica de devoluciones se aplica a clientes de: Austria, B\u00e9lgica, Suiza, Rep\u00fablica Checa, Alemania, Dinamarca, Espa\u00f1a, Finlandia, Francia, Reino Unido, Hungr\u00eda, Irlanda, Italia, Pa\u00edses Bajos, Noruega, Polonia, Portugal, Ruman\u00eda y Suecia.<\/p>\n\n\n\n<hr class=\"wp-block-separator has-alpha-channel-opacity\"\/>\n\n\n\n<h3 class=\"wp-block-heading\">Devoluciones<\/h3>\n\n\n\n<p>S\u00ed, aceptamos devoluciones tanto de productos defectuosos como no defectuosos.<\/p>\n\n\n\n<ul class=\"wp-block-list\">\n<li><strong>Plazo de devoluci\u00f3n:<\/strong> dentro de los <strong>30 d\u00edas posteriores a la recepci\u00f3n<\/strong>.<\/li>\n\n\n\n<li><strong>Condici\u00f3n del producto:<\/strong> solo son elegibles los productos <strong>nuevos y sin usar<\/strong>, en su <strong>embalaje original<\/strong>.<\/li>\n\n\n\n<li><strong>Excepciones:<\/strong> los productos personalizados y los productos de higiene no se pueden devolver.<\/li>\n<\/ul>\n\n\n\n<hr class=\"wp-block-separator has-alpha-channel-opacity\"\/>\n\n\n\n<h3 class=\"wp-block-heading\">\u00bfQu\u00e9 debo hacer para devolver mis productos?<\/h3>\n\n\n\n<ol class=\"wp-block-list\">\n<li>Las piezas de repuesto deben estar <strong>sin usar<\/strong>.<\/li>\n\n\n\n<li>Registra tu devoluci\u00f3n a trav\u00e9s del <strong>formulario de devoluci\u00f3n online<\/strong> disponible en nuestra p\u00e1gina de devoluciones.<\/li>\n\n\n\n<li>Empaqueta cuidadosamente los productos en el <strong>embalaje original<\/strong>.<\/li>\n\n\n\n<li>Env\u00eda el paquete a nuestra ubicaci\u00f3n.<\/li>\n<\/ol>\n\n\n\n<hr class=\"wp-block-separator has-alpha-channel-opacity\"\/>\n\n\n\n<h3 class=\"wp-block-heading\">\u00bfPuedo comprobar el estado de mi devoluci\u00f3n?<\/h3>\n\n\n\n<p>Actualmente <strong>no es posible comprobar el estado de la devoluci\u00f3n online<\/strong>.<br>\u00bfQuieres saber el estado? Ponte en contacto con nosotros a trav\u00e9s del formulario de la p\u00e1gina de <strong>contacto<\/strong>. Nuestro servicio de atenci\u00f3n al cliente te ayudar\u00e1 lo antes posible.<\/p>\n\n\n\n<hr class=\"wp-block-separator has-alpha-channel-opacity\"\/>\n\n\n\n<h3 class=\"wp-block-heading\">\u00bfEs posible que recojan mi devoluci\u00f3n?<\/h3>\n\n\n\n<p><strong>No, lamentablemente no es posible.<\/strong><br>El cliente es responsable de enviar los productos devueltos a nuestra ubicaci\u00f3n.<\/p>\n\n\n\n<hr class=\"wp-block-separator has-alpha-channel-opacity\"\/>\n\n\n\n<h3 class=\"wp-block-heading\">Quiero modificar mi devoluci\u00f3n \u2013 \u00bfqu\u00e9 debo hacer?<\/h3>\n\n\n\n<p>Una vez que hayas registrado los productos a devolver mediante el formulario online, los cambios solo son posibles contactando con nuestro <strong>servicio de atenci\u00f3n al cliente<\/strong>.<br>Puedes hacerlo mediante el formulario en la p\u00e1gina de <strong>contacto<\/strong>.<\/p>\n\n\n\n<hr class=\"wp-block-separator has-alpha-channel-opacity\"\/>\n\n\n\n<h3 class=\"wp-block-heading\">He recibido un producto da\u00f1ado o roto \u2013 \u00bfqu\u00e9 debo hacer?<\/h3>\n\n\n\n<p>Si recibes un producto da\u00f1ado o roto, rellena el <strong>formulario de reclamaci\u00f3n<\/strong> para notificarlo.<br>Nuestro servicio de atenci\u00f3n al cliente se pondr\u00e1 en contacto contigo lo antes posible para resolver el problema.<\/p>\n\n\n\n<hr class=\"wp-block-separator has-alpha-channel-opacity\"\/>\n\n\n\n<h3 class=\"wp-block-heading\">Proceso de devoluci\u00f3n<\/h3>\n\n\n\n<ul class=\"wp-block-list\">\n<li><strong>M\u00e9todo:<\/strong> las devoluciones son posibles \u00fanicamente <strong>por correo postal<\/strong>.<\/li>\n\n\n\n<li><strong>Etiqueta\/costos de devoluci\u00f3n:<\/strong> el cliente es responsable de los costos de env\u00edo.<\/li>\n\n\n\n<li><strong>Tarifa de reposici\u00f3n:<\/strong> <strong>no se aplica<\/strong>.<\/li>\n<\/ul>\n\n\n\n<hr class=\"wp-block-separator has-alpha-channel-opacity\"\/>\n\n\n\n<h3 class=\"wp-block-heading\">Reembolsos<\/h3>\n\n\n\n<p>Procesamos los reembolsos dentro de los <strong>30 d\u00edas<\/strong> posteriores a la recepci\u00f3n e inspecci\u00f3n del producto devuelto.<br>El reembolso se efectuar\u00e1 mediante el mismo m\u00e9todo de pago utilizado en el pedido.<\/p>\n\n\n\n<hr class=\"wp-block-separator has-alpha-channel-opacity\"\/>\n\n\n\n<h3 class=\"wp-block-heading\">Cambios<\/h3>\n\n\n\n<p>S\u00ed, aceptamos cambios. Ponte en contacto con nosotros en un plazo de 30 d\u00edas para organizar un cambio.<\/p>\n\n\n\n<hr class=\"wp-block-separator has-alpha-channel-opacity\"\/>\n\n\n\n<h3 class=\"wp-block-heading\">Contacto<\/h3>\n\n\n\n<p>\ud83d\udce7 <strong><a>Info@varibox-ibc.com<\/a><\/strong><br>\ud83d\udcde <strong>+31 570 660711<\/strong><\/p>\n\n\n\n<p><strong>\u00daltima actualizaci\u00f3n:<\/strong> 1 de octubre de 2025<\/p>\n\n<\/div><\/div>","protected":false},"excerpt":{"rendered":"<p>Condiciones de devoluci\u00f3n Esta es la pol\u00edtica de devoluciones oficial de Rotovia Deventer B.V. y Rotovia Montoir SAS.Se aplica a todos los pedidos realizados a trav\u00e9s de la tienda online de nuestras empresas, con el fin de garantizar transparencia y claridad a nuestros clientes. Esta pol\u00edtica de devoluciones no se aplica a contratos business-to-business (B2B) [&hellip;]<\/p>\n","protected":false},"author":1,"featured_media":0,"parent":0,"menu_order":0,"comment_status":"closed","ping_status":"closed","template":"","meta":{"_acf_changed":false,"footnotes":""},"class_list":["post-68404","page","type-page","status-publish","hentry"],"blocksy_meta":[],"featured_image_urls_v2":{"full":"","thumbnail":"","medium":"","medium_large":"","large":"","1536x1536":"","2048x2048":"","woocommerce_archive_thumbnail":"","gform-image-choice-sm":"","gform-image-choice-md":"","gform-image-choice-lg":"","woocommerce_thumbnail":"","woocommerce_single":"","woocommerce_gallery_thumbnail":"","variation_swatches_image_size":"","variation_swatches_tooltip_size":""},"post_excerpt_stackable_v2":"<p>Condiciones de devoluci\u00f3n Esta es la pol\u00edtica de devoluciones oficial de Rotovia Deventer B.V. y Rotovia Montoir SAS.Se aplica a todos los pedidos realizados a trav\u00e9s de la tienda online de nuestras empresas, con el fin de garantizar transparencia y claridad a nuestros clientes. Esta pol\u00edtica de devoluciones no se aplica a contratos business-to-business (B2B) celebrados fuera de la tienda online. ValidezEsta pol\u00edtica de devoluciones se aplica a clientes de: Austria, B\u00e9lgica, Suiza, Rep\u00fablica Checa, Alemania, Dinamarca, Espa\u00f1a, Finlandia, Francia, Reino Unido, Hungr\u00eda, Irlanda, Italia, Pa\u00edses Bajos, Noruega, Polonia, Portugal, Ruman\u00eda y Suecia. Devoluciones S\u00ed, aceptamos devoluciones tanto de productos&hellip;<\/p>\n","category_list_v2":"","author_info_v2":{"name":"Best4u","url":"https:\/\/varibox.best4u.dev\/es\/author\/best4u\/"},"comments_num_v2":"0 comments","acf":[],"_links":{"self":[{"href":"https:\/\/varibox.best4u.dev\/es\/wp-json\/wp\/v2\/pages\/68404","targetHints":{"allow":["GET"]}}],"collection":[{"href":"https:\/\/varibox.best4u.dev\/es\/wp-json\/wp\/v2\/pages"}],"about":[{"href":"https:\/\/varibox.best4u.dev\/es\/wp-json\/wp\/v2\/types\/page"}],"author":[{"embeddable":true,"href":"https:\/\/varibox.best4u.dev\/es\/wp-json\/wp\/v2\/users\/1"}],"replies":[{"embeddable":true,"href":"https:\/\/varibox.best4u.dev\/es\/wp-json\/wp\/v2\/comments?post=68404"}],"version-history":[{"count":2,"href":"https:\/\/varibox.best4u.dev\/es\/wp-json\/wp\/v2\/pages\/68404\/revisions"}],"predecessor-version":[{"id":70681,"href":"https:\/\/varibox.best4u.dev\/es\/wp-json\/wp\/v2\/pages\/68404\/revisions\/70681"}],"wp:attachment":[{"href":"https:\/\/varibox.best4u.dev\/es\/wp-json\/wp\/v2\/media?parent=68404"}],"curies":[{"name":"wp","href":"https:\/\/api.w.org\/{rel}","templated":true}]}}