{"id":68388,"date":"2025-06-25T09:10:42","date_gmt":"2025-06-25T07:10:42","guid":{"rendered":"https:\/\/varibox.best4u.dev\/?page_id=68388"},"modified":"2025-10-01T15:09:21","modified_gmt":"2025-10-01T13:09:21","slug":"condiciones-de-pedido","status":"publish","type":"page","link":"https:\/\/varibox.best4u.dev\/es\/condiciones-de-pedido\/","title":{"rendered":"Condiciones de pedido"},"content":{"rendered":"<div class=\"gb-container gb-container-f136fbdf\"><div class=\"gb-inside-container\">\n\n<h1 class=\"wp-block-heading\">Condiciones de pedido<\/h1>\n\n\n\n<div class=\"wp-block-pb-accordion-item c-accordion__item js-accordion-item no-js\" data-initially-open=\"false\" data-click-to-close=\"true\" data-auto-close=\"true\" data-scroll=\"false\" data-scroll-offset=\"0\"><h2 id=\"at-683880\" class=\"c-accordion__title js-accordion-controller\" role=\"button\"><strong>\u00bfCu\u00e1ndo puedo hacer un pedido en la tienda online de VARIBOX?<\/strong><br><\/h2><div id=\"ac-683880\" class=\"c-accordion__content\">\n<p>Puede hacer un pedido en la tienda online de VARIBOX si es cliente de VARIBOX.<\/p>\n<\/div><\/div>\n\n\n\n<div class=\"wp-block-pb-accordion-item c-accordion__item js-accordion-item no-js\" data-initially-open=\"false\" data-click-to-close=\"true\" data-auto-close=\"true\" data-scroll=\"false\" data-scroll-offset=\"0\"><h2 id=\"at-683881\" class=\"c-accordion__title js-accordion-controller\" role=\"button\"><strong>\u00bfPuedo hacer un pedido como cliente del Reino Unido?<\/strong><br><\/h2><div id=\"ac-683881\" class=\"c-accordion__content\">\n<p>Lamentablemente, no puede realizar pedidos de recambios en nuestra tienda online por encontrarse fuera de la Uni\u00f3n Europea. P\u00f3ngase en contacto con su comercial VARIBOX.<\/p>\n<\/div><\/div>\n\n\n\n<div class=\"wp-block-pb-accordion-item c-accordion__item js-accordion-item no-js\" data-initially-open=\"false\" data-click-to-close=\"true\" data-auto-close=\"true\" data-scroll=\"false\" data-scroll-offset=\"0\"><h2 id=\"at-683882\" class=\"c-accordion__title js-accordion-controller\" role=\"button\"><strong>\u00bfPuedo hacer un pedido como cliente en Suiza?<\/strong><br><\/h2><div id=\"ac-683882\" class=\"c-accordion__content\">\n<p>Lamentablemente, no puede realizar pedidos de piezas de repuesto en nuestra tienda online porque se encuentra fuera de la Uni\u00f3n Europea. P\u00f3ngase en contacto con su comercial VARIBOX.<\/p>\n<\/div><\/div>\n\n\n\n<div class=\"wp-block-pb-accordion-item c-accordion__item js-accordion-item no-js\" data-initially-open=\"false\" data-click-to-close=\"true\" data-auto-close=\"true\" data-scroll=\"false\" data-scroll-offset=\"0\"><h2 id=\"at-683884\" class=\"c-accordion__title js-accordion-controller\" role=\"button\"><strong>\u00bfPuedo pedir tambi\u00e9n recambios a trav\u00e9s del proceso de compras habitual sin pasar por la tienda online?<\/strong><br><\/h2><div id=\"ac-683884\" class=\"c-accordion__content\">\n<p>Tambi\u00e9n puede pedir recambios al comprar nuevos GRG VARIBOX.<\/p>\n<\/div><\/div>\n\n\n\n<div class=\"wp-block-pb-accordion-item c-accordion__item js-accordion-item no-js\" data-initially-open=\"false\" data-click-to-close=\"true\" data-auto-close=\"true\" data-scroll=\"false\" data-scroll-offset=\"0\"><h2 id=\"at-683885\" class=\"c-accordion__title js-accordion-controller\" role=\"button\"><strong>\u00bfPuedo pedir piezas de repuesto por tel\u00e9fono o correo electr\u00f3nico?<\/strong><br><\/h2><div id=\"ac-683885\" class=\"c-accordion__content\">\n<p>No, no es posible pedir piezas de recambio por tel\u00e9fono o correo electr\u00f3nico. Utilice para ello la tienda online. Si tiene preguntas, utilice el formulario de la p\u00e1gina de contacto.<\/p>\n<\/div><\/div>\n\n<\/div><\/div>\n\n\n<div class=\"wp-block-pb-accordion-item c-accordion__item js-accordion-item no-js\" data-initially-open=\"false\" data-click-to-close=\"true\" data-auto-close=\"true\" data-scroll=\"false\" data-scroll-offset=\"0\"><h2 id=\"at-683886\" class=\"c-accordion__title js-accordion-controller\" role=\"button\"><strong>\u00bfHasta cu\u00e1ndo puedo cancelar mi pedido?&nbsp;&nbsp;&nbsp;&nbsp;&nbsp;&nbsp;&nbsp;&nbsp;&nbsp;<\/strong><br><\/h2><div id=\"ac-683886\" class=\"c-accordion__content\">\n<p>Puede cancelar su pedido hasta que haya recibido nuestra confirmaci\u00f3n de pedido.<\/p>\n<\/div><\/div>\n\n\n\n<p><\/p>\n\n\n\n<div class=\"wp-block-pb-accordion-item c-accordion__item js-accordion-item no-js\" data-initially-open=\"false\" data-click-to-close=\"true\" data-auto-close=\"true\" data-scroll=\"false\" data-scroll-offset=\"0\"><h2 id=\"at-683887\" class=\"c-accordion__title js-accordion-controller\" role=\"button\"><strong>\u00bfC\u00f3mo puedo modificar mi pedido?<\/strong><br><\/h2><div id=\"ac-683887\" class=\"c-accordion__content\">\n<p>Puede modificar su pedido hasta que haya aceptado nuestros t\u00e9rminos y condiciones y haya procedido a la compra. Despu\u00e9s no es posible hacerlo en la propia tienda web. Puede modificar su pedido hasta que haya recibido nuestra confirmaci\u00f3n. P\u00f3ngase en contacto con nosotros lo antes posible a trav\u00e9s del formulario de la p\u00e1gina de contacto.<\/p>\n<\/div><\/div>\n\n\n\n<div class=\"wp-block-pb-accordion-item c-accordion__item js-accordion-item no-js\" data-initially-open=\"false\" data-click-to-close=\"true\" data-auto-close=\"true\" data-scroll=\"false\" data-scroll-offset=\"0\"><h2 id=\"at-683888\" class=\"c-accordion__title js-accordion-controller\" role=\"button\"><strong>He realizado un pedido err\u00f3neo. \u00bfQu\u00e9 debo hacer?&nbsp;<\/strong><br><\/h2><div id=\"ac-683888\" class=\"c-accordion__content\">\n<p>Puede cancelar su pedido incorrecto hasta que reciba nuestra confirmaci\u00f3n de pedido. Despu\u00e9s ya no ser\u00e1 posible, pero podr\u00e1 utilizar el formulario de devoluci\u00f3n para devolver las piezas de recambio.<\/p>\n<\/div><\/div>\n","protected":false},"excerpt":{"rendered":"<p>Condiciones de pedido<\/p>\n","protected":false},"author":1,"featured_media":0,"parent":0,"menu_order":0,"comment_status":"closed","ping_status":"closed","template":"","meta":{"_acf_changed":false,"footnotes":""},"class_list":["post-68388","page","type-page","status-publish","hentry"],"blocksy_meta":[],"featured_image_urls_v2":{"full":"","thumbnail":"","medium":"","medium_large":"","large":"","1536x1536":"","2048x2048":"","woocommerce_archive_thumbnail":"","gform-image-choice-sm":"","gform-image-choice-md":"","gform-image-choice-lg":"","woocommerce_thumbnail":"","woocommerce_single":"","woocommerce_gallery_thumbnail":"","variation_swatches_image_size":"","variation_swatches_tooltip_size":""},"post_excerpt_stackable_v2":"<p>Condiciones de pedido \u00bfCu\u00e1ndo puedo hacer un pedido en la tienda online de VARIBOX? Puede hacer un pedido en la tienda online de VARIBOX si es cliente de VARIBOX. \u00bfPuedo hacer un pedido como cliente del Reino Unido? Lamentablemente, no puede realizar pedidos de recambios en nuestra tienda online por encontrarse fuera de la Uni\u00f3n Europea. P\u00f3ngase en contacto con su comercial VARIBOX. \u00bfPuedo hacer un pedido como cliente en Suiza? Lamentablemente, no puede realizar pedidos de piezas de repuesto en nuestra tienda online porque se encuentra fuera de la Uni\u00f3n Europea. P\u00f3ngase en contacto con su comercial VARIBOX. \u00bfPuedo&hellip;<\/p>\n","category_list_v2":"","author_info_v2":{"name":"Best4u","url":"https:\/\/varibox.best4u.dev\/es\/author\/best4u\/"},"comments_num_v2":"0 comments","acf":[],"_links":{"self":[{"href":"https:\/\/varibox.best4u.dev\/es\/wp-json\/wp\/v2\/pages\/68388","targetHints":{"allow":["GET"]}}],"collection":[{"href":"https:\/\/varibox.best4u.dev\/es\/wp-json\/wp\/v2\/pages"}],"about":[{"href":"https:\/\/varibox.best4u.dev\/es\/wp-json\/wp\/v2\/types\/page"}],"author":[{"embeddable":true,"href":"https:\/\/varibox.best4u.dev\/es\/wp-json\/wp\/v2\/users\/1"}],"replies":[{"embeddable":true,"href":"https:\/\/varibox.best4u.dev\/es\/wp-json\/wp\/v2\/comments?post=68388"}],"version-history":[{"count":2,"href":"https:\/\/varibox.best4u.dev\/es\/wp-json\/wp\/v2\/pages\/68388\/revisions"}],"predecessor-version":[{"id":70694,"href":"https:\/\/varibox.best4u.dev\/es\/wp-json\/wp\/v2\/pages\/68388\/revisions\/70694"}],"wp:attachment":[{"href":"https:\/\/varibox.best4u.dev\/es\/wp-json\/wp\/v2\/media?parent=68388"}],"curies":[{"name":"wp","href":"https:\/\/api.w.org\/{rel}","templated":true}]}}