{"id":62956,"date":"2024-12-17T07:24:08","date_gmt":"2024-12-17T06:24:08","guid":{"rendered":"https:\/\/varibox.best4u.dev\/conditions-and-restrictions\/"},"modified":"2024-12-17T07:39:51","modified_gmt":"2024-12-17T06:39:51","slug":"recogida-de-los-varibox-usados","status":"publish","type":"page","link":"https:\/\/varibox.best4u.dev\/es\/recogida-de-los-varibox-usados\/","title":{"rendered":"Recogida de los VARIBOX usados"},"content":{"rendered":"\n<div class=\"wp-block-ugb-columns ugb-columns ugb-0d5d96e ugb-columns--design-plain ugb-columns--columns-2 ugb-main-block\"><style>.ugb-0d5d96e > .ugb-inner-block > .ugb-block-content > .ugb-columns__item{grid-template-columns:1.40fr 0.60fr !important}@media screen and (min-width:768px){.ugb-0d5d96e.ugb-columns{margin-bottom:83px !important}}@media screen and (max-width:768px){.ugb-0d5d96e-content-wrapper{grid-row-gap:0 !important}}<\/style><div class=\"ugb-inner-block\"><div class=\"ugb-block-content\"><div class=\"ugb-columns__item ugb-0d5d96e-content-wrapper\">\n<div class=\"wp-block-ugb-column ugb-column ugb-b383129 ugb-column--design-plain ugb-main-block\"><div class=\"ugb-inner-block\"><div class=\"ugb-block-content\"><div class=\"ugb-column__item ugb-b383129-column-wrapper\"><div class=\"ugb-column__content-wrapper\">\n<div class=\"wp-block-ugb-heading ugb-heading wow animate__animated animate__fadeIn ugb-bcdb7f0 ugb-main-block\"><style>.ugb-bcdb7f0 .ugb-heading__subtitle{margin-bottom:-5px !important}<\/style><div class=\"ugb-inner-block\"><div class=\"ugb-block-content\"><h1 class=\"ugb-heading__title\"><strong><strong><strong>Recogida de los VARIBOX usados<\/strong><\/strong><\/strong><\/h1><p class=\"ugb-heading__subtitle\">En el mundo de las soluciones sostenibles, queremos tener un impacto positivo junto a nuestros clientes. Por eso, estamos orgullosos de presentar nuestro nuevo Servicio de Recogida VARIBOX en\u00a0<strong><em>Alemania, Francia, Espa\u00f1a, B\u00e9lgica, Pa\u00edses Bajos y Luxemburgo. Otros pa\u00edses a petici\u00f3n<\/em><\/strong>. Este servicio le permite devolver sus antiguos contenedores intermedios a granel (IBC) VARIBOX a uno de nuestros puntos de recogida. Juntos trabajamos hacia una econom\u00eda circular, protegiendo el medio ambiente y contribuyendo a soluciones sostenibles para el almacenamiento y transporte de productos qu\u00edmicos y agentes de limpieza.<br><a href=\"https:\/\/varibox.best4u.dev\/es\/contacto\/\"><\/a><\/p><\/div><\/div><\/div>\n\n\n\n<div class=\"wp-block-ugb-button ugb-button-wrapper green-button animate__animated animate__fadeIn ugb-7526935 ugb-button--mobile-aligned ugb-main-block\"><style>.ugb-7526935 .ugb-block-content{justify-content:flex-start !important}.ugb-7526935 .ugb-button1 .ugb-button--inner{font-weight:bold !important}.ugb-7526935 .ugb-button1:hover{opacity:1}.ugb-7526935 .ugb-inner-block{text-align:left}@media screen and (min-width:768px){.ugb-7526935.ugb-button-wrapper{margin-bottom:0px !important}}@media screen and (max-width:768px){.ugb-7526935 .ugb-block-content{justify-content:center !important}.ugb-7526935 .ugb-inner-block{text-align:center}}<\/style><div class=\"ugb-inner-block\"><div class=\"ugb-block-content\"><div class=\"ugb-button-container\"><a class=\"ugb-button1 ugb-button ugb-button--size-normal\" href=\"https:\/\/varibox.best4u.dev\/es\/contacto\/\" rel=\"\" title=\"\"><span class=\"ugb-button--inner\">Contacta con nosotros<\/span><\/a><\/div><\/div><\/div><\/div>\n<\/div><\/div><\/div><\/div><\/div>\n\n\n\n<div class=\"wp-block-ugb-column ugb-column ugb-e882f9a ugb-column--design-plain ugb-main-block\"><style>@media screen and (max-width:768px){.ugb-e882f9a .ugb-inner-block{text-align:center}}<\/style><div class=\"ugb-inner-block\"><div class=\"ugb-block-content\"><div class=\"ugb-column__item ugb-e882f9a-column-wrapper\"><div class=\"ugb-column__content-wrapper\">\n<figure class=\"wp-block-image size-full wow animate__animated animate__fadeIn\"><img decoding=\"async\" width=\"325\" height=\"370\" src=\"https:\/\/varibox.best4u.dev\/wp-content\/uploads\/2024\/11\/VARIBOX-Full-Containment-207.png\" alt=\"\" class=\"wp-image-62700\" srcset=\"https:\/\/varibox.best4u.dev\/wp-content\/uploads\/2024\/11\/VARIBOX-Full-Containment-207.png 325w, https:\/\/varibox.best4u.dev\/wp-content\/uploads\/2024\/11\/VARIBOX-Full-Containment-207-270x307.png 270w\" sizes=\"(max-width: 325px) 100vw, 325px\" \/><\/figure>\n<\/div><\/div><\/div><\/div><\/div>\n<\/div><\/div><\/div><\/div>\n\n\n\n<div class=\"alignfull wp-block-ugb-container ugb-container ugb-25beaa0 ugb-container--v2 ugb-container--design-plain ugb-main-block ugb-main-block--inner-center ugb--has-block-background\"><style>.ugb-25beaa0.ugb-container{background-color:var(--theme-palette-color-7,#F9FAFB)}.ugb-25beaa0.ugb-container:before{background-color:var(--theme-palette-color-7,#F9FAFB)}@media screen and (min-width:768px){.ugb-25beaa0-content-wrapper.ugb-container__content-wrapper{width:85% !important}.ugb-25beaa0.ugb-container{margin-bottom:0px !important;padding-top:0px !important;padding-right:35px !important;padding-bottom:0px !important;padding-left:35px !important}}@media screen and (min-width:768px) and (max-width:1025px){.ugb-25beaa0-content-wrapper.ugb-container__content-wrapper{width:100% !important}}@media screen and (max-width:768px){.ugb-25beaa0.ugb-container{margin-bottom:0px !important;padding-top:0px !important;padding-right:18px !important;padding-bottom:0px !important;padding-left:18px !important}}@media screen and (min-width:768px){.ugb-25beaa0 > .ugb-inner-block > .ugb-block-content > *{padding-top:40px !important;padding-bottom:40px !important}}@media screen and (max-width:768px){.ugb-25beaa0 > .ugb-inner-block > .ugb-block-content > *{padding-top:35px !important;padding-bottom:0px !important}}<\/style><div class=\"ugb-inner-block ugb-inner-block--center\"><div class=\"ugb-block-content\"><div class=\"ugb-container__wrapper ugb-25beaa0-wrapper\"><div class=\"ugb-container__side\"><div class=\"ugb-container__content-wrapper ugb-25beaa0-content-wrapper\">\n<div class=\"aligncenter wp-block-ugb-columns ugb-columns top-icons-columns ugb-609d063 ugb-columns--design-plain ugb-columns--columns-3 ugb-main-block\"><style>.ugb-609d063-content-wrapper{grid-column-gap:15px !important}@media screen and (min-width:768px) and (max-width:1025px){.ugb-609d063-content-wrapper{grid-column-gap:0px !important}}@media screen and (max-width:768px){.ugb-609d063-content-wrapper{grid-row-gap:0 !important;grid-column-gap:0px !important}.ugb-609d063 .ugb-inner-block{text-align:center}.ugb-609d063.ugb-columns{margin-top:0px !important;margin-bottom:0px !important}}<\/style><div class=\"ugb-inner-block\"><div class=\"ugb-block-content\"><div class=\"ugb-columns__item ugb-609d063-content-wrapper\">\n<div class=\"wp-block-ugb-column ugb-column ugb-aa84cea ugb-column--design-plain ugb-main-block\"><div class=\"ugb-inner-block\"><div class=\"ugb-block-content\"><div class=\"ugb-column__item ugb-aa84cea-column-wrapper\"><div class=\"ugb-column__content-wrapper\">\n<div class=\"wp-block-group is-layout-flow wp-block-group-is-layout-flow\">\n<div class=\"wp-block-media-text alignwide is-stacked-on-mobile is-vertically-aligned-center content-pages-top-icons\" style=\"grid-template-columns:30% auto\"><figure class=\"wp-block-media-text__media\"><img decoding=\"async\" src=\"https:\/\/varibox.best4u.dev\/wp-content\/uploads\/2021\/12\/test.svg\" alt=\"\" class=\"wp-image-3005 size-full\"\/><\/figure><div class=\"wp-block-media-text__content\">\n<h4 class=\"wp-block-heading has-text-align-left has-medium-font-size\">M\u00e1s seguro<\/h4>\n<\/div><\/div>\n<\/div>\n<\/div><\/div><\/div><\/div><\/div>\n\n\n\n<div class=\"wp-block-ugb-column ugb-column ugb-a25ba9c ugb-column--design-plain ugb-main-block\"><div class=\"ugb-inner-block\"><div class=\"ugb-block-content\"><div class=\"ugb-column__item ugb-a25ba9c-column-wrapper\"><div class=\"ugb-column__content-wrapper\">\n<div class=\"wp-block-group is-layout-flow wp-block-group-is-layout-flow\">\n<div class=\"wp-block-media-text alignwide is-stacked-on-mobile is-vertically-aligned-center content-pages-top-icons\" style=\"grid-template-columns:30% auto\"><figure class=\"wp-block-media-text__media\"><img decoding=\"async\" src=\"https:\/\/varibox.best4u.dev\/wp-content\/uploads\/2021\/11\/reuseablility-green-1.svg\" alt=\"\" class=\"wp-image-1838 size-full\"\/><\/figure><div class=\"wp-block-media-text__content\">\n<h4 class=\"wp-block-heading has-text-align-left has-medium-font-size\">Reutilizable<\/h4>\n<\/div><\/div>\n<\/div>\n<\/div><\/div><\/div><\/div><\/div>\n\n\n\n<div class=\"wp-block-ugb-column ugb-column ugb-ed3faa1 ugb-column--design-plain ugb-main-block\"><div class=\"ugb-inner-block\"><div class=\"ugb-block-content\"><div class=\"ugb-column__item ugb-ed3faa1-column-wrapper\"><div class=\"ugb-column__content-wrapper\">\n<div class=\"wp-block-group is-layout-flow wp-block-group-is-layout-flow\">\n<div class=\"wp-block-media-text alignwide is-stacked-on-mobile is-vertically-aligned-center content-pages-top-icons\" style=\"grid-template-columns:29% auto\"><figure class=\"wp-block-media-text__media\"><img decoding=\"async\" src=\"https:\/\/varibox.best4u.dev\/wp-content\/uploads\/2021\/11\/sustainability-green-1.svg\" alt=\"\" class=\"wp-image-1851 size-full\"\/><\/figure><div class=\"wp-block-media-text__content\">\n<h4 class=\"wp-block-heading has-text-align-left has-medium-font-size\">Sostenible<\/h4>\n<\/div><\/div>\n<\/div>\n<\/div><\/div><\/div><\/div><\/div>\n<\/div><\/div><\/div><\/div>\n<\/div><\/div><\/div><\/div><\/div><\/div>\n\n\n\n<h2 class=\"wp-block-heading\"><strong>Recogida de los VARIBOX usados<\/strong><\/h2>\n\n\n\n<p>Las condiciones de recogida para VARIBOX usados se basan en:<\/p>\n\n\n\n<ul class=\"wp-block-list\">\n<li>EN 13430 envases y embalajes : requisitos para envases y embalajes recuperables mediante reciclado de materiales\u00a0<\/li>\n\n\n\n<li>ISO 16103:2005 Envases y embalajes para el transporte de mercanc\u00edas peligrosas. Materiales pl\u00e1sticos reciclados<\/li>\n<\/ul>\n\n\n\n<h3 class=\"wp-block-heading\"><strong>Condiciones<\/strong><\/h3>\n\n\n\n<p>El reciclaje se limita a los contenedores gran recipiente a granel&nbsp; (GRG) VARIBOX que cumplan con los siguientes requisitos:<\/p>\n\n\n\n<ol class=\"wp-block-list\">\n<li>Est\u00e9n vac\u00edos, es decir, todos los residuos que puedan ser eliminados por el usuario hayan sido retirados utilizando los m\u00e9todos com\u00fanmente empleados como vertido, bombeo, aspiraci\u00f3n, agitaci\u00f3n, raspado, etc., o, si es necesario, una combinaci\u00f3n de estos.<\/li>\n\n\n\n<li>Est\u00e9n libres de adhesi\u00f3n externa de producto.<\/li>\n\n\n\n<li>VARIBOX FC y VARIBOX CC: aperturas cerradas de manera segura con la tapa original y\/o tubo de succi\u00f3n y\/o tapones.<\/li>\n\n\n\n<li>VARIBOX SC: v\u00e1lvula de bola abierta con las aperturas en la parte superior cerradas de manera segura con la tapa original y\/o tubo de succi\u00f3n y\/o tapones.<\/li>\n\n\n\n<li>Sean aptos para el transporte.<\/li>\n\n\n\n<li>Presenten evidencia del \u00faltimo contenido y muestren etiquetas de mercanc\u00edas peligrosas y etiquetas de identificaci\u00f3n de peligros claramente identificables seg\u00fan las normativas, si corresponde, y la MSDS del contenido debe proporcionarse a solicitud.<\/li>\n\n\n\n<li>Est\u00e9n marcados con el mes y el a\u00f1o de fabricaci\u00f3n.<\/li>\n<\/ol>\n\n\n\n<h3 class=\"wp-block-heading\"><strong>Restricciones<\/strong><\/h3>\n\n\n\n<p>Quedan excluidos del reciclaje los VARIBOX que:<\/p>\n\n\n\n<ol start=\"8\" class=\"wp-block-list\">\n<li>Contengan sustancias peligrosas para la salud y la seguridad y\/o el medio ambiente, listadas en las Clases 6.1, 6.2 y 7, y\/o productos con las Declaraciones de Peligro H310, H330, H340, H350, H350i y\/o todas las sustancias con riesgos t\u00f3xicos secundarios.<\/li>\n\n\n\n<li>Hayan contenido productos que hayan afectado al material pl\u00e1stico (por ejemplo, ciertas sustancias altamente oxidantes), haci\u00e9ndolo inadecuado para su reprocesamiento.<\/li>\n\n\n\n<li>Muestren signos de deterioro, por ejemplo, por efecto de la radiaci\u00f3n UV que cause degradaci\u00f3n.<\/li>\n\n\n\n<li>Est\u00e9n da\u00f1ados, lo que los hace peligrosos para el manejo y env\u00edo.<\/li>\n\n\n\n<li>Tengan m\u00e1s de 12 a\u00f1os de antig\u00fcedad.<\/li>\n\n\n\n<li>Est\u00e9n marcados con el s\u00edmbolo \u00abREC\u00bb.<\/li>\n<\/ol>\n\n\n\n<p><strong><em>En caso de incumplimiento de las condiciones o restricciones establecidas, se le facturar\u00e1n autom\u00e1ticamente los gastos adicionales en que incurra nuestra empresa. (Por ejemplo: gastos de transporte, gastos adicionales de limpieza, gastos de desmontaje o manipulaci\u00f3n, gastos administrativos, etc.).<\/em><\/strong><\/p>\n","protected":false},"excerpt":{"rendered":"<p>Recogida de los VARIBOX usados En el mundo de las soluciones sostenibles, queremos tener un impacto positivo junto a nuestros clientes. Por eso, estamos orgullosos de presentar nuestro nuevo Servicio de Recogida VARIBOX en\u00a0Alemania, Francia, Espa\u00f1a, B\u00e9lgica, Pa\u00edses Bajos y Luxemburgo. Otros pa\u00edses a petici\u00f3n. Este servicio le permite devolver sus antiguos contenedores intermedios a [&hellip;]<\/p>\n","protected":false},"author":1,"featured_media":0,"parent":0,"menu_order":0,"comment_status":"closed","ping_status":"closed","template":"","meta":{"_acf_changed":false,"footnotes":""},"class_list":["post-62956","page","type-page","status-publish","hentry"],"blocksy_meta":[],"featured_image_urls_v2":{"full":"","thumbnail":"","medium":"","medium_large":"","large":"","1536x1536":"","2048x2048":"","woocommerce_archive_thumbnail":"","gform-image-choice-sm":"","gform-image-choice-md":"","gform-image-choice-lg":"","woocommerce_thumbnail":"","woocommerce_single":"","woocommerce_gallery_thumbnail":"","variation_swatches_image_size":"","variation_swatches_tooltip_size":""},"post_excerpt_stackable_v2":"<p>Recogida de los VARIBOX usadosEn el mundo de las soluciones sostenibles, queremos tener un impacto positivo junto a nuestros clientes. Por eso, estamos orgullosos de presentar nuestro nuevo Servicio de Recogida VARIBOX en\u00a0Alemania, Francia, Espa\u00f1a, B\u00e9lgica, Pa\u00edses Bajos y Luxemburgo. Otros pa\u00edses a petici\u00f3n. Este servicio le permite devolver sus antiguos contenedores intermedios a granel (IBC) VARIBOX a uno de nuestros puntos de recogida. Juntos trabajamos hacia una econom\u00eda circular, protegiendo el medio ambiente y contribuyendo a soluciones sostenibles para el almacenamiento y transporte de productos qu\u00edmicos y agentes de limpieza. Contacta con nosotros M\u00e1s seguro Reutilizable Sostenible Recogida de&hellip;<\/p>\n","category_list_v2":"","author_info_v2":{"name":"Best4u","url":"https:\/\/varibox.best4u.dev\/es\/author\/best4u\/"},"comments_num_v2":"0 comments","acf":[],"_links":{"self":[{"href":"https:\/\/varibox.best4u.dev\/es\/wp-json\/wp\/v2\/pages\/62956","targetHints":{"allow":["GET"]}}],"collection":[{"href":"https:\/\/varibox.best4u.dev\/es\/wp-json\/wp\/v2\/pages"}],"about":[{"href":"https:\/\/varibox.best4u.dev\/es\/wp-json\/wp\/v2\/types\/page"}],"author":[{"embeddable":true,"href":"https:\/\/varibox.best4u.dev\/es\/wp-json\/wp\/v2\/users\/1"}],"replies":[{"embeddable":true,"href":"https:\/\/varibox.best4u.dev\/es\/wp-json\/wp\/v2\/comments?post=62956"}],"version-history":[{"count":1,"href":"https:\/\/varibox.best4u.dev\/es\/wp-json\/wp\/v2\/pages\/62956\/revisions"}],"predecessor-version":[{"id":62977,"href":"https:\/\/varibox.best4u.dev\/es\/wp-json\/wp\/v2\/pages\/62956\/revisions\/62977"}],"wp:attachment":[{"href":"https:\/\/varibox.best4u.dev\/es\/wp-json\/wp\/v2\/media?parent=62956"}],"curies":[{"name":"wp","href":"https:\/\/api.w.org\/{rel}","templated":true}]}}