{"id":54323,"date":"2022-02-15T12:41:42","date_gmt":"2022-02-15T11:41:42","guid":{"rendered":"https:\/\/varibox.best4u.dev\/formacion-en-productos-varibox\/"},"modified":"2024-11-08T11:40:37","modified_gmt":"2024-11-08T10:40:37","slug":"formacion-en-productos-varibox","status":"publish","type":"page","link":"https:\/\/varibox.best4u.dev\/es\/formacion-en-productos-varibox\/","title":{"rendered":"Formaci\u00f3n en productos VARIBOX"},"content":{"rendered":"\n<div class=\"wp-block-ugb-columns ugb-columns ugb-0d5d96e ugb-columns--design-plain ugb-columns--columns-2 ugb-main-block\"><style>.ugb-0d5d96e > .ugb-inner-block > .ugb-block-content > .ugb-columns__item{grid-template-columns:1.40fr 0.60fr !important}@media screen and (min-width:768px){.ugb-0d5d96e.ugb-columns{margin-bottom:83px !important}}@media screen and (max-width:768px){.ugb-0d5d96e-content-wrapper{grid-row-gap:0 !important}}<\/style><div class=\"ugb-inner-block\"><div class=\"ugb-block-content\"><div class=\"ugb-columns__item ugb-0d5d96e-content-wrapper\">\n<div class=\"wp-block-ugb-column ugb-column ugb-b383129 ugb-column--design-plain ugb-main-block\"><div class=\"ugb-inner-block\"><div class=\"ugb-block-content\"><div class=\"ugb-column__item ugb-b383129-column-wrapper\"><div class=\"ugb-column__content-wrapper\">\n<div class=\"wp-block-ugb-heading ugb-heading wow animate__animated animate__fadeIn ugb-bcdb7f0 ugb-main-block\"><style>.ugb-bcdb7f0 .ugb-heading__subtitle{margin-bottom:-5px !important}<\/style><div class=\"ugb-inner-block\"><div class=\"ugb-block-content\"><h1 class=\"ugb-heading__title\">Formaci\u00f3n en productos VARIBOX<\/h1><p class=\"ugb-heading__subtitle\">Formaci\u00f3n en productos VARIBOX &#8211; En VARIBOX, manipular los productos qu\u00edmicos con seguridad es nuestra prioridad. Los conocimientos sobre seguridad son esenciales, por eso hemos creado la formaci\u00f3n sobre productos VARIBOX. Esta formaci\u00f3n especialmente desarrollada tiene el objetivo de contribuir a trabajar de forma segura con productos qu\u00edmicos y reconocer situaciones peligrosas en relaci\u00f3n con productos quimicos envasados en contenedores intermedios a granel (IBC).<\/p><\/div><\/div><\/div>\n\n\n\n<div class=\"wp-block-ugb-button ugb-button-wrapper green-button wow animate__animated animate__fadeIn ugb-ee16d32 ugb-button--mobile-aligned ugb-main-block\"><style>.ugb-ee16d32 .ugb-block-content{justify-content:flex-start !important}.ugb-ee16d32 .ugb-button1 .ugb-button--inner{font-weight:bold !important}.ugb-ee16d32 .ugb-button1:hover{opacity:1}.ugb-ee16d32 .ugb-inner-block{text-align:left}@media screen and (min-width:768px){.ugb-ee16d32.ugb-button-wrapper{margin-bottom:0px !important}}@media screen and (max-width:768px){.ugb-ee16d32 .ugb-block-content{justify-content:center !important}.ugb-ee16d32 .ugb-inner-block{text-align:center}}<\/style><div class=\"ugb-inner-block\"><div class=\"ugb-block-content\"><div class=\"ugb-button-container\"><a class=\"ugb-button1 ugb-button ugb-button--size-normal\" href=\"https:\/\/varibox.best4u.dev\/es\/contacto\/\" rel=\"\" title=\"\"><span class=\"ugb-button--inner\">  Contacta con nosotros <\/span><\/a><\/div><\/div><\/div><\/div>\n<\/div><\/div><\/div><\/div><\/div>\n\n\n\n<div class=\"wp-block-ugb-column ugb-column ugb-e882f9a ugb-column--design-plain ugb-main-block\"><style>@media screen and (max-width:768px){.ugb-e882f9a .ugb-inner-block{text-align:center}}<\/style><div class=\"ugb-inner-block\"><div class=\"ugb-block-content\"><div class=\"ugb-column__item ugb-e882f9a-column-wrapper\"><div class=\"ugb-column__content-wrapper\">\n<figure class=\"wp-block-image size-full wow animate__animated animate__fadeIn\"><img decoding=\"async\" src=\"https:\/\/varibox.best4u.dev\/wp-content\/uploads\/2024\/10\/image-2.jpg\" alt=\"\" class=\"wp-image-175\"\/><\/figure>\n<\/div><\/div><\/div><\/div><\/div>\n<\/div><\/div><\/div><\/div>\n\n\n\n<div class=\"alignfull wp-block-ugb-container ugb-container ugb-25beaa0 ugb-container--v2 ugb-container--design-plain ugb-main-block ugb-main-block--inner-center ugb--has-block-background\"><style>.ugb-25beaa0.ugb-container{background-color:var(--theme-palette-color-7,#F9FAFB)}.ugb-25beaa0.ugb-container:before{background-color:var(--theme-palette-color-7,#F9FAFB)}@media screen and (min-width:768px){.ugb-25beaa0-content-wrapper.ugb-container__content-wrapper{width:85% !important}.ugb-25beaa0.ugb-container{margin-bottom:0px !important;padding-top:0px !important;padding-right:35px !important;padding-bottom:0px !important;padding-left:35px !important}}@media screen and (min-width:768px) and (max-width:1025px){.ugb-25beaa0-content-wrapper.ugb-container__content-wrapper{width:100% !important}}@media screen and (max-width:768px){.ugb-25beaa0.ugb-container{margin-bottom:0px !important;padding-top:0px !important;padding-right:18px !important;padding-bottom:0px !important;padding-left:18px !important}}@media screen and (min-width:768px){.ugb-25beaa0 > .ugb-inner-block > .ugb-block-content > *{padding-top:40px !important;padding-bottom:40px !important}}@media screen and (max-width:768px){.ugb-25beaa0 > .ugb-inner-block > .ugb-block-content > *{padding-top:35px !important;padding-bottom:0px !important}}<\/style><div class=\"ugb-inner-block ugb-inner-block--center\"><div class=\"ugb-block-content\"><div class=\"ugb-container__wrapper ugb-25beaa0-wrapper\"><div class=\"ugb-container__side\"><div class=\"ugb-container__content-wrapper ugb-25beaa0-content-wrapper\">\n<div class=\"aligncenter wp-block-ugb-columns ugb-columns top-icons-columns ugb-609d063 ugb-columns--design-plain ugb-columns--columns-3 ugb-main-block\"><style>.ugb-609d063-content-wrapper{grid-column-gap:15px !important}@media screen and (min-width:768px) and (max-width:1025px){.ugb-609d063-content-wrapper{grid-column-gap:0px !important}}@media screen and (max-width:768px){.ugb-609d063-content-wrapper{grid-row-gap:0 !important;grid-column-gap:0px !important}.ugb-609d063 .ugb-inner-block{text-align:center}.ugb-609d063.ugb-columns{margin-top:0px !important;margin-bottom:0px !important}}<\/style><div class=\"ugb-inner-block\"><div class=\"ugb-block-content\"><div class=\"ugb-columns__item ugb-609d063-content-wrapper\">\n<div class=\"wp-block-ugb-column ugb-column ugb-aa84cea ugb-column--design-plain ugb-main-block\"><div class=\"ugb-inner-block\"><div class=\"ugb-block-content\"><div class=\"ugb-column__item ugb-aa84cea-column-wrapper\"><div class=\"ugb-column__content-wrapper\">\n<div class=\"wp-block-group is-layout-flow wp-block-group-is-layout-flow\">\n<div class=\"wp-block-media-text alignwide is-stacked-on-mobile is-vertically-aligned-center content-pages-top-icons\" style=\"grid-template-columns:30% auto\"><figure class=\"wp-block-media-text__media\"><img decoding=\"async\" src=\"https:\/\/varibox.best4u.dev\/wp-content\/uploads\/2021\/12\/test.svg\" alt=\"\" class=\"wp-image-3005 size-full\"\/><\/figure><div class=\"wp-block-media-text__content\">\n<h4 class=\"wp-block-heading has-text-align-left has-medium-font-size\">M\u00e1s seguro<\/h4>\n<\/div><\/div>\n<\/div>\n<\/div><\/div><\/div><\/div><\/div>\n\n\n\n<div class=\"wp-block-ugb-column ugb-column ugb-a25ba9c ugb-column--design-plain ugb-main-block\"><div class=\"ugb-inner-block\"><div class=\"ugb-block-content\"><div class=\"ugb-column__item ugb-a25ba9c-column-wrapper\"><div class=\"ugb-column__content-wrapper\">\n<div class=\"wp-block-group is-layout-flow wp-block-group-is-layout-flow\">\n<div class=\"wp-block-media-text alignwide is-stacked-on-mobile is-vertically-aligned-center content-pages-top-icons\" style=\"grid-template-columns:30% auto\"><figure class=\"wp-block-media-text__media\"><img decoding=\"async\" src=\"https:\/\/varibox.best4u.dev\/wp-content\/uploads\/2021\/11\/reuseablility-green-1.svg\" alt=\"\" class=\"wp-image-1838 size-full\"\/><\/figure><div class=\"wp-block-media-text__content\">\n<h4 class=\"wp-block-heading has-text-align-left has-medium-font-size\">Reutilizable<\/h4>\n<\/div><\/div>\n<\/div>\n<\/div><\/div><\/div><\/div><\/div>\n\n\n\n<div class=\"wp-block-ugb-column ugb-column ugb-ed3faa1 ugb-column--design-plain ugb-main-block\"><div class=\"ugb-inner-block\"><div class=\"ugb-block-content\"><div class=\"ugb-column__item ugb-ed3faa1-column-wrapper\"><div class=\"ugb-column__content-wrapper\">\n<div class=\"wp-block-group is-layout-flow wp-block-group-is-layout-flow\">\n<div class=\"wp-block-media-text alignwide is-stacked-on-mobile is-vertically-aligned-center content-pages-top-icons\" style=\"grid-template-columns:29% auto\"><figure class=\"wp-block-media-text__media\"><img decoding=\"async\" src=\"https:\/\/varibox.best4u.dev\/wp-content\/uploads\/2021\/11\/sustainability-green-1.svg\" alt=\"\" class=\"wp-image-1851 size-full\"\/><\/figure><div class=\"wp-block-media-text__content\">\n<h4 class=\"wp-block-heading has-text-align-left has-medium-font-size\">Sostenible<\/h4>\n<\/div><\/div>\n<\/div>\n<\/div><\/div><\/div><\/div><\/div>\n<\/div><\/div><\/div><\/div>\n<\/div><\/div><\/div><\/div><\/div><\/div>\n\n\n\n<h3 class=\"wp-block-heading\" id=\"diversity-of-topics\">Diversidad de temas<\/h3>\n\n\n\n<p>En VARIBOX, la seguridad es siempre la prioridad n\u00famero 1. Nos complace poder ayudarle a alcanzar sus objetivos de seguridad. Ofrecemos formaci\u00f3n para ayudarle a trabajar de forma segura con productos qu\u00edmicos. La formaci\u00f3n sobre productos VARIBOX se divide en los siguientes temas:<\/p>\n\n\n\n<p>Reconocer las situaciones de peligro con los GRG.<br>Conocimiento de las normas de almacenamiento y transporte que se aplican a los GRG.<br>Lectura del marcado de la ONU.<br>Aspectos relevantes del ADR (reglamentos de almacenamiento y transporte) que se aplican a los GRG.<br>Diferencias entre los materiales de las juntas EPDM y Viton.<br>Caracter\u00edsticas del VARIBOX.<br>Uso seguro del VARIBOX.<br>Conexi\u00f3n y desconexi\u00f3n segura de los sistemas de acople\/tubo extractor VARIBOX.<br>Normas de venteos del VARIBOX.<br>Lavado del VARIBOX.<\/p>\n\n\n\n<p>Por supuesto, adem\u00e1s de estos temas, se tiene muy en cuenta aplicaci\u00f3n espec\u00edfica de cada participante.<\/p>\n\n\n\n<h3 class=\"wp-block-heading\" id=\"would-you-like-to-have-a-look-behind-the-scenes\">\u00bfDesea una formaci\u00f3n en nuestra planta?<\/h3>\n\n\n\n<p>\u00bfDesea una formaci\u00f3n en nuestra planta? Podemos ofrecerle una formaci\u00f3n en nuestro centro de producci\u00f3n VARIBOX. Nuestra planta tiene espacio habilitado para celebrar sesiones de formaci\u00f3n en grupo. Adem\u00e1s, podr\u00e1 ver c\u00f3mo se fabrica el VARIBOX visitando nuestra l\u00ednea de producci\u00f3n ergon\u00f3mica. Tambi\u00e9n queremos invitarle a descubrir nuestra gama de GRG VARIBOX en nuestra sala de exposici\u00f3n.<\/p>\n\n\n\n<h3 class=\"wp-block-heading\" id=\"varibox-product-training-on-location\">Formaci\u00f3n sobre productos VARIBOX in situ<\/h3>\n\n\n\n<p>\u00bfPrefiere una formaci\u00f3n en su planta? Tambi\u00e9n es posible. La formaci\u00f3n tambi\u00e9n puede ser impartida por nuestros gestores de cuentas. Estaremos encantados de explicarle in situ c\u00f3mo puede trabajar de forma segura con productos qu\u00edmicos utilizando los GRG VARIBOX.<\/p>\n\n\n\n<figure class=\"wp-block-image size-full\"><img decoding=\"async\" src=\"https:\/\/varibox.best4u.dev\/wp-content\/uploads\/2024\/10\/Erfahrungsaustausch-Vion-Sifas-05-2019-1024x768-1.jpg\" alt=\"\" class=\"wp-image-8713\" title=\"VARIBOX product training\"\/><\/figure>\n\n\n\n<h3 class=\"wp-block-heading\" id=\"more-information\">M\u00e1s informaci\u00f3n <\/h3>\n\n\n\n<p>\u00bfDesea concertar una cita? \u00bfTiene alguna otra pregunta espec\u00edfica o quiere saber m\u00e1s sobre nuestros <a href=\"https:\/\/varibox.best4u.dev\/es\/varibox_product\/varibox-full-containment\/\" target=\"_blank\" rel=\"noreferrer noopener\">VARIBOX FC<\/a> o <a href=\"https:\/\/varibox.best4u.dev\/es\/varibox_product\/varibox-single-containment\/\" target=\"_blank\" rel=\"noreferrer noopener\">VARIBOX SC<\/a>? P\u00f3ngase en contacto con nosotros: <a href=\"mailto:montoir@varibox-ibc.com\">montoir@varibox-ibc.com<\/a> o llame al +33 (0) 3 2163 1222.<\/p>\n\n\n\n<div class=\"wp-block-ugb-button ugb-button-wrapper green-button wow animate__animated animate__fadeIn ugb-69c5e9c ugb-button--mobile-aligned ugb-main-block\"><style>.ugb-69c5e9c .ugb-block-content{justify-content:center !important}.ugb-69c5e9c .ugb-button1 .ugb-button--inner{font-weight:bold !important}.ugb-69c5e9c .ugb-button1:hover{opacity:1}.ugb-69c5e9c .ugb-inner-block{text-align:center}@media screen and (min-width:768px){.ugb-69c5e9c.ugb-button-wrapper{margin-bottom:0px !important}}@media screen and (max-width:768px){.ugb-69c5e9c .ugb-block-content{justify-content:center !important}.ugb-69c5e9c .ugb-inner-block{text-align:center}}<\/style><div class=\"ugb-inner-block\"><div class=\"ugb-block-content\"><div class=\"ugb-button-container\"><a class=\"ugb-button1 ugb-button ugb-button--size-normal\" href=\"https:\/\/varibox.best4u.dev\/es\/contacto\/\" rel=\"\" title=\"\"><span class=\"ugb-button--inner\">Contacta con nosotros  <\/span><\/a><\/div><\/div><\/div><\/div>\n\n\n\n<p><\/p>\n","protected":false},"excerpt":{"rendered":"<p>Formaci\u00f3n en productos VARIBOX Formaci\u00f3n en productos VARIBOX &#8211; En VARIBOX, manipular los productos qu\u00edmicos con seguridad es nuestra prioridad. Los conocimientos sobre seguridad son esenciales, por eso hemos creado la formaci\u00f3n sobre productos VARIBOX. Esta formaci\u00f3n especialmente desarrollada tiene el objetivo de contribuir a trabajar de forma segura con productos qu\u00edmicos y reconocer situaciones [&hellip;]<\/p>\n","protected":false},"author":1,"featured_media":29377,"parent":0,"menu_order":0,"comment_status":"open","ping_status":"open","template":"","meta":{"_acf_changed":false,"footnotes":""},"class_list":["post-54323","page","type-page","status-publish","has-post-thumbnail","hentry"],"blocksy_meta":{"styles_descriptor":{"styles":{"desktop":"","tablet":"","mobile":""},"google_fonts":[],"version":6}},"featured_image_urls_v2":{"full":["https:\/\/varibox.best4u.dev\/wp-content\/uploads\/2024\/10\/Erfahrungsaustausch-Vion-Sifas-05-2019-1024x768-1.jpg",1024,768,false],"thumbnail":["https:\/\/varibox.best4u.dev\/wp-content\/uploads\/2024\/10\/Erfahrungsaustausch-Vion-Sifas-05-2019-1024x768-1-256x256.jpg",256,256,true],"medium":["https:\/\/varibox.best4u.dev\/wp-content\/uploads\/2024\/10\/Erfahrungsaustausch-Vion-Sifas-05-2019-1024x768-1-512x384.jpg",512,384,true],"medium_large":["https:\/\/varibox.best4u.dev\/wp-content\/uploads\/2024\/10\/Erfahrungsaustausch-Vion-Sifas-05-2019-1024x768-1-768x576.jpg",768,576,true],"large":["https:\/\/varibox.best4u.dev\/wp-content\/uploads\/2024\/10\/Erfahrungsaustausch-Vion-Sifas-05-2019-1024x768-1.jpg",1024,768,false],"1536x1536":["https:\/\/varibox.best4u.dev\/wp-content\/uploads\/2024\/10\/Erfahrungsaustausch-Vion-Sifas-05-2019-1024x768-1.jpg",1024,768,false],"2048x2048":["https:\/\/varibox.best4u.dev\/wp-content\/uploads\/2024\/10\/Erfahrungsaustausch-Vion-Sifas-05-2019-1024x768-1.jpg",1024,768,false],"woocommerce_archive_thumbnail":["https:\/\/varibox.best4u.dev\/wp-content\/uploads\/2024\/10\/Erfahrungsaustausch-Vion-Sifas-05-2019-1024x768-1-270x203.jpg",270,203,true],"gform-image-choice-sm":["https:\/\/varibox.best4u.dev\/wp-content\/uploads\/2024\/10\/Erfahrungsaustausch-Vion-Sifas-05-2019-1024x768-1.jpg",300,225,false],"gform-image-choice-md":["https:\/\/varibox.best4u.dev\/wp-content\/uploads\/2024\/10\/Erfahrungsaustausch-Vion-Sifas-05-2019-1024x768-1.jpg",400,300,false],"gform-image-choice-lg":["https:\/\/varibox.best4u.dev\/wp-content\/uploads\/2024\/10\/Erfahrungsaustausch-Vion-Sifas-05-2019-1024x768-1.jpg",600,450,false],"woocommerce_thumbnail":["https:\/\/varibox.best4u.dev\/wp-content\/uploads\/2024\/10\/Erfahrungsaustausch-Vion-Sifas-05-2019-1024x768-1-270x203.jpg",270,203,true],"woocommerce_single":["https:\/\/varibox.best4u.dev\/wp-content\/uploads\/2024\/10\/Erfahrungsaustausch-Vion-Sifas-05-2019-1024x768-1.jpg",1024,768,false],"woocommerce_gallery_thumbnail":["https:\/\/varibox.best4u.dev\/wp-content\/uploads\/2024\/10\/Erfahrungsaustausch-Vion-Sifas-05-2019-1024x768-1-100x100.jpg",100,100,true],"variation_swatches_image_size":["https:\/\/varibox.best4u.dev\/wp-content\/uploads\/2024\/10\/Erfahrungsaustausch-Vion-Sifas-05-2019-1024x768-1-50x50.jpg",50,50,true],"variation_swatches_tooltip_size":["https:\/\/varibox.best4u.dev\/wp-content\/uploads\/2024\/10\/Erfahrungsaustausch-Vion-Sifas-05-2019-1024x768-1-100x100.jpg",100,100,true]},"post_excerpt_stackable_v2":"<p>Formaci\u00f3n en productos VARIBOXFormaci\u00f3n en productos VARIBOX &#8211; En VARIBOX, manipular los productos qu\u00edmicos con seguridad es nuestra prioridad. Los conocimientos sobre seguridad son esenciales, por eso hemos creado la formaci\u00f3n sobre productos VARIBOX. Esta formaci\u00f3n especialmente desarrollada tiene el objetivo de contribuir a trabajar de forma segura con productos qu\u00edmicos y reconocer situaciones peligrosas en relaci\u00f3n con productos quimicos envasados en contenedores intermedios a granel (IBC). Contacta con nosotros M\u00e1s seguro Reutilizable Sostenible Diversidad de temas En VARIBOX, la seguridad es siempre la prioridad n\u00famero 1. Nos complace poder ayudarle a alcanzar sus objetivos de seguridad. Ofrecemos formaci\u00f3n para&hellip;<\/p>\n","category_list_v2":"","author_info_v2":{"name":"Best4u","url":"https:\/\/varibox.best4u.dev\/es\/author\/best4u\/"},"comments_num_v2":"0 comments","acf":[],"_links":{"self":[{"href":"https:\/\/varibox.best4u.dev\/es\/wp-json\/wp\/v2\/pages\/54323","targetHints":{"allow":["GET"]}}],"collection":[{"href":"https:\/\/varibox.best4u.dev\/es\/wp-json\/wp\/v2\/pages"}],"about":[{"href":"https:\/\/varibox.best4u.dev\/es\/wp-json\/wp\/v2\/types\/page"}],"author":[{"embeddable":true,"href":"https:\/\/varibox.best4u.dev\/es\/wp-json\/wp\/v2\/users\/1"}],"replies":[{"embeddable":true,"href":"https:\/\/varibox.best4u.dev\/es\/wp-json\/wp\/v2\/comments?post=54323"}],"version-history":[{"count":1,"href":"https:\/\/varibox.best4u.dev\/es\/wp-json\/wp\/v2\/pages\/54323\/revisions"}],"predecessor-version":[{"id":54324,"href":"https:\/\/varibox.best4u.dev\/es\/wp-json\/wp\/v2\/pages\/54323\/revisions\/54324"}],"wp:featuredmedia":[{"embeddable":true,"href":"https:\/\/varibox.best4u.dev\/es\/wp-json\/wp\/v2\/media\/29377"}],"wp:attachment":[{"href":"https:\/\/varibox.best4u.dev\/es\/wp-json\/wp\/v2\/media?parent=54323"}],"curies":[{"name":"wp","href":"https:\/\/api.w.org\/{rel}","templated":true}]}}