{"id":54075,"date":"2022-02-08T14:31:06","date_gmt":"2022-02-08T13:31:06","guid":{"rendered":"https:\/\/varibox.best4u.dev\/faq\/"},"modified":"2024-11-08T11:40:33","modified_gmt":"2024-11-08T10:40:33","slug":"faq","status":"publish","type":"page","link":"https:\/\/varibox.best4u.dev\/es\/faq\/","title":{"rendered":"Descargas"},"content":{"rendered":"\n<h1 class=\"wp-block-heading\" id=\"faq\">FAQ<\/h1>\n\n\n\n<p>Aqu\u00ed encontrar\u00e1 m\u00e1s informaci\u00f3n acerca de los productos VARIBOX. Se trata de una lista no exhaustiva. Cont\u00e1ctenos para detalles espec\u00edficos.<\/p>\n\n\n\n<div class=\"alignfull wp-block-ugb-container ugb-container ugb-02768b7 ugb-container--v2 ugb-container--design-plain ugb-main-block ugb-main-block--inner-center ugb--has-block-background\"><style>.ugb-02768b7.ugb-container{background-color:var(--theme-palette-color-8,#f8fafc)}.ugb-02768b7{padding:0 !important}.ugb-02768b7.ugb-container:before{background-color:var(--theme-palette-color-8,#f8fafc)}@media screen and (min-width:768px){.ugb-02768b7.ugb-container{margin-top:40px !important;margin-bottom:40px !important;padding-top:0px !important;padding-right:35px !important;padding-bottom:0px !important;padding-left:0px !important}}@media screen and (max-width:768px){.ugb-02768b7.ugb-container{padding-top:0px !important;padding-right:0px !important;padding-bottom:0px !important;padding-left:0px !important}}@media screen and (min-width:768px){.ugb-02768b7 > .ugb-inner-block > .ugb-block-content > *{padding-top:64px !important;padding-bottom:54px !important}}@media screen and (max-width:768px){.ugb-02768b7 > .ugb-inner-block > .ugb-block-content > *{padding-bottom:0px !important}}<\/style><div class=\"ugb-inner-block ugb-inner-block--center\"><div class=\"ugb-block-content\"><div class=\"ugb-container__wrapper ugb-02768b7-wrapper\"><div class=\"ugb-container__side\"><div class=\"ugb-container__content-wrapper ugb-02768b7-content-wrapper\">\n<div class=\"wp-block-ugb-columns ugb-columns connect-page-varibox-grid ugb-7e39276 ugb-columns--design-grid ugb-columns--columns-5 ugb-main-block\"><style>.ugb-7e39276 > .ugb-inner-block > .ugb-block-content > .ugb-columns__item{grid-template-columns:2.50fr 2.50fr !important}.ugb-7e39276-content-wrapper{grid-column-gap:10px !important}@media screen and (min-width:768px){.ugb-7e39276.ugb-columns{margin-bottom:0px !important;padding-bottom:0px !important}}@media screen and (min-width:768px) and (max-width:1025px){.ugb-7e39276-content-wrapper{grid-column-gap:10px !important}}<\/style><div class=\"ugb-inner-block\"><div class=\"ugb-block-content\"><div class=\"ugb-columns__item ugb-7e39276-content-wrapper\">\n<div class=\"wp-block-ugb-column ugb-column product-card wow animate__animated animate__fadeIn ugb-758bf39 ugb-column--design-plain ugb-main-block\"><div class=\"ugb-inner-block\"><div class=\"ugb-block-content\"><div class=\"ugb-column__item ugb-758bf39-column-wrapper\"><div class=\"ugb-column__content-wrapper\">\n<figure class=\"wp-block-image aligncenter size-full\"><img decoding=\"async\" src=\"https:\/\/varibox.best4u.dev\/wp-content\/uploads\/2024\/10\/FAQ-CDS-extractor-tube.jpg\" alt=\"\" class=\"wp-image-7597\"\/><\/figure>\n\n\n\n<div class=\"wp-block-ugb-heading ugb-heading ugb-616c0aa ugb-main-block\"><style>.ugb-616c0aa .ugb-heading__title{text-align:center}.ugb-616c0aa .ugb-inner-block{text-align:center}@media screen and (min-width:768px){.ugb-616c0aa.ugb-heading{margin-top:0px !important;margin-bottom:16px !important}}@media screen and (max-width:768px){.ugb-616c0aa.ugb-heading{margin-bottom:10px !important}}<\/style><div class=\"ugb-inner-block\"><div class=\"ugb-block-content\"><h5 class=\"ugb-heading__title\">FAQ SENSORES<\/h5><\/div><\/div><\/div>\n\n\n\n<div class=\"aligncenter wp-block-ugb-button ugb-button-wrapper blue-button ugb-4ac0229 ugb-main-block\"><style>.ugb-4ac0229 .ugb-block-content{justify-content:center !important}.ugb-4ac0229 .ugb-button1 .ugb-button--inner{font-size:16px !important;font-weight:bold !important}.ugb-4ac0229 .ugb-button1{padding-top:10px;padding-right:50px;padding-bottom:10px;padding-left:50px;opacity:1;border-radius:5px !important}.ugb-4ac0229 .ugb-button1:hover{background-color:;opacity:1}.ugb-4ac0229 .ugb-button1:before{content:\"\";background-image:linear-gradient(90deg,,);border-radius:5px !important}.ugb-4ac0229 .ugb-inner-block{text-align:center}<\/style><div class=\"ugb-inner-block\"><div class=\"ugb-block-content\"><div class=\"ugb-button-container\"><a class=\"ugb-button1 ugb-button ugb-button--size-large ugb-button--ghost-to-normal-effect ugb-button--design-ghost\" href=\"https:\/\/varibox.best4u.dev\/wp-content\/uploads\/2022\/02\/FAQ-Sensores.pdf\" rel=\"\" title=\"\"><span class=\"ugb-button--inner\">VER M\u00c1S<\/span><\/a><\/div><\/div><\/div><\/div>\n<\/div><\/div><\/div><\/div><\/div>\n\n\n\n<div class=\"wp-block-ugb-column ugb-column product-card wow animate__animated animate__fadeIn ugb-60e3c89 ugb-column--design-plain ugb-main-block\"><div class=\"ugb-inner-block\"><div class=\"ugb-block-content\"><div class=\"ugb-column__item ugb-60e3c89-column-wrapper\"><div class=\"ugb-column__content-wrapper\">\n<figure class=\"wp-block-image aligncenter size-full\"><img decoding=\"async\" src=\"https:\/\/varibox.best4u.dev\/wp-content\/uploads\/2024\/10\/EPDM-or-Viton.jpg\" alt=\"\" class=\"wp-image-7602\"\/><\/figure>\n\n\n\n<div class=\"wp-block-ugb-heading ugb-heading ugb-f414449 ugb-main-block\"><style>.ugb-f414449 .ugb-heading__title{text-align:center}.ugb-f414449 .ugb-inner-block{text-align:center}@media screen and (min-width:768px){.ugb-f414449.ugb-heading{margin-top:0px !important;margin-bottom:16px !important}}@media screen and (max-width:768px){.ugb-f414449.ugb-heading{margin-bottom:10px !important}}<\/style><div class=\"ugb-inner-block\"><div class=\"ugb-block-content\"><h5 class=\"ugb-heading__title\">FAQ EVENTO DE DESCOMPRESI\u00d3N<br><a href=\"https:\/\/www.varibox.best4u.dev\/faq\/\"><\/a><\/h5><\/div><\/div><\/div>\n\n\n\n<div class=\"aligncenter wp-block-ugb-button ugb-button-wrapper blue-button ugb-921f3cd ugb-main-block\"><style>.ugb-921f3cd .ugb-block-content{justify-content:center !important}.ugb-921f3cd .ugb-button1 .ugb-button--inner{font-size:16px !important;font-weight:bold !important}.ugb-921f3cd .ugb-button1{padding-top:10px;padding-right:50px;padding-bottom:10px;padding-left:50px;opacity:1;border-radius:5px !important}.ugb-921f3cd .ugb-button1:hover{background-color:;opacity:1}.ugb-921f3cd .ugb-button1:before{content:\"\";background-image:linear-gradient(90deg,,);border-radius:5px !important}.ugb-921f3cd .ugb-inner-block{text-align:center}<\/style><div class=\"ugb-inner-block\"><div class=\"ugb-block-content\"><div class=\"ugb-button-container\"><a class=\"ugb-button1 ugb-button ugb-button--size-large ugb-button--ghost-to-normal-effect ugb-button--design-ghost\" href=\"https:\/\/varibox.best4u.dev\/wp-content\/uploads\/2022\/02\/FAQ-Evento-de-descompresionnt.pdf\" rel=\"\" title=\"\"><span class=\"ugb-button--inner\">VER M\u00c1S<\/span><\/a><\/div><\/div><\/div><\/div>\n<\/div><\/div><\/div><\/div><\/div>\n\n\n\n<div class=\"wp-block-ugb-column ugb-column product-card wow animate__animated animate__fadeIn ugb-16b2742 ugb-column--design-plain ugb-main-block\"><div class=\"ugb-inner-block\"><div class=\"ugb-block-content\"><div class=\"ugb-column__item ugb-16b2742-column-wrapper\"><div class=\"ugb-column__content-wrapper\">\n<figure class=\"wp-block-image aligncenter size-full\"><img decoding=\"async\" src=\"https:\/\/varibox.best4u.dev\/wp-content\/uploads\/2024\/10\/FAQ-NS4-extractor-tube.jpg\" alt=\"\" class=\"wp-image-7607\"\/><\/figure>\n\n\n\n<div class=\"wp-block-ugb-heading ugb-heading ugb-922f1f6 ugb-main-block\"><style>.ugb-922f1f6 .ugb-heading__title{text-align:center}.ugb-922f1f6 .ugb-inner-block{text-align:center}@media screen and (min-width:768px){.ugb-922f1f6.ugb-heading{margin-top:0px !important;margin-bottom:16px !important}}@media screen and (max-width:768px){.ugb-922f1f6.ugb-heading{margin-bottom:10px !important}}<\/style><div class=\"ugb-inner-block\"><div class=\"ugb-block-content\"><h5 class=\"ugb-heading__title\">FAQ TUBO BUZO CDS<br><a href=\"https:\/\/www.varibox.best4u.dev\/faq\/\"><\/a><\/h5><\/div><\/div><\/div>\n\n\n\n<div class=\"aligncenter wp-block-ugb-button ugb-button-wrapper blue-button ugb-f282528 ugb-main-block\"><style>.ugb-f282528 .ugb-block-content{justify-content:center !important}.ugb-f282528 .ugb-button1 .ugb-button--inner{font-size:16px !important;font-weight:bold !important}.ugb-f282528 .ugb-button1{padding-top:10px;padding-right:50px;padding-bottom:10px;padding-left:50px;opacity:1;border-radius:5px !important}.ugb-f282528 .ugb-button1:hover{background-color:;opacity:1}.ugb-f282528 .ugb-button1:before{content:\"\";background-image:linear-gradient(90deg,,);border-radius:5px !important}.ugb-f282528 .ugb-inner-block{text-align:center}<\/style><div class=\"ugb-inner-block\"><div class=\"ugb-block-content\"><div class=\"ugb-button-container\"><a class=\"ugb-button1 ugb-button ugb-button--size-large ugb-button--ghost-to-normal-effect ugb-button--design-ghost\" href=\"https:\/\/varibox.best4u.dev\/wp-content\/uploads\/2022\/02\/FAQ-Tobo-Buzo-CDS.pdf\" rel=\"\" title=\"\"><span class=\"ugb-button--inner\">VER M\u00c1S<\/span><\/a><\/div><\/div><\/div><\/div>\n<\/div><\/div><\/div><\/div><\/div>\n\n\n\n<div class=\"wp-block-ugb-column ugb-column product-card wow animate__animated animate__fadeIn ugb-ea653ea ugb-column--design-plain ugb-main-block\"><div class=\"ugb-inner-block\"><div class=\"ugb-block-content\"><div class=\"ugb-column__item ugb-ea653ea-column-wrapper\"><div class=\"ugb-column__content-wrapper\">\n<figure class=\"wp-block-image aligncenter size-full\"><img decoding=\"async\" src=\"https:\/\/varibox.best4u.dev\/wp-content\/uploads\/2024\/10\/FAQ-Sensors.jpg\" alt=\"\" class=\"wp-image-7612\"\/><\/figure>\n\n\n\n<div class=\"wp-block-ugb-heading ugb-heading ugb-0829459 ugb-main-block\"><style>.ugb-0829459 .ugb-heading__title{text-align:center}.ugb-0829459 .ugb-inner-block{text-align:center}@media screen and (min-width:768px){.ugb-0829459.ugb-heading{margin-top:0px !important;margin-bottom:16px !important}}@media screen and (max-width:768px){.ugb-0829459.ugb-heading{margin-bottom:10px !important}}<\/style><div class=\"ugb-inner-block\"><div class=\"ugb-block-content\"><h5 class=\"ugb-heading__title\">FAQ TUBO BUZO NS4<br><a href=\"https:\/\/www.varibox.best4u.dev\/faq\/\"><\/a><\/h5><\/div><\/div><\/div>\n\n\n\n<div class=\"aligncenter wp-block-ugb-button ugb-button-wrapper blue-button ugb-9bb2d95 ugb-main-block\"><style>.ugb-9bb2d95 .ugb-block-content{justify-content:center !important}.ugb-9bb2d95 .ugb-button1 .ugb-button--inner{font-size:16px !important;font-weight:bold !important}.ugb-9bb2d95 .ugb-button1{padding-top:10px;padding-right:50px;padding-bottom:10px;padding-left:50px;opacity:1;border-radius:5px !important}.ugb-9bb2d95 .ugb-button1:hover{background-color:;opacity:1}.ugb-9bb2d95 .ugb-button1:before{content:\"\";background-image:linear-gradient(90deg,,);border-radius:5px !important}.ugb-9bb2d95 .ugb-inner-block{text-align:center}<\/style><div class=\"ugb-inner-block\"><div class=\"ugb-block-content\"><div class=\"ugb-button-container\"><a class=\"ugb-button1 ugb-button ugb-button--size-large ugb-button--ghost-to-normal-effect ugb-button--design-ghost\" href=\"https:\/\/varibox.best4u.dev\/wp-content\/uploads\/2022\/02\/FAQ-tube-plongeur-NS4-1.pdf\" rel=\"\" title=\"\"><span class=\"ugb-button--inner\">VER M\u00c1S<\/span><\/a><\/div><\/div><\/div><\/div>\n<\/div><\/div><\/div><\/div><\/div>\n\n\n\n<div class=\"wp-block-ugb-column ugb-column ugb-523e572 ugb-column--design-plain ugb-main-block\"><div class=\"ugb-inner-block\"><div class=\"ugb-block-content\"><div class=\"ugb-column__item ugb-523e572-column-wrapper\"><div class=\"ugb-column__content-wrapper\">\n<figure class=\"wp-block-image aligncenter size-full\"><img decoding=\"async\" src=\"https:\/\/varibox.best4u.dev\/wp-content\/uploads\/2024\/10\/FAQ-Presure-relief-vent.jpg\" alt=\"\" class=\"wp-image-7617\"\/><\/figure>\n\n\n\n<div class=\"wp-block-ugb-heading ugb-heading ugb-ac2f63b ugb-main-block\"><style>.ugb-ac2f63b .ugb-heading__title{text-align:center}.ugb-ac2f63b .ugb-inner-block{text-align:center}@media screen and (min-width:768px){.ugb-ac2f63b.ugb-heading{margin-top:0px !important;margin-bottom:16px !important}}@media screen and (max-width:768px){.ugb-ac2f63b.ugb-heading{margin-bottom:10px !important}}<\/style><div class=\"ugb-inner-block\"><div class=\"ugb-block-content\"><h5 class=\"ugb-heading__title\">FAQ JUNTAS DE EPDM O VITON<br><a href=\"https:\/\/www.varibox.best4u.dev\/es\/faq\/\"><\/a><\/h5><\/div><\/div><\/div>\n\n\n\n<div class=\"aligncenter wp-block-ugb-button ugb-button-wrapper blue-button ugb-82d4c8c ugb-main-block\"><style>.ugb-82d4c8c .ugb-block-content{justify-content:center !important}.ugb-82d4c8c .ugb-button1 .ugb-button--inner{font-size:16px !important;font-weight:bold !important}.ugb-82d4c8c .ugb-button1{padding-top:10px;padding-right:50px;padding-bottom:10px;padding-left:50px;opacity:1;border-radius:5px !important}.ugb-82d4c8c .ugb-button1:hover{background-color:;opacity:1}.ugb-82d4c8c .ugb-button1:before{content:\"\";background-image:linear-gradient(90deg,,);border-radius:5px !important}.ugb-82d4c8c .ugb-inner-block{text-align:center}<\/style><div class=\"ugb-inner-block\"><div class=\"ugb-block-content\"><div class=\"ugb-button-container\"><a class=\"ugb-button1 ugb-button ugb-button--size-large ugb-button--ghost-to-normal-effect ugb-button--design-ghost\" href=\"https:\/\/varibox.best4u.dev\/wp-content\/uploads\/2022\/02\/FAQ-EPDM-o-Viton.pdf\" rel=\"\" title=\"\"><span class=\"ugb-button--inner\">VER M\u00c1S<\/span><\/a><\/div><\/div><\/div><\/div>\n<\/div><\/div><\/div><\/div><\/div>\n<\/div><\/div><\/div><\/div>\n<\/div><\/div><\/div><\/div><\/div><\/div>\n\n\n\n<h2 class=\"wp-block-heading\" id=\"documents\">Documents<\/h2>\n\n\n\n<p>Descargar nuestras <a href=\"https:\/\/varibox.best4u.dev\/wp-content\/uploads\/2021\/12\/VARIBOX-Sales-Terms-and-Conditions.pdf\">condiciones generales de venta<\/a><\/p>\n\n\n\n<div style=\"height:60px\" aria-hidden=\"true\" class=\"wp-block-spacer\"><\/div>\n","protected":false},"excerpt":{"rendered":"<p>FAQ Aqu\u00ed encontrar\u00e1 m\u00e1s informaci\u00f3n acerca de los productos VARIBOX. Se trata de una lista no exhaustiva. Cont\u00e1ctenos para detalles espec\u00edficos. FAQ SENSORES VER M\u00c1S FAQ EVENTO DE DESCOMPRESI\u00d3N VER M\u00c1S FAQ TUBO BUZO CDS VER M\u00c1S FAQ TUBO BUZO NS4 VER M\u00c1S FAQ JUNTAS DE EPDM O VITON VER M\u00c1S Documents Descargar nuestras condiciones [&hellip;]<\/p>\n","protected":false},"author":1,"featured_media":30646,"parent":0,"menu_order":0,"comment_status":"open","ping_status":"open","template":"","meta":{"_acf_changed":false,"footnotes":""},"class_list":["post-54075","page","type-page","status-publish","has-post-thumbnail","hentry"],"blocksy_meta":{"styles_descriptor":{"styles":{"desktop":"","tablet":"","mobile":""},"google_fonts":[],"version":6}},"featured_image_urls_v2":{"full":["https:\/\/varibox.best4u.dev\/wp-content\/uploads\/2024\/10\/FAQ-CDS-extractor-tube.jpg",200,280,false],"thumbnail":["https:\/\/varibox.best4u.dev\/wp-content\/uploads\/2024\/10\/FAQ-CDS-extractor-tube-200x256.jpg",200,256,true],"medium":["https:\/\/varibox.best4u.dev\/wp-content\/uploads\/2024\/10\/FAQ-CDS-extractor-tube.jpg",200,280,false],"medium_large":["https:\/\/varibox.best4u.dev\/wp-content\/uploads\/2024\/10\/FAQ-CDS-extractor-tube.jpg",200,280,false],"large":["https:\/\/varibox.best4u.dev\/wp-content\/uploads\/2024\/10\/FAQ-CDS-extractor-tube.jpg",200,280,false],"1536x1536":["https:\/\/varibox.best4u.dev\/wp-content\/uploads\/2024\/10\/FAQ-CDS-extractor-tube.jpg",200,280,false],"2048x2048":["https:\/\/varibox.best4u.dev\/wp-content\/uploads\/2024\/10\/FAQ-CDS-extractor-tube.jpg",200,280,false],"woocommerce_archive_thumbnail":["https:\/\/varibox.best4u.dev\/wp-content\/uploads\/2024\/10\/FAQ-CDS-extractor-tube.jpg",200,280,false],"gform-image-choice-sm":["https:\/\/varibox.best4u.dev\/wp-content\/uploads\/2024\/10\/FAQ-CDS-extractor-tube.jpg",200,280,false],"gform-image-choice-md":["https:\/\/varibox.best4u.dev\/wp-content\/uploads\/2024\/10\/FAQ-CDS-extractor-tube.jpg",200,280,false],"gform-image-choice-lg":["https:\/\/varibox.best4u.dev\/wp-content\/uploads\/2024\/10\/FAQ-CDS-extractor-tube.jpg",200,280,false],"woocommerce_thumbnail":["https:\/\/varibox.best4u.dev\/wp-content\/uploads\/2024\/10\/FAQ-CDS-extractor-tube.jpg",200,280,false],"woocommerce_single":["https:\/\/varibox.best4u.dev\/wp-content\/uploads\/2024\/10\/FAQ-CDS-extractor-tube.jpg",200,280,false],"woocommerce_gallery_thumbnail":["https:\/\/varibox.best4u.dev\/wp-content\/uploads\/2024\/10\/FAQ-CDS-extractor-tube-100x100.jpg",100,100,true],"variation_swatches_image_size":["https:\/\/varibox.best4u.dev\/wp-content\/uploads\/2024\/10\/FAQ-CDS-extractor-tube-50x50.jpg",50,50,true],"variation_swatches_tooltip_size":["https:\/\/varibox.best4u.dev\/wp-content\/uploads\/2024\/10\/FAQ-CDS-extractor-tube-100x100.jpg",100,100,true]},"post_excerpt_stackable_v2":"<p>FAQ Aqu\u00ed encontrar\u00e1 m\u00e1s informaci\u00f3n acerca de los productos VARIBOX. Se trata de una lista no exhaustiva. Cont\u00e1ctenos para detalles espec\u00edficos. FAQ SENSORES VER M\u00c1S FAQ EVENTO DE DESCOMPRESI\u00d3N VER M\u00c1S FAQ TUBO BUZO CDS VER M\u00c1S FAQ TUBO BUZO NS4 VER M\u00c1S FAQ JUNTAS DE EPDM O VITON VER M\u00c1S Documents Descargar nuestras condiciones generales de venta<\/p>\n","category_list_v2":"","author_info_v2":{"name":"Best4u","url":"https:\/\/varibox.best4u.dev\/es\/author\/best4u\/"},"comments_num_v2":"0 comments","acf":[],"_links":{"self":[{"href":"https:\/\/varibox.best4u.dev\/es\/wp-json\/wp\/v2\/pages\/54075","targetHints":{"allow":["GET"]}}],"collection":[{"href":"https:\/\/varibox.best4u.dev\/es\/wp-json\/wp\/v2\/pages"}],"about":[{"href":"https:\/\/varibox.best4u.dev\/es\/wp-json\/wp\/v2\/types\/page"}],"author":[{"embeddable":true,"href":"https:\/\/varibox.best4u.dev\/es\/wp-json\/wp\/v2\/users\/1"}],"replies":[{"embeddable":true,"href":"https:\/\/varibox.best4u.dev\/es\/wp-json\/wp\/v2\/comments?post=54075"}],"version-history":[{"count":1,"href":"https:\/\/varibox.best4u.dev\/es\/wp-json\/wp\/v2\/pages\/54075\/revisions"}],"predecessor-version":[{"id":54076,"href":"https:\/\/varibox.best4u.dev\/es\/wp-json\/wp\/v2\/pages\/54075\/revisions\/54076"}],"wp:featuredmedia":[{"embeddable":true,"href":"https:\/\/varibox.best4u.dev\/es\/wp-json\/wp\/v2\/media\/30646"}],"wp:attachment":[{"href":"https:\/\/varibox.best4u.dev\/es\/wp-json\/wp\/v2\/media?parent=54075"}],"curies":[{"name":"wp","href":"https:\/\/api.w.org\/{rel}","templated":true}]}}