{"id":53744,"date":"2021-09-06T08:18:34","date_gmt":"2021-09-06T06:18:34","guid":{"rendered":"https:\/\/varibox.best4u.dev\/testimonios-de-clientes\/"},"modified":"2024-12-31T09:50:16","modified_gmt":"2024-12-31T08:50:16","slug":"testimonios-de-clientes","status":"publish","type":"page","link":"https:\/\/varibox.best4u.dev\/es\/testimonios-de-clientes\/","title":{"rendered":"Testimonios"},"content":{"rendered":"\n<div class=\"wp-block-ugb-columns ugb-columns ugb-0d5d96e ugb-columns--design-plain ugb-columns--columns-2 ugb-main-block\"><style>.ugb-0d5d96e > .ugb-inner-block > .ugb-block-content > .ugb-columns__item{grid-template-columns:1.40fr 0.60fr !important}@media screen and (min-width:768px){.ugb-0d5d96e.ugb-columns{margin-bottom:83px !important}}@media screen and (max-width:768px){.ugb-0d5d96e-content-wrapper{grid-row-gap:0 !important}}<\/style><div class=\"ugb-inner-block\"><div class=\"ugb-block-content\"><div class=\"ugb-columns__item ugb-0d5d96e-content-wrapper\">\n<div class=\"wp-block-ugb-column ugb-column ugb-b383129 ugb-column--design-plain ugb-main-block\"><div class=\"ugb-inner-block\"><div class=\"ugb-block-content\"><div class=\"ugb-column__item ugb-b383129-column-wrapper\"><div class=\"ugb-column__content-wrapper\">\n<div class=\"wp-block-ugb-heading ugb-heading wow animate__animated animate__fadeIn ugb-bcdb7f0 ugb-main-block\"><style>.ugb-bcdb7f0 .ugb-heading__subtitle{margin-bottom:-5px !important}<\/style><div class=\"ugb-inner-block\"><div class=\"ugb-block-content\"><h1 class=\"ugb-heading__title\">Testimonios de clientes<\/h1><p class=\"ugb-heading__subtitle\">El dise\u00f1o y la construcci\u00f3n duradera hacen que <a href=\"https:\/\/varibox.best4u.dev\/es\/nuestros-productos-varibox\/\" target=\"_blank\" rel=\"noreferrer noopener\">nuestros IBC VARIBOX<\/a> reutilizables y seguros sean aptos y se adapten en muchas aplicaciones para m\u00faltiples mercados. En esta p\u00e1gina encontrar\u00e1 varios testimonios de clientes. Principalmente proveedores y usuarios de productos qu\u00edmicos que cuentan su experiencia con los IBC VARIBOX. Tantas historias que demuestran que las soluciones de GRG de la gama VARIBOX aportan diversas mejoras en el d\u00eda a d\u00eda de la manipulaci\u00f3n de productos l\u00edquidos peligroso.<\/p><\/div><\/div><\/div>\n\n\n\n<div class=\"wp-block-ugb-button ugb-button-wrapper green-button wow animate__animated animate__fadeIn ugb-ee16d32 ugb-button--mobile-aligned ugb-main-block\"><style>.ugb-ee16d32 .ugb-block-content{justify-content:flex-start !important}.ugb-ee16d32 .ugb-button1 .ugb-button--inner{font-weight:bold !important}.ugb-ee16d32 .ugb-button1:hover{opacity:1}.ugb-ee16d32 .ugb-inner-block{text-align:left}@media screen and (min-width:768px){.ugb-ee16d32.ugb-button-wrapper{margin-bottom:0px !important}}@media screen and (max-width:768px){.ugb-ee16d32 .ugb-block-content{justify-content:center !important}.ugb-ee16d32 .ugb-inner-block{text-align:center}}<\/style><div class=\"ugb-inner-block\"><div class=\"ugb-block-content\"><div class=\"ugb-button-container\"><a class=\"ugb-button1 ugb-button ugb-button--size-normal\" href=\"https:\/\/varibox.best4u.dev\/es\/contacto\/\" rel=\"\" title=\"\"><span class=\"ugb-button--inner\">  Contacta con nosotros  <\/span><\/a><\/div><\/div><\/div><\/div>\n<\/div><\/div><\/div><\/div><\/div>\n\n\n\n<div class=\"wp-block-ugb-column ugb-column ugb-e882f9a ugb-column--design-plain ugb-main-block\"><style>@media screen and (max-width:768px){.ugb-e882f9a .ugb-inner-block{text-align:center}}<\/style><div class=\"ugb-inner-block\"><div class=\"ugb-block-content\"><div class=\"ugb-column__item ugb-e882f9a-column-wrapper\"><div class=\"ugb-column__content-wrapper\">\n<figure class=\"wp-block-image size-full wow animate__animated animate__fadeIn\"><img decoding=\"async\" src=\"https:\/\/varibox.best4u.dev\/wp-content\/uploads\/2024\/10\/image-2.jpg\" alt=\"\" class=\"wp-image-175\"\/><\/figure>\n<\/div><\/div><\/div><\/div><\/div>\n<\/div><\/div><\/div><\/div>\n\n\n\n<div class=\"alignfull wp-block-ugb-container ugb-container ugb-25beaa0 ugb-container--v2 ugb-container--design-plain ugb-main-block ugb-main-block--inner-center ugb--has-block-background\"><style>.ugb-25beaa0.ugb-container{background-color:var(--theme-palette-color-7,#F9FAFB)}.ugb-25beaa0.ugb-container:before{background-color:var(--theme-palette-color-7,#F9FAFB)}@media screen and (min-width:768px){.ugb-25beaa0-content-wrapper.ugb-container__content-wrapper{width:85% !important}.ugb-25beaa0.ugb-container{margin-bottom:0px !important;padding-top:0px !important;padding-right:35px !important;padding-bottom:0px !important;padding-left:35px !important}}@media screen and (min-width:768px) and (max-width:1025px){.ugb-25beaa0-content-wrapper.ugb-container__content-wrapper{width:100% !important}}@media screen and (max-width:768px){.ugb-25beaa0.ugb-container{margin-bottom:0px !important;padding-top:0px !important;padding-right:18px !important;padding-bottom:0px !important;padding-left:18px !important}}@media screen and (min-width:768px){.ugb-25beaa0 > .ugb-inner-block > .ugb-block-content > *{padding-top:40px !important;padding-bottom:40px !important}}@media screen and (max-width:768px){.ugb-25beaa0 > .ugb-inner-block > .ugb-block-content > *{padding-top:35px !important;padding-bottom:0px !important}}<\/style><div class=\"ugb-inner-block ugb-inner-block--center\"><div class=\"ugb-block-content\"><div class=\"ugb-container__wrapper ugb-25beaa0-wrapper\"><div class=\"ugb-container__side\"><div class=\"ugb-container__content-wrapper ugb-25beaa0-content-wrapper\">\n<div class=\"aligncenter wp-block-ugb-columns ugb-columns top-icons-columns ugb-609d063 ugb-columns--design-plain ugb-columns--columns-3 ugb-main-block\"><style>.ugb-609d063-content-wrapper{grid-column-gap:15px !important}@media screen and (min-width:768px) and (max-width:1025px){.ugb-609d063-content-wrapper{grid-column-gap:0px !important}}@media screen and (max-width:768px){.ugb-609d063-content-wrapper{grid-row-gap:0 !important;grid-column-gap:0px !important}.ugb-609d063 .ugb-inner-block{text-align:center}.ugb-609d063.ugb-columns{margin-top:0px !important;margin-bottom:0px !important}}<\/style><div class=\"ugb-inner-block\"><div class=\"ugb-block-content\"><div class=\"ugb-columns__item ugb-609d063-content-wrapper\">\n<div class=\"wp-block-ugb-column ugb-column ugb-aa84cea ugb-column--design-plain ugb-main-block\"><div class=\"ugb-inner-block\"><div class=\"ugb-block-content\"><div class=\"ugb-column__item ugb-aa84cea-column-wrapper\"><div class=\"ugb-column__content-wrapper\">\n<div class=\"wp-block-group is-layout-flow wp-block-group-is-layout-flow\">\n<div class=\"wp-block-media-text alignwide is-stacked-on-mobile is-vertically-aligned-center content-pages-top-icons\" style=\"grid-template-columns:30% auto\"><figure class=\"wp-block-media-text__media\"><img decoding=\"async\" src=\"https:\/\/varibox.best4u.dev\/wp-content\/uploads\/2021\/12\/test.svg\" alt=\"\" class=\"wp-image-3005 size-full\"\/><\/figure><div class=\"wp-block-media-text__content\">\n<h4 class=\"wp-block-heading has-text-align-left has-medium-font-size\">M\u00e1s seguro<\/h4>\n<\/div><\/div>\n<\/div>\n<\/div><\/div><\/div><\/div><\/div>\n\n\n\n<div class=\"wp-block-ugb-column ugb-column ugb-a25ba9c ugb-column--design-plain ugb-main-block\"><div class=\"ugb-inner-block\"><div class=\"ugb-block-content\"><div class=\"ugb-column__item ugb-a25ba9c-column-wrapper\"><div class=\"ugb-column__content-wrapper\">\n<div class=\"wp-block-group is-layout-flow wp-block-group-is-layout-flow\">\n<div class=\"wp-block-media-text alignwide is-stacked-on-mobile is-vertically-aligned-center content-pages-top-icons\" style=\"grid-template-columns:30% auto\"><figure class=\"wp-block-media-text__media\"><img decoding=\"async\" src=\"https:\/\/varibox.best4u.dev\/wp-content\/uploads\/2021\/11\/reuseablility-green-1.svg\" alt=\"\" class=\"wp-image-1838 size-full\"\/><\/figure><div class=\"wp-block-media-text__content\">\n<h4 class=\"wp-block-heading has-text-align-left has-medium-font-size\">Reutilizable<\/h4>\n<\/div><\/div>\n<\/div>\n<\/div><\/div><\/div><\/div><\/div>\n\n\n\n<div class=\"wp-block-ugb-column ugb-column ugb-ed3faa1 ugb-column--design-plain ugb-main-block\"><div class=\"ugb-inner-block\"><div class=\"ugb-block-content\"><div class=\"ugb-column__item ugb-ed3faa1-column-wrapper\"><div class=\"ugb-column__content-wrapper\">\n<div class=\"wp-block-group is-layout-flow wp-block-group-is-layout-flow\">\n<div class=\"wp-block-media-text alignwide is-stacked-on-mobile is-vertically-aligned-center content-pages-top-icons\" style=\"grid-template-columns:29% auto\"><figure class=\"wp-block-media-text__media\"><img decoding=\"async\" src=\"https:\/\/varibox.best4u.dev\/wp-content\/uploads\/2021\/11\/sustainability-green-1.svg\" alt=\"\" class=\"wp-image-1851 size-full\"\/><\/figure><div class=\"wp-block-media-text__content\">\n<h4 class=\"wp-block-heading has-text-align-left has-medium-font-size\">Sostenible<\/h4>\n<\/div><\/div>\n<\/div>\n<\/div><\/div><\/div><\/div><\/div>\n<\/div><\/div><\/div><\/div>\n<\/div><\/div><\/div><\/div><\/div><\/div>\n\n\n\n<div class=\"alignfull wp-block-ugb-container ugb-container ugb-0591a81 ugb-container--v2 ugb-container--design-plain ugb-main-block ugb-main-block--inner-center ugb--has-block-background ugb--has-background-overlay\"><style>.ugb-0591a81.ugb-container{background-color:var(--theme-palette-color-8,#f8fafc)}.ugb-0591a81.ugb-container:before{background-image:linear-gradient(180deg,var(--theme-palette-color-8,#f8fafc) 0%,#ffffff 100%)}@media screen and (min-width:768px){.ugb-0591a81.ugb-container{padding-top:0px !important;padding-right:35px !important;padding-bottom:0px !important;padding-left:35px !important}}@media screen and (max-width:768px){.ugb-0591a81.ugb-container{padding-top:0px !important;padding-right:18px !important;padding-bottom:0px !important;padding-left:18px !important}}@media screen and (min-width:768px){.ugb-0591a81 > .ugb-inner-block > .ugb-block-content > *{padding-top:64px !important;padding-bottom:64px !important}}<\/style><div class=\"ugb-inner-block ugb-inner-block--center\"><div class=\"ugb-block-content\"><div class=\"ugb-container__wrapper ugb-0591a81-wrapper\"><div class=\"ugb-container__side\"><div class=\"ugb-container__content-wrapper ugb-0591a81-content-wrapper\">\n<div class=\"wp-block-ugb-blog-posts ugb-blog-posts stories-posts wow animate__animated animate__fadeIn ugb-c0da02c ugb-blog-posts--v2 ugb-blog-posts--design-basic ugb-blog-posts--columns-3 ugb-main-block\" data-load-items=\"\" data-id=\"ugb-c0da02c\"><style>.ugb-c0da02c .ugb-blog-posts__featured-image{border-radius:8px !important;margin-bottom:24px !important}.ugb-c0da02c .ugb-blog-posts__featured-image img{height:300px !important}.ugb-c0da02c .ugb-blog-posts__title a{color:var(--theme-palette-color-3,#334155) !important}.ugb-c0da02c .ugb-blog-posts__title a:hover{opacity:0.8}.ugb-c0da02c .ugb-blog-posts__title{line-height:1.5em !important;margin-bottom:24px !important}.ugb-c0da02c .ugb-blog-posts__excerpt{margin-bottom:24px !important}.ugb-c0da02c .ugb-blog-posts__readmore a{color:var(--theme-palette-color-1,#0178be) !important}.ugb-c0da02c .ugb-blog-posts__readmore a:hover{opacity:0.8}.ugb-c0da02c .ugb-blog-posts__readmore{margin-bottom:0px !important}<\/style><div class=\"ugb-inner-block\"><div class=\"ugb-block-content\"><article class=\"ugb-blog-posts__item\"><div class=\"ugb-blog-posts__content\"><figure class=\"ugb-blog-posts__featured-image ugb--shadow-3\"><a href=\"https:\/\/varibox.best4u.dev\/es\/story\/varibox-y-tensid-chemie-2\/\"><img decoding=\"async\" width=\"1024\" height=\"768\" src=\"https:\/\/varibox.best4u.dev\/wp-content\/uploads\/2025\/05\/VARIBOX-Tensid-and-Refresco-1-scaled-1-1024x768.jpg\" class=\"attachment-large size-large wp-post-image\" alt=\"\" \/><\/a><\/figure><h3 class=\"ugb-blog-posts__title\"><a href=\"https:\/\/varibox.best4u.dev\/es\/story\/varibox-y-tensid-chemie-2\/\">VARIBOX y Tensid-Chemie<\/a><\/h3><div class=\"ugb-blog-posts__excerpt\"><p>VARIBOX y Tensid-Chemie &#8211; Nos complace informarle hoy de una nueva asociaci\u00f3n.<\/p>\n<\/div><p class=\"ugb-blog-posts__readmore\"><a href=\"https:\/\/varibox.best4u.dev\/es\/story\/varibox-y-tensid-chemie-2\/\">Leer m\u00e1s<\/a><\/p><\/div><\/article><article class=\"ugb-blog-posts__item\"><div class=\"ugb-blog-posts__content\"><figure class=\"ugb-blog-posts__featured-image ugb--shadow-3\"><a href=\"https:\/\/varibox.best4u.dev\/es\/story\/entrevista-de-la-aecq-a-varibox\/\"><img decoding=\"async\" width=\"1024\" height=\"691\" src=\"https:\/\/varibox.best4u.dev\/wp-content\/uploads\/2025\/05\/VARIBOX.jpg\" class=\"attachment-large size-large wp-post-image\" alt=\"\" \/><\/a><\/figure><h3 class=\"ugb-blog-posts__title\"><a href=\"https:\/\/varibox.best4u.dev\/es\/story\/entrevista-de-la-aecq-a-varibox\/\">Entrevista de la AECQ a VARIBOX<\/a><\/h3><div class=\"ugb-blog-posts__excerpt\"><p>Entrevista de la AECQ a VARIBOXLa Asociaci\u00f3n Espa\u00f1ola del Comercio Qu\u00edmico (AECQ) ha entrevistado hoy a nuestro responsable comercial para el sur de Europa, Christophe Maricourt. VARIBOX es una conocida marca de dise\u00f1o y fabricaci\u00f3n de envases qu\u00edmicos seguros, reutilizables y sostenibles para el transporte y almacenamiento de productos qu\u00edmicos y detergentes industriales. VARIBOX tiene dos plantas de producci\u00f3n de rotomoldeo, una en Montoir-de-Bretagne, Francia y otra en Deventer, Pa\u00edses Bajos. Nos destacamos por ofrecer contenedores GRG\/IBC y sistemas innovadores que garantizan la seguridad, reutilizaci\u00f3n y sostenibilidad en el transporte y almacenaje de sustancias peligrosas. Nuestros productos est\u00e1n dise\u00f1ados para&hellip;<\/p>\n<\/div><p class=\"ugb-blog-posts__readmore\"><a href=\"https:\/\/varibox.best4u.dev\/es\/story\/entrevista-de-la-aecq-a-varibox\/\">Leer m\u00e1s<\/a><\/p><\/div><\/article><article class=\"ugb-blog-posts__item\"><div class=\"ugb-blog-posts__content\"><figure class=\"ugb-blog-posts__featured-image ugb--shadow-3\"><a href=\"https:\/\/varibox.best4u.dev\/es\/story\/varibox-en-la-11a-edicion-de-la-diversey-academy\/\"><img decoding=\"async\" width=\"1024\" height=\"768\" src=\"https:\/\/varibox.best4u.dev\/wp-content\/uploads\/2025\/05\/IMG_5863-scaled-1-1024x768.jpg\" class=\"attachment-large size-large wp-post-image\" alt=\"\" \/><\/a><\/figure><h3 class=\"ugb-blog-posts__title\"><a href=\"https:\/\/varibox.best4u.dev\/es\/story\/varibox-en-la-11a-edicion-de-la-diversey-academy\/\">VARIBOX en la 11\u00aa edici\u00f3n de la Diversey Academy<\/a><\/h3><div class=\"ugb-blog-posts__excerpt\"><p>VARIBOX en la 11\u00aa edici\u00f3n de la Diversey Academy<\/p>\n<\/div><p class=\"ugb-blog-posts__readmore\"><a href=\"https:\/\/varibox.best4u.dev\/es\/story\/varibox-en-la-11a-edicion-de-la-diversey-academy\/\">Leer m\u00e1s<\/a><\/p><\/div><\/article><article class=\"ugb-blog-posts__item\"><div class=\"ugb-blog-posts__content\"><figure class=\"ugb-blog-posts__featured-image ugb--shadow-3\"><a href=\"https:\/\/varibox.best4u.dev\/es\/story\/varibox-full-containment-10-anos-en-uso-en-sopura\/\"><img decoding=\"async\" width=\"1024\" height=\"683\" src=\"https:\/\/varibox.best4u.dev\/wp-content\/uploads\/2025\/05\/Mireille-and-Arthur-at-Kersia-Belgium-1024x683.jpg\" class=\"attachment-large size-large wp-post-image\" alt=\"\" \/><\/a><\/figure><h3 class=\"ugb-blog-posts__title\"><a href=\"https:\/\/varibox.best4u.dev\/es\/story\/varibox-full-containment-10-anos-en-uso-en-sopura\/\">VARIBOX FC 10 a\u00f1os en uso en Sopura<\/a><\/h3><div class=\"ugb-blog-posts__excerpt\"><p>VARIBOX Full Containment 10 a\u00f1os en uso en Sopura<\/p>\n<\/div><p class=\"ugb-blog-posts__readmore\"><a href=\"https:\/\/varibox.best4u.dev\/es\/story\/varibox-full-containment-10-anos-en-uso-en-sopura\/\">Leer m\u00e1s<\/a><\/p><\/div><\/article><article class=\"ugb-blog-posts__item\"><div class=\"ugb-blog-posts__content\"><figure class=\"ugb-blog-posts__featured-image ugb--shadow-3\"><a href=\"https:\/\/varibox.best4u.dev\/es\/story\/concienciacion-sobre-hse-en-los-peco\/\"><img decoding=\"async\" width=\"1024\" height=\"768\" src=\"https:\/\/varibox.best4u.dev\/wp-content\/uploads\/2025\/05\/Awareness-of-safety-scaled-1-1024x768.jpg\" class=\"attachment-large size-large wp-post-image\" alt=\"\" \/><\/a><\/figure><h3 class=\"ugb-blog-posts__title\"><a href=\"https:\/\/varibox.best4u.dev\/es\/story\/concienciacion-sobre-hse-en-los-peco\/\">Concienciaci\u00f3n sobre HSE en los PECO<\/a><\/h3><div class=\"ugb-blog-posts__excerpt\"><p>Awareness of manufacturers in processes related to safety, sustainability, environmental protection in CEE region is growing on daily basis.<\/p>\n<\/div><p class=\"ugb-blog-posts__readmore\"><a href=\"https:\/\/varibox.best4u.dev\/es\/story\/concienciacion-sobre-hse-en-los-peco\/\">Leer m\u00e1s<\/a><\/p><\/div><\/article><article class=\"ugb-blog-posts__item\"><div class=\"ugb-blog-posts__content\"><figure class=\"ugb-blog-posts__featured-image ugb--shadow-3\"><a href=\"https:\/\/varibox.best4u.dev\/es\/story\/varibox-en-lobeck-chemie\/\"><img decoding=\"async\" width=\"1024\" height=\"462\" src=\"https:\/\/varibox.best4u.dev\/wp-content\/uploads\/2025\/05\/VARIBOX-at-a-Lobeck-Chemie-event-1-1024x462.jpg\" class=\"attachment-large size-large wp-post-image\" alt=\"\" \/><\/a><\/figure><h3 class=\"ugb-blog-posts__title\"><a href=\"https:\/\/varibox.best4u.dev\/es\/story\/varibox-en-lobeck-chemie\/\">VARIBOX en Lobeck Chemie<\/a><\/h3><div class=\"ugb-blog-posts__excerpt\"><p>Hosted by Lobeck Chemie, the event focused on \u00abHandling Chemicals\u00bb and took place at the iconic Autowelt Romanshorn.<\/p>\n<\/div><p class=\"ugb-blog-posts__readmore\"><a href=\"https:\/\/varibox.best4u.dev\/es\/story\/varibox-en-lobeck-chemie\/\">Leer m\u00e1s<\/a><\/p><\/div><\/article><div class=\"ugb-button-container ugb-blog-posts__load-more-button\"><a class=\"ugb-button ugb-button--size-normal\" href=\"#0\" rel=\"\" title=\"\" role=\"button\"><span class=\"ugb-button--inner\">Cargar m\u00e1s<\/span><\/a><\/div><\/div><\/div><\/div>\n<\/div><\/div><\/div><\/div><\/div><\/div>\n\n\n\n<h2 class=\"wp-block-heading has-text-align-center\">Historias sobre la seguridad que aportan nuestros IBCs<\/h2>\n\n\n\n<p class=\"has-text-align-center\">Los contenedores intermedios a graneles (IBC) VARIBOX est\u00e1n especialmente dise\u00f1ados y fabricados para destacar en seguridad, reutilizaci\u00f3n y sostenibilidad. Muchas de las historias que encontrar\u00e1 en nuestro sitio web muestran las experiencias de nuestros clientes y de los usuarios de GRG VARIBOX. Al compartir estas experiencias, esperamos que descubra ejemplos pr\u00e1cticos de c\u00f3mo aumentar y mejorar la seguridad en la distribuci\u00f3n y manipulaci\u00f3n de productos qu\u00edmicos. Al fin y al cabo, el objetivo de VARIBOX es crear un entorno de trabajo con productos qu\u00edmicos en el que la seguridad sea la prioridad n\u00famero uno.<\/p>\n\n\n\n<h3 class=\"wp-block-heading has-text-align-center\">Contenedores para productos qu\u00edmicos sostenibles<\/h3>\n\n\n\n<p class=\"has-text-align-center\">La sostenibilidad es cada vez m\u00e1s importante. Trabajamos duro para cumplir con nuestras responsabilidades medioambientales y ayudar a nuestros clientes y a los usuarios de los contenedores VARIBOX a cumplir con las suyas. Al compartir las experiencias de nuestros GRG VARIBOX duraderos con una vida \u00fatil m\u00ednima de hasta cinco a\u00f1os, esperamos inspirar a nuestros clientes y a los usuarios de usar en su actividad los GRG VARIBOX para mejorar su huella de carbono.<\/p>\n\n\n\n<div class=\"alignfull wp-block-ugb-container ugb-container ugb-5563735 ugb-container--v2 ugb-container--design-plain ugb-main-block ugb-main-block--inner-center ugb--has-block-background\"><style>.ugb-5563735.ugb-container{background-color:var(--theme-palette-color-8,#f8fafc)}.ugb-5563735.ugb-container:before{background-color:var(--theme-palette-color-8,#f8fafc)}@media screen and (min-width:768px){.ugb-5563735.ugb-container{padding-top:0px !important;padding-right:35px !important;padding-bottom:0px !important;padding-left:35px !important}}@media screen and (max-width:768px){.ugb-5563735.ugb-container{padding-top:0px !important;padding-right:18px !important;padding-bottom:0px !important;padding-left:18px !important}}@media screen and (min-width:768px){.ugb-5563735 > .ugb-inner-block > .ugb-block-content > *{padding-top:64px !important;padding-bottom:64px !important}}<\/style><div class=\"ugb-inner-block ugb-inner-block--center\"><div class=\"ugb-block-content\"><div class=\"ugb-container__wrapper ugb-5563735-wrapper\"><div class=\"ugb-container__side\"><div class=\"ugb-container__content-wrapper ugb-5563735-content-wrapper\">\n<div class=\"wp-block-ugb-heading ugb-heading wow animate__animated animate__fadeIn ugb-5ca6fcf ugb-main-block\"><style>.ugb-5ca6fcf .ugb-heading__title{text-align:center;margin-bottom:24px !important}.ugb-5ca6fcf .ugb-heading__subtitle{margin-bottom:24px !important}.ugb-5ca6fcf .ugb-inner-block{text-align:center}@media screen and (min-width:768px){.ugb-5ca6fcf.ugb-heading{margin-bottom:0px !important}}<\/style><div class=\"ugb-inner-block\"><div class=\"ugb-block-content\"><h3 class=\"ugb-heading__title\">Comparta su experiencia con los IBC VARIBOX en testimonios de clientes<\/h3><p class=\"ugb-heading__subtitle\">Si quiere compartir con nosotros su experiencia con los grandes contenedores VARIBOX o tienes preguntas sobre testimonios de clientes, no dude en contactarnos.<\/p><\/div><\/div><\/div>\n\n\n\n<div class=\"wp-block-ugb-button ugb-button-wrapper green-button wow animate__animated animate__fadeInDown ugb-f7dec0e ugb-main-block\"><style>.ugb-f7dec0e .ugb-block-content{justify-content:center !important}.ugb-f7dec0e .ugb-button1 .ugb-button--inner{font-weight:bold !important}.ugb-f7dec0e .ugb-button1:hover{opacity:1}.ugb-f7dec0e .ugb-inner-block{text-align:center}@media screen and (min-width:768px){.ugb-f7dec0e.ugb-button-wrapper{margin-top:-10px !important}}<\/style><div class=\"ugb-inner-block\"><div class=\"ugb-block-content\"><div class=\"ugb-button-container\"><a class=\"ugb-button1 ugb-button ugb-button--size-normal\" href=\"https:\/\/varibox.best4u.dev\/es\/contacto\/\" rel=\"\" title=\"\"><span class=\"ugb-button--inner\">Contacta con nosotros <\/span><\/a><\/div><\/div><\/div><\/div>\n<\/div><\/div><\/div><\/div><\/div><\/div>\n","protected":false},"excerpt":{"rendered":"<p>Testimonios de clientes El dise\u00f1o y la construcci\u00f3n duradera hacen que nuestros IBC VARIBOX reutilizables y seguros sean aptos y se adapten en muchas aplicaciones para m\u00faltiples mercados. En esta p\u00e1gina encontrar\u00e1 varios testimonios de clientes. Principalmente proveedores y usuarios de productos qu\u00edmicos que cuentan su experiencia con los IBC VARIBOX. Tantas historias que demuestran [&hellip;]<\/p>\n","protected":false},"author":1,"featured_media":27326,"parent":0,"menu_order":0,"comment_status":"open","ping_status":"open","template":"","meta":{"_acf_changed":false,"footnotes":""},"class_list":["post-53744","page","type-page","status-publish","has-post-thumbnail","hentry"],"blocksy_meta":{"styles_descriptor":{"styles":{"desktop":"","tablet":"","mobile":""},"google_fonts":[],"version":6}},"featured_image_urls_v2":{"full":["https:\/\/varibox.best4u.dev\/wp-content\/uploads\/2024\/10\/image-2.jpg",370,370,false],"thumbnail":["https:\/\/varibox.best4u.dev\/wp-content\/uploads\/2024\/10\/image-2-256x256.jpg",256,256,true],"medium":["https:\/\/varibox.best4u.dev\/wp-content\/uploads\/2024\/10\/image-2.jpg",370,370,false],"medium_large":["https:\/\/varibox.best4u.dev\/wp-content\/uploads\/2024\/10\/image-2.jpg",370,370,false],"large":["https:\/\/varibox.best4u.dev\/wp-content\/uploads\/2024\/10\/image-2.jpg",370,370,false],"1536x1536":["https:\/\/varibox.best4u.dev\/wp-content\/uploads\/2024\/10\/image-2.jpg",370,370,false],"2048x2048":["https:\/\/varibox.best4u.dev\/wp-content\/uploads\/2024\/10\/image-2.jpg",370,370,false],"woocommerce_archive_thumbnail":["https:\/\/varibox.best4u.dev\/wp-content\/uploads\/2024\/10\/image-2-270x270.jpg",270,270,true],"gform-image-choice-sm":["https:\/\/varibox.best4u.dev\/wp-content\/uploads\/2024\/10\/image-2.jpg",300,300,false],"gform-image-choice-md":["https:\/\/varibox.best4u.dev\/wp-content\/uploads\/2024\/10\/image-2.jpg",370,370,false],"gform-image-choice-lg":["https:\/\/varibox.best4u.dev\/wp-content\/uploads\/2024\/10\/image-2.jpg",370,370,false],"woocommerce_thumbnail":["https:\/\/varibox.best4u.dev\/wp-content\/uploads\/2024\/10\/image-2-270x270.jpg",270,270,true],"woocommerce_single":["https:\/\/varibox.best4u.dev\/wp-content\/uploads\/2024\/10\/image-2.jpg",370,370,false],"woocommerce_gallery_thumbnail":["https:\/\/varibox.best4u.dev\/wp-content\/uploads\/2024\/10\/image-2-100x100.jpg",100,100,true],"variation_swatches_image_size":["https:\/\/varibox.best4u.dev\/wp-content\/uploads\/2024\/10\/image-2-50x50.jpg",50,50,true],"variation_swatches_tooltip_size":["https:\/\/varibox.best4u.dev\/wp-content\/uploads\/2024\/10\/image-2-100x100.jpg",100,100,true]},"post_excerpt_stackable_v2":"<p>Testimonios de clientesEl dise\u00f1o y la construcci\u00f3n duradera hacen que nuestros IBC VARIBOX reutilizables y seguros sean aptos y se adapten en muchas aplicaciones para m\u00faltiples mercados. En esta p\u00e1gina encontrar\u00e1 varios testimonios de clientes. Principalmente proveedores y usuarios de productos qu\u00edmicos que cuentan su experiencia con los IBC VARIBOX. Tantas historias que demuestran que las soluciones de GRG de la gama VARIBOX aportan diversas mejoras en el d\u00eda a d\u00eda de la manipulaci\u00f3n de productos l\u00edquidos peligroso. Contacta con nosotros M\u00e1s seguro Reutilizable Sostenible VARIBOX y Tensid-ChemieVARIBOX y Tensid-Chemie &#8211; Nos complace informarle hoy de una nueva asociaci\u00f3n. Leer&hellip;<\/p>\n","category_list_v2":"","author_info_v2":{"name":"Best4u","url":"https:\/\/varibox.best4u.dev\/es\/author\/best4u\/"},"comments_num_v2":"0 comments","acf":[],"_links":{"self":[{"href":"https:\/\/varibox.best4u.dev\/es\/wp-json\/wp\/v2\/pages\/53744","targetHints":{"allow":["GET"]}}],"collection":[{"href":"https:\/\/varibox.best4u.dev\/es\/wp-json\/wp\/v2\/pages"}],"about":[{"href":"https:\/\/varibox.best4u.dev\/es\/wp-json\/wp\/v2\/types\/page"}],"author":[{"embeddable":true,"href":"https:\/\/varibox.best4u.dev\/es\/wp-json\/wp\/v2\/users\/1"}],"replies":[{"embeddable":true,"href":"https:\/\/varibox.best4u.dev\/es\/wp-json\/wp\/v2\/comments?post=53744"}],"version-history":[{"count":2,"href":"https:\/\/varibox.best4u.dev\/es\/wp-json\/wp\/v2\/pages\/53744\/revisions"}],"predecessor-version":[{"id":63113,"href":"https:\/\/varibox.best4u.dev\/es\/wp-json\/wp\/v2\/pages\/53744\/revisions\/63113"}],"wp:featuredmedia":[{"embeddable":true,"href":"https:\/\/varibox.best4u.dev\/es\/wp-json\/wp\/v2\/media\/27326"}],"wp:attachment":[{"href":"https:\/\/varibox.best4u.dev\/es\/wp-json\/wp\/v2\/media?parent=53744"}],"curies":[{"name":"wp","href":"https:\/\/api.w.org\/{rel}","templated":true}]}}