{"id":53075,"date":"2021-11-23T17:02:52","date_gmt":"2021-11-23T16:02:52","guid":{"rendered":"https:\/\/varibox.best4u.dev\/mi-sustancia-esta-permitida-en-el-varibox\/"},"modified":"2024-11-08T11:40:22","modified_gmt":"2024-11-08T10:40:22","slug":"mi-sustancia-esta-permitida-en-el-varibox","status":"publish","type":"page","link":"https:\/\/varibox.best4u.dev\/es\/mi-sustancia-esta-permitida-en-el-varibox\/","title":{"rendered":"\u00bfMi sustancia est\u00e1 permitida en el VARIBOX?"},"content":{"rendered":"\n<div class=\"wp-block-ugb-columns ugb-columns ugb-0d5d96e ugb-columns--design-plain ugb-columns--columns-2 ugb-main-block\"><style>.ugb-0d5d96e > .ugb-inner-block > .ugb-block-content > .ugb-columns__item{grid-template-columns:1.40fr 0.60fr !important}@media screen and (min-width:768px){.ugb-0d5d96e.ugb-columns{margin-bottom:83px !important}}@media screen and (max-width:768px){.ugb-0d5d96e-content-wrapper{grid-row-gap:0 !important}}<\/style><div class=\"ugb-inner-block\"><div class=\"ugb-block-content\"><div class=\"ugb-columns__item ugb-0d5d96e-content-wrapper\">\n<div class=\"wp-block-ugb-column ugb-column ugb-b383129 ugb-column--design-plain ugb-main-block\"><div class=\"ugb-inner-block\"><div class=\"ugb-block-content\"><div class=\"ugb-column__item ugb-b383129-column-wrapper\"><div class=\"ugb-column__content-wrapper\">\n<div class=\"wp-block-ugb-heading ugb-heading wow animate__animated animate__fadeIn ugb-bcdb7f0 ugb-main-block\"><style>.ugb-bcdb7f0 .ugb-heading__subtitle{margin-bottom:-5px !important}<\/style><div class=\"ugb-inner-block\"><div class=\"ugb-block-content\"><h1 class=\"ugb-heading__title\">\u00bfMi sustancia est\u00e1 permitida en el VARIBOX?<\/h1><p class=\"ugb-heading__subtitle\">\u00bfMi sustancia est\u00e1 permitida en el VARIBOX? Puede llenarse una sustancia en el VARIBOX si se verifica la compatibilidad qu\u00edmica del pl\u00e1stico del VARIBOX con la sustancia. Esta comprobaci\u00f3n se realiza mediante la denominada asimilaci\u00f3n de la materia de llenado a l\u00edquidos patrones. El campo de aplicaci\u00f3n se describe en <a href=\"https:\/\/adrbook.com\/en\/2017\/ADR\/4.1.1.21.1\" target=\"_blank\" rel=\"noreferrer noopener\">4.1.1.21.1.<\/a> del ADR.<\/p><\/div><\/div><\/div>\n\n\n\n<div class=\"wp-block-ugb-button ugb-button-wrapper green-button wow animate__animated animate__fadeIn ugb-a17c98d ugb-button--mobile-aligned ugb-main-block\"><style>.ugb-a17c98d .ugb-block-content{justify-content:flex-start !important}.ugb-a17c98d .ugb-button1 .ugb-button--inner{font-weight:bold !important}.ugb-a17c98d .ugb-button1:hover{opacity:1}.ugb-a17c98d .ugb-inner-block{text-align:left}@media screen and (min-width:768px){.ugb-a17c98d.ugb-button-wrapper{margin-bottom:0px !important}}@media screen and (max-width:768px){.ugb-a17c98d .ugb-block-content{justify-content:center !important}.ugb-a17c98d .ugb-inner-block{text-align:center}}<\/style><div class=\"ugb-inner-block\"><div class=\"ugb-block-content\"><div class=\"ugb-button-container\"><a class=\"ugb-button1 ugb-button ugb-button--size-normal\" href=\"https:\/\/varibox.best4u.dev\/es\/contacto\/\" rel=\"\" title=\"\"><span class=\"ugb-button--inner\">  Contacta con nosotros  <\/span><\/a><\/div><\/div><\/div><\/div>\n<\/div><\/div><\/div><\/div><\/div>\n\n\n\n<div class=\"wp-block-ugb-column ugb-column ugb-e882f9a ugb-column--design-plain ugb-main-block\"><style>@media screen and (max-width:768px){.ugb-e882f9a .ugb-inner-block{text-align:center}}<\/style><div class=\"ugb-inner-block\"><div class=\"ugb-block-content\"><div class=\"ugb-column__item ugb-e882f9a-column-wrapper\"><div class=\"ugb-column__content-wrapper\">\n<figure class=\"wp-block-image size-full wow animate__animated animate__fadeIn\"><img decoding=\"async\" src=\"https:\/\/varibox.best4u.dev\/wp-content\/uploads\/2024\/10\/VARIBOX-Full-Containment-4.png\" alt=\"VARIBOX Full Containment\" class=\"wp-image-10758\"\/><\/figure>\n<\/div><\/div><\/div><\/div><\/div>\n<\/div><\/div><\/div><\/div>\n\n\n\n<div class=\"alignfull wp-block-ugb-container ugb-container ugb-25beaa0 ugb-container--v2 ugb-container--design-plain ugb-main-block ugb-main-block--inner-center ugb--has-block-background\"><style>.ugb-25beaa0.ugb-container{background-color:var(--theme-palette-color-7,#F9FAFB)}.ugb-25beaa0.ugb-container:before{background-color:var(--theme-palette-color-7,#F9FAFB)}@media screen and (min-width:768px){.ugb-25beaa0-content-wrapper.ugb-container__content-wrapper{width:85% !important}.ugb-25beaa0.ugb-container{margin-bottom:0px !important;padding-top:0px !important;padding-right:35px !important;padding-bottom:0px !important;padding-left:35px !important}}@media screen and (min-width:768px) and (max-width:1025px){.ugb-25beaa0-content-wrapper.ugb-container__content-wrapper{width:100% !important}}@media screen and (max-width:768px){.ugb-25beaa0.ugb-container{margin-bottom:0px !important;padding-top:0px !important;padding-right:18px !important;padding-bottom:0px !important;padding-left:18px !important}}@media screen and (min-width:768px){.ugb-25beaa0 > .ugb-inner-block > .ugb-block-content > *{padding-top:40px !important;padding-bottom:40px !important}}@media screen and (max-width:768px){.ugb-25beaa0 > .ugb-inner-block > .ugb-block-content > *{padding-top:35px !important;padding-bottom:0px !important}}<\/style><div class=\"ugb-inner-block ugb-inner-block--center\"><div class=\"ugb-block-content\"><div class=\"ugb-container__wrapper ugb-25beaa0-wrapper\"><div class=\"ugb-container__side\"><div class=\"ugb-container__content-wrapper ugb-25beaa0-content-wrapper\">\n<div class=\"aligncenter wp-block-ugb-columns ugb-columns top-icons-columns ugb-609d063 ugb-columns--design-plain ugb-columns--columns-3 ugb-main-block\"><style>.ugb-609d063-content-wrapper{grid-column-gap:15px !important}@media screen and (min-width:768px) and (max-width:1025px){.ugb-609d063-content-wrapper{grid-column-gap:0px !important}}@media screen and (max-width:768px){.ugb-609d063-content-wrapper{grid-row-gap:0 !important;grid-column-gap:0px !important}.ugb-609d063 .ugb-inner-block{text-align:center}.ugb-609d063.ugb-columns{margin-top:0px !important;margin-bottom:0px !important}}<\/style><div class=\"ugb-inner-block\"><div class=\"ugb-block-content\"><div class=\"ugb-columns__item ugb-609d063-content-wrapper\">\n<div class=\"wp-block-ugb-column ugb-column ugb-aa84cea ugb-column--design-plain ugb-main-block\"><div class=\"ugb-inner-block\"><div class=\"ugb-block-content\"><div class=\"ugb-column__item ugb-aa84cea-column-wrapper\"><div class=\"ugb-column__content-wrapper\">\n<div class=\"wp-block-group is-layout-flow wp-block-group-is-layout-flow\">\n<div class=\"wp-block-media-text alignwide is-stacked-on-mobile is-vertically-aligned-center content-pages-top-icons\" style=\"grid-template-columns:30% auto\"><figure class=\"wp-block-media-text__media\"><img decoding=\"async\" src=\"https:\/\/varibox.best4u.dev\/wp-content\/uploads\/2021\/12\/test.svg\" alt=\"\" class=\"wp-image-3005 size-full\"\/><\/figure><div class=\"wp-block-media-text__content\">\n<h4 class=\"wp-block-heading has-text-align-left has-medium-font-size\">M\u00e1s seguro<\/h4>\n<\/div><\/div>\n<\/div>\n<\/div><\/div><\/div><\/div><\/div>\n\n\n\n<div class=\"wp-block-ugb-column ugb-column ugb-a25ba9c ugb-column--design-plain ugb-main-block\"><div class=\"ugb-inner-block\"><div class=\"ugb-block-content\"><div class=\"ugb-column__item ugb-a25ba9c-column-wrapper\"><div class=\"ugb-column__content-wrapper\">\n<div class=\"wp-block-group is-layout-flow wp-block-group-is-layout-flow\">\n<div class=\"wp-block-media-text alignwide is-stacked-on-mobile is-vertically-aligned-center content-pages-top-icons\" style=\"grid-template-columns:30% auto\"><figure class=\"wp-block-media-text__media\"><img decoding=\"async\" src=\"https:\/\/varibox.best4u.dev\/wp-content\/uploads\/2021\/11\/reuseablility-green-1.svg\" alt=\"\" class=\"wp-image-1838 size-full\"\/><\/figure><div class=\"wp-block-media-text__content\">\n<h4 class=\"wp-block-heading has-text-align-left has-medium-font-size\">Reutilizable<\/h4>\n<\/div><\/div>\n<\/div>\n<\/div><\/div><\/div><\/div><\/div>\n\n\n\n<div class=\"wp-block-ugb-column ugb-column ugb-ed3faa1 ugb-column--design-plain ugb-main-block\"><div class=\"ugb-inner-block\"><div class=\"ugb-block-content\"><div class=\"ugb-column__item ugb-ed3faa1-column-wrapper\"><div class=\"ugb-column__content-wrapper\">\n<div class=\"wp-block-group is-layout-flow wp-block-group-is-layout-flow\">\n<div class=\"wp-block-media-text alignwide is-stacked-on-mobile is-vertically-aligned-center content-pages-top-icons\" style=\"grid-template-columns:29% auto\"><figure class=\"wp-block-media-text__media\"><img decoding=\"async\" src=\"https:\/\/varibox.best4u.dev\/wp-content\/uploads\/2021\/11\/sustainability-green-1.svg\" alt=\"\" class=\"wp-image-1851 size-full\"\/><\/figure><div class=\"wp-block-media-text__content\">\n<h4 class=\"wp-block-heading has-text-align-left has-medium-font-size\">Sostenible<\/h4>\n<\/div><\/div>\n<\/div>\n<\/div><\/div><\/div><\/div><\/div>\n<\/div><\/div><\/div><\/div>\n<\/div><\/div><\/div><\/div><\/div><\/div>\n\n\n\n<div class=\"alignfull wp-block-ugb-container ugb-container ugb-0591a81 ugb-container--v2 ugb-container--design-plain ugb-main-block ugb-main-block--inner-center ugb--has-block-background ugb--has-background-overlay\"><style>.ugb-0591a81.ugb-container{background-color:var(--theme-palette-color-8,#f8fafc)}.ugb-0591a81.ugb-container:before{background-image:linear-gradient(180deg,var(--theme-palette-color-8,#f8fafc) 0%,#ffffff 100%)}@media screen and (min-width:768px){.ugb-0591a81.ugb-container{padding-top:0px !important;padding-right:35px !important;padding-bottom:0px !important;padding-left:35px !important}}@media screen and (min-width:768px){.ugb-0591a81 > .ugb-inner-block > .ugb-block-content > *{padding-top:64px !important;padding-bottom:64px !important}}<\/style><div class=\"ugb-inner-block ugb-inner-block--center\"><div class=\"ugb-block-content\"><div class=\"ugb-container__wrapper ugb-0591a81-wrapper\"><div class=\"ugb-container__side\"><div class=\"ugb-container__content-wrapper ugb-0591a81-content-wrapper\">\n<div class=\"wp-block-ugb-heading ugb-heading wow animate__animated animate__fadeIn ugb-435a208 ugb-main-block\"><style>.ugb-435a208 .ugb-heading__title{text-align:center}.ugb-435a208 .ugb-inner-block{text-align:center}<\/style><div class=\"ugb-inner-block\"><div class=\"ugb-block-content\"><h3 class=\"ugb-heading__title\">\u00bfC\u00f3mo asimilo una sustancia?<\/h3><p class=\"ugb-heading__subtitle\">La asimilaci\u00f3n se debe hacer como sigue (ver tambi\u00e9n el diagrama de la figura 4.1.1.21.1 del ADR):<\/p><\/div><\/div><\/div>\n\n\n\n<ul class=\"wp-block-list\">\n<li>1. Determinar el n\u00famero ONU y el grupo de embalaje de la sustancia.<\/li>\n\n\n\n<li>2. Encontrar este n\u00famero ONU en la lista de asimilaci\u00f3n ADR (Tabla 4.1.1.21.6)<\/li>\n\n\n\n<li>3. Si hay m\u00e1s de una l\u00ednea para este n\u00famero ONU, elija la l\u00ednea correspondiente al grupo de embalaje, a la concentraci\u00f3n, al punto de inflamaci\u00f3n, etc.<\/li>\n\n\n\n<li>4. Se ha verificado la compatibilidad qu\u00edmica de la sustancia si se menciona all\u00ed.<\/li>\n\n\n\n<li>5. Si se indica \u00abRegla para los ep\u00edgrafes colectivos\u00bb, aplique esa regla como se describe en 4.1.1.21.5 del ADR.<\/li>\n<\/ul>\n\n\n\n<p>La sustancia ahora se asimila a un l\u00edquido patr\u00f3n o una mezcla de l\u00edquidos patrones. Si el IBC est\u00e1 homologado para ese l\u00edquido patr\u00f3n, el IBC puede usarse para la sustancia.<\/p>\n\n\n\n<div class=\"wp-block-ugb-heading ugb-heading wow animate__animated animate__fadeIn ugb-fee9f5c ugb-main-block\"><style>.ugb-fee9f5c .ugb-heading__title{text-align:center}.ugb-fee9f5c .ugb-inner-block{text-align:center}<\/style><div class=\"ugb-inner-block\"><div class=\"ugb-block-content\"><h3 class=\"ugb-heading__title\">\u00bfEste l\u00edquido patr\u00f3n est\u00e1 permitido en el VARIBOX?<\/h3><p class=\"ugb-heading__subtitle\">\u00a1El VARIBOX est\u00e1 homologado para todos los l\u00edquidos patrones del ADR! La densidad m\u00e1xima permitida por l\u00edquido patr\u00f3n puede variar, al igual que la presi\u00f3n de vapor m\u00e1xima permitida puede ser diferente. Aseg\u00farese de que la densidad y la presi\u00f3n de vapor de la materia de llenado no exceda la para la que est\u00e1 autorizado el IBC. Puedo comprobarlo, consultando la base de los datos de la sustancia y la homologaci\u00f3n del IBC. Asimismo, puede encontrar informaci\u00f3n sobre los l\u00edquidos patrones, la densidad m\u00e1xima y la presi\u00f3n de vapor en las especificaciones de los VARIBOX.<br>En el caso de que la sustancia se asimile a una mezcla de l\u00edquidos patrones, se aplicar\u00e1 la menor densidad y presi\u00f3n de vapor de los l\u00edquidos patrones asimilados para los que est\u00e1 autorizado el GRG<\/p><\/div><\/div><\/div>\n\n\n\n<div class=\"wp-block-ugb-heading ugb-heading wow animate__animated animate__fadeIn ugb-2d7b14e ugb-main-block\"><style>.ugb-2d7b14e .ugb-heading__title{text-align:center}.ugb-2d7b14e .ugb-inner-block{text-align:center}<\/style><div class=\"ugb-inner-block\"><div class=\"ugb-block-content\"><h3 class=\"ugb-heading__title\">\u00bfSe puede asimilar una sustancia compuesta de m\u00faltiples componentes?<\/h3><p class=\"ugb-heading__subtitle\">Tambi\u00e9n pueden asimilarse sustancias que sean soluci\u00f3n, mezcla o preparaci\u00f3n. Todos los componentes de esa sustancia ya sean peligrosos o no peligrosos, deben incluirse en el procedimiento de asimilaci\u00f3n. No es necesario tener en cuenta los componentes que se sabe que no afectan al polietileno<\/p><\/div><\/div><\/div>\n\n\n\n<div class=\"wp-block-ugb-heading ugb-heading wow animate__animated animate__fadeIn ugb-92ba1e7 ugb-main-block\"><style>.ugb-92ba1e7 .ugb-heading__title{text-align:center}.ugb-92ba1e7 .ugb-inner-block{text-align:center}<\/style><div class=\"ugb-inner-block\"><div class=\"ugb-block-content\"><h3 class=\"ugb-heading__title\">\u00bfQu\u00e9 pasa si la asimilaci\u00f3n no es posible?<\/h3><p class=\"ugb-heading__subtitle\">Si la asimilaci\u00f3n no es posible seg\u00fan este m\u00e9todo, la compatibilidad qu\u00edmica debe demostrarse mediante pruebas. A veces, las pruebas de laboratorio pueden ser suficientes, pero m\u00e1s a menudo esto pasa por pruebas con IBC, despu\u00e9s de que se hayan almacenado con la materia de llenado. El per\u00edodo de almacenamiento suele ser de 6 meses a temperatura ambiente. Despu\u00e9s de eso, generalmente se realizan una prueba de ca\u00edda de la ONU, una prueba de estanqueidad, una prueba hidr\u00e1ulica y una prueba de vibraci\u00f3n. En caso de resultados positivos, la sustancia puede llenarse en el IBC.<\/p><\/div><\/div><\/div>\n\n\n\n<div class=\"wp-block-ugb-heading ugb-heading wow animate__animated animate__fadeIn ugb-09fcf35 ugb-main-block\"><style>.ugb-09fcf35 .ugb-heading__title{text-align:center;margin-bottom:24px !important}.ugb-09fcf35 .ugb-heading__subtitle{text-align:center;margin-bottom:64px !important}.ugb-09fcf35 .ugb-inner-block{text-align:center}@media screen and (min-width:768px){.ugb-09fcf35.ugb-heading{margin-bottom:0px !important}}@media screen and (max-width:1025px){.ugb-09fcf35 .ugb-heading__title{text-align:center}.ugb-09fcf35 .ugb-inner-block{text-align:center}}@media screen and (max-width:768px){.ugb-09fcf35 .ugb-heading__title{text-align:center}.ugb-09fcf35 .ugb-heading__subtitle{text-align:center}.ugb-09fcf35 .ugb-inner-block{text-align:center}}<\/style><div class=\"ugb-inner-block\"><div class=\"ugb-block-content\"><h3 class=\"ugb-heading__title\">\u00bfNo pudo encontrar su respuesta en las FAQ Mi sustancia est\u00e1 permitida en el VARIBOX?<\/h3><p class=\"ugb-heading__subtitle\">Los IBC seguros y reutilizables VARIBOX se usan para diferentes aplicaciones en diversos mercados. Puede que su pregunta\/respuesta no est\u00e9 incluida en esta secci\u00f3n de soporte. Si es as\u00ed, p\u00f3ngase en contacto con nuestro Servicio de atenci\u00f3n al cliente, estaremos encantados poder ayudarle.<\/p><\/div><\/div><\/div>\n\n\n\n<div class=\"wp-block-ugb-button ugb-button-wrapper green-button animate__animated animate__fadeIn ugb-ee16d32 ugb-button--mobile-aligned ugb-main-block\"><style>.ugb-ee16d32 .ugb-block-content{justify-content:center !important}.ugb-ee16d32 .ugb-button1 .ugb-button--inner{font-weight:bold !important}.ugb-ee16d32 .ugb-button1:hover{opacity:1}.ugb-ee16d32 .ugb-inner-block{text-align:center}@media screen and (min-width:768px){.ugb-ee16d32.ugb-button-wrapper{margin-bottom:0px !important}}@media screen and (max-width:768px){.ugb-ee16d32 .ugb-block-content{justify-content:center !important}.ugb-ee16d32 .ugb-inner-block{text-align:center}}<\/style><div class=\"ugb-inner-block\"><div class=\"ugb-block-content\"><div class=\"ugb-button-container\"><a class=\"ugb-button1 ugb-button ugb-button--size-normal\" href=\"https:\/\/varibox.best4u.dev\/es\/contacto\/\" rel=\"\" title=\"\"><span class=\"ugb-button--inner\">Contacta con nosotros<\/span><\/a><\/div><\/div><\/div><\/div>\n<\/div><\/div><\/div><\/div><\/div><\/div>\n","protected":false},"excerpt":{"rendered":"<p>\u00bfMi sustancia est\u00e1 permitida en el VARIBOX? \u00bfMi sustancia est\u00e1 permitida en el VARIBOX? Puede llenarse una sustancia en el VARIBOX si se verifica la compatibilidad qu\u00edmica del pl\u00e1stico del VARIBOX con la sustancia. Esta comprobaci\u00f3n se realiza mediante la denominada asimilaci\u00f3n de la materia de llenado a l\u00edquidos patrones. El campo de aplicaci\u00f3n se [&hellip;]<\/p>\n","protected":false},"author":1,"featured_media":0,"parent":0,"menu_order":0,"comment_status":"open","ping_status":"open","template":"","meta":{"_acf_changed":false,"footnotes":""},"class_list":["post-53075","page","type-page","status-publish","hentry"],"blocksy_meta":{"styles_descriptor":{"styles":{"desktop":"","tablet":"","mobile":""},"google_fonts":[],"version":6}},"featured_image_urls_v2":{"full":"","thumbnail":"","medium":"","medium_large":"","large":"","1536x1536":"","2048x2048":"","woocommerce_archive_thumbnail":"","gform-image-choice-sm":"","gform-image-choice-md":"","gform-image-choice-lg":"","woocommerce_thumbnail":"","woocommerce_single":"","woocommerce_gallery_thumbnail":"","variation_swatches_image_size":"","variation_swatches_tooltip_size":""},"post_excerpt_stackable_v2":"<p>\u00bfMi sustancia est\u00e1 permitida en el VARIBOX?\u00bfMi sustancia est\u00e1 permitida en el VARIBOX? Puede llenarse una sustancia en el VARIBOX si se verifica la compatibilidad qu\u00edmica del pl\u00e1stico del VARIBOX con la sustancia. Esta comprobaci\u00f3n se realiza mediante la denominada asimilaci\u00f3n de la materia de llenado a l\u00edquidos patrones. El campo de aplicaci\u00f3n se describe en 4.1.1.21.1. del ADR. Contacta con nosotros M\u00e1s seguro Reutilizable Sostenible \u00bfC\u00f3mo asimilo una sustancia?La asimilaci\u00f3n se debe hacer como sigue (ver tambi\u00e9n el diagrama de la figura 4.1.1.21.1 del ADR): 1. Determinar el n\u00famero ONU y el grupo de embalaje de la sustancia. 2.&hellip;<\/p>\n","category_list_v2":"","author_info_v2":{"name":"Best4u","url":"https:\/\/varibox.best4u.dev\/es\/author\/best4u\/"},"comments_num_v2":"0 comments","acf":[],"_links":{"self":[{"href":"https:\/\/varibox.best4u.dev\/es\/wp-json\/wp\/v2\/pages\/53075","targetHints":{"allow":["GET"]}}],"collection":[{"href":"https:\/\/varibox.best4u.dev\/es\/wp-json\/wp\/v2\/pages"}],"about":[{"href":"https:\/\/varibox.best4u.dev\/es\/wp-json\/wp\/v2\/types\/page"}],"author":[{"embeddable":true,"href":"https:\/\/varibox.best4u.dev\/es\/wp-json\/wp\/v2\/users\/1"}],"replies":[{"embeddable":true,"href":"https:\/\/varibox.best4u.dev\/es\/wp-json\/wp\/v2\/comments?post=53075"}],"version-history":[{"count":1,"href":"https:\/\/varibox.best4u.dev\/es\/wp-json\/wp\/v2\/pages\/53075\/revisions"}],"predecessor-version":[{"id":53076,"href":"https:\/\/varibox.best4u.dev\/es\/wp-json\/wp\/v2\/pages\/53075\/revisions\/53076"}],"wp:attachment":[{"href":"https:\/\/varibox.best4u.dev\/es\/wp-json\/wp\/v2\/media?parent=53075"}],"curies":[{"name":"wp","href":"https:\/\/api.w.org\/{rel}","templated":true}]}}