{"id":53066,"date":"2021-11-23T17:06:32","date_gmt":"2021-11-23T16:06:32","guid":{"rendered":"https:\/\/varibox.best4u.dev\/amoniaco-en-un-grg\/"},"modified":"2024-11-08T11:40:22","modified_gmt":"2024-11-08T10:40:22","slug":"amoniaco-en-un-grg","status":"publish","type":"page","link":"https:\/\/varibox.best4u.dev\/es\/amoniaco-en-un-grg\/","title":{"rendered":"Amoniaco en un GRG"},"content":{"rendered":"\n<div class=\"wp-block-ugb-columns ugb-columns ugb-0d5d96e ugb-columns--design-plain ugb-columns--columns-2 ugb-main-block\"><style>.ugb-0d5d96e > .ugb-inner-block > .ugb-block-content > .ugb-columns__item{grid-template-columns:1.40fr 0.60fr !important}@media screen and (min-width:768px){.ugb-0d5d96e.ugb-columns{margin-bottom:83px !important}}@media screen and (max-width:768px){.ugb-0d5d96e-content-wrapper{grid-row-gap:0 !important}}<\/style><div class=\"ugb-inner-block\"><div class=\"ugb-block-content\"><div class=\"ugb-columns__item ugb-0d5d96e-content-wrapper\">\n<div class=\"wp-block-ugb-column ugb-column ugb-b383129 ugb-column--design-plain ugb-main-block\"><div class=\"ugb-inner-block\"><div class=\"ugb-block-content\"><div class=\"ugb-column__item ugb-b383129-column-wrapper\"><div class=\"ugb-column__content-wrapper\">\n<div class=\"wp-block-ugb-heading ugb-heading wow animate__animated animate__fadeIn ugb-bcdb7f0 ugb-main-block\"><style>.ugb-bcdb7f0 .ugb-heading__subtitle{margin-bottom:-5px !important}<\/style><div class=\"ugb-inner-block\"><div class=\"ugb-block-content\"><h1 class=\"ugb-heading__title\">\u00bfQu\u00e9 concentraci\u00f3n de amoniaco puede transportarse en un IBC?<\/h1><p class=\"ugb-heading__subtitle\">Bienvenidos en esta FAQ csobre amoniaco en un GRG. El ADR enumera la soluci\u00f3n de amon\u00edaco con una concentraci\u00f3n entre el 10% y el 35% como UN 2672. Y el ADR nos dice que se puede transportar el producto UN2672 en un IBC. \u00bfSignifica esto que puede transportar amon\u00edaco al 25% en un IBC? \u00a1No, no puedes hacerlo!<\/p><\/div><\/div><\/div>\n\n\n\n<div class=\"wp-block-ugb-button ugb-button-wrapper green-button wow animate__animated animate__fadeIn ugb-3258bec ugb-button--mobile-aligned ugb-main-block\"><style>.ugb-3258bec .ugb-block-content{justify-content:flex-start !important}.ugb-3258bec .ugb-button1 .ugb-button--inner{font-weight:bold !important}.ugb-3258bec .ugb-button1:hover{opacity:1}.ugb-3258bec .ugb-inner-block{text-align:left}@media screen and (min-width:768px){.ugb-3258bec.ugb-button-wrapper{margin-bottom:0px !important}}@media screen and (max-width:768px){.ugb-3258bec .ugb-block-content{justify-content:center !important}.ugb-3258bec .ugb-inner-block{text-align:center}}<\/style><div class=\"ugb-inner-block\"><div class=\"ugb-block-content\"><div class=\"ugb-button-container\"><a class=\"ugb-button1 ugb-button ugb-button--size-normal\" href=\"https:\/\/varibox.best4u.dev\/es\/contacto\/\" rel=\"\" title=\"\"><span class=\"ugb-button--inner\">  Contacta con nosotros  <\/span><\/a><\/div><\/div><\/div><\/div>\n<\/div><\/div><\/div><\/div><\/div>\n\n\n\n<div class=\"wp-block-ugb-column ugb-column ugb-e882f9a ugb-column--design-plain ugb-main-block\"><style>@media screen and (max-width:768px){.ugb-e882f9a .ugb-inner-block{text-align:center}}<\/style><div class=\"ugb-inner-block\"><div class=\"ugb-block-content\"><div class=\"ugb-column__item ugb-e882f9a-column-wrapper\"><div class=\"ugb-column__content-wrapper\">\n<figure class=\"wp-block-image size-full wow animate__animated animate__fadeIn\"><img decoding=\"async\" src=\"https:\/\/varibox.best4u.dev\/wp-content\/uploads\/2024\/10\/VARIBOX-Full-Containment-4.png\" alt=\"VARIBOX Full Containment\" class=\"wp-image-10758\"\/><\/figure>\n<\/div><\/div><\/div><\/div><\/div>\n<\/div><\/div><\/div><\/div>\n\n\n\n<div class=\"alignfull wp-block-ugb-container ugb-container ugb-25beaa0 ugb-container--v2 ugb-container--design-plain ugb-main-block ugb-main-block--inner-center ugb--has-block-background\"><style>.ugb-25beaa0.ugb-container{background-color:var(--theme-palette-color-7,#F9FAFB)}.ugb-25beaa0.ugb-container:before{background-color:var(--theme-palette-color-7,#F9FAFB)}@media screen and (min-width:768px){.ugb-25beaa0-content-wrapper.ugb-container__content-wrapper{width:85% !important}.ugb-25beaa0.ugb-container{margin-bottom:0px !important;padding-top:0px !important;padding-right:35px !important;padding-bottom:0px !important;padding-left:35px !important}}@media screen and (min-width:768px) and (max-width:1025px){.ugb-25beaa0-content-wrapper.ugb-container__content-wrapper{width:100% !important}}@media screen and (max-width:768px){.ugb-25beaa0.ugb-container{margin-bottom:0px !important;padding-top:0px !important;padding-right:18px !important;padding-bottom:0px !important;padding-left:18px !important}}@media screen and (min-width:768px){.ugb-25beaa0 > .ugb-inner-block > .ugb-block-content > *{padding-top:40px !important;padding-bottom:40px !important}}@media screen and (max-width:768px){.ugb-25beaa0 > .ugb-inner-block > .ugb-block-content > *{padding-top:35px !important;padding-bottom:0px !important}}<\/style><div class=\"ugb-inner-block ugb-inner-block--center\"><div class=\"ugb-block-content\"><div class=\"ugb-container__wrapper ugb-25beaa0-wrapper\"><div class=\"ugb-container__side\"><div class=\"ugb-container__content-wrapper ugb-25beaa0-content-wrapper\">\n<div class=\"aligncenter wp-block-ugb-columns ugb-columns top-icons-columns ugb-609d063 ugb-columns--design-plain ugb-columns--columns-3 ugb-main-block\"><style>.ugb-609d063-content-wrapper{grid-column-gap:15px !important}@media screen and (min-width:768px) and (max-width:1025px){.ugb-609d063-content-wrapper{grid-column-gap:0px !important}}@media screen and (max-width:768px){.ugb-609d063-content-wrapper{grid-row-gap:0 !important;grid-column-gap:0px !important}.ugb-609d063 .ugb-inner-block{text-align:center}.ugb-609d063.ugb-columns{margin-top:0px !important;margin-bottom:0px !important}}<\/style><div class=\"ugb-inner-block\"><div class=\"ugb-block-content\"><div class=\"ugb-columns__item ugb-609d063-content-wrapper\">\n<div class=\"wp-block-ugb-column ugb-column ugb-aa84cea ugb-column--design-plain ugb-main-block\"><div class=\"ugb-inner-block\"><div class=\"ugb-block-content\"><div class=\"ugb-column__item ugb-aa84cea-column-wrapper\"><div class=\"ugb-column__content-wrapper\">\n<div class=\"wp-block-group is-layout-flow wp-block-group-is-layout-flow\">\n<div class=\"wp-block-media-text alignwide is-stacked-on-mobile is-vertically-aligned-center content-pages-top-icons\" style=\"grid-template-columns:30% auto\"><figure class=\"wp-block-media-text__media\"><img decoding=\"async\" src=\"https:\/\/varibox.best4u.dev\/wp-content\/uploads\/2021\/12\/test.svg\" alt=\"\" class=\"wp-image-3005 size-full\"\/><\/figure><div class=\"wp-block-media-text__content\">\n<h4 class=\"wp-block-heading has-text-align-left has-medium-font-size\">M\u00e1s seguro<\/h4>\n<\/div><\/div>\n<\/div>\n<\/div><\/div><\/div><\/div><\/div>\n\n\n\n<div class=\"wp-block-ugb-column ugb-column ugb-a25ba9c ugb-column--design-plain ugb-main-block\"><div class=\"ugb-inner-block\"><div class=\"ugb-block-content\"><div class=\"ugb-column__item ugb-a25ba9c-column-wrapper\"><div class=\"ugb-column__content-wrapper\">\n<div class=\"wp-block-group is-layout-flow wp-block-group-is-layout-flow\">\n<div class=\"wp-block-media-text alignwide is-stacked-on-mobile is-vertically-aligned-center content-pages-top-icons\" style=\"grid-template-columns:30% auto\"><figure class=\"wp-block-media-text__media\"><img decoding=\"async\" src=\"https:\/\/varibox.best4u.dev\/wp-content\/uploads\/2021\/11\/reuseablility-green-1.svg\" alt=\"\" class=\"wp-image-1838 size-full\"\/><\/figure><div class=\"wp-block-media-text__content\">\n<h4 class=\"wp-block-heading has-text-align-left has-medium-font-size\">Reutilizable<\/h4>\n<\/div><\/div>\n<\/div>\n<\/div><\/div><\/div><\/div><\/div>\n\n\n\n<div class=\"wp-block-ugb-column ugb-column ugb-ed3faa1 ugb-column--design-plain ugb-main-block\"><div class=\"ugb-inner-block\"><div class=\"ugb-block-content\"><div class=\"ugb-column__item ugb-ed3faa1-column-wrapper\"><div class=\"ugb-column__content-wrapper\">\n<div class=\"wp-block-group is-layout-flow wp-block-group-is-layout-flow\">\n<div class=\"wp-block-media-text alignwide is-stacked-on-mobile is-vertically-aligned-center content-pages-top-icons\" style=\"grid-template-columns:29% auto\"><figure class=\"wp-block-media-text__media\"><img decoding=\"async\" src=\"https:\/\/varibox.best4u.dev\/wp-content\/uploads\/2021\/11\/sustainability-green-1.svg\" alt=\"\" class=\"wp-image-1851 size-full\"\/><\/figure><div class=\"wp-block-media-text__content\">\n<h4 class=\"wp-block-heading has-text-align-left has-medium-font-size\">Sostenible<\/h4>\n<\/div><\/div>\n<\/div>\n<\/div><\/div><\/div><\/div><\/div>\n<\/div><\/div><\/div><\/div>\n<\/div><\/div><\/div><\/div><\/div><\/div>\n\n\n\n<div class=\"alignfull wp-block-ugb-container ugb-container ugb-0591a81 ugb-container--v2 ugb-container--design-plain ugb-main-block ugb-main-block--inner-center ugb--has-block-background ugb--has-background-overlay\"><style>.ugb-0591a81.ugb-container{background-color:var(--theme-palette-color-8,#f8fafc)}.ugb-0591a81.ugb-container:before{background-image:linear-gradient(180deg,var(--theme-palette-color-8,#f8fafc) 0%,#ffffff 100%)}@media screen and (min-width:768px){.ugb-0591a81.ugb-container{padding-top:0px !important;padding-right:35px !important;padding-bottom:0px !important;padding-left:35px !important}}@media screen and (min-width:768px){.ugb-0591a81 > .ugb-inner-block > .ugb-block-content > *{padding-top:64px !important;padding-bottom:64px !important}}<\/style><div class=\"ugb-inner-block ugb-inner-block--center\"><div class=\"ugb-block-content\"><div class=\"ugb-container__wrapper ugb-0591a81-wrapper\"><div class=\"ugb-container__side\"><div class=\"ugb-container__content-wrapper ugb-0591a81-content-wrapper\">\n<div class=\"wp-block-ugb-heading ugb-heading wow animate__animated animate__fadeIn ugb-435a208 ugb-main-block\"><style>.ugb-435a208 .ugb-heading__title{text-align:center}.ugb-435a208 .ugb-inner-block{text-align:center}<\/style><div class=\"ugb-inner-block\"><div class=\"ugb-block-content\"><h2 class=\"ugb-heading__title\">\u00bfQu\u00e9 es la presi\u00f3n de vapor?<\/h2><p class=\"ugb-heading__subtitle\">La soluci\u00f3n de amoniaco es un producto con una alta presi\u00f3n de vapor. La presi\u00f3n de vapor es la presi\u00f3n del vapor sobre un l\u00edquido en un recipiente cerrado. Esta presi\u00f3n se acumula por la evaporaci\u00f3n del l\u00edquido en este recipiente cerrado y cuanto mayor sea la temperatura, mayor ser\u00e1 esta presi\u00f3n. El ADR calcula la presi\u00f3n de prueba hidr\u00e1ulica que deben soportar los embalajes en funci\u00f3n de la presi\u00f3n de vapor de los l\u00edquidos que se van a cargar en estos embalajes. Y hay un l\u00edmite para esta presi\u00f3n.<\/p><\/div><\/div><\/div>\n\n\n\n<div class=\"wp-block-ugb-heading ugb-heading wow animate__animated animate__fadeIn ugb-92ba1e7 ugb-main-block\"><style>.ugb-92ba1e7 .ugb-heading__title{text-align:center}.ugb-92ba1e7 .ugb-inner-block{text-align:center}<\/style><div class=\"ugb-inner-block\"><div class=\"ugb-block-content\"><h2 class=\"ugb-heading__title\">\u00bfD\u00f3nde limita el ADR la presi\u00f3n de vapor en los IBC?<\/h2><p class=\"ugb-heading__subtitle\">En 4.1.1.10, el ADR restringe el uso de GRG para productos qu\u00edmicos con una presi\u00f3n de vapor superior a 110 kPa (1,1 bar) a 50 \u00b0 C o 130 kPa (1,3 bar) a 55 \u00b0 C. Est\u00e1 escrito en la \u00faltima frase de este p\u00e1rrafo, despu\u00e9s de las explicaciones sobre c\u00f3mo vincular la presi\u00f3n de prueba hidr\u00e1ulica de los embalajes con la presi\u00f3n de vapor de los l\u00edquidos que se van a cargar. <a href=\"http:\/\/www.unece.org\/trans\/danger\/publi\/adr\/adr2019\/19contentse.html\" target=\"_blank\" rel=\"noreferrer noopener\"><strong>Consulte el ADR para conocer la redacci\u00f3n exacta de 4.1.1.10<\/strong>.<\/a> Por lo tanto, el ADR nos dice que los IBC no se deben usar para l\u00edquidos con una presi\u00f3n de vapor superior a 110 kPa a 50 \u00b0 C. El amon\u00edaco al 25% tiene una presi\u00f3n de vapor de ~ 154 kPa a 50 \u00b0 C, claramente por encima del l\u00edmite establecido en el ADR. Por lo tanto, no puede transportarse amon\u00edaco al 25% en un IBC<\/p><\/div><\/div><\/div>\n\n\n\n<div class=\"wp-block-ugb-heading ugb-heading wow animate__animated animate__fadeIn ugb-fee9f5c ugb-main-block\"><style>.ugb-fee9f5c .ugb-heading__title{text-align:center}.ugb-fee9f5c .ugb-inner-block{text-align:center}<\/style><div class=\"ugb-inner-block\"><div class=\"ugb-block-content\"><h2 class=\"ugb-heading__title\">\u00bfQu\u00e9 concentraci\u00f3n de amon\u00edaco puede transportarse en un IBC?<\/h2><p class=\"ugb-heading__subtitle\">La interpelaci\u00f3n de las presiones de vapor de las soluciones de amon\u00edaco nos dice que concentraciones de hasta el 20% se mantienen por debajo de la presi\u00f3n de vapor m\u00e1xima de 110 kPa. A concentraciones m\u00e1s altas, la presi\u00f3n de vapor excede este l\u00edmite. Los datos de presi\u00f3n de vapor pueden varias seg\u00fan la fuente. La presi\u00f3n de vapor exacta de su soluci\u00f3n debe calcularse sobre la base de los datos de presi\u00f3n de vapor del amoniaco suministrado por su proveedor.<\/p><\/div><\/div><\/div>\n\n\n\n<figure class=\"wp-block-image alignfull size-full wow animate__animated animate__fadeIn\"><img decoding=\"async\" src=\"https:\/\/varibox.best4u.dev\/wp-content\/uploads\/2024\/10\/Ammonia-in-an-IBC-1-717x508-1.png\" alt=\"Amoniaco en un GRG\" class=\"wp-image-2331\"\/><\/figure>\n\n\n\n<div class=\"wp-block-ugb-heading ugb-heading wow animate__animated animate__fadeIn ugb-f10e890 ugb-main-block\"><style>.ugb-f10e890 .ugb-heading__title{text-align:center}.ugb-f10e890 .ugb-inner-block{text-align:center}@media screen and (min-width:768px){.ugb-f10e890.ugb-heading{margin-top:100px !important}}<\/style><div class=\"ugb-inner-block\"><div class=\"ugb-block-content\"><h2 class=\"ugb-heading__title\">Verifique la presi\u00f3n de vapor de su soluci\u00f3n de amon\u00edaco<\/h2><p class=\"ugb-heading__subtitle\">El ADR limita la concentraci\u00f3n de amoniaco (ONU 2672) al 20%. Por lo tanto, verifique la presi\u00f3n de vapor de su soluci\u00f3n de amon\u00edaco para asegurarse de que esta presi\u00f3n de vapor no exceda este l\u00edmite establecido en el ADR. <\/p><\/div><\/div><\/div>\n\n\n\n<h2 class=\"wp-block-heading\" id=\"no-pudo-encontrar-su-respuesta-en-las-faq-amoniaco-en-un-grg\">\u00bfNo pudo encontrar su respuesta en las FAQ Amoniaco en un GRG?<\/h2>\n\n\n\n<p>Los IBC seguros y reutilizables VARIBOX se usan para diferentes aplicaciones en diversos mercados. Puede que su pregunta\/respuesta no est\u00e9 incluida en esta secci\u00f3n de soporte. Si es as\u00ed, p\u00f3ngase en contacto con nuestro Servicio de atenci\u00f3n al cliente, estaremos encantados poder ayudarle.<\/p>\n\n\n\n<div class=\"wp-block-ugb-button ugb-button-wrapper green-button animate__animated animate__fadeIn ugb-ee16d32 ugb-button--mobile-aligned ugb-main-block\"><style>.ugb-ee16d32 .ugb-block-content{justify-content:center !important}.ugb-ee16d32 .ugb-button1 .ugb-button--inner{font-weight:bold !important}.ugb-ee16d32 .ugb-button1:hover{opacity:1}.ugb-ee16d32 .ugb-inner-block{text-align:center}@media screen and (min-width:768px){.ugb-ee16d32.ugb-button-wrapper{margin-bottom:0px !important}}@media screen and (max-width:768px){.ugb-ee16d32 .ugb-block-content{justify-content:center !important}.ugb-ee16d32 .ugb-inner-block{text-align:center}}<\/style><div class=\"ugb-inner-block\"><div class=\"ugb-block-content\"><div class=\"ugb-button-container\"><a class=\"ugb-button1 ugb-button ugb-button--size-normal\" href=\"https:\/\/varibox.best4u.dev\/es\/contacto\/\" rel=\"\" title=\"\"><span class=\"ugb-button--inner\">Contacta con nosotros<\/span><\/a><\/div><\/div><\/div><\/div>\n<\/div><\/div><\/div><\/div><\/div><\/div>\n\n\n\n<p><\/p>\n","protected":false},"excerpt":{"rendered":"<p>\u00bfQu\u00e9 concentraci\u00f3n de amoniaco puede transportarse en un IBC? Bienvenidos en esta FAQ csobre amoniaco en un GRG. El ADR enumera la soluci\u00f3n de amon\u00edaco con una concentraci\u00f3n entre el 10% y el 35% como UN 2672. Y el ADR nos dice que se puede transportar el producto UN2672 en un IBC. \u00bfSignifica esto que [&hellip;]<\/p>\n","protected":false},"author":1,"featured_media":28662,"parent":0,"menu_order":0,"comment_status":"open","ping_status":"open","template":"","meta":{"_acf_changed":false,"footnotes":""},"class_list":["post-53066","page","type-page","status-publish","has-post-thumbnail","hentry"],"blocksy_meta":{"styles_descriptor":{"styles":{"desktop":"","tablet":"","mobile":""},"google_fonts":[],"version":6}},"featured_image_urls_v2":{"full":["https:\/\/varibox.best4u.dev\/wp-content\/uploads\/2024\/10\/Ammonia-in-an-IBC-1-717x508-1.png",717,508,false],"thumbnail":["https:\/\/varibox.best4u.dev\/wp-content\/uploads\/2024\/10\/Ammonia-in-an-IBC-1-717x508-1-256x256.png",256,256,true],"medium":["https:\/\/varibox.best4u.dev\/wp-content\/uploads\/2024\/10\/Ammonia-in-an-IBC-1-717x508-1-512x363.png",512,363,true],"medium_large":["https:\/\/varibox.best4u.dev\/wp-content\/uploads\/2024\/10\/Ammonia-in-an-IBC-1-717x508-1.png",717,508,false],"large":["https:\/\/varibox.best4u.dev\/wp-content\/uploads\/2024\/10\/Ammonia-in-an-IBC-1-717x508-1.png",717,508,false],"1536x1536":["https:\/\/varibox.best4u.dev\/wp-content\/uploads\/2024\/10\/Ammonia-in-an-IBC-1-717x508-1.png",717,508,false],"2048x2048":["https:\/\/varibox.best4u.dev\/wp-content\/uploads\/2024\/10\/Ammonia-in-an-IBC-1-717x508-1.png",717,508,false],"woocommerce_archive_thumbnail":["https:\/\/varibox.best4u.dev\/wp-content\/uploads\/2024\/10\/Ammonia-in-an-IBC-1-717x508-1-270x191.png",270,191,true],"gform-image-choice-sm":["https:\/\/varibox.best4u.dev\/wp-content\/uploads\/2024\/10\/Ammonia-in-an-IBC-1-717x508-1.png",300,213,false],"gform-image-choice-md":["https:\/\/varibox.best4u.dev\/wp-content\/uploads\/2024\/10\/Ammonia-in-an-IBC-1-717x508-1.png",400,283,false],"gform-image-choice-lg":["https:\/\/varibox.best4u.dev\/wp-content\/uploads\/2024\/10\/Ammonia-in-an-IBC-1-717x508-1.png",600,425,false],"woocommerce_thumbnail":["https:\/\/varibox.best4u.dev\/wp-content\/uploads\/2024\/10\/Ammonia-in-an-IBC-1-717x508-1-270x191.png",270,191,true],"woocommerce_single":["https:\/\/varibox.best4u.dev\/wp-content\/uploads\/2024\/10\/Ammonia-in-an-IBC-1-717x508-1.png",717,508,false],"woocommerce_gallery_thumbnail":["https:\/\/varibox.best4u.dev\/wp-content\/uploads\/2024\/10\/Ammonia-in-an-IBC-1-717x508-1-100x100.png",100,100,true],"variation_swatches_image_size":["https:\/\/varibox.best4u.dev\/wp-content\/uploads\/2024\/10\/Ammonia-in-an-IBC-1-717x508-1-50x50.png",50,50,true],"variation_swatches_tooltip_size":["https:\/\/varibox.best4u.dev\/wp-content\/uploads\/2024\/10\/Ammonia-in-an-IBC-1-717x508-1-100x100.png",100,100,true]},"post_excerpt_stackable_v2":"<p>\u00bfQu\u00e9 concentraci\u00f3n de amoniaco puede transportarse en un IBC?Bienvenidos en esta FAQ csobre amoniaco en un GRG. El ADR enumera la soluci\u00f3n de amon\u00edaco con una concentraci\u00f3n entre el 10% y el 35% como UN 2672. Y el ADR nos dice que se puede transportar el producto UN2672 en un IBC. \u00bfSignifica esto que puede transportar amon\u00edaco al 25% en un IBC? \u00a1No, no puedes hacerlo! Contacta con nosotros M\u00e1s seguro Reutilizable Sostenible \u00bfQu\u00e9 es la presi\u00f3n de vapor?La soluci\u00f3n de amoniaco es un producto con una alta presi\u00f3n de vapor. La presi\u00f3n de vapor es la presi\u00f3n del vapor&hellip;<\/p>\n","category_list_v2":"","author_info_v2":{"name":"Best4u","url":"https:\/\/varibox.best4u.dev\/es\/author\/best4u\/"},"comments_num_v2":"0 comments","acf":[],"_links":{"self":[{"href":"https:\/\/varibox.best4u.dev\/es\/wp-json\/wp\/v2\/pages\/53066","targetHints":{"allow":["GET"]}}],"collection":[{"href":"https:\/\/varibox.best4u.dev\/es\/wp-json\/wp\/v2\/pages"}],"about":[{"href":"https:\/\/varibox.best4u.dev\/es\/wp-json\/wp\/v2\/types\/page"}],"author":[{"embeddable":true,"href":"https:\/\/varibox.best4u.dev\/es\/wp-json\/wp\/v2\/users\/1"}],"replies":[{"embeddable":true,"href":"https:\/\/varibox.best4u.dev\/es\/wp-json\/wp\/v2\/comments?post=53066"}],"version-history":[{"count":1,"href":"https:\/\/varibox.best4u.dev\/es\/wp-json\/wp\/v2\/pages\/53066\/revisions"}],"predecessor-version":[{"id":53067,"href":"https:\/\/varibox.best4u.dev\/es\/wp-json\/wp\/v2\/pages\/53066\/revisions\/53067"}],"wp:featuredmedia":[{"embeddable":true,"href":"https:\/\/varibox.best4u.dev\/es\/wp-json\/wp\/v2\/media\/28662"}],"wp:attachment":[{"href":"https:\/\/varibox.best4u.dev\/es\/wp-json\/wp\/v2\/media?parent=53066"}],"curies":[{"name":"wp","href":"https:\/\/api.w.org\/{rel}","templated":true}]}}