{"id":52978,"date":"2021-11-26T14:04:39","date_gmt":"2021-11-26T13:04:39","guid":{"rendered":"https:\/\/varibox.best4u.dev\/gracias\/"},"modified":"2024-11-08T11:40:20","modified_gmt":"2024-11-08T10:40:20","slug":"gracias","status":"publish","type":"page","link":"https:\/\/varibox.best4u.dev\/es\/gracias\/","title":{"rendered":"Gracias"},"content":{"rendered":"\n<div class=\"wp-block-ugb-heading ugb-heading ugb-de4fb53 ugb-main-block\"><style>.ugb-de4fb53 .ugb-heading__title{text-align:left;margin-bottom:24px !important}.ugb-de4fb53 .ugb-heading__subtitle{margin-bottom:64px !important}.ugb-de4fb53 .ugb-inner-block{text-align:left}@media screen and (min-width:768px){.ugb-de4fb53.ugb-heading{margin-bottom:0px !important}}@media screen and (max-width:1025px){.ugb-de4fb53 .ugb-heading__title{text-align:center}.ugb-de4fb53 .ugb-inner-block{text-align:center}}@media screen and (max-width:768px){.ugb-de4fb53 .ugb-heading__title{text-align:center}.ugb-de4fb53 .ugb-heading__subtitle{text-align:center;margin-bottom:0px !important}.ugb-de4fb53 .ugb-inner-block{text-align:center}.ugb-de4fb53.ugb-heading{margin-bottom:0px !important}}<\/style><div class=\"ugb-inner-block\"><div class=\"ugb-block-content\"><h1 class=\"ugb-heading__title\">Gracias<\/h1><p class=\"ugb-heading__subtitle\"><br>Gracias por su solicitud. Su mensaje ha sido enviado. Le agradecemos su confianza. Nos pondremos en contacto con usted lo antes posible.<br><br>\u00bfDesea ver experiencias contadas sobre la integraci\u00f3n de nuestros contenedores en otras aplicaciones y productos qu\u00edmicos? Por favor, eche un vistazo a nuestros casos de clientes para conocer lo que pueden ofrecer nuestros contenedores intermedios a granel VARIBOX.<br><br><\/p><\/div><\/div><\/div>\n\n\n\n<h2 class=\"wp-block-heading\">M\u00e1s informaci\u00f3n sobre los IBC VARIBOX<\/h2>\n\n\n\n<p>\u00bfSab\u00eda que nuestra andadura comenz\u00f3 en los a\u00f1os sesenta? Inspirados por los nuevos materiales y tecnolog\u00edas descubiertos en los a\u00f1os 60, un grupo de empresarios fund\u00f3 nuestra empresa en 1966. Fue el punto de partida del proceso de rotomoldeo y la exploraci\u00f3n de las nuevas posibilidades que ofrec\u00edan los pl\u00e1sticos de polietileno. Durante estos a\u00f1os, se crearon f\u00e1bricas de moldeo rotacional en los Pa\u00edses Bajos, Francia, Alemania y el Reino Unido, empresas que se fusionar\u00edan en una sola, a\u00f1os m\u00e1s tarde, para formar la organizaci\u00f3n que somos hoy.<\/p>\n\n\n\n<p>Las posibilidades de la nueva tecnolog\u00eda pronto dieron paso a innovaciones en el envasado seguro de productos qu\u00edmicos. Se introdujeron nuevos productos como bidones, cilindros, silos y tanques de polietileno, que r\u00e1pidamente encontraron su lugar en la industria qu\u00edmica. Los productos de polietileno han demostrado ser fuertes y duraderos a la hora de dispensar productos qu\u00edmicos de forma segura. En los a\u00f1os 70, ideamos el primer IBC aprobado oficialmente por la ONU para el transporte de mercanc\u00edas peligrosas. S\u00f3lo dos a\u00f1os despu\u00e9s de la entrada en vigor del Tratado ADR de las Naciones Unidas. Pioneros, seguimos apostando por la innovaci\u00f3n, en los a\u00f1os 90, nuestros ingenieros desarrollaron el primer GRG fabricado \u00edntegramente en pl\u00e1stico, sustituyendo la jaula de acero. A partir de ese momento, no s\u00f3lo el contenedor interior era robusto y resistente, sino que la construcci\u00f3n externa tambi\u00e9n pod\u00eda soportar la exposici\u00f3n qu\u00edmica y el desgaste. Todas esas innovaciones y conocimientos condujeron en 2012 a las nuevas generaciones de IBC para productos qu\u00edmicos: el VARIBOX.<\/p>\n\n\n\n<div class=\"aligncenter wp-block-ugb-button ugb-button-wrapper blue-button ugb-8f342f2 ugb-button--mobile-aligned ugb-main-block\"><style>.ugb-8f342f2 .ugb-block-content{justify-content:center !important}.ugb-8f342f2 .ugb-button1 .ugb-button--inner{font-size:16px !important;font-weight:bold !important}.ugb-8f342f2 .ugb-button1{padding-top:10px;padding-right:50px;padding-bottom:10px;padding-left:50px;border-radius:5px !important}.ugb-8f342f2 .ugb-button1:hover{background-color:;opacity:1}.ugb-8f342f2 .ugb-button1:before{content:\"\";background-image:linear-gradient(90deg,,);border-radius:5px !important}.ugb-8f342f2 .ugb-inner-block{text-align:center}@media screen and (min-width:768px){.ugb-8f342f2.ugb-button-wrapper{margin-bottom:0px !important}}@media screen and (max-width:768px){.ugb-8f342f2 .ugb-block-content{justify-content:center !important}.ugb-8f342f2 .ugb-inner-block{text-align:center}}<\/style><div class=\"ugb-inner-block\"><div class=\"ugb-block-content\"><div class=\"ugb-button-container\"><a class=\"ugb-button1 ugb-button ugb-button--size-large ugb-button--ghost-to-normal-effect ugb-button--design-ghost\" href=\"\/es\/sobre-nuestros-grg-varibox\/\" target=\"_blank\" rel=\"noopener noreferrer\" title=\"\"><span class=\"ugb-button--inner\">Leer m\u00e1s<\/span><\/a><\/div><\/div><\/div><\/div>\n\n\n\n<div class=\"wp-block-ugb-container ugb-container ugb-8a738f5 ugb-container--v2 ugb-container--design-basic ugb-main-block\"><style>.ugb-8a738f5-wrapper.ugb-container__wrapper{border-radius:0px !important}.ugb-8a738f5 .ugb-inner-block{text-align:left}@media screen and (min-width:768px){.ugb-8a738f5.ugb-container{margin-bottom:0px !important}}@media screen and (max-width:768px){.ugb-8a738f5.ugb-container{padding-top:0px !important;padding-bottom:0px !important}}@media screen and (min-width:768px){.ugb-8a738f5 > .ugb-inner-block > .ugb-block-content > *{padding-top:64px !important;padding-bottom:64px !important;padding-right:0px !important;padding-left:0px !important}}@media screen and (max-width:768px){.ugb-8a738f5 > .ugb-inner-block > .ugb-block-content > *{padding-top:40px !important;padding-right:0px !important;padding-bottom:0px !important;padding-left:0px !important}}<\/style><div class=\"ugb-inner-block\"><div class=\"ugb-block-content\"><div class=\"ugb-container__wrapper ugb-8a738f5-wrapper ugb--shadow-0\"><div class=\"ugb-container__side\"><div class=\"ugb-container__content-wrapper ugb-8a738f5-content-wrapper\">\n<div class=\"wp-block-ugb-heading ugb-heading wow animate__animated animate__fadeIn ugb-b504904 ugb-main-block\"><style>.ugb-b504904 .ugb-heading__title{text-align:center;margin-bottom:0px !important}.ugb-b504904 .ugb-inner-block{text-align:center}@media screen and (min-width:768px){.ugb-b504904.ugb-heading{margin-bottom:33px !important}}<\/style><div class=\"ugb-inner-block\"><div class=\"ugb-block-content\"><h2 class=\"ugb-heading__title\">Descubre nuestras \u00faltimas historias y noticias<\/h2><\/div><\/div><\/div>\n\n\n\n<div class=\"wp-block-ugb-blog-posts ugb-blog-posts wow animate__animated animate__fadeIn ugb-a2cfb9e ugb-blog-posts--v2 ugb-blog-posts--design-basic ugb-blog-posts--columns-3 ugb-main-block\"><style>.ugb-a2cfb9e .ugb-blog-posts__featured-image{border-radius:8px !important;margin-bottom:32px !important}.ugb-a2cfb9e .ugb-blog-posts__featured-image img{height:208px !important}.ugb-a2cfb9e .ugb-blog-posts__title a{color:var(--theme-palette-color-3,#334155) !important}.ugb-a2cfb9e .ugb-blog-posts__title a:hover{opacity:0.8}.ugb-a2cfb9e .ugb-blog-posts__title{line-height:1.2em !important;margin-bottom:16px !important}.ugb-a2cfb9e .ugb-blog-posts__excerpt,.ugb-a2cfb9e .ugb-blog-posts__excerpt p{line-height:1.5em !important}.ugb-a2cfb9e .ugb-blog-posts__excerpt{margin-bottom:0px !important}.ugb-a2cfb9e .ugb-blog-posts__readmore a{color:var(--theme-palette-color-1,#0178be) !important}.ugb-a2cfb9e .ugb-blog-posts__readmore a:hover{opacity:0.8}.ugb-a2cfb9e .ugb-blog-posts__readmore{margin-bottom:0px !important}@media screen and (max-width:768px){.ugb-a2cfb9e.ugb-blog-posts{margin-bottom:0px !important}}<\/style><div class=\"ugb-inner-block\"><div class=\"ugb-block-content\"><article class=\"ugb-blog-posts__item\"><div class=\"ugb-blog-posts__content\"><figure class=\"ugb-blog-posts__featured-image ugb--shadow-3\"><a href=\"https:\/\/varibox.best4u.dev\/es\/story\/varibox-y-tensid-chemie-2\/\"><img decoding=\"async\" width=\"1024\" height=\"768\" src=\"https:\/\/varibox.best4u.dev\/wp-content\/uploads\/2025\/05\/VARIBOX-Tensid-and-Refresco-1-scaled-1-1024x768.jpg\" class=\"attachment-large size-large wp-post-image\" alt=\"\" \/><\/a><\/figure><h4 class=\"ugb-blog-posts__title\"><a href=\"https:\/\/varibox.best4u.dev\/es\/story\/varibox-y-tensid-chemie-2\/\">VARIBOX y Tensid-Chemie<\/a><\/h4><div class=\"ugb-blog-posts__excerpt\"><p>VARIBOX y Tensid-Chemie &#8211; Nos complace informarle hoy de una nueva asociaci\u00f3n.<\/p>\n<\/div><p class=\"ugb-blog-posts__readmore\"><a href=\"https:\/\/varibox.best4u.dev\/es\/story\/varibox-y-tensid-chemie-2\/\">Leer m\u00e1s<\/a><\/p><\/div><\/article><article class=\"ugb-blog-posts__item\"><div class=\"ugb-blog-posts__content\"><figure class=\"ugb-blog-posts__featured-image ugb--shadow-3\"><a href=\"https:\/\/varibox.best4u.dev\/es\/story\/entrevista-de-la-aecq-a-varibox\/\"><img decoding=\"async\" width=\"1024\" height=\"691\" src=\"https:\/\/varibox.best4u.dev\/wp-content\/uploads\/2025\/05\/VARIBOX.jpg\" class=\"attachment-large size-large wp-post-image\" alt=\"\" \/><\/a><\/figure><h4 class=\"ugb-blog-posts__title\"><a href=\"https:\/\/varibox.best4u.dev\/es\/story\/entrevista-de-la-aecq-a-varibox\/\">Entrevista de la AECQ a VARIBOX<\/a><\/h4><div class=\"ugb-blog-posts__excerpt\"><p>Entrevista de la AECQ a VARIBOXLa Asociaci\u00f3n Espa\u00f1ola del Comercio Qu\u00edmico (AECQ) ha entrevistado hoy a nuestro responsable comercial para el sur de Europa, Christophe Maricourt. VARIBOX es una conocida marca de dise\u00f1o y fabricaci\u00f3n de envases qu\u00edmicos seguros, reutilizables y sostenibles para el transporte y almacenamiento de productos qu\u00edmicos y detergentes industriales. VARIBOX tiene dos plantas de producci\u00f3n de rotomoldeo, una en Montoir-de-Bretagne, Francia y otra en Deventer, Pa\u00edses Bajos. Nos destacamos por ofrecer contenedores GRG\/IBC y sistemas innovadores que garantizan la seguridad, reutilizaci\u00f3n y sostenibilidad en el transporte y almacenaje de sustancias peligrosas. Nuestros productos est\u00e1n dise\u00f1ados para&hellip;<\/p>\n<\/div><p class=\"ugb-blog-posts__readmore\"><a href=\"https:\/\/varibox.best4u.dev\/es\/story\/entrevista-de-la-aecq-a-varibox\/\">Leer m\u00e1s<\/a><\/p><\/div><\/article><article class=\"ugb-blog-posts__item\"><div class=\"ugb-blog-posts__content\"><figure class=\"ugb-blog-posts__featured-image ugb--shadow-3\"><a href=\"https:\/\/varibox.best4u.dev\/es\/story\/varibox-en-la-11a-edicion-de-la-diversey-academy\/\"><img decoding=\"async\" width=\"1024\" height=\"768\" src=\"https:\/\/varibox.best4u.dev\/wp-content\/uploads\/2025\/05\/IMG_5863-scaled-1-1024x768.jpg\" class=\"attachment-large size-large wp-post-image\" alt=\"\" \/><\/a><\/figure><h4 class=\"ugb-blog-posts__title\"><a href=\"https:\/\/varibox.best4u.dev\/es\/story\/varibox-en-la-11a-edicion-de-la-diversey-academy\/\">VARIBOX en la 11\u00aa edici\u00f3n de la Diversey Academy<\/a><\/h4><div class=\"ugb-blog-posts__excerpt\"><p>VARIBOX en la 11\u00aa edici\u00f3n de la Diversey Academy<\/p>\n<\/div><p class=\"ugb-blog-posts__readmore\"><a href=\"https:\/\/varibox.best4u.dev\/es\/story\/varibox-en-la-11a-edicion-de-la-diversey-academy\/\">Leer m\u00e1s<\/a><\/p><\/div><\/article><\/div><\/div><\/div>\n<\/div><\/div><\/div><\/div><\/div><\/div>\n\n\n\n<h2 class=\"wp-block-heading\">\u00bfQuiere saber m\u00e1s sobre el soporte VARIBOX?<\/h2>\n\n\n\n<p>\u00bfSab\u00eda que tambi\u00e9n puede encontrar informaci\u00f3n \u00fatil en esta p\u00e1gina web? En el apartado Soporte, encontrar\u00e1 v\u00eddeos tutoriales, preguntas frecuentes y documentos sobre normativas.<\/p>\n\n\n\n<div class=\"wp-block-ugb-button ugb-button-wrapper green-button wow animate__animated animate__fadeIn ugb-1340c84 ugb-main-block\"><style>.ugb-1340c84 .ugb-block-content{justify-content:center !important}.ugb-1340c84 .ugb-button1 .ugb-button--inner{font-weight:bold !important}.ugb-1340c84 .ugb-button1:hover{opacity:1}.ugb-1340c84 .ugb-inner-block{text-align:center}@media screen and (min-width:768px){.ugb-1340c84.ugb-button-wrapper{margin-top:0px !important;margin-bottom:0px !important;padding-bottom:0px !important}}<\/style><div class=\"ugb-inner-block\"><div class=\"ugb-block-content\"><div class=\"ugb-button-container\"><a class=\"ugb-button1 ugb-button ugb-button--size-normal\" href=\"\/es\/soporte-varibox\/\" target=\"_blank\" rel=\"noopener noreferrer\" title=\"\"><span class=\"ugb-button--inner\"> Soporte <\/span><\/a><\/div><\/div><\/div><\/div>\n\n\n\n<p><\/p>\n\n\n\n<p><\/p>\n","protected":false},"excerpt":{"rendered":"<p>Gracias Gracias por su solicitud. Su mensaje ha sido enviado. Le agradecemos su confianza. Nos pondremos en contacto con usted lo antes posible. \u00bfDesea ver experiencias contadas sobre la integraci\u00f3n de nuestros contenedores en otras aplicaciones y productos qu\u00edmicos? Por favor, eche un vistazo a nuestros casos de clientes para conocer lo que pueden ofrecer [&hellip;]<\/p>\n","protected":false},"author":1,"featured_media":44104,"parent":0,"menu_order":0,"comment_status":"open","ping_status":"open","template":"","meta":{"_acf_changed":false,"footnotes":""},"class_list":["post-52978","page","type-page","status-publish","has-post-thumbnail","hentry"],"blocksy_meta":{"styles_descriptor":{"styles":{"desktop":"","tablet":"","mobile":""},"google_fonts":[],"version":6}},"featured_image_urls_v2":{"full":["https:\/\/varibox.best4u.dev\/wp-content\/uploads\/2022\/07\/VARIBOX-Drumtainer.png",600,400,false],"thumbnail":["https:\/\/varibox.best4u.dev\/wp-content\/uploads\/2022\/07\/VARIBOX-Drumtainer-256x256.png",256,256,true],"medium":["https:\/\/varibox.best4u.dev\/wp-content\/uploads\/2022\/07\/VARIBOX-Drumtainer-512x341.png",512,341,true],"medium_large":["https:\/\/varibox.best4u.dev\/wp-content\/uploads\/2022\/07\/VARIBOX-Drumtainer.png",600,400,false],"large":["https:\/\/varibox.best4u.dev\/wp-content\/uploads\/2022\/07\/VARIBOX-Drumtainer.png",600,400,false],"1536x1536":["https:\/\/varibox.best4u.dev\/wp-content\/uploads\/2022\/07\/VARIBOX-Drumtainer.png",600,400,false],"2048x2048":["https:\/\/varibox.best4u.dev\/wp-content\/uploads\/2022\/07\/VARIBOX-Drumtainer.png",600,400,false],"woocommerce_archive_thumbnail":["https:\/\/varibox.best4u.dev\/wp-content\/uploads\/2022\/07\/VARIBOX-Drumtainer-270x180.png",270,180,true],"gform-image-choice-sm":["https:\/\/varibox.best4u.dev\/wp-content\/uploads\/2022\/07\/VARIBOX-Drumtainer.png",300,200,false],"gform-image-choice-md":["https:\/\/varibox.best4u.dev\/wp-content\/uploads\/2022\/07\/VARIBOX-Drumtainer.png",400,267,false],"gform-image-choice-lg":["https:\/\/varibox.best4u.dev\/wp-content\/uploads\/2022\/07\/VARIBOX-Drumtainer.png",600,400,false],"woocommerce_thumbnail":["https:\/\/varibox.best4u.dev\/wp-content\/uploads\/2022\/07\/VARIBOX-Drumtainer-270x180.png",270,180,true],"woocommerce_single":["https:\/\/varibox.best4u.dev\/wp-content\/uploads\/2022\/07\/VARIBOX-Drumtainer.png",600,400,false],"woocommerce_gallery_thumbnail":["https:\/\/varibox.best4u.dev\/wp-content\/uploads\/2022\/07\/VARIBOX-Drumtainer-100x100.png",100,100,true],"variation_swatches_image_size":["https:\/\/varibox.best4u.dev\/wp-content\/uploads\/2022\/07\/VARIBOX-Drumtainer-50x50.png",50,50,true],"variation_swatches_tooltip_size":["https:\/\/varibox.best4u.dev\/wp-content\/uploads\/2022\/07\/VARIBOX-Drumtainer-100x100.png",100,100,true]},"post_excerpt_stackable_v2":"<p>GraciasGracias por su solicitud. Su mensaje ha sido enviado. Le agradecemos su confianza. Nos pondremos en contacto con usted lo antes posible.\u00bfDesea ver experiencias contadas sobre la integraci\u00f3n de nuestros contenedores en otras aplicaciones y productos qu\u00edmicos? Por favor, eche un vistazo a nuestros casos de clientes para conocer lo que pueden ofrecer nuestros contenedores intermedios a granel VARIBOX. M\u00e1s informaci\u00f3n sobre los IBC VARIBOX \u00bfSab\u00eda que nuestra andadura comenz\u00f3 en los a\u00f1os sesenta? Inspirados por los nuevos materiales y tecnolog\u00edas descubiertos en los a\u00f1os 60, un grupo de empresarios fund\u00f3 nuestra empresa en 1966. Fue el punto de partida&hellip;<\/p>\n","category_list_v2":"","author_info_v2":{"name":"Best4u","url":"https:\/\/varibox.best4u.dev\/es\/author\/best4u\/"},"comments_num_v2":"0 comments","acf":[],"_links":{"self":[{"href":"https:\/\/varibox.best4u.dev\/es\/wp-json\/wp\/v2\/pages\/52978","targetHints":{"allow":["GET"]}}],"collection":[{"href":"https:\/\/varibox.best4u.dev\/es\/wp-json\/wp\/v2\/pages"}],"about":[{"href":"https:\/\/varibox.best4u.dev\/es\/wp-json\/wp\/v2\/types\/page"}],"author":[{"embeddable":true,"href":"https:\/\/varibox.best4u.dev\/es\/wp-json\/wp\/v2\/users\/1"}],"replies":[{"embeddable":true,"href":"https:\/\/varibox.best4u.dev\/es\/wp-json\/wp\/v2\/comments?post=52978"}],"version-history":[{"count":1,"href":"https:\/\/varibox.best4u.dev\/es\/wp-json\/wp\/v2\/pages\/52978\/revisions"}],"predecessor-version":[{"id":52986,"href":"https:\/\/varibox.best4u.dev\/es\/wp-json\/wp\/v2\/pages\/52978\/revisions\/52986"}],"wp:featuredmedia":[{"embeddable":true,"href":"https:\/\/varibox.best4u.dev\/es\/wp-json\/wp\/v2\/media\/44104"}],"wp:attachment":[{"href":"https:\/\/varibox.best4u.dev\/es\/wp-json\/wp\/v2\/media?parent=52978"}],"curies":[{"name":"wp","href":"https:\/\/api.w.org\/{rel}","templated":true}]}}