{"id":52870,"date":"2021-12-22T13:32:36","date_gmt":"2021-12-22T12:32:36","guid":{"rendered":"https:\/\/varibox.best4u.dev\/conexion-del-safeline-performance\/"},"modified":"2024-11-08T11:40:19","modified_gmt":"2024-11-08T10:40:19","slug":"conexion-del-safeline-performance","status":"publish","type":"page","link":"https:\/\/varibox.best4u.dev\/es\/conexion-del-safeline-performance\/","title":{"rendered":"Safeline Performance"},"content":{"rendered":"\n<div class=\"wp-block-ugb-columns ugb-columns ugb-0d5d96e ugb-columns--design-plain ugb-columns--columns-2 ugb-main-block\"><style>.ugb-0d5d96e > .ugb-inner-block > .ugb-block-content > .ugb-columns__item{grid-template-columns:1.40fr 0.60fr !important}@media screen and (min-width:768px){.ugb-0d5d96e.ugb-columns{margin-bottom:83px !important}}@media screen and (max-width:768px){.ugb-0d5d96e-content-wrapper{grid-row-gap:0 !important}}<\/style><div class=\"ugb-inner-block\"><div class=\"ugb-block-content\"><div class=\"ugb-columns__item ugb-0d5d96e-content-wrapper\">\n<div class=\"wp-block-ugb-column ugb-column ugb-b383129 ugb-column--design-plain ugb-main-block\"><div class=\"ugb-inner-block\"><div class=\"ugb-block-content\"><div class=\"ugb-column__item ugb-b383129-column-wrapper\"><div class=\"ugb-column__content-wrapper\">\n<div class=\"wp-block-ugb-heading ugb-heading wow animate__animated animate__fadeIn ugb-bcdb7f0 ugb-main-block\"><style>.ugb-bcdb7f0 .ugb-heading__subtitle{margin-bottom:-5px !important}<\/style><div class=\"ugb-inner-block\"><div class=\"ugb-block-content\"><h1 class=\"ugb-heading__title\">Conexi\u00f3n del Safeline Performance<\/h1><p class=\"ugb-heading__subtitle\">Conexion del Safeline Performance &#8211; La seguridad en el transporte y almacenaje de productos qu\u00edmicos es el principio b\u00e1sico para el cual se han ideado y desarrollado los contenedores para mercanc\u00edas a granel intermedios (IBC) VARIBOX. Para garantizar la seguridad al utilizar nuestros contenedores, todos nuestros IBC pueden equiparse con el sistema VARIBOX Safeline. El sistema VARIBOX Safeline es un sistema f\u00e1cil de usar que combina tubos extractores con acoples. Los tubos extractores se colocan en un punto espec\u00edfico del VARIBOX. Mediante la uni\u00f3n del acople al tubo extractor, el VARIBOX puede conectarse a su sistema de bomba.<\/p><\/div><\/div><\/div>\n\n\n\n<div class=\"wp-block-ugb-button ugb-button-wrapper green-button animate__animated animate__fadeIn ugb-806ed74 ugb-button--mobile-aligned ugb-main-block\"><style>.ugb-806ed74 .ugb-block-content{justify-content:flex-start !important}.ugb-806ed74 .ugb-button1 .ugb-button--inner{font-weight:bold !important}.ugb-806ed74 .ugb-button1:hover{opacity:1}.ugb-806ed74 .ugb-inner-block{text-align:left}@media screen and (min-width:768px){.ugb-806ed74.ugb-button-wrapper{margin-bottom:0px !important}}@media screen and (max-width:768px){.ugb-806ed74 .ugb-block-content{justify-content:center !important}.ugb-806ed74 .ugb-inner-block{text-align:center}}<\/style><div class=\"ugb-inner-block\"><div class=\"ugb-block-content\"><div class=\"ugb-button-container\"><a class=\"ugb-button1 ugb-button ugb-button--size-normal\" href=\"https:\/\/varibox.best4u.dev\/es\/contacto\/\" rel=\"\" title=\"\"><span class=\"ugb-button--inner\">Contacta con nosotros<\/span><\/a><\/div><\/div><\/div><\/div>\n<\/div><\/div><\/div><\/div><\/div>\n\n\n\n<div class=\"wp-block-ugb-column ugb-column ugb-e882f9a ugb-column--design-plain ugb-main-block\"><style>@media screen and (max-width:768px){.ugb-e882f9a .ugb-inner-block{text-align:center}}<\/style><div class=\"ugb-inner-block\"><div class=\"ugb-block-content\"><div class=\"ugb-column__item ugb-e882f9a-column-wrapper\"><div class=\"ugb-column__content-wrapper\">\n<figure class=\"wp-block-image size-full wow animate__animated animate__fadeIn\"><img decoding=\"async\" src=\"https:\/\/varibox.best4u.dev\/wp-content\/uploads\/2024\/10\/VARIBOX-Safeline-2.png\" alt=\"Conexi\u00f3n del Safeline Performance\" class=\"wp-image-10796\"\/><\/figure>\n<\/div><\/div><\/div><\/div><\/div>\n<\/div><\/div><\/div><\/div>\n\n\n\n<div class=\"alignfull wp-block-ugb-container ugb-container ugb-25beaa0 ugb-container--v2 ugb-container--design-plain ugb-main-block ugb-main-block--inner-center ugb--has-block-background\"><style>.ugb-25beaa0.ugb-container{background-color:var(--theme-palette-color-7,#F9FAFB)}.ugb-25beaa0.ugb-container:before{background-color:var(--theme-palette-color-7,#F9FAFB)}@media screen and (min-width:768px){.ugb-25beaa0-content-wrapper.ugb-container__content-wrapper{width:85% !important}.ugb-25beaa0.ugb-container{margin-bottom:0px !important;padding-top:0px !important;padding-right:35px !important;padding-bottom:0px !important;padding-left:35px !important}}@media screen and (min-width:768px) and (max-width:1025px){.ugb-25beaa0-content-wrapper.ugb-container__content-wrapper{width:100% !important}}@media screen and (max-width:768px){.ugb-25beaa0.ugb-container{margin-bottom:0px !important;padding-top:0px !important;padding-right:18px !important;padding-bottom:0px !important;padding-left:18px !important}}@media screen and (min-width:768px){.ugb-25beaa0 > .ugb-inner-block > .ugb-block-content > *{padding-top:40px !important;padding-bottom:40px !important}}@media screen and (max-width:768px){.ugb-25beaa0 > .ugb-inner-block > .ugb-block-content > *{padding-top:35px !important;padding-bottom:0px !important}}<\/style><div class=\"ugb-inner-block ugb-inner-block--center\"><div class=\"ugb-block-content\"><div class=\"ugb-container__wrapper ugb-25beaa0-wrapper\"><div class=\"ugb-container__side\"><div class=\"ugb-container__content-wrapper ugb-25beaa0-content-wrapper\">\n<div class=\"aligncenter wp-block-ugb-columns ugb-columns top-icons-columns ugb-609d063 ugb-columns--design-plain ugb-columns--columns-3 ugb-main-block\"><style>.ugb-609d063-content-wrapper{grid-column-gap:15px !important}@media screen and (min-width:768px) and (max-width:1025px){.ugb-609d063-content-wrapper{grid-column-gap:0px !important}}@media screen and (max-width:768px){.ugb-609d063-content-wrapper{grid-row-gap:0 !important;grid-column-gap:0px !important}.ugb-609d063 .ugb-inner-block{text-align:center}.ugb-609d063.ugb-columns{margin-top:0px !important;margin-bottom:0px !important}}<\/style><div class=\"ugb-inner-block\"><div class=\"ugb-block-content\"><div class=\"ugb-columns__item ugb-609d063-content-wrapper\">\n<div class=\"wp-block-ugb-column ugb-column ugb-aa84cea ugb-column--design-plain ugb-main-block\"><div class=\"ugb-inner-block\"><div class=\"ugb-block-content\"><div class=\"ugb-column__item ugb-aa84cea-column-wrapper\"><div class=\"ugb-column__content-wrapper\">\n<div class=\"wp-block-group is-layout-flow wp-block-group-is-layout-flow\">\n<div class=\"wp-block-media-text alignwide is-stacked-on-mobile is-vertically-aligned-center content-pages-top-icons\" style=\"grid-template-columns:30% auto\"><figure class=\"wp-block-media-text__media\"><img decoding=\"async\" src=\"https:\/\/varibox.best4u.dev\/wp-content\/uploads\/2021\/12\/test.svg\" alt=\"\" class=\"wp-image-3005 size-full\"\/><\/figure><div class=\"wp-block-media-text__content\">\n<h4 class=\"wp-block-heading has-text-align-left has-medium-font-size\">M\u00e1s seguro<\/h4>\n<\/div><\/div>\n<\/div>\n<\/div><\/div><\/div><\/div><\/div>\n\n\n\n<div class=\"wp-block-ugb-column ugb-column ugb-a25ba9c ugb-column--design-plain ugb-main-block\"><div class=\"ugb-inner-block\"><div class=\"ugb-block-content\"><div class=\"ugb-column__item ugb-a25ba9c-column-wrapper\"><div class=\"ugb-column__content-wrapper\">\n<div class=\"wp-block-group is-layout-flow wp-block-group-is-layout-flow\">\n<div class=\"wp-block-media-text alignwide is-stacked-on-mobile is-vertically-aligned-center content-pages-top-icons\" style=\"grid-template-columns:30% auto\"><figure class=\"wp-block-media-text__media\"><img decoding=\"async\" src=\"https:\/\/varibox.best4u.dev\/wp-content\/uploads\/2021\/11\/reuseablility-green-1.svg\" alt=\"\" class=\"wp-image-1838 size-full\"\/><\/figure><div class=\"wp-block-media-text__content\">\n<h4 class=\"wp-block-heading has-text-align-left has-medium-font-size\">Reutilizable<\/h4>\n<\/div><\/div>\n<\/div>\n<\/div><\/div><\/div><\/div><\/div>\n\n\n\n<div class=\"wp-block-ugb-column ugb-column ugb-ed3faa1 ugb-column--design-plain ugb-main-block\"><div class=\"ugb-inner-block\"><div class=\"ugb-block-content\"><div class=\"ugb-column__item ugb-ed3faa1-column-wrapper\"><div class=\"ugb-column__content-wrapper\">\n<div class=\"wp-block-group is-layout-flow wp-block-group-is-layout-flow\">\n<div class=\"wp-block-media-text alignwide is-stacked-on-mobile is-vertically-aligned-center content-pages-top-icons\" style=\"grid-template-columns:29% auto\"><figure class=\"wp-block-media-text__media\"><img decoding=\"async\" src=\"https:\/\/varibox.best4u.dev\/wp-content\/uploads\/2021\/11\/sustainability-green-1.svg\" alt=\"\" class=\"wp-image-1851 size-full\"\/><\/figure><div class=\"wp-block-media-text__content\">\n<h4 class=\"wp-block-heading has-text-align-left has-medium-font-size\">Sostenible<\/h4>\n<\/div><\/div>\n<\/div>\n<\/div><\/div><\/div><\/div><\/div>\n<\/div><\/div><\/div><\/div>\n<\/div><\/div><\/div><\/div><\/div><\/div>\n\n\n\n<div class=\"alignfull wp-block-ugb-container ugb-container ugb-0591a81 ugb-container--v2 ugb-container--design-plain ugb-main-block ugb-main-block--inner-center ugb--has-block-background ugb--has-background-overlay\"><style>.ugb-0591a81.ugb-container{background-color:var(--theme-palette-color-8,#f8fafc)}.ugb-0591a81.ugb-container:before{background-image:linear-gradient(180deg,var(--theme-palette-color-8,#f8fafc) 0%,#ffffff 100%)}@media screen and (min-width:768px){.ugb-0591a81-content-wrapper.ugb-container__content-wrapper{width:70% !important}.ugb-0591a81.ugb-container{padding-top:0px !important;padding-right:35px !important;padding-bottom:0px !important;padding-left:35px !important}}@media screen and (min-width:768px){.ugb-0591a81 > .ugb-inner-block > .ugb-block-content > *{padding-top:64px !important;padding-bottom:64px !important}}<\/style><div class=\"ugb-inner-block ugb-inner-block--center\"><div class=\"ugb-block-content\"><div class=\"ugb-container__wrapper ugb-0591a81-wrapper\"><div class=\"ugb-container__side\"><div class=\"ugb-container__content-wrapper ugb-0591a81-content-wrapper\">\n<h2 class=\"wp-block-heading wow animate__animated animate__fadeIn\" id=\"varibox-safeline-performance\">VARIBOX Safeline Performance<\/h2>\n\n\n\n<p>El Safeline Performance ha sido desarrollado especialmente para operaciones de descarga de grandes vol\u00famenes con una capacidad de vaciado de 20 litros por minuto. El Safeline Performance est\u00e1 disponible en EPDM y Viton. Ambos tubos y cabezales son de polietileno.<\/p>\n\n\n\n<p>La versi\u00f3n EPDM tiene un color rojo y una forma redonda. El acople correspondiente tambi\u00e9n es <strong><em>de color rojo y de forma redonda<\/em><\/strong>.<\/p>\n\n\n\n<p>La versi\u00f3n Viton tiene un color verde y tiene una forma de 12 \u00e1ngulos. El acople correspondiente tambi\u00e9n es de <strong><em>color verde<\/em><\/strong> y de <em><strong>forma de 12 \u00e1ngulos.<\/strong><\/em><\/p>\n\n\n\n<blockquote class=\"wp-block-quote is-layout-flow wp-block-quote-is-layout-flow\">\n<p>Se han dise\u00f1ado los tubos y acoples con diferentes formas y colores para minimizar el riesgo de conexiones incorrectas.<\/p>\n<\/blockquote>\n\n\n\n<p>Despu\u00e9s las operacines de descarga, solo quedan 0,1 litro de residuos en el VARIBOX y 0,4 litro en el tubo extractor. Estas cantidades se basan en agua y pueden variar seg\u00fan las condiciones de uso y el tipo de producto qu\u00edmico.<\/p>\n\n\n\n<figure class=\"wp-block-embed is-type-video is-provider-youtube wp-block-embed-youtube wp-embed-aspect-16-9 wp-has-aspect-ratio\"><div class=\"wp-block-embed__wrapper\">\n<iframe title=\"VARIBOX conexi\u00f3n del Safeline Performance\" width=\"1200\" height=\"675\" src=\"https:\/\/www.youtube.com\/embed\/fUV3fUqciu4?feature=oembed\" frameborder=\"0\" allow=\"accelerometer; autoplay; clipboard-write; encrypted-media; gyroscope; picture-in-picture; web-share\" referrerpolicy=\"strict-origin-when-cross-origin\" allowfullscreen><\/iframe>\n<\/div><\/figure>\n\n\n\n<h3 class=\"wp-block-heading wow animate__animated animate__fadeIn\" id=\"sistema-cerrado-simple-y-logico\">Sistema cerrado simple y l\u00f3gico<\/h3>\n\n\n\n<p>El sistema VARIBOX Safeline es un sistema intuitivo y f\u00e1cil de usar que ha sido dise\u00f1ado teniendo en cuenta la simplicidad y la m\u00e1xima funcionabilidad. Consta de tubos extractores y acoples. El sistema Safeline crea un sistema cerrado sin fuga. Esto significa que la tapa superior del VARIBOX siempre permanece cerrada durante el transporte y el proceso de descarga.<\/p>\n\n\n\n<p>El proveedor llena el VARIBOX con un producto qu\u00edmico por la tapa superior. Se equipa el VARIBOX con el sistema Safeline. El tubo extractor y otras opciones espec\u00edficas al contenedor est\u00e1n listos para su uso y se precinta el VARIBOX. A partir de este momento el contenedor permanece completamente cerrado hasta llegar a la planta del cliente. Lo que garantiza la seguridad durante el transporte.<\/p>\n\n\n\n<p>Cuando se entrega a su cliente, el VARIBOX todav\u00eda est\u00e1 cerrado y precintado. Con una carretilla elevadora o una transpaleta puede transportarse con seguridad desde el cami\u00f3n al lugar de almacenamiento o proceso de producci\u00f3n. El VARIBOX puede colocarse en cualquier lugar deseado ya que tiene una contenci\u00f3n de derrames integrada. Cuando el VARIBOX se conecte al sistema de bomba a\u00fan no necesita abrirse. Solo se necesita conectar el acople al punto de conexi\u00f3n ubicado en la parte superior del VARIBOX. Durante la operaci\u00f3n de descarga, no se requiere tampoco realizar ninguna acci\u00f3n de apertura sobre la tapa superior de rosca o el contenedor en s\u00ed. Esto asegura que sus operarios y clientes no entren en contacto con los productos qu\u00edmicos.<\/p>\n\n\n\n<p>Una vez vaciado por completo el contenedor utilizando el sistema Safeline sin fuga, el contenedor sigue cerrado. Incluso al desconectar el VARIBOX del sistema de bomba, no requiere realizarse operaci\u00f3n en la tapa de rosca o en el contenedor. Solo necesita desconectar el acople del punto de conexi\u00f3n en la parte superior del contenedorde forma segura y seca. Luego puede moverse el contenedor de manera segura ya que gracias a su dise\u00f1o \u00fanico quedar\u00e1 menos de 1 litro de residuos en el VARIBOX. Esto permite una log\u00edstica inversa fiable y segura.<\/p>\n\n\n\n<p>Adem\u00e1s, el sistema VARIBOX Safeline asegura que el contenedor no haya sido contaminado durante las operaciones de transporte, descarga o retorno del envase. Como beneficio se reduce considerablemente el proceso de lavado del VARIBOX previa a las operaciones de llenado.<\/p>\n\n\n\n<h3 class=\"wp-block-heading has-text-align-center wow animate__animated animate__fadeIn\" id=\"mas-informacion\">\u00bfNo pudo encontrar su respuesta en las FAQ Conexion del Safeline Performance?<\/h3>\n\n\n\n<p>Los IBC seguros y reutilizables VARIBOX se usan para diferentes aplicaciones en diversos mercados. Puede que su pregunta\/respuesta no est\u00e9 incluida en esta secci\u00f3n de soporte. Si es as\u00ed, p\u00f3ngase en contacto con nuestro Servicio de atenci\u00f3n al cliente, estaremos encantados poder ayudarle.<\/p>\n\n\n\n<div class=\"wp-block-ugb-button ugb-button-wrapper green-button animate__animated animate__fadeIn ugb-8156285 ugb-button--mobile-aligned ugb-main-block\"><style>.ugb-8156285 .ugb-block-content{justify-content:center !important}.ugb-8156285 .ugb-button1 .ugb-button--inner{font-weight:bold !important}.ugb-8156285 .ugb-button1:hover{opacity:1}.ugb-8156285 .ugb-inner-block{text-align:center}@media screen and (min-width:768px){.ugb-8156285.ugb-button-wrapper{margin-bottom:0px !important}}@media screen and (max-width:768px){.ugb-8156285 .ugb-block-content{justify-content:center !important}.ugb-8156285 .ugb-inner-block{text-align:center}}<\/style><div class=\"ugb-inner-block\"><div class=\"ugb-block-content\"><div class=\"ugb-button-container\"><a class=\"ugb-button1 ugb-button ugb-button--size-normal\" href=\"https:\/\/varibox.best4u.dev\/es\/contacto\/\" rel=\"\" title=\"\"><span class=\"ugb-button--inner\">Contacta con nosotros<\/span><\/a><\/div><\/div><\/div><\/div>\n<\/div><\/div><\/div><\/div><\/div><\/div>\n","protected":false},"excerpt":{"rendered":"<p>Conexi\u00f3n del Safeline Performance Conexion del Safeline Performance &#8211; La seguridad en el transporte y almacenaje de productos qu\u00edmicos es el principio b\u00e1sico para el cual se han ideado y desarrollado los contenedores para mercanc\u00edas a granel intermedios (IBC) VARIBOX. Para garantizar la seguridad al utilizar nuestros contenedores, todos nuestros IBC pueden equiparse con el [&hellip;]<\/p>\n","protected":false},"author":1,"featured_media":27304,"parent":0,"menu_order":0,"comment_status":"open","ping_status":"open","template":"","meta":{"_acf_changed":false,"footnotes":""},"class_list":["post-52870","page","type-page","status-publish","has-post-thumbnail","hentry"],"blocksy_meta":{"styles_descriptor":{"styles":{"desktop":"","tablet":"","mobile":""},"google_fonts":[],"version":6}},"featured_image_urls_v2":{"full":["https:\/\/varibox.best4u.dev\/wp-content\/uploads\/2024\/10\/VARIBOX-Safeline-2.png",325,370,false],"thumbnail":["https:\/\/varibox.best4u.dev\/wp-content\/uploads\/2024\/10\/VARIBOX-Safeline-2-256x256.png",256,256,true],"medium":["https:\/\/varibox.best4u.dev\/wp-content\/uploads\/2024\/10\/VARIBOX-Safeline-2.png",325,370,false],"medium_large":["https:\/\/varibox.best4u.dev\/wp-content\/uploads\/2024\/10\/VARIBOX-Safeline-2.png",325,370,false],"large":["https:\/\/varibox.best4u.dev\/wp-content\/uploads\/2024\/10\/VARIBOX-Safeline-2.png",325,370,false],"1536x1536":["https:\/\/varibox.best4u.dev\/wp-content\/uploads\/2024\/10\/VARIBOX-Safeline-2.png",325,370,false],"2048x2048":["https:\/\/varibox.best4u.dev\/wp-content\/uploads\/2024\/10\/VARIBOX-Safeline-2.png",325,370,false],"woocommerce_archive_thumbnail":["https:\/\/varibox.best4u.dev\/wp-content\/uploads\/2024\/10\/VARIBOX-Safeline-2-270x307.png",270,307,true],"gform-image-choice-sm":["https:\/\/varibox.best4u.dev\/wp-content\/uploads\/2024\/10\/VARIBOX-Safeline-2.png",264,300,false],"gform-image-choice-md":["https:\/\/varibox.best4u.dev\/wp-content\/uploads\/2024\/10\/VARIBOX-Safeline-2.png",325,370,false],"gform-image-choice-lg":["https:\/\/varibox.best4u.dev\/wp-content\/uploads\/2024\/10\/VARIBOX-Safeline-2.png",325,370,false],"woocommerce_thumbnail":["https:\/\/varibox.best4u.dev\/wp-content\/uploads\/2024\/10\/VARIBOX-Safeline-2-270x307.png",270,307,true],"woocommerce_single":["https:\/\/varibox.best4u.dev\/wp-content\/uploads\/2024\/10\/VARIBOX-Safeline-2.png",325,370,false],"woocommerce_gallery_thumbnail":["https:\/\/varibox.best4u.dev\/wp-content\/uploads\/2024\/10\/VARIBOX-Safeline-2-100x100.png",100,100,true],"variation_swatches_image_size":["https:\/\/varibox.best4u.dev\/wp-content\/uploads\/2024\/10\/VARIBOX-Safeline-2-50x50.png",50,50,true],"variation_swatches_tooltip_size":["https:\/\/varibox.best4u.dev\/wp-content\/uploads\/2024\/10\/VARIBOX-Safeline-2-100x100.png",100,100,true]},"post_excerpt_stackable_v2":"<p>Conexi\u00f3n del Safeline PerformanceConexion del Safeline Performance &#8211; La seguridad en el transporte y almacenaje de productos qu\u00edmicos es el principio b\u00e1sico para el cual se han ideado y desarrollado los contenedores para mercanc\u00edas a granel intermedios (IBC) VARIBOX. Para garantizar la seguridad al utilizar nuestros contenedores, todos nuestros IBC pueden equiparse con el sistema VARIBOX Safeline. El sistema VARIBOX Safeline es un sistema f\u00e1cil de usar que combina tubos extractores con acoples. Los tubos extractores se colocan en un punto espec\u00edfico del VARIBOX. Mediante la uni\u00f3n del acople al tubo extractor, el VARIBOX puede conectarse a su sistema de&hellip;<\/p>\n","category_list_v2":"","author_info_v2":{"name":"Best4u","url":"https:\/\/varibox.best4u.dev\/es\/author\/best4u\/"},"comments_num_v2":"0 comments","acf":[],"_links":{"self":[{"href":"https:\/\/varibox.best4u.dev\/es\/wp-json\/wp\/v2\/pages\/52870","targetHints":{"allow":["GET"]}}],"collection":[{"href":"https:\/\/varibox.best4u.dev\/es\/wp-json\/wp\/v2\/pages"}],"about":[{"href":"https:\/\/varibox.best4u.dev\/es\/wp-json\/wp\/v2\/types\/page"}],"author":[{"embeddable":true,"href":"https:\/\/varibox.best4u.dev\/es\/wp-json\/wp\/v2\/users\/1"}],"replies":[{"embeddable":true,"href":"https:\/\/varibox.best4u.dev\/es\/wp-json\/wp\/v2\/comments?post=52870"}],"version-history":[{"count":1,"href":"https:\/\/varibox.best4u.dev\/es\/wp-json\/wp\/v2\/pages\/52870\/revisions"}],"predecessor-version":[{"id":52871,"href":"https:\/\/varibox.best4u.dev\/es\/wp-json\/wp\/v2\/pages\/52870\/revisions\/52871"}],"wp:featuredmedia":[{"embeddable":true,"href":"https:\/\/varibox.best4u.dev\/es\/wp-json\/wp\/v2\/media\/27304"}],"wp:attachment":[{"href":"https:\/\/varibox.best4u.dev\/es\/wp-json\/wp\/v2\/media?parent=52870"}],"curies":[{"name":"wp","href":"https:\/\/api.w.org\/{rel}","templated":true}]}}