{"id":70194,"date":"2025-07-29T10:19:09","date_gmt":"2025-07-29T08:19:09","guid":{"rendered":"https:\/\/varibox.best4u.dev\/product\/varibox-single-containment-1000l\/"},"modified":"2025-10-09T14:15:12","modified_gmt":"2025-10-09T12:15:12","slug":"varibox-single-containment-1000l","status":"publish","type":"product","link":"https:\/\/varibox.best4u.dev\/de\/produkt\/varibox-single-containment-1000l\/","title":{"rendered":"VARIBOX Single Containment 1000L"},"content":{"rendered":"<p>Die VARIBOX Single Containment (SC) ist ein wiederverwendbarer Intermediate Bulk Container (IBC), der eine 10-mal l\u00e4ngere Lebensdauer hat als andere IBCs.<\/p>\n<h2>Sicherer und sorgloser Umgang mit Chemikalien<\/h2>\n<p>Wenn Sie mit gef\u00e4hrlichen Chemikalien arbeiten, brauchen Sie eine Verpackung, der Sie vertrauen k\u00f6nnen. Die VARIBOX Single Containment 1000L (SC) wurde entwickelt, um Ihnen zu helfen, Fl\u00fcssigkeiten sicher und problemlos zu lagern und zu transportieren. Die robuste Struktur und das geschlossene System reduzieren das Risiko des Versch\u00fcttens, der Exposition und der Kontamination. Was ihn wirklich auszeichnet, ist das integrierte VARIBOX-Kugelventil &#8211; ein starkes, geschlossenes Ventil mit einer Lebensdauer von bis zu 5 Jahren. Dieses Ventil sorgt daf\u00fcr, dass Ihr Produkt immer im Beh\u00e4lter bleibt und sch\u00fctzt sowohl Ihre Mitarbeiter als auch die Umwelt. Das vollst\u00e4ndig UN-zertifizierte SC ist ideal f\u00fcr den Einsatz in umz\u00e4unten Gebieten und erf\u00fcllt alle Anforderungen f\u00fcr den Transport von Gefahrgut in Europa. Sie k\u00f6nnen sich darauf verlassen &#8211; egal ob Sie einen, zwei oder mehrere Beh\u00e4lter ben\u00f6tigen.<\/p>\n<h2>Langlebig, wiederverwendbar und f\u00fcr den t\u00e4glichen Gebrauch konzipiert<\/h2>\n<p>Die VARIBOX SC ist f\u00fcr den wiederholten, langfristigen Gebrauch konzipiert, nicht f\u00fcr den Wegwerfbetrieb. Mit einer Lebensdauer von bis zu 10 Jahren ist dieser IBC eine solide Investition f\u00fcr jeden Profi, der regelm\u00e4\u00dfig mit Chemikalien arbeitet. Er ist aus hochdichtem Polyethylen (HDPE) im Rotationsgussverfahren hergestellt, was die Struktur dick, sto\u00dffest und korrosionsfrei macht. Der Beh\u00e4lter l\u00e4sst sich vollst\u00e4ndig entleeren, wobei weniger als 0,1 % R\u00fcckst\u00e4nde zur\u00fcckbleiben, was ihn sauber und kosteneffizient macht. Es sind sowohl 1&#8243;- als auch 2&#8243;-Ventilkonfigurationen erh\u00e4ltlich, und dank seiner Standard-Palettenstellfl\u00e4che (1200 x 1000 mm) l\u00e4sst er sich leicht mit Gabelstaplern oder Hubwagen handhaben. Zur einfachen Identifizierung des Inhalts ist eine Farbcodierung erh\u00e4ltlich. Alles wird komplett montiert und einsatzbereit geliefert &#8211; einfach auspacken und loslegen.<\/p>\n<h2>Eine kl\u00fcgere, nachhaltigere Wahl der Verpackung<\/h2>\n<p>Jedes Mal, wenn Sie Ihre VARIBOX SC wiederverwenden, sparen Sie an Einwegverpackungen und reduzieren den Abfall. Der Beh\u00e4lter ist zu 99% recycelbar und kann bis zu 33% recyceltes Material enthalten, was Ihre Nachhaltigkeitsziele unterst\u00fctzt. Das geschlossene System und das ergonomische Design verhindern den direkten Kontakt mit Chemikalien und sorgen so f\u00fcr eine saubere und sichere Arbeitsumgebung. Ganz gleich, ob Sie in der Reinigung, Landwirtschaft, Wasseraufbereitung oder Industrie arbeiten &#8211; die VARIBOX SC bietet Ihnen zuverl\u00e4ssige Leistung, Tag f\u00fcr Tag, Reise f\u00fcr Reise.<\/p>\n","protected":false},"excerpt":{"rendered":"<p><em>Der Au\u00dfenbeh\u00e4lter ist standardm\u00e4\u00dfig blau<\/em><\/p>\n<p>Die VARIBOX Single Containment (SC) ist ein wiederverwendbarer Intermediate Bulk Container (IBC), der eine 10x l\u00e4ngere Lebensdauer als andere IBC hat.<\/p>\n<p><strong>Lieferzeit: 4 Wochen<\/strong><\/p>\n","protected":false},"featured_media":69371,"comment_status":"closed","ping_status":"closed","template":"","meta":{"_acf_changed":false},"product_brand":[892],"product_cat":[422],"product_tag":[],"class_list":{"0":"post-70194","1":"product","2":"type-product","3":"status-publish","4":"has-post-thumbnail","6":"product_brand-varibox","7":"product_cat-varibox-sc-1000-de","8":"product_shipping_class-montoir","10":"first","11":"instock","12":"taxable","13":"shipping-taxable","14":"purchasable","15":"product-type-variable"},"featured_image_urls_v2":{"full":["https:\/\/varibox.best4u.dev\/wp-content\/uploads\/2025\/07\/VARIBOX-SC-Viton.jpg",850,1000,false],"thumbnail":["https:\/\/varibox.best4u.dev\/wp-content\/uploads\/2025\/07\/VARIBOX-SC-Viton-256x256.jpg",256,256,true],"medium":["https:\/\/varibox.best4u.dev\/wp-content\/uploads\/2025\/07\/VARIBOX-SC-Viton-435x512.jpg",435,512,true],"medium_large":["https:\/\/varibox.best4u.dev\/wp-content\/uploads\/2025\/07\/VARIBOX-SC-Viton-768x904.jpg",768,904,true],"large":["https:\/\/varibox.best4u.dev\/wp-content\/uploads\/2025\/07\/VARIBOX-SC-Viton.jpg",850,1000,false],"1536x1536":["https:\/\/varibox.best4u.dev\/wp-content\/uploads\/2025\/07\/VARIBOX-SC-Viton.jpg",850,1000,false],"2048x2048":["https:\/\/varibox.best4u.dev\/wp-content\/uploads\/2025\/07\/VARIBOX-SC-Viton.jpg",850,1000,false],"woocommerce_archive_thumbnail":["https:\/\/varibox.best4u.dev\/wp-content\/uploads\/2025\/07\/VARIBOX-SC-Viton-270x318.jpg",270,318,true],"gform-image-choice-sm":["https:\/\/varibox.best4u.dev\/wp-content\/uploads\/2025\/07\/VARIBOX-SC-Viton.jpg",255,300,false],"gform-image-choice-md":["https:\/\/varibox.best4u.dev\/wp-content\/uploads\/2025\/07\/VARIBOX-SC-Viton.jpg",340,400,false],"gform-image-choice-lg":["https:\/\/varibox.best4u.dev\/wp-content\/uploads\/2025\/07\/VARIBOX-SC-Viton.jpg",510,600,false],"woocommerce_thumbnail":["https:\/\/varibox.best4u.dev\/wp-content\/uploads\/2025\/07\/VARIBOX-SC-Viton-270x318.jpg",270,318,true],"woocommerce_single":["https:\/\/varibox.best4u.dev\/wp-content\/uploads\/2025\/07\/VARIBOX-SC-Viton.jpg",850,1000,false],"woocommerce_gallery_thumbnail":["https:\/\/varibox.best4u.dev\/wp-content\/uploads\/2025\/07\/VARIBOX-SC-Viton-100x100.jpg",100,100,true],"variation_swatches_image_size":["https:\/\/varibox.best4u.dev\/wp-content\/uploads\/2025\/07\/VARIBOX-SC-Viton-50x50.jpg",50,50,true],"variation_swatches_tooltip_size":["https:\/\/varibox.best4u.dev\/wp-content\/uploads\/2025\/07\/VARIBOX-SC-Viton-100x100.jpg",100,100,true]},"post_excerpt_stackable_v2":"<p><em>Der Au\u00dfenbeh\u00e4lter ist standardm\u00e4\u00dfig blau<\/em><\/p>\n<p>Die VARIBOX Single Containment (SC) ist ein wiederverwendbarer Intermediate Bulk Container (IBC), der eine 10x l\u00e4ngere Lebensdauer als andere IBC hat.<\/p>\n<p><strong>Lieferzeit: 4 Wochen<\/strong><\/p>\n","category_list_v2":"","author_info_v2":{"name":"","url":""},"comments_num_v2":"0 comments","acf":[],"_links":{"self":[{"href":"https:\/\/varibox.best4u.dev\/de\/wp-json\/wp\/v2\/product\/70194","targetHints":{"allow":["GET"]}}],"collection":[{"href":"https:\/\/varibox.best4u.dev\/de\/wp-json\/wp\/v2\/product"}],"about":[{"href":"https:\/\/varibox.best4u.dev\/de\/wp-json\/wp\/v2\/types\/product"}],"replies":[{"embeddable":true,"href":"https:\/\/varibox.best4u.dev\/de\/wp-json\/wp\/v2\/comments?post=70194"}],"wp:featuredmedia":[{"embeddable":true,"href":"https:\/\/varibox.best4u.dev\/de\/wp-json\/wp\/v2\/media\/69371"}],"wp:attachment":[{"href":"https:\/\/varibox.best4u.dev\/de\/wp-json\/wp\/v2\/media?parent=70194"}],"wp:term":[{"taxonomy":"product_brand","embeddable":true,"href":"https:\/\/varibox.best4u.dev\/de\/wp-json\/wp\/v2\/product_brand?post=70194"},{"taxonomy":"product_cat","embeddable":true,"href":"https:\/\/varibox.best4u.dev\/de\/wp-json\/wp\/v2\/product_cat?post=70194"},{"taxonomy":"product_tag","embeddable":true,"href":"https:\/\/varibox.best4u.dev\/de\/wp-json\/wp\/v2\/product_tag?post=70194"}],"curies":[{"name":"wp","href":"https:\/\/api.w.org\/{rel}","templated":true}]}}