{"id":68692,"date":"2025-07-21T12:10:36","date_gmt":"2025-07-21T10:10:36","guid":{"rendered":"https:\/\/varibox.best4u.dev\/?post_type=product&#038;p=68692"},"modified":"2025-07-21T12:14:47","modified_gmt":"2025-07-21T10:14:47","slug":"varibox-sc-aufkleber-kappe-kombi-beluefter","status":"publish","type":"product","link":"https:\/\/varibox.best4u.dev\/de\/produkt\/varibox-sc-aufkleber-kappe-kombi-beluefter\/","title":{"rendered":"VARIBOX SC Aufkleber Kappe Kombi-Bel\u00fcfter"},"content":{"rendered":"<p>Jede VARIBOX hat eine automatische Bel\u00fcftung. Dieser VARIBOXS SC Aufkleber kann auf die Kappe des Kombi-Bel\u00fcfters geklebt werden. Der Aufkleber f\u00fcr den Deckel des Kombi-Bel\u00fcfter ist aus PE, die Farbe ist gelb. Der Aufkleber zeigt, dass der Deckel mit einem Kombi-Bel\u00fcfter (Unter- und \u00dcberdruckentl\u00fcftung) ausgef\u00fchrt ist.<\/p>\n","protected":false},"excerpt":{"rendered":"<p>Jede VARIBOX hat eine automatische Bel\u00fcftung. Dieser VARIBOX SC Aufkleber Kappe Kombi-Bel\u00fcfter kann auf die Kappe des Kombi-Bel\u00fcfter geklebt werden.<\/p>\n","protected":false},"featured_media":1986,"comment_status":"closed","ping_status":"closed","template":"","meta":{"_acf_changed":false},"product_brand":[],"product_cat":[422,418,460,461],"product_tag":[198],"class_list":{"0":"post-68692","1":"product","2":"type-product","3":"status-publish","4":"has-post-thumbnail","6":"product_cat-varibox-sc-1000-de","7":"product_cat-varibox-sc-800-de","8":"product_cat-zubehor-varibox-sc-800","9":"product_cat-zubehor-varibox-sc-1000","10":"product_tag-ecolab-de","11":"product_shipping_class-montoir","12":"pa_packaging-unit-50-de","14":"first","15":"instock","16":"taxable","17":"shipping-taxable","18":"purchasable","19":"product-type-simple"},"featured_image_urls_v2":{"full":["https:\/\/varibox.best4u.dev\/wp-content\/uploads\/2022\/08\/labelcombi.png",600,400,false],"thumbnail":["https:\/\/varibox.best4u.dev\/wp-content\/uploads\/2022\/08\/labelcombi-256x256.png",256,256,true],"medium":["https:\/\/varibox.best4u.dev\/wp-content\/uploads\/2022\/08\/labelcombi-512x341.png",512,341,true],"medium_large":["https:\/\/varibox.best4u.dev\/wp-content\/uploads\/2022\/08\/labelcombi.png",600,400,false],"large":["https:\/\/varibox.best4u.dev\/wp-content\/uploads\/2022\/08\/labelcombi.png",600,400,false],"1536x1536":["https:\/\/varibox.best4u.dev\/wp-content\/uploads\/2022\/08\/labelcombi.png",600,400,false],"2048x2048":["https:\/\/varibox.best4u.dev\/wp-content\/uploads\/2022\/08\/labelcombi.png",600,400,false],"woocommerce_archive_thumbnail":["https:\/\/varibox.best4u.dev\/wp-content\/uploads\/2022\/08\/labelcombi-270x180.png",270,180,true],"gform-image-choice-sm":["https:\/\/varibox.best4u.dev\/wp-content\/uploads\/2022\/08\/labelcombi.png",300,200,false],"gform-image-choice-md":["https:\/\/varibox.best4u.dev\/wp-content\/uploads\/2022\/08\/labelcombi.png",400,267,false],"gform-image-choice-lg":["https:\/\/varibox.best4u.dev\/wp-content\/uploads\/2022\/08\/labelcombi.png",600,400,false],"woocommerce_thumbnail":["https:\/\/varibox.best4u.dev\/wp-content\/uploads\/2022\/08\/labelcombi-270x180.png",270,180,true],"woocommerce_single":["https:\/\/varibox.best4u.dev\/wp-content\/uploads\/2022\/08\/labelcombi.png",600,400,false],"woocommerce_gallery_thumbnail":["https:\/\/varibox.best4u.dev\/wp-content\/uploads\/2022\/08\/labelcombi-100x100.png",100,100,true],"variation_swatches_image_size":["https:\/\/varibox.best4u.dev\/wp-content\/uploads\/2022\/08\/labelcombi-50x50.png",50,50,true],"variation_swatches_tooltip_size":["https:\/\/varibox.best4u.dev\/wp-content\/uploads\/2022\/08\/labelcombi-100x100.png",100,100,true]},"post_excerpt_stackable_v2":"<p>Jede VARIBOX hat eine automatische Bel\u00fcftung. Dieser VARIBOX SC Aufkleber Kappe Kombi-Bel\u00fcfter kann auf die Kappe des Kombi-Bel\u00fcfter geklebt werden.<\/p>\n","category_list_v2":"","author_info_v2":{"name":"","url":""},"comments_num_v2":"0 comments","acf":[],"_links":{"self":[{"href":"https:\/\/varibox.best4u.dev\/de\/wp-json\/wp\/v2\/product\/68692","targetHints":{"allow":["GET"]}}],"collection":[{"href":"https:\/\/varibox.best4u.dev\/de\/wp-json\/wp\/v2\/product"}],"about":[{"href":"https:\/\/varibox.best4u.dev\/de\/wp-json\/wp\/v2\/types\/product"}],"replies":[{"embeddable":true,"href":"https:\/\/varibox.best4u.dev\/de\/wp-json\/wp\/v2\/comments?post=68692"}],"wp:featuredmedia":[{"embeddable":true,"href":"https:\/\/varibox.best4u.dev\/de\/wp-json\/wp\/v2\/media\/1986"}],"wp:attachment":[{"href":"https:\/\/varibox.best4u.dev\/de\/wp-json\/wp\/v2\/media?parent=68692"}],"wp:term":[{"taxonomy":"product_brand","embeddable":true,"href":"https:\/\/varibox.best4u.dev\/de\/wp-json\/wp\/v2\/product_brand?post=68692"},{"taxonomy":"product_cat","embeddable":true,"href":"https:\/\/varibox.best4u.dev\/de\/wp-json\/wp\/v2\/product_cat?post=68692"},{"taxonomy":"product_tag","embeddable":true,"href":"https:\/\/varibox.best4u.dev\/de\/wp-json\/wp\/v2\/product_tag?post=68692"}],"curies":[{"name":"wp","href":"https:\/\/api.w.org\/{rel}","templated":true}]}}