{"id":68602,"date":"2022-08-10T10:53:32","date_gmt":"2022-08-10T08:53:32","guid":{"rendered":"https:\/\/varibox.best4u.dev\/product\/varibox-schraubverschluss-d160-viton-combi-vent-ecolab\/"},"modified":"2025-10-27T11:52:55","modified_gmt":"2025-10-27T10:52:55","slug":"varibox-schraubverschluss-d160-viton-combi-vent-ecolab","status":"publish","type":"product","link":"https:\/\/varibox.best4u.dev\/de\/produkt\/varibox-schraubverschluss-d160-viton-combi-vent-ecolab\/","title":{"rendered":"VARIBOX Schraubdeckel D160 Viton Combi-vent Ecolab"},"content":{"rendered":"<p>Die VARIBOX Schraubdeckel D160 Viton Combi-vent Ecolab ist zum Verschlie\u00dfen der Einf\u00fcll\u00f6ffnung. Dieser Schraubdeckel ist aus Viton, PE, PTFE und PP hergestellt und hat eine rote Farbe.\u00a0 Diese Art von Schraubdeckel hat ein Kombi-Entl\u00fcftungsventil f\u00fcr die automatische Entl\u00fcftung bei Unter- und \u00dcberdruck.<\/p>\n","protected":false},"excerpt":{"rendered":"<p>Der VARIBOX Schraubdeckel D160 Viton Combi-vent Ecolab ist zum Verschlie\u00dfen der Einf\u00fcll\u00f6ffnung.<\/p>\n","protected":false},"featured_media":2244,"comment_status":"closed","ping_status":"closed","template":"","meta":{"_acf_changed":false},"product_brand":[],"product_cat":[260,218],"product_tag":[198,196],"class_list":{"0":"post-68602","1":"product","2":"type-product","3":"status-publish","4":"has-post-thumbnail","6":"product_cat-schraubdeckels-varibox-fc-1000","7":"product_cat-varibox-fc-1000-de","8":"product_tag-ecolab-de","9":"product_tag-ecolab-neu","10":"product_shipping_class-deventer-en","11":"pa_packaging-unit-1-de","13":"first","14":"instock","15":"taxable","16":"shipping-taxable","17":"purchasable","18":"product-type-simple"},"acf":[],"featured_image_urls_v2":{"full":["https:\/\/varibox.best4u.dev\/wp-content\/uploads\/2022\/08\/screweya-1.png",600,400,false],"thumbnail":["https:\/\/varibox.best4u.dev\/wp-content\/uploads\/2022\/08\/screweya-1-256x256.png",256,256,true],"medium":["https:\/\/varibox.best4u.dev\/wp-content\/uploads\/2022\/08\/screweya-1-512x341.png",512,341,true],"medium_large":["https:\/\/varibox.best4u.dev\/wp-content\/uploads\/2022\/08\/screweya-1.png",600,400,false],"large":["https:\/\/varibox.best4u.dev\/wp-content\/uploads\/2022\/08\/screweya-1.png",600,400,false],"1536x1536":["https:\/\/varibox.best4u.dev\/wp-content\/uploads\/2022\/08\/screweya-1.png",600,400,false],"2048x2048":["https:\/\/varibox.best4u.dev\/wp-content\/uploads\/2022\/08\/screweya-1.png",600,400,false],"woocommerce_archive_thumbnail":["https:\/\/varibox.best4u.dev\/wp-content\/uploads\/2022\/08\/screweya-1-270x180.png",270,180,true],"gform-image-choice-sm":["https:\/\/varibox.best4u.dev\/wp-content\/uploads\/2022\/08\/screweya-1.png",300,200,false],"gform-image-choice-md":["https:\/\/varibox.best4u.dev\/wp-content\/uploads\/2022\/08\/screweya-1.png",400,267,false],"gform-image-choice-lg":["https:\/\/varibox.best4u.dev\/wp-content\/uploads\/2022\/08\/screweya-1.png",600,400,false],"woocommerce_thumbnail":["https:\/\/varibox.best4u.dev\/wp-content\/uploads\/2022\/08\/screweya-1-270x180.png",270,180,true],"woocommerce_single":["https:\/\/varibox.best4u.dev\/wp-content\/uploads\/2022\/08\/screweya-1.png",600,400,false],"woocommerce_gallery_thumbnail":["https:\/\/varibox.best4u.dev\/wp-content\/uploads\/2022\/08\/screweya-1-100x100.png",100,100,true],"variation_swatches_image_size":["https:\/\/varibox.best4u.dev\/wp-content\/uploads\/2022\/08\/screweya-1-50x50.png",50,50,true],"variation_swatches_tooltip_size":["https:\/\/varibox.best4u.dev\/wp-content\/uploads\/2022\/08\/screweya-1-100x100.png",100,100,true]},"post_excerpt_stackable_v2":"<p>Der VARIBOX Schraubdeckel D160 Viton Combi-vent Ecolab ist zum Verschlie\u00dfen der Einf\u00fcll\u00f6ffnung.<\/p>\n","category_list_v2":"","author_info_v2":{"name":"","url":""},"comments_num_v2":"0 comments","_links":{"self":[{"href":"https:\/\/varibox.best4u.dev\/de\/wp-json\/wp\/v2\/product\/68602","targetHints":{"allow":["GET"]}}],"collection":[{"href":"https:\/\/varibox.best4u.dev\/de\/wp-json\/wp\/v2\/product"}],"about":[{"href":"https:\/\/varibox.best4u.dev\/de\/wp-json\/wp\/v2\/types\/product"}],"replies":[{"embeddable":true,"href":"https:\/\/varibox.best4u.dev\/de\/wp-json\/wp\/v2\/comments?post=68602"}],"wp:featuredmedia":[{"embeddable":true,"href":"https:\/\/varibox.best4u.dev\/de\/wp-json\/wp\/v2\/media\/2244"}],"wp:attachment":[{"href":"https:\/\/varibox.best4u.dev\/de\/wp-json\/wp\/v2\/media?parent=68602"}],"wp:term":[{"taxonomy":"product_brand","embeddable":true,"href":"https:\/\/varibox.best4u.dev\/de\/wp-json\/wp\/v2\/product_brand?post=68602"},{"taxonomy":"product_cat","embeddable":true,"href":"https:\/\/varibox.best4u.dev\/de\/wp-json\/wp\/v2\/product_cat?post=68602"},{"taxonomy":"product_tag","embeddable":true,"href":"https:\/\/varibox.best4u.dev\/de\/wp-json\/wp\/v2\/product_tag?post=68602"}],"curies":[{"name":"wp","href":"https:\/\/api.w.org\/{rel}","templated":true}]}}