{"id":63034,"date":"2024-11-19T15:34:47","date_gmt":"2024-11-19T14:34:47","guid":{"rendered":"https:\/\/varibox.best4u.dev\/product\/drumtainer\/"},"modified":"2025-09-01T11:41:41","modified_gmt":"2025-09-01T09:41:41","slug":"drumtainer","status":"publish","type":"product","link":"https:\/\/varibox.best4u.dev\/de\/produkt\/drumtainer\/","title":{"rendered":"Drumtainer"},"content":{"rendered":"<p>Der VARIBOX Drumtainer ist die mobile Auffangwanne f\u00fcr 200 Liter F\u00e4sser. Der Drumtainer wurde speziell f\u00fcr den sicheren und ergonomischen Transport von F\u00e4ssern entwickelt. Die integrierte Auffangvorrichtung des Drumtainer macht eine separate Auffangwanne \u00fcberfl\u00fcssig: Sie k\u00f6nnen den Drumtainer an jedem gew\u00fcnschten Ort aufstellen. Sie brauchen das schwere Fass nicht mehr auf die vorgeschriebene Auffangwanne zu heben.<\/p>\n<p><strong>Speziell f\u00fcr den einfachen und effizienten Transport konzipiert<br \/>\n<\/strong>Der Drumtainer ist eine Umverpackung im Sinne des ADR und hat auch eine DIBt Zulassung. Damit erf\u00fcllen Sie Lager- und Transportvorschriften wie die AwSV und das ADR. Aber das ist noch nicht alles. Vor Ort kann der Drumtainer mit Gabelstapler, Hubwagen und von Hand bewegt werden. Durch die gro\u00dfen Rollen und stabile Handgriffe ist es einfach, den Drumtainer an der gew\u00fcnschten Stelle zu bringen. Anschliessen, fertig, los.<\/p>\n<p><strong>F\u00fcr die Umwelt<br \/>\n<\/strong>Das Fass im Drumtainer ist leicht geneigt, was ein fast vollst\u00e4ndiges Entleeren vom Fass erm\u00f6glicht. So bleibt weniger Restvolumen im Fass, entsteht weniger Abfall und ist die Reinigung einfacher. Und das alles auf das Grundma\u00df einer halben Europalette. Ob Waschmittel oder Chemikalien &#8211; mit dem Drumtainer k\u00f6nnen Sie Ihre Produkte sehr effizient verpacken.<\/p>\n","protected":false},"excerpt":{"rendered":"<p>Der VARIBOX Drumtainer ist die mobile Auffangwanne f\u00fcr 200 Liter F\u00e4sser. Der Drumtainer wurde speziell f\u00fcr den sicheren und ergonomischen Transport von F\u00e4ssern entwickelt<\/p>\n<p><strong>Kann nur in Vielfachen von 2 bestellt werden<br \/>\n<\/strong><\/p>\n","protected":false},"featured_media":69305,"comment_status":"closed","ping_status":"closed","template":"","meta":{"_acf_changed":false},"product_brand":[],"product_cat":[550,214],"product_tag":[],"class_list":{"0":"post-63034","1":"product","2":"type-product","3":"status-publish","4":"has-post-thumbnail","6":"product_cat-drumtainer-de","7":"product_cat-varibox-drumtainer-de","8":"product_shipping_class-deventer-en","10":"first","11":"instock","12":"taxable","13":"shipping-taxable","14":"purchasable","15":"product-type-variable"},"featured_image_urls_v2":{"full":["https:\/\/varibox.best4u.dev\/wp-content\/uploads\/2024\/11\/ADR-Drum-Container.jpg",1024,674,false],"thumbnail":["https:\/\/varibox.best4u.dev\/wp-content\/uploads\/2024\/11\/ADR-Drum-Container-256x256.jpg",256,256,true],"medium":["https:\/\/varibox.best4u.dev\/wp-content\/uploads\/2024\/11\/ADR-Drum-Container-512x337.jpg",512,337,true],"medium_large":["https:\/\/varibox.best4u.dev\/wp-content\/uploads\/2024\/11\/ADR-Drum-Container-768x506.jpg",768,506,true],"large":["https:\/\/varibox.best4u.dev\/wp-content\/uploads\/2024\/11\/ADR-Drum-Container.jpg",1024,674,false],"1536x1536":["https:\/\/varibox.best4u.dev\/wp-content\/uploads\/2024\/11\/ADR-Drum-Container.jpg",1024,674,false],"2048x2048":["https:\/\/varibox.best4u.dev\/wp-content\/uploads\/2024\/11\/ADR-Drum-Container.jpg",1024,674,false],"woocommerce_archive_thumbnail":["https:\/\/varibox.best4u.dev\/wp-content\/uploads\/2024\/11\/ADR-Drum-Container-270x178.jpg",270,178,true],"gform-image-choice-sm":["https:\/\/varibox.best4u.dev\/wp-content\/uploads\/2024\/11\/ADR-Drum-Container.jpg",300,197,false],"gform-image-choice-md":["https:\/\/varibox.best4u.dev\/wp-content\/uploads\/2024\/11\/ADR-Drum-Container.jpg",400,263,false],"gform-image-choice-lg":["https:\/\/varibox.best4u.dev\/wp-content\/uploads\/2024\/11\/ADR-Drum-Container.jpg",600,395,false],"woocommerce_thumbnail":["https:\/\/varibox.best4u.dev\/wp-content\/uploads\/2024\/11\/ADR-Drum-Container-270x178.jpg",270,178,true],"woocommerce_single":["https:\/\/varibox.best4u.dev\/wp-content\/uploads\/2024\/11\/ADR-Drum-Container.jpg",1024,674,false],"woocommerce_gallery_thumbnail":["https:\/\/varibox.best4u.dev\/wp-content\/uploads\/2024\/11\/ADR-Drum-Container-100x100.jpg",100,100,true],"variation_swatches_image_size":["https:\/\/varibox.best4u.dev\/wp-content\/uploads\/2024\/11\/ADR-Drum-Container-50x50.jpg",50,50,true],"variation_swatches_tooltip_size":["https:\/\/varibox.best4u.dev\/wp-content\/uploads\/2024\/11\/ADR-Drum-Container-100x100.jpg",100,100,true]},"post_excerpt_stackable_v2":"<p>Der VARIBOX Drumtainer ist die mobile Auffangwanne f\u00fcr 200 Liter F\u00e4sser. Der Drumtainer wurde speziell f\u00fcr den sicheren und ergonomischen Transport von F\u00e4ssern entwickelt<\/p>\n<p><strong>Kann nur in Vielfachen von 2 bestellt werden<br \/>\n<\/strong><\/p>\n","category_list_v2":"","author_info_v2":{"name":"","url":""},"comments_num_v2":"0 comments","acf":[],"_links":{"self":[{"href":"https:\/\/varibox.best4u.dev\/de\/wp-json\/wp\/v2\/product\/63034","targetHints":{"allow":["GET"]}}],"collection":[{"href":"https:\/\/varibox.best4u.dev\/de\/wp-json\/wp\/v2\/product"}],"about":[{"href":"https:\/\/varibox.best4u.dev\/de\/wp-json\/wp\/v2\/types\/product"}],"replies":[{"embeddable":true,"href":"https:\/\/varibox.best4u.dev\/de\/wp-json\/wp\/v2\/comments?post=63034"}],"wp:featuredmedia":[{"embeddable":true,"href":"https:\/\/varibox.best4u.dev\/de\/wp-json\/wp\/v2\/media\/69305"}],"wp:attachment":[{"href":"https:\/\/varibox.best4u.dev\/de\/wp-json\/wp\/v2\/media?parent=63034"}],"wp:term":[{"taxonomy":"product_brand","embeddable":true,"href":"https:\/\/varibox.best4u.dev\/de\/wp-json\/wp\/v2\/product_brand?post=63034"},{"taxonomy":"product_cat","embeddable":true,"href":"https:\/\/varibox.best4u.dev\/de\/wp-json\/wp\/v2\/product_cat?post=63034"},{"taxonomy":"product_tag","embeddable":true,"href":"https:\/\/varibox.best4u.dev\/de\/wp-json\/wp\/v2\/product_tag?post=63034"}],"curies":[{"name":"wp","href":"https:\/\/api.w.org\/{rel}","templated":true}]}}