{"id":4861,"date":"2024-06-14T09:44:22","date_gmt":"2024-06-14T07:44:22","guid":{"rendered":"https:\/\/varibox.best4u.dev\/?post_type=product&#038;p=4861"},"modified":"2026-01-21T15:34:33","modified_gmt":"2026-01-21T14:34:33","slug":"varibox-safeline-adapter-fuer-drehmomentschluessel","status":"publish","type":"product","link":"https:\/\/varibox.best4u.dev\/de\/produkt\/varibox-safeline-adapter-fuer-drehmomentschluessel\/","title":{"rendered":"VARIBOX Safeline Adapter f\u00fcr Drehmomentschl\u00fcssel"},"content":{"rendered":"<p>Erleben Sie Sicherheit mit dem VARIBOX Safeline Adapter f\u00fcr Drehmomentschl\u00fcssel 3\/8\u2033. Entwickelt, um die h\u00f6chsten Standards zu erf\u00fcllen, ist dieser Adapter ein Must-Have f\u00fcr Profis. Hergestellt aus hochwertigen Materialien, garantiert er eine lange Lebensdauer. Sicherheit ist oberstes Gebot, und der VARIBOX Safeline Adapter ist in dieser Hinsicht un\u00fcbertroffen. Der sichere Verriegelungsmechanismus bietet einen zus\u00e4tzlichen Schutz und verhindert ein versehentliches Abrutschen oder L\u00f6sen w\u00e4hrend der Arbeit.<\/p>\n","protected":false},"excerpt":{"rendered":"<p>Erleben Sie Sicherheit mit dem VARIBOX Safeline Adapter f\u00fcr Drehmomentschl\u00fcssel 3\/8\u2033.<\/p>\n","protected":false},"featured_media":4872,"comment_status":"closed","ping_status":"closed","template":"","meta":{"_acf_changed":false},"product_brand":[],"product_cat":[256,234,242,224,212,214,218,216,230,236,220,250],"product_tag":[],"class_list":{"0":"post-4861","1":"product","2":"type-product","3":"status-publish","4":"has-post-thumbnail","6":"product_cat-tauchrohres","7":"product_cat-tauchrohres-varibox-drumtainer","8":"product_cat-tauchrohres-varibox-fc-800","9":"product_cat-tauchrohres-varibox-cc-250","10":"product_cat-varibox-cc-250-de","11":"product_cat-varibox-drumtainer-de","12":"product_cat-varibox-fc-1000-de","13":"product_cat-varibox-fc-800-de","14":"product_cat-zubehor-varibox-drumtainer","15":"product_cat-zubehor-varibox-fc-800","16":"product_cat-zubehor-varibox-cc-250","17":"product_cat-zubehor","18":"product_shipping_class-deventer-en","19":"pa_packaging-unit-1-de","21":"first","22":"instock","23":"taxable","24":"shipping-taxable","25":"purchasable","26":"product-type-simple"},"featured_image_urls_v2":{"full":["https:\/\/varibox.best4u.dev\/wp-content\/uploads\/2024\/06\/Tool-top.png",6000,4000,false],"thumbnail":["https:\/\/varibox.best4u.dev\/wp-content\/uploads\/2024\/06\/Tool-top-256x256.png",256,256,true],"medium":["https:\/\/varibox.best4u.dev\/wp-content\/uploads\/2024\/06\/Tool-top-512x341.png",512,341,true],"medium_large":["https:\/\/varibox.best4u.dev\/wp-content\/uploads\/2024\/06\/Tool-top-768x512.png",768,512,true],"large":["https:\/\/varibox.best4u.dev\/wp-content\/uploads\/2024\/06\/Tool-top-1024x683.png",1024,683,true],"1536x1536":["https:\/\/varibox.best4u.dev\/wp-content\/uploads\/2024\/06\/Tool-top-1536x1024.png",1536,1024,true],"2048x2048":["https:\/\/varibox.best4u.dev\/wp-content\/uploads\/2024\/06\/Tool-top-2048x1365.png",2048,1365,true],"woocommerce_archive_thumbnail":["https:\/\/varibox.best4u.dev\/wp-content\/uploads\/2024\/06\/Tool-top-270x180.png",270,180,true],"gform-image-choice-sm":["https:\/\/varibox.best4u.dev\/wp-content\/uploads\/2024\/06\/Tool-top.png",300,200,false],"gform-image-choice-md":["https:\/\/varibox.best4u.dev\/wp-content\/uploads\/2024\/06\/Tool-top.png",400,267,false],"gform-image-choice-lg":["https:\/\/varibox.best4u.dev\/wp-content\/uploads\/2024\/06\/Tool-top.png",600,400,false],"woocommerce_thumbnail":["https:\/\/varibox.best4u.dev\/wp-content\/uploads\/2024\/06\/Tool-top-270x180.png",270,180,true],"woocommerce_single":["https:\/\/varibox.best4u.dev\/wp-content\/uploads\/2024\/06\/Tool-top-1200x800.png",1200,800,true],"woocommerce_gallery_thumbnail":["https:\/\/varibox.best4u.dev\/wp-content\/uploads\/2024\/06\/Tool-top-100x100.png",100,100,true],"variation_swatches_image_size":["https:\/\/varibox.best4u.dev\/wp-content\/uploads\/2024\/06\/Tool-top-50x50.png",50,50,true],"variation_swatches_tooltip_size":["https:\/\/varibox.best4u.dev\/wp-content\/uploads\/2024\/06\/Tool-top-100x100.png",100,100,true]},"post_excerpt_stackable_v2":"<p>Erleben Sie Sicherheit mit dem VARIBOX Safeline Adapter f\u00fcr Drehmomentschl\u00fcssel 3\/8\u2033.<\/p>\n","category_list_v2":"","author_info_v2":{"name":"","url":""},"comments_num_v2":"0 comments","acf":[],"_links":{"self":[{"href":"https:\/\/varibox.best4u.dev\/de\/wp-json\/wp\/v2\/product\/4861","targetHints":{"allow":["GET"]}}],"collection":[{"href":"https:\/\/varibox.best4u.dev\/de\/wp-json\/wp\/v2\/product"}],"about":[{"href":"https:\/\/varibox.best4u.dev\/de\/wp-json\/wp\/v2\/types\/product"}],"replies":[{"embeddable":true,"href":"https:\/\/varibox.best4u.dev\/de\/wp-json\/wp\/v2\/comments?post=4861"}],"wp:featuredmedia":[{"embeddable":true,"href":"https:\/\/varibox.best4u.dev\/de\/wp-json\/wp\/v2\/media\/4872"}],"wp:attachment":[{"href":"https:\/\/varibox.best4u.dev\/de\/wp-json\/wp\/v2\/media?parent=4861"}],"wp:term":[{"taxonomy":"product_brand","embeddable":true,"href":"https:\/\/varibox.best4u.dev\/de\/wp-json\/wp\/v2\/product_brand?post=4861"},{"taxonomy":"product_cat","embeddable":true,"href":"https:\/\/varibox.best4u.dev\/de\/wp-json\/wp\/v2\/product_cat?post=4861"},{"taxonomy":"product_tag","embeddable":true,"href":"https:\/\/varibox.best4u.dev\/de\/wp-json\/wp\/v2\/product_tag?post=4861"}],"curies":[{"name":"wp","href":"https:\/\/api.w.org\/{rel}","templated":true}]}}