{"id":4438,"date":"2024-04-08T13:12:38","date_gmt":"2024-04-08T11:12:38","guid":{"rendered":"https:\/\/varibox.best4u.dev\/product\/kunststoffschluessel-fuer-die-schraubdeckel\/"},"modified":"2024-04-08T13:22:24","modified_gmt":"2024-04-08T11:22:24","slug":"kunststoffschluessel-fuer-die-schraubdeckel","status":"publish","type":"product","link":"https:\/\/varibox.best4u.dev\/de\/produkt\/kunststoffschluessel-fuer-die-schraubdeckel\/","title":{"rendered":"Kunststoffschl\u00fcssel f\u00fcr die Schraubdeckel"},"content":{"rendered":"<p>Wir stellen das ultimative Werkzeug f\u00fcr das m\u00fchelose \u00d6ffnen und Schlie\u00dfen von Gro\u00dfpackmitteln (IBC) vor &#8211; den Schraubenschl\u00fcssel f\u00fcr den Schraubverschluss! Dieses innovative Werkzeug wurde entwickelt, um die Handhabung von IBCs zum Kinderspiel zu machen und ist ein Muss f\u00fcr jeden, der regelm\u00e4\u00dfig mit IBCs zu tun hat.<\/p>\n<p>Dank seiner robusten Konstruktion und seines ergonomischen Designs liegt der Schraubkappenschl\u00fcssel gut in der Hand und bietet eine optimale Wirkung, so dass Sie die Schraubkappen der VARIBOX m\u00fchelos l\u00f6sen oder festziehen k\u00f6nnen.<\/p>\n<p>Der Schraubkappenschl\u00fcssel wurde speziell f\u00fcr eine Vielzahl von IBC-Schraubkappen entwickelt und ist somit mit den g\u00e4ngigsten IBCs der Branche kompatibel.<br \/>\nSein vielseitiges Design erm\u00f6glicht die Verwendung an jedem VARIBOX-IBC und macht ihn zu einem vielseitigen Werkzeug f\u00fcr jedes IBC-Handling-Szenario.<\/p>\n","protected":false},"excerpt":{"rendered":"<p>Mit seiner robusten Konstruktion und seinem ergonomischen Design bietet der Schraubdeckelschl\u00fcssel einen komfortablen Griff und eine optimale Wirkung, so dass Sie die Schraubkappen der VARIBOX m\u00fchelos l\u00f6sen oder festziehen k\u00f6nnen.<\/p>\n","protected":false},"featured_media":4277,"comment_status":"closed","ping_status":"closed","template":"","meta":{"_acf_changed":false},"product_brand":[],"product_cat":[466,467,422,418],"product_tag":[],"class_list":{"0":"post-4438","1":"product","2":"type-product","3":"status-publish","4":"has-post-thumbnail","6":"product_cat-schraubdeckels","7":"product_cat-schraubdeckels-varibox-sc-800","8":"product_cat-varibox-sc-1000-de","9":"product_cat-varibox-sc-800-de","10":"product_shipping_class-montoir","11":"pa_packaging-unit-1-de","13":"first","14":"instock","15":"taxable","16":"shipping-taxable","17":"purchasable","18":"product-type-simple"},"featured_image_urls_v2":{"full":["https:\/\/varibox.best4u.dev\/wp-content\/uploads\/2024\/04\/Plastic-wrench-for-the-Screwcap-1.jpg",600,400,false],"thumbnail":["https:\/\/varibox.best4u.dev\/wp-content\/uploads\/2024\/04\/Plastic-wrench-for-the-Screwcap-1-256x256.jpg",256,256,true],"medium":["https:\/\/varibox.best4u.dev\/wp-content\/uploads\/2024\/04\/Plastic-wrench-for-the-Screwcap-1-512x341.jpg",512,341,true],"medium_large":["https:\/\/varibox.best4u.dev\/wp-content\/uploads\/2024\/04\/Plastic-wrench-for-the-Screwcap-1.jpg",600,400,false],"large":["https:\/\/varibox.best4u.dev\/wp-content\/uploads\/2024\/04\/Plastic-wrench-for-the-Screwcap-1.jpg",600,400,false],"1536x1536":["https:\/\/varibox.best4u.dev\/wp-content\/uploads\/2024\/04\/Plastic-wrench-for-the-Screwcap-1.jpg",600,400,false],"2048x2048":["https:\/\/varibox.best4u.dev\/wp-content\/uploads\/2024\/04\/Plastic-wrench-for-the-Screwcap-1.jpg",600,400,false],"woocommerce_archive_thumbnail":["https:\/\/varibox.best4u.dev\/wp-content\/uploads\/2024\/04\/Plastic-wrench-for-the-Screwcap-1-270x180.jpg",270,180,true],"gform-image-choice-sm":["https:\/\/varibox.best4u.dev\/wp-content\/uploads\/2024\/04\/Plastic-wrench-for-the-Screwcap-1.jpg",300,200,false],"gform-image-choice-md":["https:\/\/varibox.best4u.dev\/wp-content\/uploads\/2024\/04\/Plastic-wrench-for-the-Screwcap-1.jpg",400,267,false],"gform-image-choice-lg":["https:\/\/varibox.best4u.dev\/wp-content\/uploads\/2024\/04\/Plastic-wrench-for-the-Screwcap-1.jpg",600,400,false],"woocommerce_thumbnail":["https:\/\/varibox.best4u.dev\/wp-content\/uploads\/2024\/04\/Plastic-wrench-for-the-Screwcap-1-270x180.jpg",270,180,true],"woocommerce_single":["https:\/\/varibox.best4u.dev\/wp-content\/uploads\/2024\/04\/Plastic-wrench-for-the-Screwcap-1.jpg",600,400,false],"woocommerce_gallery_thumbnail":["https:\/\/varibox.best4u.dev\/wp-content\/uploads\/2024\/04\/Plastic-wrench-for-the-Screwcap-1-100x100.jpg",100,100,true],"variation_swatches_image_size":["https:\/\/varibox.best4u.dev\/wp-content\/uploads\/2024\/04\/Plastic-wrench-for-the-Screwcap-1-50x50.jpg",50,50,true],"variation_swatches_tooltip_size":["https:\/\/varibox.best4u.dev\/wp-content\/uploads\/2024\/04\/Plastic-wrench-for-the-Screwcap-1-100x100.jpg",100,100,true]},"post_excerpt_stackable_v2":"<p>Mit seiner robusten Konstruktion und seinem ergonomischen Design bietet der Schraubdeckelschl\u00fcssel einen komfortablen Griff und eine optimale Wirkung, so dass Sie die Schraubkappen der VARIBOX m\u00fchelos l\u00f6sen oder festziehen k\u00f6nnen.<\/p>\n","category_list_v2":"","author_info_v2":{"name":"","url":""},"comments_num_v2":"0 comments","acf":[],"_links":{"self":[{"href":"https:\/\/varibox.best4u.dev\/de\/wp-json\/wp\/v2\/product\/4438","targetHints":{"allow":["GET"]}}],"collection":[{"href":"https:\/\/varibox.best4u.dev\/de\/wp-json\/wp\/v2\/product"}],"about":[{"href":"https:\/\/varibox.best4u.dev\/de\/wp-json\/wp\/v2\/types\/product"}],"replies":[{"embeddable":true,"href":"https:\/\/varibox.best4u.dev\/de\/wp-json\/wp\/v2\/comments?post=4438"}],"wp:featuredmedia":[{"embeddable":true,"href":"https:\/\/varibox.best4u.dev\/de\/wp-json\/wp\/v2\/media\/4277"}],"wp:attachment":[{"href":"https:\/\/varibox.best4u.dev\/de\/wp-json\/wp\/v2\/media?parent=4438"}],"wp:term":[{"taxonomy":"product_brand","embeddable":true,"href":"https:\/\/varibox.best4u.dev\/de\/wp-json\/wp\/v2\/product_brand?post=4438"},{"taxonomy":"product_cat","embeddable":true,"href":"https:\/\/varibox.best4u.dev\/de\/wp-json\/wp\/v2\/product_cat?post=4438"},{"taxonomy":"product_tag","embeddable":true,"href":"https:\/\/varibox.best4u.dev\/de\/wp-json\/wp\/v2\/product_tag?post=4438"}],"curies":[{"name":"wp","href":"https:\/\/api.w.org\/{rel}","templated":true}]}}