{"id":4428,"date":"2024-04-08T13:23:37","date_gmt":"2024-04-08T11:23:37","guid":{"rendered":"https:\/\/varibox.best4u.dev\/product\/varibox-entluefter\/"},"modified":"2024-08-16T11:22:51","modified_gmt":"2024-08-16T09:22:51","slug":"varibox-entluefter","status":"publish","type":"product","link":"https:\/\/varibox.best4u.dev\/de\/produkt\/varibox-entluefter\/","title":{"rendered":"Satz von 100 VARIBOX Entl\u00fcfter"},"content":{"rendered":"<p>Der \u00dcberdruckentl\u00fcfter VARIBOX ist aus PTFE, PP und PE gefertigt, die Farbe ist wei\u00df. Die VARIBOX ist serienm\u00e4\u00dfig mit einem Bel\u00fcfter und einem \u00dcberdruckventil ausgestattet. Der \u00dcberdruckentl\u00fcfter ist eine Membran im Deckel der VARIBOX. Diese Membrane l\u00e4sst Gas, aber keine Fl\u00fcssigkeit hindurch. Damit gleicht die Druckentlastungs\u00f6ffnung den \u00dcberdruck in den VARIBOX-Beh\u00e4ltern aus. Tritt in der VARIBOX ein \u00dcberdruck auf, entweicht der Dampf nach und nach durch die Druckentlastungs\u00f6ffnung, bis kein \u00dcberdruck mehr vorhanden ist. Tritt Unterdruck auf, z. B. durch Abk\u00fchlung des Dampfes in einer VARIBOX, kann durch die Druckentlastungs\u00f6ffnung allm\u00e4hlich Luft einstr\u00f6men.<\/p>\n","protected":false},"excerpt":{"rendered":"<p>Die VARIBOX-\u00dcberdruckentl\u00fcftung ist eine Membran im Schraubverschluss der VARIBOX-IBCs.<\/p>\n","protected":false},"featured_media":1748,"comment_status":"closed","ping_status":"closed","template":"","meta":{"_acf_changed":false},"product_brand":[],"product_cat":[422,418,461,460],"product_tag":[],"class_list":{"0":"post-4428","1":"product","2":"type-product","3":"status-publish","4":"has-post-thumbnail","6":"product_cat-varibox-sc-1000-de","7":"product_cat-varibox-sc-800-de","8":"product_cat-zubehor-varibox-sc-1000","9":"product_cat-zubehor-varibox-sc-800","10":"product_shipping_class-montoir","11":"pa_packaging-unit-100-de","13":"first","14":"instock","15":"taxable","16":"shipping-taxable","17":"purchasable","18":"product-type-simple"},"featured_image_urls_v2":{"full":["https:\/\/varibox.best4u.dev\/wp-content\/uploads\/2022\/08\/D38a.png",600,400,false],"thumbnail":["https:\/\/varibox.best4u.dev\/wp-content\/uploads\/2022\/08\/D38a-256x256.png",256,256,true],"medium":["https:\/\/varibox.best4u.dev\/wp-content\/uploads\/2022\/08\/D38a-512x341.png",512,341,true],"medium_large":["https:\/\/varibox.best4u.dev\/wp-content\/uploads\/2022\/08\/D38a.png",600,400,false],"large":["https:\/\/varibox.best4u.dev\/wp-content\/uploads\/2022\/08\/D38a.png",600,400,false],"1536x1536":["https:\/\/varibox.best4u.dev\/wp-content\/uploads\/2022\/08\/D38a.png",600,400,false],"2048x2048":["https:\/\/varibox.best4u.dev\/wp-content\/uploads\/2022\/08\/D38a.png",600,400,false],"woocommerce_archive_thumbnail":["https:\/\/varibox.best4u.dev\/wp-content\/uploads\/2022\/08\/D38a-270x180.png",270,180,true],"gform-image-choice-sm":["https:\/\/varibox.best4u.dev\/wp-content\/uploads\/2022\/08\/D38a.png",300,200,false],"gform-image-choice-md":["https:\/\/varibox.best4u.dev\/wp-content\/uploads\/2022\/08\/D38a.png",400,267,false],"gform-image-choice-lg":["https:\/\/varibox.best4u.dev\/wp-content\/uploads\/2022\/08\/D38a.png",600,400,false],"woocommerce_thumbnail":["https:\/\/varibox.best4u.dev\/wp-content\/uploads\/2022\/08\/D38a-270x180.png",270,180,true],"woocommerce_single":["https:\/\/varibox.best4u.dev\/wp-content\/uploads\/2022\/08\/D38a.png",600,400,false],"woocommerce_gallery_thumbnail":["https:\/\/varibox.best4u.dev\/wp-content\/uploads\/2022\/08\/D38a-100x100.png",100,100,true],"variation_swatches_image_size":["https:\/\/varibox.best4u.dev\/wp-content\/uploads\/2022\/08\/D38a-50x50.png",50,50,true],"variation_swatches_tooltip_size":["https:\/\/varibox.best4u.dev\/wp-content\/uploads\/2022\/08\/D38a-100x100.png",100,100,true]},"post_excerpt_stackable_v2":"<p>Die VARIBOX-\u00dcberdruckentl\u00fcftung ist eine Membran im Schraubverschluss der VARIBOX-IBCs.<\/p>\n","category_list_v2":"","author_info_v2":{"name":"","url":""},"comments_num_v2":"0 comments","acf":[],"_links":{"self":[{"href":"https:\/\/varibox.best4u.dev\/de\/wp-json\/wp\/v2\/product\/4428","targetHints":{"allow":["GET"]}}],"collection":[{"href":"https:\/\/varibox.best4u.dev\/de\/wp-json\/wp\/v2\/product"}],"about":[{"href":"https:\/\/varibox.best4u.dev\/de\/wp-json\/wp\/v2\/types\/product"}],"replies":[{"embeddable":true,"href":"https:\/\/varibox.best4u.dev\/de\/wp-json\/wp\/v2\/comments?post=4428"}],"wp:featuredmedia":[{"embeddable":true,"href":"https:\/\/varibox.best4u.dev\/de\/wp-json\/wp\/v2\/media\/1748"}],"wp:attachment":[{"href":"https:\/\/varibox.best4u.dev\/de\/wp-json\/wp\/v2\/media?parent=4428"}],"wp:term":[{"taxonomy":"product_brand","embeddable":true,"href":"https:\/\/varibox.best4u.dev\/de\/wp-json\/wp\/v2\/product_brand?post=4428"},{"taxonomy":"product_cat","embeddable":true,"href":"https:\/\/varibox.best4u.dev\/de\/wp-json\/wp\/v2\/product_cat?post=4428"},{"taxonomy":"product_tag","embeddable":true,"href":"https:\/\/varibox.best4u.dev\/de\/wp-json\/wp\/v2\/product_tag?post=4428"}],"curies":[{"name":"wp","href":"https:\/\/api.w.org\/{rel}","templated":true}]}}