{"id":2952,"date":"2023-07-14T10:05:48","date_gmt":"2023-07-14T08:05:48","guid":{"rendered":"https:\/\/varibox.best4u.dev\/product\/varibox-safeline-coupler-food-epdm\/"},"modified":"2024-01-09T10:23:46","modified_gmt":"2024-01-09T09:23:46","slug":"varibox-safeline-kupplung-food-epdm","status":"publish","type":"product","link":"https:\/\/varibox.best4u.dev\/de\/produkt\/varibox-safeline-kupplung-food-epdm\/","title":{"rendered":"VARIBOX Safeline Kupplung Food EPDM"},"content":{"rendered":"<p>Der VARIBOX Safeline Kupplung Food EPDM ist aus EPDM, Edelstahl und PVDF gefertigt. Der VARIBOX Safeline Kupplung Food EPDM kann an das obere Ende des Safeline taughrohr angeschlossen werden. Wenn Sie den originalen Safeline Coupler an Ihr System anschlie\u00dfen, werden das VARIBOX Safeline Taughrohr und der Safeline Kupplung gleichzeitig ge\u00f6ffnet. Ihr Produkt kann nun flie\u00dfen, und Luft kann eintreten. D\u00e4mpfe und Produkte k\u00f6nnen nicht entweichen. Diese einzigartige Konstruktion sch\u00fctzt Menschen und die Umwelt w\u00e4hrend der Benutzung.<\/p>\n","protected":false},"excerpt":{"rendered":"<p>Der VARIBOX Safeline Kupplung Food EPDM ist aus EPDM, Edelstahl und PVDF gefertigt. Der VARIBOX Safeline Kupplung Food EPDM kann an das obere Ende des Safeline taughrohr angeschlossen werden.<\/p>\n","protected":false},"featured_media":2936,"comment_status":"closed","ping_status":"closed","template":"","meta":{"_acf_changed":false},"product_brand":[],"product_cat":[305,210,240,254,212,214,218,216],"product_tag":[],"class_list":{"0":"post-2952","1":"product","2":"type-product","3":"status-publish","4":"has-post-thumbnail","6":"product_cat-couplers-de","7":"product_cat-kupplungen-varibox-cc-250","8":"product_cat-kupplungen-varibox-fc-800","9":"product_cat-kupplungen-varibox-fc-1000","10":"product_cat-varibox-cc-250-de","11":"product_cat-varibox-drumtainer-de","12":"product_cat-varibox-fc-1000-de","13":"product_cat-varibox-fc-800-de","14":"product_shipping_class-deventer-en","15":"pa_packaging-unit-1-de","17":"first","18":"instock","19":"taxable","20":"shipping-taxable","21":"purchasable","22":"product-type-simple"},"featured_image_urls_v2":{"full":["https:\/\/varibox.best4u.dev\/wp-content\/uploads\/2023\/07\/VARIBOX-Safeline-Food-Coupler-EPDM.png",1280,853,false],"thumbnail":["https:\/\/varibox.best4u.dev\/wp-content\/uploads\/2023\/07\/VARIBOX-Safeline-Food-Coupler-EPDM-256x256.png",256,256,true],"medium":["https:\/\/varibox.best4u.dev\/wp-content\/uploads\/2023\/07\/VARIBOX-Safeline-Food-Coupler-EPDM-512x341.png",512,341,true],"medium_large":["https:\/\/varibox.best4u.dev\/wp-content\/uploads\/2023\/07\/VARIBOX-Safeline-Food-Coupler-EPDM-768x512.png",768,512,true],"large":["https:\/\/varibox.best4u.dev\/wp-content\/uploads\/2023\/07\/VARIBOX-Safeline-Food-Coupler-EPDM-1024x682.png",1024,682,true],"1536x1536":["https:\/\/varibox.best4u.dev\/wp-content\/uploads\/2023\/07\/VARIBOX-Safeline-Food-Coupler-EPDM.png",1280,853,false],"2048x2048":["https:\/\/varibox.best4u.dev\/wp-content\/uploads\/2023\/07\/VARIBOX-Safeline-Food-Coupler-EPDM.png",1280,853,false],"woocommerce_archive_thumbnail":["https:\/\/varibox.best4u.dev\/wp-content\/uploads\/2023\/07\/VARIBOX-Safeline-Food-Coupler-EPDM-270x180.png",270,180,true],"gform-image-choice-sm":["https:\/\/varibox.best4u.dev\/wp-content\/uploads\/2023\/07\/VARIBOX-Safeline-Food-Coupler-EPDM.png",300,200,false],"gform-image-choice-md":["https:\/\/varibox.best4u.dev\/wp-content\/uploads\/2023\/07\/VARIBOX-Safeline-Food-Coupler-EPDM.png",400,267,false],"gform-image-choice-lg":["https:\/\/varibox.best4u.dev\/wp-content\/uploads\/2023\/07\/VARIBOX-Safeline-Food-Coupler-EPDM.png",600,400,false],"woocommerce_thumbnail":["https:\/\/varibox.best4u.dev\/wp-content\/uploads\/2023\/07\/VARIBOX-Safeline-Food-Coupler-EPDM-270x180.png",270,180,true],"woocommerce_single":["https:\/\/varibox.best4u.dev\/wp-content\/uploads\/2023\/07\/VARIBOX-Safeline-Food-Coupler-EPDM-1200x800.png",1200,800,true],"woocommerce_gallery_thumbnail":["https:\/\/varibox.best4u.dev\/wp-content\/uploads\/2023\/07\/VARIBOX-Safeline-Food-Coupler-EPDM-100x100.png",100,100,true],"variation_swatches_image_size":["https:\/\/varibox.best4u.dev\/wp-content\/uploads\/2023\/07\/VARIBOX-Safeline-Food-Coupler-EPDM-50x50.png",50,50,true],"variation_swatches_tooltip_size":["https:\/\/varibox.best4u.dev\/wp-content\/uploads\/2023\/07\/VARIBOX-Safeline-Food-Coupler-EPDM-100x100.png",100,100,true]},"post_excerpt_stackable_v2":"<p>Der VARIBOX Safeline Kupplung Food EPDM ist aus EPDM, Edelstahl und PVDF gefertigt. Der VARIBOX Safeline Kupplung Food EPDM kann an das obere Ende des Safeline taughrohr angeschlossen werden.<\/p>\n","category_list_v2":"","author_info_v2":{"name":"","url":""},"comments_num_v2":"0 comments","acf":[],"_links":{"self":[{"href":"https:\/\/varibox.best4u.dev\/de\/wp-json\/wp\/v2\/product\/2952","targetHints":{"allow":["GET"]}}],"collection":[{"href":"https:\/\/varibox.best4u.dev\/de\/wp-json\/wp\/v2\/product"}],"about":[{"href":"https:\/\/varibox.best4u.dev\/de\/wp-json\/wp\/v2\/types\/product"}],"replies":[{"embeddable":true,"href":"https:\/\/varibox.best4u.dev\/de\/wp-json\/wp\/v2\/comments?post=2952"}],"wp:featuredmedia":[{"embeddable":true,"href":"https:\/\/varibox.best4u.dev\/de\/wp-json\/wp\/v2\/media\/2936"}],"wp:attachment":[{"href":"https:\/\/varibox.best4u.dev\/de\/wp-json\/wp\/v2\/media?parent=2952"}],"wp:term":[{"taxonomy":"product_brand","embeddable":true,"href":"https:\/\/varibox.best4u.dev\/de\/wp-json\/wp\/v2\/product_brand?post=2952"},{"taxonomy":"product_cat","embeddable":true,"href":"https:\/\/varibox.best4u.dev\/de\/wp-json\/wp\/v2\/product_cat?post=2952"},{"taxonomy":"product_tag","embeddable":true,"href":"https:\/\/varibox.best4u.dev\/de\/wp-json\/wp\/v2\/product_tag?post=2952"}],"curies":[{"name":"wp","href":"https:\/\/api.w.org\/{rel}","templated":true}]}}