{"id":2948,"date":"2023-07-14T09:58:22","date_gmt":"2023-07-14T07:58:22","guid":{"rendered":"https:\/\/varibox.best4u.dev\/product\/varibox-fc-800-safeline-food-epdm\/"},"modified":"2024-09-04T16:28:57","modified_gmt":"2024-09-04T14:28:57","slug":"varibox-fc-800-safeline-food-epdm","status":"publish","type":"product","link":"https:\/\/varibox.best4u.dev\/de\/produkt\/varibox-fc-800-safeline-food-epdm\/","title":{"rendered":"VARIBOX FC 800 Safeline Performance Food EPDM"},"content":{"rendered":"<p>Der VARIBOX FC 800 Safeline Food EPDM taughrohr ist aus EPDM, PE und Edelstahl 316 gefertigt. Der Schlauch hat eine neutrale Farbe und der Anschlusspunkt an der Oberseite ist hellblau. Der taughrohr ist Teil eines einfach zu bedienenden Systems, das mit einer Safeline Food-Kupplung an Ihr System angeschlossen werden kann. Dadurch kann Ihr Produkt aus der VARIBOX gepumpt werden, ohne dass der IBC ge\u00f6ffnet werden muss. Dadurch wird sichergestellt, dass chemische Produkte und giftige D\u00e4mpfe nicht aus dem IBC entweichen k\u00f6nnen.<\/p>\n<p>Schlauch und Geh\u00e4use sind aus Polyethylen gefertigt. Die EPDM-Version hat eine Feder aus Edelstahl. Das Safeline Food EPDM Taughrohr hat einen Innendurchmesser von 24 mm. Die Leistung betr\u00e4gt 20 Liter\/Minute.<\/p>\n","protected":false},"excerpt":{"rendered":"<p>Der VARIBOX FC 800 Safeline Food EPDM taughrohr ist aus EPDM, PE und Edelstahl 316 gefertigt. Schlauch und Geh\u00e4use sind aus Polyethylen gefertigt. Die EPDM-Version hat eine Feder aus Edelstahl. Das Safeline Food EPDM Taughrohr hat einen Innendurchmesser von 24 mm. Die Leistung betr\u00e4gt 20 Liter\/Minute.<\/p>\n","protected":false},"featured_media":2925,"comment_status":"closed","ping_status":"closed","template":"","meta":{"_acf_changed":false},"product_brand":[],"product_cat":[242,216],"product_tag":[],"class_list":{"0":"post-2948","1":"product","2":"type-product","3":"status-publish","4":"has-post-thumbnail","6":"product_cat-tauchrohres-varibox-fc-800","7":"product_cat-varibox-fc-800-de","8":"product_shipping_class-deventer-en","9":"pa_packaging-unit-1-de","11":"first","12":"instock","13":"taxable","14":"shipping-taxable","15":"purchasable","16":"product-type-simple"},"featured_image_urls_v2":{"full":["https:\/\/varibox.best4u.dev\/wp-content\/uploads\/2023\/07\/VARIBOX-Safeline-Food-EPDM-extraction-point.png",1280,853,false],"thumbnail":["https:\/\/varibox.best4u.dev\/wp-content\/uploads\/2023\/07\/VARIBOX-Safeline-Food-EPDM-extraction-point-256x256.png",256,256,true],"medium":["https:\/\/varibox.best4u.dev\/wp-content\/uploads\/2023\/07\/VARIBOX-Safeline-Food-EPDM-extraction-point-512x341.png",512,341,true],"medium_large":["https:\/\/varibox.best4u.dev\/wp-content\/uploads\/2023\/07\/VARIBOX-Safeline-Food-EPDM-extraction-point-768x512.png",768,512,true],"large":["https:\/\/varibox.best4u.dev\/wp-content\/uploads\/2023\/07\/VARIBOX-Safeline-Food-EPDM-extraction-point-1024x682.png",1024,682,true],"1536x1536":["https:\/\/varibox.best4u.dev\/wp-content\/uploads\/2023\/07\/VARIBOX-Safeline-Food-EPDM-extraction-point.png",1280,853,false],"2048x2048":["https:\/\/varibox.best4u.dev\/wp-content\/uploads\/2023\/07\/VARIBOX-Safeline-Food-EPDM-extraction-point.png",1280,853,false],"woocommerce_archive_thumbnail":["https:\/\/varibox.best4u.dev\/wp-content\/uploads\/2023\/07\/VARIBOX-Safeline-Food-EPDM-extraction-point-270x180.png",270,180,true],"gform-image-choice-sm":["https:\/\/varibox.best4u.dev\/wp-content\/uploads\/2023\/07\/VARIBOX-Safeline-Food-EPDM-extraction-point.png",300,200,false],"gform-image-choice-md":["https:\/\/varibox.best4u.dev\/wp-content\/uploads\/2023\/07\/VARIBOX-Safeline-Food-EPDM-extraction-point.png",400,267,false],"gform-image-choice-lg":["https:\/\/varibox.best4u.dev\/wp-content\/uploads\/2023\/07\/VARIBOX-Safeline-Food-EPDM-extraction-point.png",600,400,false],"woocommerce_thumbnail":["https:\/\/varibox.best4u.dev\/wp-content\/uploads\/2023\/07\/VARIBOX-Safeline-Food-EPDM-extraction-point-270x180.png",270,180,true],"woocommerce_single":["https:\/\/varibox.best4u.dev\/wp-content\/uploads\/2023\/07\/VARIBOX-Safeline-Food-EPDM-extraction-point-1200x800.png",1200,800,true],"woocommerce_gallery_thumbnail":["https:\/\/varibox.best4u.dev\/wp-content\/uploads\/2023\/07\/VARIBOX-Safeline-Food-EPDM-extraction-point-100x100.png",100,100,true],"variation_swatches_image_size":["https:\/\/varibox.best4u.dev\/wp-content\/uploads\/2023\/07\/VARIBOX-Safeline-Food-EPDM-extraction-point-50x50.png",50,50,true],"variation_swatches_tooltip_size":["https:\/\/varibox.best4u.dev\/wp-content\/uploads\/2023\/07\/VARIBOX-Safeline-Food-EPDM-extraction-point-100x100.png",100,100,true]},"post_excerpt_stackable_v2":"<p>Der VARIBOX FC 800 Safeline Food EPDM taughrohr ist aus EPDM, PE und Edelstahl 316 gefertigt. Schlauch und Geh\u00e4use sind aus Polyethylen gefertigt. Die EPDM-Version hat eine Feder aus Edelstahl. Das Safeline Food EPDM Taughrohr hat einen Innendurchmesser von 24 mm. Die Leistung betr\u00e4gt 20 Liter\/Minute.<\/p>\n","category_list_v2":"","author_info_v2":{"name":"","url":""},"comments_num_v2":"0 comments","acf":[],"_links":{"self":[{"href":"https:\/\/varibox.best4u.dev\/de\/wp-json\/wp\/v2\/product\/2948","targetHints":{"allow":["GET"]}}],"collection":[{"href":"https:\/\/varibox.best4u.dev\/de\/wp-json\/wp\/v2\/product"}],"about":[{"href":"https:\/\/varibox.best4u.dev\/de\/wp-json\/wp\/v2\/types\/product"}],"replies":[{"embeddable":true,"href":"https:\/\/varibox.best4u.dev\/de\/wp-json\/wp\/v2\/comments?post=2948"}],"wp:featuredmedia":[{"embeddable":true,"href":"https:\/\/varibox.best4u.dev\/de\/wp-json\/wp\/v2\/media\/2925"}],"wp:attachment":[{"href":"https:\/\/varibox.best4u.dev\/de\/wp-json\/wp\/v2\/media?parent=2948"}],"wp:term":[{"taxonomy":"product_brand","embeddable":true,"href":"https:\/\/varibox.best4u.dev\/de\/wp-json\/wp\/v2\/product_brand?post=2948"},{"taxonomy":"product_cat","embeddable":true,"href":"https:\/\/varibox.best4u.dev\/de\/wp-json\/wp\/v2\/product_cat?post=2948"},{"taxonomy":"product_tag","embeddable":true,"href":"https:\/\/varibox.best4u.dev\/de\/wp-json\/wp\/v2\/product_tag?post=2948"}],"curies":[{"name":"wp","href":"https:\/\/api.w.org\/{rel}","templated":true}]}}