{"id":2866,"date":"2023-04-06T16:50:41","date_gmt":"2023-04-06T14:50:41","guid":{"rendered":"https:\/\/varibox.best4u.dev\/product\/wrench-for-the-screwcap\/"},"modified":"2024-01-09T10:23:47","modified_gmt":"2024-01-09T09:23:47","slug":"wrench-for-the-screwcap","status":"publish","type":"product","link":"https:\/\/varibox.best4u.dev\/de\/produkt\/wrench-for-the-screwcap\/","title":{"rendered":"Schraubkappen-Schl\u00fcssel"},"content":{"rendered":"<p>Einf\u00fchrung des ultimativen Werkzeugs f\u00fcr das \u00d6ffnen und Schlie\u00dfen von Intermediate Bulk Containers (IBCs) mit Leichtigkeit &#8211; dem Schraubkappen-Schl\u00fcssel! Entworfen, um Ihre IBC-Handhabungsaufgaben zum Kinderspiel zu machen, ist dieses innovative Werkzeug ein Muss f\u00fcr alle, die regelm\u00e4\u00dfig mit IBCs arbeiten.<\/p>\n<p>Mit seiner robusten Konstruktion und ergonomischen Gestaltung bietet der Schraubkappen-Schl\u00fcssel einen bequemen Griff und optimale Hebelwirkung, damit Sie m\u00fchelos die Schraubkappen an den VARIBOX IBCs l\u00f6sen oder festziehen k\u00f6nnen.<\/p>\n<p>Der Schraubkappen-Schl\u00fcssel ist speziell f\u00fcr eine Vielzahl von IBC-Schraubkappengr\u00f6\u00dfen konzipiert, um Kompatibilit\u00e4t mit den am h\u00e4ufigsten verwendeten IBCs in der Branche zu gew\u00e4hrleisten. Sein vielseitiges Design erm\u00f6glicht es Ihnen, ihn bei jedem VARIBOX IBC einzusetzen und ihn somit zu einem vielseitigen Werkzeug f\u00fcr jede IBC-Handhabungssituation zu machen.<\/p>\n<p>Schraubkappen-Schl\u00fcssel<\/p>\n<p>Sparen Sie Zeit und M\u00fche mit dem Schraubkappen-Schl\u00fcssel! Egal, ob Sie IBCs \u00f6ffnen, um auf den Inhalt zuzugreifen, oder sie f\u00fcr den Transport oder die Lagerung schlie\u00dfen, dieses praktische Werkzeug wird Ihre Abl\u00e4ufe optimieren und die IBC-Handhabung zum Kinderspiel machen. Durch seine strapazierf\u00e4hige Konstruktion ist er langlebig und zuverl\u00e4ssig, und somit ein zuverl\u00e4ssiger Begleiter f\u00fcr all Ihre IBC-Handhabungsbed\u00fcrfnisse.<\/p>\n","protected":false},"excerpt":{"rendered":"<p>Mit seiner robusten Konstruktion und ergonomischen Gestaltung bietet der Schraubkappen-Schl\u00fcssel einen bequemen Griff und optimale Hebelwirkung, sodass Sie m\u00fchelos die Schraubkappen an den VARIBOX lockern oder festziehen k\u00f6nnen.<\/p>\n","protected":false},"featured_media":2862,"comment_status":"closed","ping_status":"closed","template":"","meta":{"_acf_changed":false},"product_brand":[],"product_cat":[246,260,226,212,218,216,236,250,220],"product_tag":[],"class_list":{"0":"post-2866","1":"product","2":"type-product","3":"status-publish","4":"has-post-thumbnail","6":"product_cat-schraubdeckels-varibox-fc-800","7":"product_cat-schraubdeckels-varibox-fc-1000","8":"product_cat-schraubdeckels-varibox-cc-250","9":"product_cat-varibox-cc-250-de","10":"product_cat-varibox-fc-1000-de","11":"product_cat-varibox-fc-800-de","12":"product_cat-zubehor-varibox-fc-800","13":"product_cat-zubehor","14":"product_cat-zubehor-varibox-cc-250","15":"product_shipping_class-deventer-en","17":"first","18":"instock","19":"taxable","20":"shipping-taxable","21":"purchasable","22":"product-type-simple"},"featured_image_urls_v2":{"full":["https:\/\/varibox.best4u.dev\/wp-content\/uploads\/2023\/04\/Wrench-for-the-Screwcap.png",1980,1320,false],"thumbnail":["https:\/\/varibox.best4u.dev\/wp-content\/uploads\/2023\/04\/Wrench-for-the-Screwcap-256x256.png",256,256,true],"medium":["https:\/\/varibox.best4u.dev\/wp-content\/uploads\/2023\/04\/Wrench-for-the-Screwcap-512x341.png",512,341,true],"medium_large":["https:\/\/varibox.best4u.dev\/wp-content\/uploads\/2023\/04\/Wrench-for-the-Screwcap-768x512.png",768,512,true],"large":["https:\/\/varibox.best4u.dev\/wp-content\/uploads\/2023\/04\/Wrench-for-the-Screwcap-1024x683.png",1024,683,true],"1536x1536":["https:\/\/varibox.best4u.dev\/wp-content\/uploads\/2023\/04\/Wrench-for-the-Screwcap-1536x1024.png",1536,1024,true],"2048x2048":["https:\/\/varibox.best4u.dev\/wp-content\/uploads\/2023\/04\/Wrench-for-the-Screwcap.png",1980,1320,false],"woocommerce_archive_thumbnail":["https:\/\/varibox.best4u.dev\/wp-content\/uploads\/2023\/04\/Wrench-for-the-Screwcap-270x180.png",270,180,true],"gform-image-choice-sm":["https:\/\/varibox.best4u.dev\/wp-content\/uploads\/2023\/04\/Wrench-for-the-Screwcap.png",300,200,false],"gform-image-choice-md":["https:\/\/varibox.best4u.dev\/wp-content\/uploads\/2023\/04\/Wrench-for-the-Screwcap.png",400,267,false],"gform-image-choice-lg":["https:\/\/varibox.best4u.dev\/wp-content\/uploads\/2023\/04\/Wrench-for-the-Screwcap.png",600,400,false],"woocommerce_thumbnail":["https:\/\/varibox.best4u.dev\/wp-content\/uploads\/2023\/04\/Wrench-for-the-Screwcap-270x180.png",270,180,true],"woocommerce_single":["https:\/\/varibox.best4u.dev\/wp-content\/uploads\/2023\/04\/Wrench-for-the-Screwcap-1200x800.png",1200,800,true],"woocommerce_gallery_thumbnail":["https:\/\/varibox.best4u.dev\/wp-content\/uploads\/2023\/04\/Wrench-for-the-Screwcap-100x100.png",100,100,true],"variation_swatches_image_size":["https:\/\/varibox.best4u.dev\/wp-content\/uploads\/2023\/04\/Wrench-for-the-Screwcap-50x50.png",50,50,true],"variation_swatches_tooltip_size":["https:\/\/varibox.best4u.dev\/wp-content\/uploads\/2023\/04\/Wrench-for-the-Screwcap-100x100.png",100,100,true]},"post_excerpt_stackable_v2":"<p>Mit seiner robusten Konstruktion und ergonomischen Gestaltung bietet der Schraubkappen-Schl\u00fcssel einen bequemen Griff und optimale Hebelwirkung, sodass Sie m\u00fchelos die Schraubkappen an den VARIBOX lockern oder festziehen k\u00f6nnen.<\/p>\n","category_list_v2":"","author_info_v2":{"name":"","url":""},"comments_num_v2":"0 comments","acf":[],"_links":{"self":[{"href":"https:\/\/varibox.best4u.dev\/de\/wp-json\/wp\/v2\/product\/2866","targetHints":{"allow":["GET"]}}],"collection":[{"href":"https:\/\/varibox.best4u.dev\/de\/wp-json\/wp\/v2\/product"}],"about":[{"href":"https:\/\/varibox.best4u.dev\/de\/wp-json\/wp\/v2\/types\/product"}],"replies":[{"embeddable":true,"href":"https:\/\/varibox.best4u.dev\/de\/wp-json\/wp\/v2\/comments?post=2866"}],"wp:featuredmedia":[{"embeddable":true,"href":"https:\/\/varibox.best4u.dev\/de\/wp-json\/wp\/v2\/media\/2862"}],"wp:attachment":[{"href":"https:\/\/varibox.best4u.dev\/de\/wp-json\/wp\/v2\/media?parent=2866"}],"wp:term":[{"taxonomy":"product_brand","embeddable":true,"href":"https:\/\/varibox.best4u.dev\/de\/wp-json\/wp\/v2\/product_brand?post=2866"},{"taxonomy":"product_cat","embeddable":true,"href":"https:\/\/varibox.best4u.dev\/de\/wp-json\/wp\/v2\/product_cat?post=2866"},{"taxonomy":"product_tag","embeddable":true,"href":"https:\/\/varibox.best4u.dev\/de\/wp-json\/wp\/v2\/product_tag?post=2866"}],"curies":[{"name":"wp","href":"https:\/\/api.w.org\/{rel}","templated":true}]}}