{"id":2810,"date":"2023-01-23T10:35:29","date_gmt":"2023-01-23T09:35:29","guid":{"rendered":"https:\/\/varibox.best4u.dev\/product\/varibox-fc-800-drumtainer-safeline-precision-viton\/"},"modified":"2024-01-09T10:23:47","modified_gmt":"2024-01-09T09:23:47","slug":"varibox-fc-800-drumtainer-safeline-precision-viton","status":"publish","type":"product","link":"https:\/\/varibox.best4u.dev\/de\/produkt\/varibox-fc-800-drumtainer-safeline-precision-viton\/","title":{"rendered":"VARIBOX FC 800 &#038; Drumtainer Safeline Precision Viton"},"content":{"rendered":"<p>Die VARIBOX FC 800 &amp; Drumtainer Safeline Precision Viton Tauchrohre werden aus Aflas, PE und Hastelloy hergestellt. Das Rohr hat eine neutrale Farbe und der Anschlusspunkt an der Oberseite ist gr\u00fcn. Die Tauchrohre sind Teil eines einfach zu bedienenden Systems, mit dem Ihr System \u00fcber eine Safeline Kupplung an die VARIBOX angeschlossen werden kann. Dadurch kann Ihr Produkt aus der VARIBOX gepumpt werden, ohne dass der IBC ge\u00f6ffnet werden muss. So wird sichergestellt, dass chemische Produkte und giftige D\u00e4mpfe nicht aus dem IBC entweichen k\u00f6nnen.<\/p>\n","protected":false},"excerpt":{"rendered":"<p>Die VARIBOX FC 800 &amp; Drumtainer Safeline Precision Viton Tauchrohre werden aus Aflas, PE und Hastelloy hergestellt. Das Rohr hat eine neutrale Farbe und der Anschlusspunkt an der Oberseite ist gr\u00fcn. Die Tauchrohre sind Teil eines einfach zu bedienenden Systems, mit dem Ihr System \u00fcber eine Safeline Kupplung an die VARIBOX angeschlossen werden kann. Dadurch [&hellip;]<\/p>\n","protected":false},"featured_media":1914,"comment_status":"closed","ping_status":"closed","template":"","meta":{"_acf_changed":false},"product_brand":[],"product_cat":[234,242,214,216],"product_tag":[],"class_list":{"0":"post-2810","1":"product","2":"type-product","3":"status-publish","4":"has-post-thumbnail","6":"product_cat-tauchrohres-varibox-drumtainer","7":"product_cat-tauchrohres-varibox-fc-800","8":"product_cat-varibox-drumtainer-de","9":"product_cat-varibox-fc-800-de","10":"product_shipping_class-deventer-en","11":"pa_packaging-unit-1-de","13":"first","14":"instock","15":"taxable","16":"shipping-taxable","17":"purchasable","18":"product-type-simple"},"featured_image_urls_v2":{"full":["https:\/\/varibox.best4u.dev\/wp-content\/uploads\/2022\/08\/slpreva-1.png",600,400,false],"thumbnail":["https:\/\/varibox.best4u.dev\/wp-content\/uploads\/2022\/08\/slpreva-1-256x256.png",256,256,true],"medium":["https:\/\/varibox.best4u.dev\/wp-content\/uploads\/2022\/08\/slpreva-1-512x341.png",512,341,true],"medium_large":["https:\/\/varibox.best4u.dev\/wp-content\/uploads\/2022\/08\/slpreva-1.png",600,400,false],"large":["https:\/\/varibox.best4u.dev\/wp-content\/uploads\/2022\/08\/slpreva-1.png",600,400,false],"1536x1536":["https:\/\/varibox.best4u.dev\/wp-content\/uploads\/2022\/08\/slpreva-1.png",600,400,false],"2048x2048":["https:\/\/varibox.best4u.dev\/wp-content\/uploads\/2022\/08\/slpreva-1.png",600,400,false],"woocommerce_archive_thumbnail":["https:\/\/varibox.best4u.dev\/wp-content\/uploads\/2022\/08\/slpreva-1-270x180.png",270,180,true],"gform-image-choice-sm":["https:\/\/varibox.best4u.dev\/wp-content\/uploads\/2022\/08\/slpreva-1.png",300,200,false],"gform-image-choice-md":["https:\/\/varibox.best4u.dev\/wp-content\/uploads\/2022\/08\/slpreva-1.png",400,267,false],"gform-image-choice-lg":["https:\/\/varibox.best4u.dev\/wp-content\/uploads\/2022\/08\/slpreva-1.png",600,400,false],"woocommerce_thumbnail":["https:\/\/varibox.best4u.dev\/wp-content\/uploads\/2022\/08\/slpreva-1-270x180.png",270,180,true],"woocommerce_single":["https:\/\/varibox.best4u.dev\/wp-content\/uploads\/2022\/08\/slpreva-1.png",600,400,false],"woocommerce_gallery_thumbnail":["https:\/\/varibox.best4u.dev\/wp-content\/uploads\/2022\/08\/slpreva-1-100x100.png",100,100,true],"variation_swatches_image_size":["https:\/\/varibox.best4u.dev\/wp-content\/uploads\/2022\/08\/slpreva-1-50x50.png",50,50,true],"variation_swatches_tooltip_size":["https:\/\/varibox.best4u.dev\/wp-content\/uploads\/2022\/08\/slpreva-1-100x100.png",100,100,true]},"post_excerpt_stackable_v2":"<p>Die VARIBOX FC 800 &amp; Drumtainer Safeline Precision Viton Tauchrohre werden aus Aflas, PE und Hastelloy hergestellt. Das Rohr hat eine neutrale Farbe und der Anschlusspunkt an der Oberseite ist gr\u00fcn. Die Tauchrohre sind Teil eines einfach zu bedienenden Systems, mit dem Ihr System \u00fcber eine Safeline Kupplung an die VARIBOX angeschlossen werden kann. Dadurch kann Ihr Produkt aus der VARIBOX gepumpt werden, ohne dass der IBC ge\u00f6ffnet werden muss. So wird sichergestellt, dass chemische Produkte und giftige D\u00e4mpfe nicht aus dem IBC entweichen k\u00f6nnen.<\/p>\n","category_list_v2":"","author_info_v2":{"name":"","url":""},"comments_num_v2":"0 comments","acf":[],"_links":{"self":[{"href":"https:\/\/varibox.best4u.dev\/de\/wp-json\/wp\/v2\/product\/2810","targetHints":{"allow":["GET"]}}],"collection":[{"href":"https:\/\/varibox.best4u.dev\/de\/wp-json\/wp\/v2\/product"}],"about":[{"href":"https:\/\/varibox.best4u.dev\/de\/wp-json\/wp\/v2\/types\/product"}],"replies":[{"embeddable":true,"href":"https:\/\/varibox.best4u.dev\/de\/wp-json\/wp\/v2\/comments?post=2810"}],"wp:featuredmedia":[{"embeddable":true,"href":"https:\/\/varibox.best4u.dev\/de\/wp-json\/wp\/v2\/media\/1914"}],"wp:attachment":[{"href":"https:\/\/varibox.best4u.dev\/de\/wp-json\/wp\/v2\/media?parent=2810"}],"wp:term":[{"taxonomy":"product_brand","embeddable":true,"href":"https:\/\/varibox.best4u.dev\/de\/wp-json\/wp\/v2\/product_brand?post=2810"},{"taxonomy":"product_cat","embeddable":true,"href":"https:\/\/varibox.best4u.dev\/de\/wp-json\/wp\/v2\/product_cat?post=2810"},{"taxonomy":"product_tag","embeddable":true,"href":"https:\/\/varibox.best4u.dev\/de\/wp-json\/wp\/v2\/product_tag?post=2810"}],"curies":[{"name":"wp","href":"https:\/\/api.w.org\/{rel}","templated":true}]}}