{"id":2806,"date":"2023-01-20T15:00:23","date_gmt":"2023-01-20T14:00:23","guid":{"rendered":"https:\/\/varibox.best4u.dev\/product\/varibox-fc-800-and-drumtainer-safeline-precision-epdm\/"},"modified":"2025-10-23T15:15:35","modified_gmt":"2025-10-23T13:15:35","slug":"varibox-fc-800-and-drumtainer-safeline-precision-epdm","status":"publish","type":"product","link":"https:\/\/varibox.best4u.dev\/de\/produkt\/varibox-fc-800-and-drumtainer-safeline-precision-epdm\/","title":{"rendered":"VARIBOX FC 800 and Drumtainer Safeline Precision EPDM"},"content":{"rendered":"<p>Die VARIBOX FC 800 and Drumtainer Safeline Precision EPDM Tauchrohre sind aus EPDM, PE und Hastelloy. Der Schlauch hat eine neutrale Farbe und der Anschlusspunkt an der Oberseite ist rot. Die Tauchrohre sind Teil eines einfach zu bedienenden Systems, das mit Hilfe einer Safeline Kupplung an Ihr System angeschlossen werden kann. So kann Ihr Produkt aus der VARIBOX abgepumpt werden, ohne den IBC zu \u00f6ffnen. So wird sichergestellt, dass chemische Produkte und giftige D\u00e4mpfe nicht aus dem IBC entweichen k\u00f6nnen.<\/p>\n","protected":false},"excerpt":{"rendered":"<p>Die VARIBOX FC 800 and Drumtainer Safeline Precision EPDM Tauchrohre sind aus EPDM, PE und Hastelloy. Der Schlauch hat eine neutrale Farbe und der Anschlusspunkt an der Oberseite ist rot. Die Tauchrohre sind Teil eines einfach zu bedienenden Systems, das mit Hilfe einer Safeline Kupplung an Ihr System angeschlossen werden kann. So kann Ihr Produkt [&hellip;]<\/p>\n","protected":false},"featured_media":1924,"comment_status":"closed","ping_status":"closed","template":"","meta":{"_acf_changed":false},"product_brand":[],"product_cat":[242,234,214,216],"product_tag":[],"class_list":{"0":"post-2806","1":"product","2":"type-product","3":"status-publish","4":"has-post-thumbnail","6":"product_cat-tauchrohres-varibox-fc-800","7":"product_cat-tauchrohres-varibox-drumtainer","8":"product_cat-varibox-drumtainer-de","9":"product_cat-varibox-fc-800-de","10":"product_shipping_class-deventer-en","11":"pa_packaging-unit-1-de","13":"first","14":"instock","15":"taxable","16":"shipping-taxable","17":"purchasable","18":"product-type-simple"},"featured_image_urls_v2":{"full":["https:\/\/varibox.best4u.dev\/wp-content\/uploads\/2022\/08\/slprea.png",600,400,false],"thumbnail":["https:\/\/varibox.best4u.dev\/wp-content\/uploads\/2022\/08\/slprea-256x256.png",256,256,true],"medium":["https:\/\/varibox.best4u.dev\/wp-content\/uploads\/2022\/08\/slprea-512x341.png",512,341,true],"medium_large":["https:\/\/varibox.best4u.dev\/wp-content\/uploads\/2022\/08\/slprea.png",600,400,false],"large":["https:\/\/varibox.best4u.dev\/wp-content\/uploads\/2022\/08\/slprea.png",600,400,false],"1536x1536":["https:\/\/varibox.best4u.dev\/wp-content\/uploads\/2022\/08\/slprea.png",600,400,false],"2048x2048":["https:\/\/varibox.best4u.dev\/wp-content\/uploads\/2022\/08\/slprea.png",600,400,false],"woocommerce_archive_thumbnail":["https:\/\/varibox.best4u.dev\/wp-content\/uploads\/2022\/08\/slprea-270x180.png",270,180,true],"gform-image-choice-sm":["https:\/\/varibox.best4u.dev\/wp-content\/uploads\/2022\/08\/slprea.png",300,200,false],"gform-image-choice-md":["https:\/\/varibox.best4u.dev\/wp-content\/uploads\/2022\/08\/slprea.png",400,267,false],"gform-image-choice-lg":["https:\/\/varibox.best4u.dev\/wp-content\/uploads\/2022\/08\/slprea.png",600,400,false],"woocommerce_thumbnail":["https:\/\/varibox.best4u.dev\/wp-content\/uploads\/2022\/08\/slprea-270x180.png",270,180,true],"woocommerce_single":["https:\/\/varibox.best4u.dev\/wp-content\/uploads\/2022\/08\/slprea.png",600,400,false],"woocommerce_gallery_thumbnail":["https:\/\/varibox.best4u.dev\/wp-content\/uploads\/2022\/08\/slprea-100x100.png",100,100,true],"variation_swatches_image_size":["https:\/\/varibox.best4u.dev\/wp-content\/uploads\/2022\/08\/slprea-50x50.png",50,50,true],"variation_swatches_tooltip_size":["https:\/\/varibox.best4u.dev\/wp-content\/uploads\/2022\/08\/slprea-100x100.png",100,100,true]},"post_excerpt_stackable_v2":"<p>Die VARIBOX FC 800 and Drumtainer Safeline Precision EPDM Tauchrohre sind aus EPDM, PE und Hastelloy. Der Schlauch hat eine neutrale Farbe und der Anschlusspunkt an der Oberseite ist rot. Die Tauchrohre sind Teil eines einfach zu bedienenden Systems, das mit Hilfe einer Safeline Kupplung an Ihr System angeschlossen werden kann. So kann Ihr Produkt aus der VARIBOX abgepumpt werden, ohne den IBC zu \u00f6ffnen. So wird sichergestellt, dass chemische Produkte und giftige D\u00e4mpfe nicht aus dem IBC entweichen k\u00f6nnen.<\/p>\n","category_list_v2":"","author_info_v2":{"name":"","url":""},"comments_num_v2":"0 comments","acf":[],"_links":{"self":[{"href":"https:\/\/varibox.best4u.dev\/de\/wp-json\/wp\/v2\/product\/2806","targetHints":{"allow":["GET"]}}],"collection":[{"href":"https:\/\/varibox.best4u.dev\/de\/wp-json\/wp\/v2\/product"}],"about":[{"href":"https:\/\/varibox.best4u.dev\/de\/wp-json\/wp\/v2\/types\/product"}],"replies":[{"embeddable":true,"href":"https:\/\/varibox.best4u.dev\/de\/wp-json\/wp\/v2\/comments?post=2806"}],"wp:featuredmedia":[{"embeddable":true,"href":"https:\/\/varibox.best4u.dev\/de\/wp-json\/wp\/v2\/media\/1924"}],"wp:attachment":[{"href":"https:\/\/varibox.best4u.dev\/de\/wp-json\/wp\/v2\/media?parent=2806"}],"wp:term":[{"taxonomy":"product_brand","embeddable":true,"href":"https:\/\/varibox.best4u.dev\/de\/wp-json\/wp\/v2\/product_brand?post=2806"},{"taxonomy":"product_cat","embeddable":true,"href":"https:\/\/varibox.best4u.dev\/de\/wp-json\/wp\/v2\/product_cat?post=2806"},{"taxonomy":"product_tag","embeddable":true,"href":"https:\/\/varibox.best4u.dev\/de\/wp-json\/wp\/v2\/product_tag?post=2806"}],"curies":[{"name":"wp","href":"https:\/\/api.w.org\/{rel}","templated":true}]}}