{"id":2470,"date":"2022-08-10T10:53:32","date_gmt":"2022-08-10T08:53:32","guid":{"rendered":"https:\/\/varibox.best4u.dev\/product\/varibox-cc-250-leermelder-viton\/"},"modified":"2024-01-09T10:23:48","modified_gmt":"2024-01-09T09:23:48","slug":"varibox-cc-250-leermelder-viton","status":"publish","type":"product","link":"https:\/\/varibox.best4u.dev\/de\/produkt\/varibox-cc-250-leermelder-viton\/","title":{"rendered":"VARIBOX CC 250 Leermelder Viton"},"content":{"rendered":"<p>Der VARIBOX CC 250 Leermelder Viton wird aus Viton, PE, PP und PVC hergestellt. Dieser spezielle Melder in der VARIBOX CC zeigt an, wenn der Beh\u00e4lter leer ist: ca. 1\/2 Liter Fl\u00fcssigkeit bleibt \u00fcbrig. Ihr System kann an den Leermelder angeschlossen werden, er sendet ein Signal, wenn die VARIBOX CC leer ist und schaltet zum Beispiel Ihre Pumpe ab. Der Leermelder verf\u00fcgt \u00fcber einen Schwimmerschalter an der tiefsten Stelle der VARIBOX FC. Solange sich Fl\u00fcssigkeit in der VARIBOX FC befindet, schwimmt der Schwimmer, und der Stromkreis ist geschlossen (hergestellt). Wenn die gesamte Fl\u00fcssigkeit aus der VARIBOX CC gepumpt wurde, f\u00e4llt der Schwimmer ab und unterbricht den Kontakt.<\/p>\n","protected":false},"excerpt":{"rendered":"<p>Der VARIBOX CC 250 Leermelder Viton ist ein spezieller Melder in der VARIBOX CC, der anzeigt, wann der Beh\u00e4lter leer ist.<\/p>\n","protected":false},"featured_media":2196,"comment_status":"closed","ping_status":"closed","template":"","meta":{"_acf_changed":false},"product_brand":[],"product_cat":[228,212],"product_tag":[],"class_list":{"0":"post-2470","1":"product","2":"type-product","3":"status-publish","4":"has-post-thumbnail","6":"product_cat-melders-varibox-cc-250","7":"product_cat-varibox-cc-250-de","8":"product_shipping_class-deventer-en","9":"pa_packaging-unit-1-de","11":"first","12":"instock","13":"taxable","14":"shipping-taxable","15":"purchasable","16":"product-type-simple"},"featured_image_urls_v2":{"full":["https:\/\/varibox.best4u.dev\/wp-content\/uploads\/2022\/08\/ela-5.png",600,400,false],"thumbnail":["https:\/\/varibox.best4u.dev\/wp-content\/uploads\/2022\/08\/ela-5-256x256.png",256,256,true],"medium":["https:\/\/varibox.best4u.dev\/wp-content\/uploads\/2022\/08\/ela-5-512x341.png",512,341,true],"medium_large":["https:\/\/varibox.best4u.dev\/wp-content\/uploads\/2022\/08\/ela-5.png",600,400,false],"large":["https:\/\/varibox.best4u.dev\/wp-content\/uploads\/2022\/08\/ela-5.png",600,400,false],"1536x1536":["https:\/\/varibox.best4u.dev\/wp-content\/uploads\/2022\/08\/ela-5.png",600,400,false],"2048x2048":["https:\/\/varibox.best4u.dev\/wp-content\/uploads\/2022\/08\/ela-5.png",600,400,false],"woocommerce_archive_thumbnail":["https:\/\/varibox.best4u.dev\/wp-content\/uploads\/2022\/08\/ela-5-270x180.png",270,180,true],"gform-image-choice-sm":["https:\/\/varibox.best4u.dev\/wp-content\/uploads\/2022\/08\/ela-5.png",300,200,false],"gform-image-choice-md":["https:\/\/varibox.best4u.dev\/wp-content\/uploads\/2022\/08\/ela-5.png",400,267,false],"gform-image-choice-lg":["https:\/\/varibox.best4u.dev\/wp-content\/uploads\/2022\/08\/ela-5.png",600,400,false],"woocommerce_thumbnail":["https:\/\/varibox.best4u.dev\/wp-content\/uploads\/2022\/08\/ela-5-270x180.png",270,180,true],"woocommerce_single":["https:\/\/varibox.best4u.dev\/wp-content\/uploads\/2022\/08\/ela-5.png",600,400,false],"woocommerce_gallery_thumbnail":["https:\/\/varibox.best4u.dev\/wp-content\/uploads\/2022\/08\/ela-5-100x100.png",100,100,true],"variation_swatches_image_size":["https:\/\/varibox.best4u.dev\/wp-content\/uploads\/2022\/08\/ela-5-50x50.png",50,50,true],"variation_swatches_tooltip_size":["https:\/\/varibox.best4u.dev\/wp-content\/uploads\/2022\/08\/ela-5-100x100.png",100,100,true]},"post_excerpt_stackable_v2":"<p>Der VARIBOX CC 250 Leermelder Viton ist ein spezieller Melder in der VARIBOX CC, der anzeigt, wann der Beh\u00e4lter leer ist.<\/p>\n","category_list_v2":"","author_info_v2":{"name":"","url":""},"comments_num_v2":"0 comments","acf":[],"_links":{"self":[{"href":"https:\/\/varibox.best4u.dev\/de\/wp-json\/wp\/v2\/product\/2470","targetHints":{"allow":["GET"]}}],"collection":[{"href":"https:\/\/varibox.best4u.dev\/de\/wp-json\/wp\/v2\/product"}],"about":[{"href":"https:\/\/varibox.best4u.dev\/de\/wp-json\/wp\/v2\/types\/product"}],"replies":[{"embeddable":true,"href":"https:\/\/varibox.best4u.dev\/de\/wp-json\/wp\/v2\/comments?post=2470"}],"wp:featuredmedia":[{"embeddable":true,"href":"https:\/\/varibox.best4u.dev\/de\/wp-json\/wp\/v2\/media\/2196"}],"wp:attachment":[{"href":"https:\/\/varibox.best4u.dev\/de\/wp-json\/wp\/v2\/media?parent=2470"}],"wp:term":[{"taxonomy":"product_brand","embeddable":true,"href":"https:\/\/varibox.best4u.dev\/de\/wp-json\/wp\/v2\/product_brand?post=2470"},{"taxonomy":"product_cat","embeddable":true,"href":"https:\/\/varibox.best4u.dev\/de\/wp-json\/wp\/v2\/product_cat?post=2470"},{"taxonomy":"product_tag","embeddable":true,"href":"https:\/\/varibox.best4u.dev\/de\/wp-json\/wp\/v2\/product_tag?post=2470"}],"curies":[{"name":"wp","href":"https:\/\/api.w.org\/{rel}","templated":true}]}}