{"id":2453,"date":"2022-08-10T10:53:12","date_gmt":"2022-08-10T08:53:12","guid":{"rendered":"https:\/\/varibox.best4u.dev\/product\/varibox-vollmelder-epdm\/"},"modified":"2024-01-09T10:23:52","modified_gmt":"2024-01-09T09:23:52","slug":"varibox-vollmelder-epdm","status":"publish","type":"product","link":"https:\/\/varibox.best4u.dev\/de\/produkt\/varibox-vollmelder-epdm\/","title":{"rendered":"VARIBOX Vollmelder EPDM"},"content":{"rendered":"<p>Der VARIBOX Vollmelder EPDM wird aus EPDM, PE, PP und PVC hergestellt. Dieser spezielle Melder in der VARIBOX zeigt an, wenn der Beh\u00e4lter voll ist. Ihr System kann \u00fcber einen Z\u00e4hleranschluss an den Vollmelder angeschlossen werden. Er sendet ein Signal, wenn die VARIBOX voll ist und schaltet zum Beispiel Ihre Pumpe ab. Der Vollmelder verf\u00fcgt \u00fcber einen Schwimmerschalter am h\u00f6chsten Punkt der VARIBOX. Wenn sich gen\u00fcgend Fl\u00fcssigkeit in der VARIBOX befindet, hebt sie den Schwimmer an, und der Schalter unterbricht den Stromkreis.<\/p>\n","protected":false},"excerpt":{"rendered":"<p>Der VARIBOX Vollmelder EPDM ist ein spezieller Melder in der VARIBOX, der anzeigt, wann der Beh\u00e4lter voll ist.<\/p>\n","protected":false},"featured_media":2065,"comment_status":"closed","ping_status":"closed","template":"","meta":{"_acf_changed":false},"product_brand":[],"product_cat":[262,228,248,212,218,216],"product_tag":[],"class_list":{"0":"post-2453","1":"product","2":"type-product","3":"status-publish","4":"has-post-thumbnail","6":"product_cat-melders","7":"product_cat-melders-varibox-cc-250","8":"product_cat-melders-varibox-fc-800","9":"product_cat-varibox-cc-250-de","10":"product_cat-varibox-fc-1000-de","11":"product_cat-varibox-fc-800-de","12":"product_shipping_class-deventer-en","13":"pa_packaging-unit-1-de","15":"first","16":"instock","17":"taxable","18":"shipping-taxable","19":"purchasable","20":"product-type-simple"},"featured_image_urls_v2":{"full":["https:\/\/varibox.best4u.dev\/wp-content\/uploads\/2022\/08\/fulla.png",600,400,false],"thumbnail":["https:\/\/varibox.best4u.dev\/wp-content\/uploads\/2022\/08\/fulla-256x256.png",256,256,true],"medium":["https:\/\/varibox.best4u.dev\/wp-content\/uploads\/2022\/08\/fulla-512x341.png",512,341,true],"medium_large":["https:\/\/varibox.best4u.dev\/wp-content\/uploads\/2022\/08\/fulla.png",600,400,false],"large":["https:\/\/varibox.best4u.dev\/wp-content\/uploads\/2022\/08\/fulla.png",600,400,false],"1536x1536":["https:\/\/varibox.best4u.dev\/wp-content\/uploads\/2022\/08\/fulla.png",600,400,false],"2048x2048":["https:\/\/varibox.best4u.dev\/wp-content\/uploads\/2022\/08\/fulla.png",600,400,false],"woocommerce_archive_thumbnail":["https:\/\/varibox.best4u.dev\/wp-content\/uploads\/2022\/08\/fulla-270x180.png",270,180,true],"gform-image-choice-sm":["https:\/\/varibox.best4u.dev\/wp-content\/uploads\/2022\/08\/fulla.png",300,200,false],"gform-image-choice-md":["https:\/\/varibox.best4u.dev\/wp-content\/uploads\/2022\/08\/fulla.png",400,267,false],"gform-image-choice-lg":["https:\/\/varibox.best4u.dev\/wp-content\/uploads\/2022\/08\/fulla.png",600,400,false],"woocommerce_thumbnail":["https:\/\/varibox.best4u.dev\/wp-content\/uploads\/2022\/08\/fulla-270x180.png",270,180,true],"woocommerce_single":["https:\/\/varibox.best4u.dev\/wp-content\/uploads\/2022\/08\/fulla.png",600,400,false],"woocommerce_gallery_thumbnail":["https:\/\/varibox.best4u.dev\/wp-content\/uploads\/2022\/08\/fulla-100x100.png",100,100,true],"variation_swatches_image_size":["https:\/\/varibox.best4u.dev\/wp-content\/uploads\/2022\/08\/fulla-50x50.png",50,50,true],"variation_swatches_tooltip_size":["https:\/\/varibox.best4u.dev\/wp-content\/uploads\/2022\/08\/fulla-100x100.png",100,100,true]},"post_excerpt_stackable_v2":"<p>Der VARIBOX Vollmelder EPDM ist ein spezieller Melder in der VARIBOX, der anzeigt, wann der Beh\u00e4lter voll ist.<\/p>\n","category_list_v2":"","author_info_v2":{"name":"","url":""},"comments_num_v2":"0 comments","acf":[],"_links":{"self":[{"href":"https:\/\/varibox.best4u.dev\/de\/wp-json\/wp\/v2\/product\/2453","targetHints":{"allow":["GET"]}}],"collection":[{"href":"https:\/\/varibox.best4u.dev\/de\/wp-json\/wp\/v2\/product"}],"about":[{"href":"https:\/\/varibox.best4u.dev\/de\/wp-json\/wp\/v2\/types\/product"}],"replies":[{"embeddable":true,"href":"https:\/\/varibox.best4u.dev\/de\/wp-json\/wp\/v2\/comments?post=2453"}],"wp:featuredmedia":[{"embeddable":true,"href":"https:\/\/varibox.best4u.dev\/de\/wp-json\/wp\/v2\/media\/2065"}],"wp:attachment":[{"href":"https:\/\/varibox.best4u.dev\/de\/wp-json\/wp\/v2\/media?parent=2453"}],"wp:term":[{"taxonomy":"product_brand","embeddable":true,"href":"https:\/\/varibox.best4u.dev\/de\/wp-json\/wp\/v2\/product_brand?post=2453"},{"taxonomy":"product_cat","embeddable":true,"href":"https:\/\/varibox.best4u.dev\/de\/wp-json\/wp\/v2\/product_cat?post=2453"},{"taxonomy":"product_tag","embeddable":true,"href":"https:\/\/varibox.best4u.dev\/de\/wp-json\/wp\/v2\/product_tag?post=2453"}],"curies":[{"name":"wp","href":"https:\/\/api.w.org\/{rel}","templated":true}]}}