{"id":2446,"date":"2022-08-10T10:53:12","date_gmt":"2022-08-10T08:53:12","guid":{"rendered":"https:\/\/varibox.best4u.dev\/product\/varibox-schraubdeckel-d160-epdm-kombi-beluefter-2\/"},"modified":"2024-03-21T14:01:56","modified_gmt":"2024-03-21T13:01:56","slug":"varibox-schraubdeckel-d160-epdm-kombi-beluefter-2","status":"publish","type":"product","link":"https:\/\/varibox.best4u.dev\/de\/produkt\/varibox-schraubdeckel-d160-epdm-kombi-beluefter-2\/","title":{"rendered":"VARIBOX FC \/ CC Schraubdeckel D160 EPDM Kombi-Bel\u00fcfter"},"content":{"rendered":"<p>Der VARIBOX Schraubdeckel D160 EPDM Kombi-Bel\u00fcftung dient zum Verschlie\u00dfen der Einf\u00fcll\u00f6ffnung. Dieser Schraubdeckel ist aus EPDM, PE, PTFE und PP gefertigt und hat die Farbe Rot. Diese rote Farbe passt zu den anderen roten EPDM Safeline Systemteilen der VARIBOX. Dieser Schraubdeckeltyp hat eine Kombi-Bel\u00fcftung zur automatischen Bel\u00fcftung bei Unter- und \u00dcberdruck.<\/p>\n","protected":false},"excerpt":{"rendered":"<p>VARIBOX Schraubdeckel D160 EPDM Kombi-Bel\u00fcfter dient zum Verschlie\u00dfen der Einf\u00fcll\u00f6ffnung.<\/p>\n","protected":false},"featured_media":2025,"comment_status":"closed","ping_status":"closed","template":"","meta":{"_acf_changed":false},"product_brand":[],"product_cat":[226,246,260,212,218,216],"product_tag":[],"class_list":{"0":"post-2446","1":"product","2":"type-product","3":"status-publish","4":"has-post-thumbnail","6":"product_cat-schraubdeckels-varibox-cc-250","7":"product_cat-schraubdeckels-varibox-fc-800","8":"product_cat-schraubdeckels-varibox-fc-1000","9":"product_cat-varibox-cc-250-de","10":"product_cat-varibox-fc-1000-de","11":"product_cat-varibox-fc-800-de","12":"product_shipping_class-deventer-en","13":"pa_packaging-unit-1-de","15":"first","16":"instock","17":"taxable","18":"shipping-taxable","19":"purchasable","20":"product-type-simple"},"featured_image_urls_v2":{"full":["https:\/\/varibox.best4u.dev\/wp-content\/uploads\/2022\/08\/screweya.png",600,400,false],"thumbnail":["https:\/\/varibox.best4u.dev\/wp-content\/uploads\/2022\/08\/screweya-256x256.png",256,256,true],"medium":["https:\/\/varibox.best4u.dev\/wp-content\/uploads\/2022\/08\/screweya-512x341.png",512,341,true],"medium_large":["https:\/\/varibox.best4u.dev\/wp-content\/uploads\/2022\/08\/screweya.png",600,400,false],"large":["https:\/\/varibox.best4u.dev\/wp-content\/uploads\/2022\/08\/screweya.png",600,400,false],"1536x1536":["https:\/\/varibox.best4u.dev\/wp-content\/uploads\/2022\/08\/screweya.png",600,400,false],"2048x2048":["https:\/\/varibox.best4u.dev\/wp-content\/uploads\/2022\/08\/screweya.png",600,400,false],"woocommerce_archive_thumbnail":["https:\/\/varibox.best4u.dev\/wp-content\/uploads\/2022\/08\/screweya-270x180.png",270,180,true],"gform-image-choice-sm":["https:\/\/varibox.best4u.dev\/wp-content\/uploads\/2022\/08\/screweya.png",300,200,false],"gform-image-choice-md":["https:\/\/varibox.best4u.dev\/wp-content\/uploads\/2022\/08\/screweya.png",400,267,false],"gform-image-choice-lg":["https:\/\/varibox.best4u.dev\/wp-content\/uploads\/2022\/08\/screweya.png",600,400,false],"woocommerce_thumbnail":["https:\/\/varibox.best4u.dev\/wp-content\/uploads\/2022\/08\/screweya-270x180.png",270,180,true],"woocommerce_single":["https:\/\/varibox.best4u.dev\/wp-content\/uploads\/2022\/08\/screweya.png",600,400,false],"woocommerce_gallery_thumbnail":["https:\/\/varibox.best4u.dev\/wp-content\/uploads\/2022\/08\/screweya-100x100.png",100,100,true],"variation_swatches_image_size":["https:\/\/varibox.best4u.dev\/wp-content\/uploads\/2022\/08\/screweya-50x50.png",50,50,true],"variation_swatches_tooltip_size":["https:\/\/varibox.best4u.dev\/wp-content\/uploads\/2022\/08\/screweya-100x100.png",100,100,true]},"post_excerpt_stackable_v2":"<p>VARIBOX Schraubdeckel D160 EPDM Kombi-Bel\u00fcfter dient zum Verschlie\u00dfen der Einf\u00fcll\u00f6ffnung.<\/p>\n","category_list_v2":"","author_info_v2":{"name":"","url":""},"comments_num_v2":"0 comments","acf":[],"_links":{"self":[{"href":"https:\/\/varibox.best4u.dev\/de\/wp-json\/wp\/v2\/product\/2446","targetHints":{"allow":["GET"]}}],"collection":[{"href":"https:\/\/varibox.best4u.dev\/de\/wp-json\/wp\/v2\/product"}],"about":[{"href":"https:\/\/varibox.best4u.dev\/de\/wp-json\/wp\/v2\/types\/product"}],"replies":[{"embeddable":true,"href":"https:\/\/varibox.best4u.dev\/de\/wp-json\/wp\/v2\/comments?post=2446"}],"wp:featuredmedia":[{"embeddable":true,"href":"https:\/\/varibox.best4u.dev\/de\/wp-json\/wp\/v2\/media\/2025"}],"wp:attachment":[{"href":"https:\/\/varibox.best4u.dev\/de\/wp-json\/wp\/v2\/media?parent=2446"}],"wp:term":[{"taxonomy":"product_brand","embeddable":true,"href":"https:\/\/varibox.best4u.dev\/de\/wp-json\/wp\/v2\/product_brand?post=2446"},{"taxonomy":"product_cat","embeddable":true,"href":"https:\/\/varibox.best4u.dev\/de\/wp-json\/wp\/v2\/product_cat?post=2446"},{"taxonomy":"product_tag","embeddable":true,"href":"https:\/\/varibox.best4u.dev\/de\/wp-json\/wp\/v2\/product_tag?post=2446"}],"curies":[{"name":"wp","href":"https:\/\/api.w.org\/{rel}","templated":true}]}}